{"id":894,"date":"2026-02-22T08:28:54","date_gmt":"2026-02-22T08:28:54","guid":{"rendered":"https:\/\/shatranj.art\/?page_id=894"},"modified":"2026-02-23T04:42:50","modified_gmt":"2026-02-23T04:42:50","slug":"poster-10","status":"publish","type":"page","link":"https:\/\/shatranj.art\/lv\/exhibit\/poster-10\/","title":{"rendered":"plak\u0101ts 10"},"content":{"rendered":"<div data-elementor-type=\"wp-page\" data-elementor-id=\"894\" class=\"elementor elementor-894\" data-elementor-post-type=\"page\">\n\t\t\t\t<div class=\"elementor-element elementor-element-96a2a82 e-flex e-con-boxed e-con e-parent\" data-id=\"96a2a82\" data-element_type=\"container\" data-e-type=\"container\" data-settings=\"{&quot;background_background&quot;:&quot;classic&quot;}\">\n\t\t\t\t\t<div class=\"e-con-inner\">\n\t\t<div class=\"elementor-element elementor-element-7a9d5df e-con-full e-flex e-con e-child\" data-id=\"7a9d5df\" data-element_type=\"container\" data-e-type=\"container\">\n\t\t\t\t<div class=\"elementor-element elementor-element-4c3a07b elementor-widget__width-initial elementor-widget elementor-widget-text-editor\" data-id=\"4c3a07b\" data-element_type=\"widget\" data-e-type=\"widget\" data-widget_type=\"text-editor.default\">\n\t\t\t\t<div class=\"elementor-widget-container\">\n\t\t\t\t\t\t\t\t\t<p><strong>Intelektu\u0101la tik\u0161an\u0101s: Intelektu\u0101l\u0101 saskarsme: viduslaiku \u0161aha sp\u0113l\u0113t\u0101jas sievietes<\/strong><\/p><p>\u00a0<\/p><p>\u0160aj\u0101 retaj\u0101 miniat\u016br\u0101 no 1283. gada manuskripta Libro de los Juegos ir viens no sp\u0113c\u012bg\u0101kajiem sievie\u0161u att\u0113liem \u0161aha v\u0113stur\u0113. \u0160\u012bs divas fig\u016bras, kas strat\u0113\u0123iski dzi\u013ci koncentr\u0113ju\u0161\u0101s uz sp\u0113li telts \u0113n\u0101, simboliz\u0113 intelekta savien\u012bbu, kas p\u0101rsniedz t\u0101 laika soci\u0101l\u0101s un reli\u0123isk\u0101s robe\u017eas. \u0160is darbs, kas atspogu\u013co daudzkult\u016bru \u201cConvivencia\u201d Al Andalus\u0101, pier\u0101da, ka \u0161ahs nebija tikai galma sp\u0113le, bet gan univers\u0101la izpausmes telpa, kur\u0101 sievietes demonstr\u0113ja savas pr\u0101ta sp\u0113jas. Pie \u0161\u012b galda ir iemiesots civiliz\u0113ts dialogs starp da\u017e\u0101du tic\u012bbu un kult\u016bru sieviet\u0113m, kas tiekas god\u012bg\u0101 un struktur\u0113t\u0101 sp\u0113les pasaul\u0113.<\/p>\t\t\t\t\t\t\t\t<\/div>\n\t\t\t\t<\/div>\n\t\t\t\t<div class=\"elementor-element elementor-element-0b75406 elementor-widget__width-initial elementor-widget elementor-widget-image\" data-id=\"0b75406\" data-element_type=\"widget\" data-e-type=\"widget\" data-widget_type=\"image.default\">\n\t\t\t\t<div class=\"elementor-widget-container\">\n\t\t\t\t\t\t\t\t\t\t\t\t\t\t\t<img fetchpriority=\"high\" decoding=\"async\" width=\"800\" height=\"570\" src=\"https:\/\/shatranj.art\/wp-content\/uploads\/2026\/02\/10-1024x730.jpg\" class=\"attachment-large size-large wp-image-900\" alt=\"\" srcset=\"https:\/\/shatranj.art\/wp-content\/uploads\/2026\/02\/10-1024x730.jpg 1024w, https:\/\/shatranj.art\/wp-content\/uploads\/2026\/02\/10-300x214.jpg 300w, https:\/\/shatranj.art\/wp-content\/uploads\/2026\/02\/10-768x548.jpg 768w, https:\/\/shatranj.art\/wp-content\/uploads\/2026\/02\/10.jpg 1474w\" sizes=\"(max-width: 800px) 100vw, 800px\" \/>\t\t\t\t\t\t\t\t\t\t\t\t\t\t\t<\/div>\n\t\t\t\t<\/div>\n\t\t\t\t<div class=\"elementor-element elementor-element-58f2c39 elementor-widget__width-initial elementor-widget elementor-widget-image\" data-id=\"58f2c39\" data-element_type=\"widget\" data-e-type=\"widget\" data-widget_type=\"image.default\">\n\t\t\t\t<div class=\"elementor-widget-container\">\n\t\t\t\t\t\t\t\t\t\t\t\t\t\t\t<img decoding=\"async\" width=\"800\" height=\"450\" src=\"https:\/\/shatranj.art\/wp-content\/uploads\/2026\/02\/10-1-1024x576.jpg\" class=\"attachment-large size-large wp-image-901\" alt=\"\" srcset=\"https:\/\/shatranj.art\/wp-content\/uploads\/2026\/02\/10-1-1024x576.jpg 1024w, https:\/\/shatranj.art\/wp-content\/uploads\/2026\/02\/10-1-300x169.jpg 300w, https:\/\/shatranj.art\/wp-content\/uploads\/2026\/02\/10-1-768x432.jpg 768w, https:\/\/shatranj.art\/wp-content\/uploads\/2026\/02\/10-1.jpg 1534w\" sizes=\"(max-width: 800px) 100vw, 800px\" \/>\t\t\t\t\t\t\t\t\t\t\t\t\t\t\t<\/div>\n\t\t\t\t<\/div>\n\t\t\t\t<div class=\"elementor-element elementor-element-41081fb elementor-widget__width-initial elementor-widget elementor-widget-text-editor\" data-id=\"41081fb\" data-element_type=\"widget\" data-e-type=\"widget\" data-widget_type=\"text-editor.default\">\n\t\t\t\t<div class=\"elementor-widget-container\">\n\t\t\t\t\t\t\t\t\t<p><b>Aizspriedumu p\u0101rbaude: <\/b><b>Al-Andalusas kult\u016bras tilts<\/b><\/p><p>\u00a0<\/p><p>\u0160\u012b p\u0101rsteidzo\u0161\u0101 aina no 1283. gada manuskripta Libro de los Juegos apvieno viduslaiku multikultur\u0101lo audumu uz viena \u0161aha galda. Taj\u0101 att\u0113lots musulmanis un ebrejs, kas atmet reli\u0123isk\u0101s un soci\u0101l\u0101s barjeras, lai iesaist\u012btos gar\u012bgaj\u0101 c\u012b\u0146\u0101, un tas liecina par \u0161aha laic\u012bgo un univers\u0101lo sp\u0113ku. \u0160aha fig\u016bras atspogu\u013co Vidusj\u016bras, Zieme\u013c\u0101frikas un Tuvo Austrumu vienoto kult\u016bras mantojumu, un t\u0101s ir abstraktas un \u0123eometriskas formas, kas piln\u012bb\u0101 atbr\u012bvotas no reli\u0123isk\u0101s ikonogr\u0101fijas. \u0160\u012b holistisk\u0101 dizaina filozofija \u013cauj sp\u0113l\u0113t\u0101jiem koncentr\u0113ties tikai uz sp\u0113les noteikumiem un viens otra intelektu, p\u0101rv\u0113r\u0161ot \u0161aha d\u0113li par patiesi neitr\u0101lu laukumu. Civiliz\u0113tais dialogs, kas izveidojies pie \u0161\u012b galda, simboliz\u0113 meistar\u012bbas un strat\u0113\u0123ijas vienojo\u0161o sp\u0113ku.<\/p>\t\t\t\t\t\t\t\t<\/div>\n\t\t\t\t<\/div>\n\t\t\t\t<\/div>\n\t\t\t\t\t<\/div>\n\t\t\t\t<\/div>\n\t\t\t\t<\/div>","protected":false},"excerpt":{"rendered":"<p>An Intellectual Encounter: The Female Chess Players of the Middle Ages \u00a0 This rare miniature from the 1283 manuscript Libro de los Juegos features one of the most powerful depictions of women in chess history. Focused on the game with strategic depth under the shade of a tent, these two figures represent a union of [&hellip;]<\/p>\n","protected":false},"author":1,"featured_media":0,"parent":743,"menu_order":0,"comment_status":"closed","ping_status":"closed","template":"","meta":{"footnotes":""},"class_list":["post-894","page","type-page","status-publish","hentry"],"_links":{"self":[{"href":"https:\/\/shatranj.art\/lv\/wp-json\/wp\/v2\/pages\/894","targetHints":{"allow":["GET"]}}],"collection":[{"href":"https:\/\/shatranj.art\/lv\/wp-json\/wp\/v2\/pages"}],"about":[{"href":"https:\/\/shatranj.art\/lv\/wp-json\/wp\/v2\/types\/page"}],"author":[{"embeddable":true,"href":"https:\/\/shatranj.art\/lv\/wp-json\/wp\/v2\/users\/1"}],"replies":[{"embeddable":true,"href":"https:\/\/shatranj.art\/lv\/wp-json\/wp\/v2\/comments?post=894"}],"version-history":[{"count":7,"href":"https:\/\/shatranj.art\/lv\/wp-json\/wp\/v2\/pages\/894\/revisions"}],"predecessor-version":[{"id":1198,"href":"https:\/\/shatranj.art\/lv\/wp-json\/wp\/v2\/pages\/894\/revisions\/1198"}],"up":[{"embeddable":true,"href":"https:\/\/shatranj.art\/lv\/wp-json\/wp\/v2\/pages\/743"}],"wp:attachment":[{"href":"https:\/\/shatranj.art\/lv\/wp-json\/wp\/v2\/media?parent=894"}],"curies":[{"name":"wp","href":"https:\/\/api.w.org\/{rel}","templated":true}]}}