{"id":926,"date":"2026-02-22T09:22:56","date_gmt":"2026-02-22T09:22:56","guid":{"rendered":"https:\/\/shatranj.art\/?page_id=926"},"modified":"2026-02-24T06:48:32","modified_gmt":"2026-02-24T06:48:32","slug":"poster-13","status":"publish","type":"page","link":"https:\/\/shatranj.art\/lv\/exhibit\/poster-13\/","title":{"rendered":"plak\u0101ts 13"},"content":{"rendered":"<div data-elementor-type=\"wp-page\" data-elementor-id=\"926\" class=\"elementor elementor-926\" data-elementor-post-type=\"page\">\n\t\t\t\t<div class=\"elementor-element elementor-element-59c55bb e-flex e-con-boxed e-con e-parent\" data-id=\"59c55bb\" data-element_type=\"container\" data-e-type=\"container\" data-settings=\"{&quot;background_background&quot;:&quot;classic&quot;}\">\n\t\t\t\t\t<div class=\"e-con-inner\">\n\t\t<div class=\"elementor-element elementor-element-3c2b3e8 e-con-full e-flex e-con e-child\" data-id=\"3c2b3e8\" data-element_type=\"container\" data-e-type=\"container\">\n\t\t\t\t<div class=\"elementor-element elementor-element-6632aa9 elementor-widget__width-initial elementor-widget elementor-widget-text-editor\" data-id=\"6632aa9\" data-element_type=\"widget\" data-e-type=\"widget\" data-widget_type=\"text-editor.default\">\n\t\t\t\t<div class=\"elementor-widget-container\">\n\t\t\t\t\t\t\t\t\t<h3><b><span title=\"Teksts sp\u0101\u0146u valod\u0101\"><i lang=\"es\">Libro de los juegos<\/i><\/span><\/b>\u00a0(sp\u0101\u0146u valod\u0101: \u201cSp\u0113\u013cu gr\u0101mata\u201d), vai\u00a0<b><span title=\"Vecais teksts sp\u0101\u0146u valod\u0101\"><i lang=\"osp\">Libro de axedrez, dados e tablas<\/i><\/span><\/b>\u00a0(\u201cGr\u0101mata par \u0161ahu, kauli\u0146iem un galdiem\u201d, sensp\u0101\u0146u valod\u0101)<\/h3><p>\u00a0<\/p><p>1283. gad\u0101 Kast\u012blijas kara\u013ca Alfonsa X pas\u016bt\u012bt\u0101 \"Libro de los Juegos\" (Sp\u0113\u013cu gr\u0101mata) tiek uzskat\u012bta par noz\u012bm\u012bg\u0101ko viduslaiku Eiropas trakt\u0101tu par sp\u0113l\u0113m. \u0160is manuskripts kalpo k\u0101 b\u016btisks v\u0113stures liecinieks, dokument\u0113jot \u0161aha noteikumus un est\u0113tiku ar detaliz\u0113t\u0101m abstraktu fig\u016bru dizainu ilustr\u0101cij\u0101m. Izkl\u0101stot \u0161ahu k\u0101 kop\u012bgu intelektu\u0101lu izaicin\u0101jumu, Alfonso darbs izce\u013c \u0161aha galdu k\u0101 univers\u0101lu lo\u0123ikas ar\u0113nu un b\u016btisku tiltu starptautiskaj\u0101 sp\u0113les v\u0113stur\u0113.<\/p>\t\t\t\t\t\t\t\t<\/div>\n\t\t\t\t<\/div>\n\t\t<div class=\"elementor-element elementor-element-e51b10e e-con-full e-flex e-con e-child\" data-id=\"e51b10e\" data-element_type=\"container\" data-e-type=\"container\">\n\t\t\t\t<div class=\"elementor-element elementor-element-de14a4b elementor-widget-mobile__width-inherit elementor-widget elementor-widget-image\" data-id=\"de14a4b\" data-element_type=\"widget\" data-e-type=\"widget\" data-widget_type=\"image.default\">\n\t\t\t\t<div class=\"elementor-widget-container\">\n\t\t\t\t\t\t\t\t\t\t\t\t\t\t\t<img fetchpriority=\"high\" decoding=\"async\" width=\"800\" height=\"534\" src=\"https:\/\/shatranj.art\/wp-content\/uploads\/2026\/02\/13-2-1024x683.jpg\" class=\"attachment-large size-large wp-image-931\" alt=\"\" srcset=\"https:\/\/shatranj.art\/wp-content\/uploads\/2026\/02\/13-2-1024x683.jpg 1024w, https:\/\/shatranj.art\/wp-content\/uploads\/2026\/02\/13-2-300x200.jpg 300w, https:\/\/shatranj.art\/wp-content\/uploads\/2026\/02\/13-2-768x512.jpg 768w, https:\/\/shatranj.art\/wp-content\/uploads\/2026\/02\/13-2-1536x1024.jpg 1536w, https:\/\/shatranj.art\/wp-content\/uploads\/2026\/02\/13-2.jpg 2008w\" sizes=\"(max-width: 800px) 100vw, 800px\" \/>\t\t\t\t\t\t\t\t\t\t\t\t\t\t\t<\/div>\n\t\t\t\t<\/div>\n\t\t\t\t<div class=\"elementor-element elementor-element-5e3ddb2 elementor-widget-mobile__width-inherit elementor-widget elementor-widget-image\" data-id=\"5e3ddb2\" data-element_type=\"widget\" data-e-type=\"widget\" data-widget_type=\"image.default\">\n\t\t\t\t<div class=\"elementor-widget-container\">\n\t\t\t\t\t\t\t\t\t\t\t\t\t\t\t<img decoding=\"async\" width=\"800\" height=\"509\" src=\"https:\/\/shatranj.art\/wp-content\/uploads\/2026\/02\/13-3-1024x652.jpg\" class=\"attachment-large size-large wp-image-932\" alt=\"\" srcset=\"https:\/\/shatranj.art\/wp-content\/uploads\/2026\/02\/13-3-1024x652.jpg 1024w, https:\/\/shatranj.art\/wp-content\/uploads\/2026\/02\/13-3-300x191.jpg 300w, https:\/\/shatranj.art\/wp-content\/uploads\/2026\/02\/13-3-768x489.jpg 768w, https:\/\/shatranj.art\/wp-content\/uploads\/2026\/02\/13-3.jpg 1205w\" sizes=\"(max-width: 800px) 100vw, 800px\" \/>\t\t\t\t\t\t\t\t\t\t\t\t\t\t\t<\/div>\n\t\t\t\t<\/div>\n\t\t\t\t<\/div>\n\t\t\t\t<div class=\"elementor-element elementor-element-ce25d0f elementor-widget__width-initial elementor-widget elementor-widget-text-editor\" data-id=\"ce25d0f\" data-element_type=\"widget\" data-e-type=\"widget\" data-widget_type=\"text-editor.default\">\n\t\t\t\t<div class=\"elementor-widget-container\">\n\t\t\t\t\t\t\t\t\t<p>Trakt\u0101t\u0101 ir vair\u0101k nek\u0101 100 \u0161aha uzdevumu un galot\u0146u sp\u0113\u013cu, kas ir r\u016bp\u012bgi ilustr\u0113tas, lai par\u0101d\u012btu sp\u0113l\u0113t\u0101jiem, k\u0101 analiz\u0113t sare\u017e\u0123\u012btus taktiskos manevrus. Papildus standarta \u0161aham gr\u0101mat\u0101 aprakst\u012bti ar\u012b t\u0101di reti sastopami \u0161aha varianti k\u0101 astronomiskais \u0161ahs un lielais \u0161ahs, kas tika sp\u0113l\u0113ts uz 12\u00d712 laukumu re\u017e\u0123a ar papildu fig\u016br\u0101m. Gr\u0101mat\u0101 ir ar\u012b sada\u013cas par kauli\u0146iem un galdiem - m\u016bsdienu bekgemona viduslaiku priek\u0161te\u010diem -, kas padara to par visaptvero\u0161u 13. gadsimta strat\u0113\u0123ijas un soci\u0101l\u0101s kult\u016bras enciklop\u0113diju.<\/p>\t\t\t\t\t\t\t\t<\/div>\n\t\t\t\t<\/div>\n\t\t\t\t<div class=\"elementor-element elementor-element-a8f4139 elementor-widget__width-initial elementor-widget elementor-widget-text-editor\" data-id=\"a8f4139\" data-element_type=\"widget\" data-e-type=\"widget\" data-widget_type=\"text-editor.default\">\n\t\t\t\t<div class=\"elementor-widget-container\">\n\t\t\t\t\t\t\t\t\t<p><b>Dilaram Mate: S\u0101ga par upur\u0113\u0161anos un gl\u0101b\u0161anu<br \/><\/b><b><\/b><br \/>Le\u0123enda v\u0113sta, ka k\u0101ds mui\u017enieks un kaisl\u012bgs \u0161aha sp\u0113l\u0113t\u0101js zaud\u0113jis visu augsta l\u012bme\u0146a ma\u010d\u0101 un izmisum\u0101 uz p\u0113d\u0113jo sp\u0113li licis savu m\u012b\u013c\u0101ko sievu Dilaramu. Kad ma\u010ds sasniedza kulmin\u0101ciju, mui\u017enieks non\u0101ca \u0161\u0137ietami bezcer\u012bg\u0101 situ\u0101cij\u0101. Tom\u0113r Dilarama, kas bija v\u0113rojusi sp\u0113li, paman\u012bja lielisku kombin\u0101ciju, ko neviens cits neredz\u0113ja, un \u010dukst\u0113ja v\u012bram: \u201cUpur\u0113 savus divus laurus, bet ne upur\u0113 mani!\u201d Vi\u0146as ieskata iedro\u0161in\u0101ts, di\u017ecilt\u012bgais v\u012brs upur\u0113ja abas savas lauvas p\u0113c k\u0101rtas, lai ar zirgu un b\u012bskapu (v\u0113sturiskais Alfils) pan\u0101ktu satrieco\u0161u matu.<\/p><p>\u00a0<\/p><p><b>Strat\u0113\u0123isk\u0101 izcil\u012bba<\/b><\/p><p><br \/>Dilarama mate ir viens no sen\u0101kajiem un est\u0113tiski est\u0113tisk\u0101kajiem \u201cdubult\u0101s g\u0101r\u0146a upur\u0113\u0161anas\u201d piem\u0113riem \u0161aha v\u0113stur\u0113. \u0160\u012b mansuba (probl\u0113ma) demonstr\u0113, k\u0101 smaga materi\u0101la (g\u0101r\u0146u) upur\u0113\u0161ana var novest pie absol\u016btas uzvaras, pateicoties ide\u0101lai maznoz\u012bm\u012bgo fig\u016bru (bru\u0146inieka un b\u012bskapa) koordin\u0101cijai. Nosaukums Dilaram persie\u0161u valod\u0101 noz\u012bm\u0113 \u201csirds vieglums\u201d, un gadsimtiem ilgi \u0161is mats ir kalpojis k\u0101 pier\u0101d\u012bjums tam, ka \u0161ahs nav tikai apr\u0113\u0137inu sp\u0113le, bet gan m\u0101kslas, emociju un dzi\u013cas intu\u012bcijas sp\u0113le.<\/p>\t\t\t\t\t\t\t\t<\/div>\n\t\t\t\t<\/div>\n\t\t\t\t<\/div>\n\t\t<div class=\"elementor-element elementor-element-2711119 e-con-full e-flex e-con e-child\" data-id=\"2711119\" data-element_type=\"container\" data-e-type=\"container\">\n\t\t\t\t<div class=\"elementor-element elementor-element-89623f5 elementor-widget-mobile__width-inherit elementor-widget elementor-widget-image\" data-id=\"89623f5\" data-element_type=\"widget\" data-e-type=\"widget\" data-widget_type=\"image.default\">\n\t\t\t\t<div class=\"elementor-widget-container\">\n\t\t\t\t\t\t\t\t\t\t\t\t\t\t\t<img decoding=\"async\" width=\"800\" height=\"903\" src=\"https:\/\/shatranj.art\/wp-content\/uploads\/2026\/02\/13-907x1024.jpg\" class=\"attachment-large size-large wp-image-929\" alt=\"\" srcset=\"https:\/\/shatranj.art\/wp-content\/uploads\/2026\/02\/13-907x1024.jpg 907w, https:\/\/shatranj.art\/wp-content\/uploads\/2026\/02\/13-266x300.jpg 266w, https:\/\/shatranj.art\/wp-content\/uploads\/2026\/02\/13-768x867.jpg 768w, https:\/\/shatranj.art\/wp-content\/uploads\/2026\/02\/13.jpg 1186w\" sizes=\"(max-width: 800px) 100vw, 800px\" \/>\t\t\t\t\t\t\t\t\t\t\t\t\t\t\t<\/div>\n\t\t\t\t<\/div>\n\t\t\t\t<div class=\"elementor-element elementor-element-8baa56c elementor-widget-mobile__width-inherit elementor-widget elementor-widget-image\" data-id=\"8baa56c\" data-element_type=\"widget\" data-e-type=\"widget\" data-widget_type=\"image.default\">\n\t\t\t\t<div class=\"elementor-widget-container\">\n\t\t\t\t\t\t\t\t\t\t\t\t\t\t\t<img loading=\"lazy\" decoding=\"async\" width=\"800\" height=\"624\" src=\"https:\/\/shatranj.art\/wp-content\/uploads\/2026\/02\/13-1-1024x799.jpg\" class=\"attachment-large size-large wp-image-930\" alt=\"\" srcset=\"https:\/\/shatranj.art\/wp-content\/uploads\/2026\/02\/13-1-1024x799.jpg 1024w, https:\/\/shatranj.art\/wp-content\/uploads\/2026\/02\/13-1-300x234.jpg 300w, https:\/\/shatranj.art\/wp-content\/uploads\/2026\/02\/13-1-768x599.jpg 768w, https:\/\/shatranj.art\/wp-content\/uploads\/2026\/02\/13-1-1536x1199.jpg 1536w, https:\/\/shatranj.art\/wp-content\/uploads\/2026\/02\/13-1-2048x1598.jpg 2048w\" sizes=\"(max-width: 800px) 100vw, 800px\" \/>\t\t\t\t\t\t\t\t\t\t\t\t\t\t\t<\/div>\n\t\t\t\t<\/div>\n\t\t\t\t<div class=\"elementor-element elementor-element-1cf3c24 elementor-widget-mobile__width-inherit elementor-widget elementor-widget-image\" data-id=\"1cf3c24\" data-element_type=\"widget\" data-e-type=\"widget\" data-widget_type=\"image.default\">\n\t\t\t\t<div class=\"elementor-widget-container\">\n\t\t\t\t\t\t\t\t\t\t\t\t\t\t\t<img loading=\"lazy\" decoding=\"async\" width=\"800\" height=\"558\" src=\"https:\/\/shatranj.art\/wp-content\/uploads\/2026\/02\/dilaram-mate-alfoso-libro-acedrez.jpg\" class=\"attachment-large size-large wp-image-1282\" alt=\"\" srcset=\"https:\/\/shatranj.art\/wp-content\/uploads\/2026\/02\/dilaram-mate-alfoso-libro-acedrez.jpg 1024w, https:\/\/shatranj.art\/wp-content\/uploads\/2026\/02\/dilaram-mate-alfoso-libro-acedrez-300x209.jpg 300w, https:\/\/shatranj.art\/wp-content\/uploads\/2026\/02\/dilaram-mate-alfoso-libro-acedrez-768x536.jpg 768w, https:\/\/shatranj.art\/wp-content\/uploads\/2026\/02\/dilaram-mate-alfoso-libro-acedrez-18x12.jpg 18w\" sizes=\"(max-width: 800px) 100vw, 800px\" \/>\t\t\t\t\t\t\t\t\t\t\t\t\t\t\t<\/div>\n\t\t\t\t<\/div>\n\t\t\t\t<div class=\"elementor-element elementor-element-02d8218 elementor-widget-mobile__width-inherit elementor-widget elementor-widget-image\" data-id=\"02d8218\" data-element_type=\"widget\" data-e-type=\"widget\" data-widget_type=\"image.default\">\n\t\t\t\t<div class=\"elementor-widget-container\">\n\t\t\t\t\t\t\t\t\t\t\t\t\t\t\t<img loading=\"lazy\" decoding=\"async\" width=\"800\" height=\"817\" src=\"https:\/\/shatranj.art\/wp-content\/uploads\/2026\/02\/dilaram-mate-alfonso-font.jpg\" class=\"attachment-large size-large wp-image-1283\" alt=\"\" srcset=\"https:\/\/shatranj.art\/wp-content\/uploads\/2026\/02\/dilaram-mate-alfonso-font.jpg 1003w, https:\/\/shatranj.art\/wp-content\/uploads\/2026\/02\/dilaram-mate-alfonso-font-294x300.jpg 294w, https:\/\/shatranj.art\/wp-content\/uploads\/2026\/02\/dilaram-mate-alfonso-font-768x784.jpg 768w, https:\/\/shatranj.art\/wp-content\/uploads\/2026\/02\/dilaram-mate-alfonso-font-12x12.jpg 12w\" sizes=\"(max-width: 800px) 100vw, 800px\" \/>\t\t\t\t\t\t\t\t\t\t\t\t\t\t\t<\/div>\n\t\t\t\t<\/div>\n\t\t\t\t<\/div>\n\t\t\t\t\t<\/div>\n\t\t\t\t<\/div>\n\t\t\t\t<\/div>","protected":false},"excerpt":{"rendered":"<p>Libro de los juegos\u00a0(Spanish: &#8220;Book of games&#8221;), or\u00a0Libro de axedrez, dados e tablas\u00a0(&#8220;Book of chess, dice and tables&#8221;, in Old Spanish) \u00a0 Commissioned by King Alfonso X of Castile in 1283, the Libro de los Juegos (Book of Games) is considered the most significant medieval European treatise on games. The manuscript serves as a vital [&hellip;]<\/p>\n","protected":false},"author":1,"featured_media":0,"parent":743,"menu_order":0,"comment_status":"closed","ping_status":"closed","template":"","meta":{"footnotes":""},"class_list":["post-926","page","type-page","status-publish","hentry"],"_links":{"self":[{"href":"https:\/\/shatranj.art\/lv\/wp-json\/wp\/v2\/pages\/926","targetHints":{"allow":["GET"]}}],"collection":[{"href":"https:\/\/shatranj.art\/lv\/wp-json\/wp\/v2\/pages"}],"about":[{"href":"https:\/\/shatranj.art\/lv\/wp-json\/wp\/v2\/types\/page"}],"author":[{"embeddable":true,"href":"https:\/\/shatranj.art\/lv\/wp-json\/wp\/v2\/users\/1"}],"replies":[{"embeddable":true,"href":"https:\/\/shatranj.art\/lv\/wp-json\/wp\/v2\/comments?post=926"}],"version-history":[{"count":16,"href":"https:\/\/shatranj.art\/lv\/wp-json\/wp\/v2\/pages\/926\/revisions"}],"predecessor-version":[{"id":1487,"href":"https:\/\/shatranj.art\/lv\/wp-json\/wp\/v2\/pages\/926\/revisions\/1487"}],"up":[{"embeddable":true,"href":"https:\/\/shatranj.art\/lv\/wp-json\/wp\/v2\/pages\/743"}],"wp:attachment":[{"href":"https:\/\/shatranj.art\/lv\/wp-json\/wp\/v2\/media?parent=926"}],"curies":[{"name":"wp","href":"https:\/\/api.w.org\/{rel}","templated":true}]}}