{"id":936,"date":"2026-02-22T10:03:32","date_gmt":"2026-02-22T10:03:32","guid":{"rendered":"https:\/\/shatranj.art\/?page_id=936"},"modified":"2026-02-23T08:46:38","modified_gmt":"2026-02-23T08:46:38","slug":"poster-14","status":"publish","type":"page","link":"https:\/\/shatranj.art\/lv\/exhibit\/poster-14\/","title":{"rendered":"plak\u0101ts 14"},"content":{"rendered":"<div data-elementor-type=\"wp-page\" data-elementor-id=\"936\" class=\"elementor elementor-936\" data-elementor-post-type=\"page\">\n\t\t\t\t<div class=\"elementor-element elementor-element-c355192 e-flex e-con-boxed e-con e-parent\" data-id=\"c355192\" data-element_type=\"container\" data-e-type=\"container\" data-settings=\"{&quot;background_background&quot;:&quot;classic&quot;}\">\n\t\t\t\t\t<div class=\"e-con-inner\">\n\t\t<div class=\"elementor-element elementor-element-5bf7f96 e-con-full e-flex e-con e-child\" data-id=\"5bf7f96\" data-element_type=\"container\" data-e-type=\"container\">\n\t\t\t\t<div class=\"elementor-element elementor-element-82eab3c elementor-widget__width-initial elementor-widget-mobile__width-inherit elementor-widget elementor-widget-image\" data-id=\"82eab3c\" data-element_type=\"widget\" data-e-type=\"widget\" data-widget_type=\"image.default\">\n\t\t\t\t<div class=\"elementor-widget-container\">\n\t\t\t\t\t\t\t\t\t\t\t\t\t\t\t<img fetchpriority=\"high\" decoding=\"async\" width=\"768\" height=\"1024\" src=\"https:\/\/shatranj.art\/wp-content\/uploads\/2026\/02\/14-768x1024.jpg\" class=\"attachment-large size-large wp-image-939\" alt=\"\" srcset=\"https:\/\/shatranj.art\/wp-content\/uploads\/2026\/02\/14-768x1024.jpg 768w, https:\/\/shatranj.art\/wp-content\/uploads\/2026\/02\/14-225x300.jpg 225w, https:\/\/shatranj.art\/wp-content\/uploads\/2026\/02\/14-1152x1536.jpg 1152w, https:\/\/shatranj.art\/wp-content\/uploads\/2026\/02\/14-1536x2048.jpg 1536w, https:\/\/shatranj.art\/wp-content\/uploads\/2026\/02\/14-scaled.jpg 1920w\" sizes=\"(max-width: 768px) 100vw, 768px\" \/>\t\t\t\t\t\t\t\t\t\t\t\t\t\t\t<\/div>\n\t\t\t\t<\/div>\n\t\t\t\t<div class=\"elementor-element elementor-element-f30dc26 elementor-widget__width-initial elementor-widget elementor-widget-text-editor\" data-id=\"f30dc26\" data-element_type=\"widget\" data-e-type=\"widget\" data-widget_type=\"text-editor.default\">\n\t\t\t\t<div class=\"elementor-widget-container\">\n\t\t\t\t\t\t\t\t\t<p><strong>Org\u0101nu aristokr\u0101ta intelektu\u0101lais mantojums<\/strong><\/p><p>\u00a0<\/p><p>Al-Suli bija ne tikai izcil\u0101kais sava laikmeta \u0161aha meistars; vi\u0146\u0161 bija Abas\u012bdu kalifu \u201cnadim\u201d (galma biedrs), pils v\u0113sturnieks un aspr\u0101t\u012bgs dzejnieks. Vi\u0146\u0161 dzimis Gorgan\u0101 ap 870. gadu p\u0113c Kristus dzim\u0161anas, un vi\u0146a dzimtas saknes mekl\u0113jamas Sulas cietoksn\u012b Dehist\u0101nas step\u0113s, kur savulaik vald\u012bja vi\u0146a vect\u0113vs, turku princis Sul tekins. \u0160im di\u017ecilt\u012bgajam mantojumam m\u016bsdien\u0101s ir piemineklis pie neatkar\u012bbas pieminek\u013ca A\u0161habad\u0101, Turkmenist\u0101n\u0101.<\/p><p>\u00a0<\/p><p>B\u016bdams \u201cAliya\u201d, kas \u0161ah\u0101 ir augst\u0101kais sasniedzamais tituls, Al-Suli p\u0101rveidoja \u0161o sp\u0113li par struktur\u0113tu zin\u0101tnisku arhitekt\u016bru. Sav\u0101 fundament\u0101laj\u0101 darb\u0101 Kitab al-Shatranj vi\u0146\u0161 bija pirmais, kur\u0161 sistem\u0101tiski dokument\u0113ja s\u0101kuma form\u0101cijas (tabiyas) un gala sp\u0113les strat\u0113\u0123ijas (mansubas). Vi\u0146a izveidot\u0101 teor\u0113tisk\u0101 sist\u0113ma gadsimtiem ilgi bija gal\u012bgais meistar\u012bbas krit\u0113rijs un galvenais atsauces avots, kas saglab\u0101j\u0101s l\u012bdz pat m\u016bsdienu \u0161aha noteikumu par\u0101d\u012b\u0161an\u0101s br\u012bdim.<\/p>\t\t\t\t\t\t\t\t<\/div>\n\t\t\t\t<\/div>\n\t\t<div class=\"elementor-element elementor-element-8f27e89 e-con-full e-flex e-con e-child\" data-id=\"8f27e89\" data-element_type=\"container\" data-e-type=\"container\">\n\t\t\t\t<div class=\"elementor-element elementor-element-374a727 elementor-widget-mobile__width-inherit elementor-widget elementor-widget-image\" data-id=\"374a727\" data-element_type=\"widget\" data-e-type=\"widget\" data-widget_type=\"image.default\">\n\t\t\t\t<div class=\"elementor-widget-container\">\n\t\t\t\t\t\t\t\t\t\t\t\t\t\t\t<img decoding=\"async\" width=\"800\" height=\"457\" src=\"https:\/\/shatranj.art\/wp-content\/uploads\/2026\/02\/14-1-1024x585.jpg\" class=\"attachment-large size-large wp-image-940\" alt=\"\" srcset=\"https:\/\/shatranj.art\/wp-content\/uploads\/2026\/02\/14-1-1024x585.jpg 1024w, https:\/\/shatranj.art\/wp-content\/uploads\/2026\/02\/14-1-300x171.jpg 300w, https:\/\/shatranj.art\/wp-content\/uploads\/2026\/02\/14-1-768x439.jpg 768w, https:\/\/shatranj.art\/wp-content\/uploads\/2026\/02\/14-1-1536x877.jpg 1536w, https:\/\/shatranj.art\/wp-content\/uploads\/2026\/02\/14-1-2048x1170.jpg 2048w\" sizes=\"(max-width: 800px) 100vw, 800px\" \/>\t\t\t\t\t\t\t\t\t\t\t\t\t\t\t<\/div>\n\t\t\t\t<\/div>\n\t\t\t\t<div class=\"elementor-element elementor-element-118c953 elementor-widget-mobile__width-inherit elementor-widget elementor-widget-image\" data-id=\"118c953\" data-element_type=\"widget\" data-e-type=\"widget\" data-widget_type=\"image.default\">\n\t\t\t\t<div class=\"elementor-widget-container\">\n\t\t\t\t\t\t\t\t\t\t\t\t\t\t\t<img decoding=\"async\" width=\"800\" height=\"488\" src=\"https:\/\/shatranj.art\/wp-content\/uploads\/2026\/02\/14-2-1024x624.jpg\" class=\"attachment-large size-large wp-image-941\" alt=\"\" srcset=\"https:\/\/shatranj.art\/wp-content\/uploads\/2026\/02\/14-2-1024x624.jpg 1024w, https:\/\/shatranj.art\/wp-content\/uploads\/2026\/02\/14-2-300x183.jpg 300w, https:\/\/shatranj.art\/wp-content\/uploads\/2026\/02\/14-2-768x468.jpg 768w, https:\/\/shatranj.art\/wp-content\/uploads\/2026\/02\/14-2-1536x936.jpg 1536w, https:\/\/shatranj.art\/wp-content\/uploads\/2026\/02\/14-2-2048x1249.jpg 2048w\" sizes=\"(max-width: 800px) 100vw, 800px\" \/>\t\t\t\t\t\t\t\t\t\t\t\t\t\t\t<\/div>\n\t\t\t\t<\/div>\n\t\t\t\t<\/div>\n\t\t\t\t<div class=\"elementor-element elementor-element-bbcc28f elementor-widget__width-initial elementor-widget elementor-widget-text-editor\" data-id=\"bbcc28f\" data-element_type=\"widget\" data-e-type=\"widget\" data-widget_type=\"text-editor.default\">\n\t\t\t\t<div class=\"elementor-widget-container\">\n\t\t\t\t\t\t\t\t\t<p><b>Suli dimants: T\u016bksto\u0161gadu ilg\u0101 \u201cneatrisin\u0101m\u0101\u201d strat\u0113\u0123ijas virsotne<\/b><\/p><p>\u00a0<\/p><p>\u201cDimants\u201d, ko 10. gadsimt\u0101 sacer\u0113ja Gorganitas meistars Abu Bakrs bin Jahja al-Suli, ir le\u0123end\u0101r\u0101k\u0101 un visvair\u0101k apspriest\u0101 m\u012bkla \u0161aha v\u0113stur\u0113. Neraugoties uz t\u0101s absol\u016bto \u0101r\u0113jo vienk\u0101r\u0161\u012bbu - endgame, kur\u0101 katrai pusei ir tikai karalis un Ferz (v\u0113sturiskais d\u0101mas priek\u0161tece), - \u0161\u012b kompoz\u012bcija veselu t\u016bksto\u0161gadi bija \u0161aha pasaules \u201cneatrisin\u0101mais\u201d Everests. \u0160is izcils Al-Suli darbs ir izcils manevru m\u0101kslas paraugs, kas papla\u0161ina pa\u0161as v\u0113sturisk\u0101 \u0161aha robe\u017eas.<\/p><p>\u00a0<\/p><p><strong>S\u00fcleymaniye manuskripta nosl\u0113pums<\/strong><\/p><p>\u00a0<\/p><p>Vissvar\u012bg\u0101kais ieraksts par \u0161o m\u012bklaino notikumu ir atrodams Stambulas S\u00fcleymaniye bibliot\u0113k\u0101 glab\u0101taj\u0101 Kitab Ash-Shatranj eksempl\u0101r\u0101. Lai gan \u0161\u012b \u012bpa\u0161\u0101 manuskripta lappuses ir neskartas, ir ac\u012bmredzams, ka da\u017eas poz\u012bcijas un g\u0101jieni ir nepareizi vai nepiln\u012bgi p\u0101rrakst\u012bti no ori\u0123in\u0101l\u0101 avota. Tom\u0113r, pat \u0146emot v\u0113r\u0101 \u0161\u012bs v\u0113sturisk\u0101s p\u0101rrakst\u012bt\u0101ja k\u013c\u016bdas, tekst\u0101 sniegtais da\u013c\u0113jais risin\u0101jums lieliski saskan ar lielmeistara Jurija Averbaha 20. gadsimt\u0101 veikto dzi\u013co anal\u012btisko darbu. Al-Suli iem\u016b\u017ein\u0101ja savas meistar\u012bbas ekskluzivit\u0101ti ar \u0161o izaicino\u0161o apgalvojumu:<\/p><p>\u201cNeviens to neatrisina, iz\u0146emot tos, kurus es esmu instru\u0113jis\u201d<\/p><p>\u00a0<\/p><p><strong>Algoritmu triumfs:<\/strong> <strong>shatranj.ai<\/strong><\/p><p>\u00a0<\/p><p>\u201cDimantu\u201d, kas t\u016bksto\u0161gades garum\u0101 rad\u012bja apbr\u012bnu cilv\u0113ku pr\u0101tos, tagad piln\u012bb\u0101 izgaismojis digit\u0101l\u0101 laikmeta sp\u0113ks. Projekta shatranj.ai ietvaros, izmantojot dinamisk\u0101s programm\u0113\u0161anas metodes un modernus algoritmus ar iesp\u0113jot\u0101m \u201chash\u201d (transpon\u0113\u0161anas tabulas) funkcij\u0101m, matem\u0101tiski atrisin\u0101ts katrs \u0161\u012bs \u0123eni\u0101l\u0101s kompoz\u012bcijas variants. \u0160is ce\u013cojums, kas stiepjas no S\u00fcleymaniye manuskriptu rind\u0101m l\u012bdz m\u016bsdienu kodam, ir Al-Suli m\u016b\u017e\u012bg\u0101 strat\u0113\u0123isk\u0101 \u0123\u0113nija gal\u012bgais apliecin\u0101jums, pier\u0101dot, ka to, kas k\u0101dreiz bija rezerv\u0113ts meistara izredz\u0113tajiem skolniekiem, tagad var saprast ar t\u012bras lo\u0123ikas valodas pal\u012bdz\u012bbu.<\/p>\t\t\t\t\t\t\t\t<\/div>\n\t\t\t\t<\/div>\n\t\t\t\t<\/div>\n\t\t\t\t\t<\/div>\n\t\t\t\t<\/div>\n\t\t\t\t<\/div>","protected":false},"excerpt":{"rendered":"<p>The Intellectual Legacy of a Gorganite Aristocrat \u00a0 Al-Suli was not merely the preeminent chess master of his age; he was a &#8220;nadim&#8221; (court companion) to Abbasid Caliphs, a palace historian, and a sharp-witted poet. Born in Gorgan around 870 AD, his lineage traces back to the fortified Fortress of Sul in the Dehistan steppes, [&hellip;]<\/p>\n","protected":false},"author":1,"featured_media":0,"parent":743,"menu_order":0,"comment_status":"closed","ping_status":"closed","template":"","meta":{"footnotes":""},"class_list":["post-936","page","type-page","status-publish","hentry"],"_links":{"self":[{"href":"https:\/\/shatranj.art\/lv\/wp-json\/wp\/v2\/pages\/936","targetHints":{"allow":["GET"]}}],"collection":[{"href":"https:\/\/shatranj.art\/lv\/wp-json\/wp\/v2\/pages"}],"about":[{"href":"https:\/\/shatranj.art\/lv\/wp-json\/wp\/v2\/types\/page"}],"author":[{"embeddable":true,"href":"https:\/\/shatranj.art\/lv\/wp-json\/wp\/v2\/users\/1"}],"replies":[{"embeddable":true,"href":"https:\/\/shatranj.art\/lv\/wp-json\/wp\/v2\/comments?post=936"}],"version-history":[{"count":31,"href":"https:\/\/shatranj.art\/lv\/wp-json\/wp\/v2\/pages\/936\/revisions"}],"predecessor-version":[{"id":1351,"href":"https:\/\/shatranj.art\/lv\/wp-json\/wp\/v2\/pages\/936\/revisions\/1351"}],"up":[{"embeddable":true,"href":"https:\/\/shatranj.art\/lv\/wp-json\/wp\/v2\/pages\/743"}],"wp:attachment":[{"href":"https:\/\/shatranj.art\/lv\/wp-json\/wp\/v2\/media?parent=936"}],"curies":[{"name":"wp","href":"https:\/\/api.w.org\/{rel}","templated":true}]}}