{"id":945,"date":"2026-02-22T14:34:32","date_gmt":"2026-02-22T14:34:32","guid":{"rendered":"https:\/\/shatranj.art\/?page_id=945"},"modified":"2026-02-23T10:43:41","modified_gmt":"2026-02-23T10:43:41","slug":"poster-15","status":"publish","type":"page","link":"https:\/\/shatranj.art\/lv\/exhibit\/poster-15\/","title":{"rendered":"plak\u0101ts 15"},"content":{"rendered":"<div data-elementor-type=\"wp-page\" data-elementor-id=\"945\" class=\"elementor elementor-945\" data-elementor-post-type=\"page\">\n\t\t\t\t<div class=\"elementor-element elementor-element-8fd0c1a e-flex e-con-boxed e-con e-parent\" data-id=\"8fd0c1a\" data-element_type=\"container\" data-e-type=\"container\" data-settings=\"{&quot;background_background&quot;:&quot;classic&quot;}\">\n\t\t\t\t\t<div class=\"e-con-inner\">\n\t\t<div class=\"elementor-element elementor-element-a491ef7 e-con-full e-flex e-con e-child\" data-id=\"a491ef7\" data-element_type=\"container\" data-e-type=\"container\">\n\t\t\t\t<div class=\"elementor-element elementor-element-25c1e59 elementor-widget elementor-widget-image\" data-id=\"25c1e59\" data-element_type=\"widget\" data-e-type=\"widget\" data-widget_type=\"image.default\">\n\t\t\t\t<div class=\"elementor-widget-container\">\n\t\t\t\t\t\t\t\t\t\t\t\t\t\t\t<img fetchpriority=\"high\" decoding=\"async\" width=\"2400\" height=\"1350\" src=\"https:\/\/shatranj.art\/wp-content\/uploads\/2026\/02\/17.jpg\" class=\"attachment-full size-full wp-image-965\" alt=\"\" srcset=\"https:\/\/shatranj.art\/wp-content\/uploads\/2026\/02\/17.jpg 2400w, https:\/\/shatranj.art\/wp-content\/uploads\/2026\/02\/17-300x169.jpg 300w, https:\/\/shatranj.art\/wp-content\/uploads\/2026\/02\/17-1024x576.jpg 1024w, https:\/\/shatranj.art\/wp-content\/uploads\/2026\/02\/17-768x432.jpg 768w, https:\/\/shatranj.art\/wp-content\/uploads\/2026\/02\/17-1536x864.jpg 1536w, https:\/\/shatranj.art\/wp-content\/uploads\/2026\/02\/17-2048x1152.jpg 2048w\" sizes=\"(max-width: 2400px) 100vw, 2400px\" \/>\t\t\t\t\t\t\t\t\t\t\t\t\t\t\t<\/div>\n\t\t\t\t<\/div>\n\t\t\t\t<div class=\"elementor-element elementor-element-ede708d elementor-widget elementor-widget-text-editor\" data-id=\"ede708d\" data-element_type=\"widget\" data-e-type=\"widget\" data-widget_type=\"text-editor.default\">\n\t\t\t\t<div class=\"elementor-widget-container\">\n\t\t\t\t\t\t\t\t\t<h3><b>Tradicion\u0101l\u0101s turku dambrete: Urfas strat\u0113\u0123iskais mantojums.<\/b><\/h3><p>Kafejn\u012bcu klus\u0101 duelis Turku \u0161ahs (dama) ir Anatolijas intelektu\u0101l\u0101 discipl\u012bna, kas at\u0161\u0137iras no t\u0101s Rietumu kol\u0113\u0123iem ar saviem unik\u0101lajiem noteikumiem. \u0160aj\u0101 versij\u0101 fig\u016bras p\u0101rvietojas ortogon\u0101li uz priek\u0161u un uz s\u0101niem, nevis pa diagon\u0101li, radot line\u0101ru un daudz agres\u012bv\u0101ku strat\u0113\u0123isko ainavu. Senaj\u0101s pils\u0113t\u0101s, piem\u0113ram, \u0160anljurfa, dama nav tikai divu sp\u0113l\u0113t\u0101ju sacens\u012bbas, bet gan kolekt\u012bvs soci\u0101ls ritu\u0101ls, ko pavada iem\u0113rktas t\u0113jas arom\u0101ts, skat\u012bt\u0101ju koment\u0101ri un dzi\u013cas anal\u012bzes stundas.<\/p><p>Meistar\u012bbas un t\u0101lredz\u012bbas kult\u016bra Urfas d\u0101mu kult\u016br\u0101 sp\u0113l\u0113t\u0101ja varen\u012bbu m\u0113ra ne tikai p\u0113c uzvar\u0101m, bet ar\u012b p\u0113c t\u0101, cik g\u0101jienu uz priek\u0161u vi\u0146\u0161 sp\u0113j \u201credz\u0113t\u201d. Simetrisk\u0101 se\u0161padsmit fig\u016bru c\u012b\u0146a sasniedz kulmin\u0101ciju, kad viena fig\u016bra sasniedz p\u0113d\u0113jo rindu un k\u013c\u016bst par \u201cDama\u201d (karali), ieg\u016bstot varu vald\u012bt p\u0101r visu galdu. Pretodam\u0101s 21. gadsimta digit\u0101lajam pl\u016bdumam, \u0161\u012b trad\u012bcija joproj\u0101m ir dz\u012bva m\u0101c\u012bba par paciet\u012bbu un t\u0101lredz\u012bbu, kas tiek nodota no paaudzes paaudz\u0113 v\u0113sturiskajos Urfas baz\u0101ros.\u00a0<\/p>\t\t\t\t\t\t\t\t<\/div>\n\t\t\t\t<\/div>\n\t\t\t\t<\/div>\n\t\t\t\t\t<\/div>\n\t\t\t\t<\/div>\n\t\t\t\t<\/div>","protected":false},"excerpt":{"rendered":"<p>Traditional Turkish Draughts: The Strategic Heritage of Urfa The Silent Duel of the Coffeehouses Turkish Draughts (Dama) is an Anatolian intellectual discipline that stands apart from its Western counterparts through its unique rules. In this version, pieces move orthogonally forwards and sideways rather than diagonally, creating a linear and far more aggressive strategic landscape. In [&hellip;]<\/p>\n","protected":false},"author":1,"featured_media":0,"parent":743,"menu_order":0,"comment_status":"closed","ping_status":"closed","template":"","meta":{"footnotes":""},"class_list":["post-945","page","type-page","status-publish","hentry"],"_links":{"self":[{"href":"https:\/\/shatranj.art\/lv\/wp-json\/wp\/v2\/pages\/945","targetHints":{"allow":["GET"]}}],"collection":[{"href":"https:\/\/shatranj.art\/lv\/wp-json\/wp\/v2\/pages"}],"about":[{"href":"https:\/\/shatranj.art\/lv\/wp-json\/wp\/v2\/types\/page"}],"author":[{"embeddable":true,"href":"https:\/\/shatranj.art\/lv\/wp-json\/wp\/v2\/users\/1"}],"replies":[{"embeddable":true,"href":"https:\/\/shatranj.art\/lv\/wp-json\/wp\/v2\/comments?post=945"}],"version-history":[{"count":25,"href":"https:\/\/shatranj.art\/lv\/wp-json\/wp\/v2\/pages\/945\/revisions"}],"predecessor-version":[{"id":1429,"href":"https:\/\/shatranj.art\/lv\/wp-json\/wp\/v2\/pages\/945\/revisions\/1429"}],"up":[{"embeddable":true,"href":"https:\/\/shatranj.art\/lv\/wp-json\/wp\/v2\/pages\/743"}],"wp:attachment":[{"href":"https:\/\/shatranj.art\/lv\/wp-json\/wp\/v2\/media?parent=945"}],"curies":[{"name":"wp","href":"https:\/\/api.w.org\/{rel}","templated":true}]}}