{"id":954,"date":"2026-02-22T15:10:21","date_gmt":"2026-02-22T15:10:21","guid":{"rendered":"https:\/\/shatranj.art\/?page_id=954"},"modified":"2026-02-24T09:18:28","modified_gmt":"2026-02-24T09:18:28","slug":"poster-16","status":"publish","type":"page","link":"https:\/\/shatranj.art\/lv\/exhibit\/poster-16\/","title":{"rendered":"plak\u0101ts 16"},"content":{"rendered":"<div data-elementor-type=\"wp-page\" data-elementor-id=\"954\" class=\"elementor elementor-954\" data-elementor-post-type=\"page\">\n\t\t\t\t<div class=\"elementor-element elementor-element-05751de e-flex e-con-boxed e-con e-parent\" data-id=\"05751de\" data-element_type=\"container\" data-e-type=\"container\" data-settings=\"{&quot;background_background&quot;:&quot;classic&quot;}\">\n\t\t\t\t\t<div class=\"e-con-inner\">\n\t\t<div class=\"elementor-element elementor-element-415f3f4 e-con-full e-flex e-con e-child\" data-id=\"415f3f4\" data-element_type=\"container\" data-e-type=\"container\">\n\t\t\t\t<div class=\"elementor-element elementor-element-ee52ef0 elementor-widget__width-initial elementor-widget elementor-widget-image\" data-id=\"ee52ef0\" data-element_type=\"widget\" data-e-type=\"widget\" data-widget_type=\"image.default\">\n\t\t\t\t<div class=\"elementor-widget-container\">\n\t\t\t\t\t\t\t\t\t\t\t\t\t\t\t<img fetchpriority=\"high\" decoding=\"async\" width=\"723\" height=\"1024\" src=\"https:\/\/shatranj.art\/wp-content\/uploads\/2026\/02\/16-723x1024.jpg\" class=\"attachment-large size-large wp-image-959\" alt=\"\" srcset=\"https:\/\/shatranj.art\/wp-content\/uploads\/2026\/02\/16-723x1024.jpg 723w, https:\/\/shatranj.art\/wp-content\/uploads\/2026\/02\/16-212x300.jpg 212w, https:\/\/shatranj.art\/wp-content\/uploads\/2026\/02\/16-768x1087.jpg 768w, https:\/\/shatranj.art\/wp-content\/uploads\/2026\/02\/16-1085x1536.jpg 1085w, https:\/\/shatranj.art\/wp-content\/uploads\/2026\/02\/16-1447x2048.jpg 1447w, https:\/\/shatranj.art\/wp-content\/uploads\/2026\/02\/16.jpg 1557w\" sizes=\"(max-width: 723px) 100vw, 723px\" \/>\t\t\t\t\t\t\t\t\t\t\t\t\t\t\t<\/div>\n\t\t\t\t<\/div>\n\t\t\t\t<div class=\"elementor-element elementor-element-bc51b4f elementor-widget__width-initial elementor-widget elementor-widget-text-editor\" data-id=\"bc51b4f\" data-element_type=\"widget\" data-e-type=\"widget\" data-widget_type=\"text-editor.default\">\n\t\t\t\t<div class=\"elementor-widget-container\">\n\t\t\t\t\t\t\t\t\t<h3><b>Bucef\u0101ls: le\u0123end\u0101rais stepju un iekarojumu gars<\/b><\/h3><p>Sengrie\u0137u valod\u0101 tas noz\u012bm\u0113 \u201cv\u0113rsis ar galvu\u201d (Boukephalos), iesp\u0113jams, pateicoties vi\u0146a pla\u0161aj\u0101m uzac\u012bm vai z\u012bmogam uz pleca.Bucef\u0101ls ir visikonisk\u0101kais kara zirgs v\u0113stur\u0113. Le\u0123enda v\u0113sta, ka tesalietis Filoniks vi\u0146u pied\u0101v\u0101jis \u0137\u0113ni\u0146am Filipam II par satrieco\u0161u summu - 13 talantiem, ta\u010du neviens nesp\u0113ja savald\u012bt vi\u0146a me\u017eon\u012bgo garu. Jaunais Aleksandrs, nov\u0113rojis, ka zirgu bied\u0113 tikai vi\u0146a pa\u0161a \u0113na, pagrieza vi\u0146u pret sauli, lai nomierin\u0101tu. To redzot, karalis Filips pazi\u0146oja: \u201cAk, mans d\u0113ls, mekl\u0113 sev l\u012bdzv\u0113rt\u012bgu un sev cien\u012bgu valst\u012bbu, jo Ma\u0137edonija tev ir par mazu!\u201d Filips Filips uzrakst\u012bja: \"Mans d\u0113ls, mekl\u0113 sev l\u012bdzv\u0113rt\u012bgu un sev cien\u012bgu valst\u012bbu, jo Ma\u0137edonija tev ir par mazu!\"<\/p><p>\u00a0<\/p><p>No kaujas laukiem l\u012bdz nemirst\u012bbai<\/p><p>\u00a0<\/p><p>Bucefals pavad\u012bja Aleksandru vis\u0101 vi\u0146a kampa\u0146as laik\u0101 no Grie\u0137ijas uz Indijas sirdi. Vi\u0146\u0161 nesa savu kungu asi\u0146ain\u0101kaj\u0101s sadursm\u0113s no Granikusa un Isas l\u012bdz Gaugamelai un Hida\u0161pes kauj\u0101m. Indijas kampa\u0146as laik\u0101 326. gad\u0101 p. m. \u0113. vi\u0146\u0161 nomira vai nu no kaujas br\u016bc\u0113m, vai ar\u012b no vecuma (gandr\u012bz 30 gadu vecum\u0101). Aleksandrs par godu Aleksandram nodibin\u0101ja pils\u0113tu Aleksandrijas Bucefalu D\u017eheluma upes krast\u0101 m\u016bsdienu Pakist\u0101n\u0101.<\/p><p>\u00a0<\/p><p>Kult\u016bras mantojums<\/p><p>\u00a0<\/p><p>M\u0101kslas un literat\u016bras v\u0113stur\u0113 Bucef\u0101ls ir sp\u0113ka, uztic\u012bbas un asu instinktu simbols. Austrumu trad\u012bcij\u0101s, kur Aleksandrs bie\u017ei tiek identific\u0113ts k\u0101 \u201cIskandars\u201d, Bucef\u0101ls tiek att\u0113lots k\u0101 uzticams sabiedrotais, kam piem\u012bt p\u0101rdabiskas \u012bpa\u0161\u012bbas. Vi\u0146\u0161 joproj\u0101m ir v\u0113stures di\u017e\u0101k\u0101 iekarot\u0101ja patiesais \u201cgars\u201d, kas simboliz\u0113 saikni, kura sniedzas p\u0101ri kaujas laukam.<\/p>\t\t\t\t\t\t\t\t<\/div>\n\t\t\t\t<\/div>\n\t\t\t\t<\/div>\n\t\t\t\t\t<\/div>\n\t\t\t\t<\/div>\n\t\t\t\t<\/div>","protected":false},"excerpt":{"rendered":"<p>Bucephalus: The Legendary Spirit of the Steppes and Conquests Meaning &#8220;Ox-headed&#8221; (Boukephalos) in Ancient Greek likely due to his broad brow or a branding on his shoulder Bucephalus is the most iconic warhorse in history. Legend tells that he was offered to King Philip II by Philonicus the Thessalian for the staggering sum of 13 [&hellip;]<\/p>\n","protected":false},"author":1,"featured_media":0,"parent":743,"menu_order":0,"comment_status":"closed","ping_status":"closed","template":"","meta":{"footnotes":""},"class_list":["post-954","page","type-page","status-publish","hentry"],"_links":{"self":[{"href":"https:\/\/shatranj.art\/lv\/wp-json\/wp\/v2\/pages\/954","targetHints":{"allow":["GET"]}}],"collection":[{"href":"https:\/\/shatranj.art\/lv\/wp-json\/wp\/v2\/pages"}],"about":[{"href":"https:\/\/shatranj.art\/lv\/wp-json\/wp\/v2\/types\/page"}],"author":[{"embeddable":true,"href":"https:\/\/shatranj.art\/lv\/wp-json\/wp\/v2\/users\/1"}],"replies":[{"embeddable":true,"href":"https:\/\/shatranj.art\/lv\/wp-json\/wp\/v2\/comments?post=954"}],"version-history":[{"count":13,"href":"https:\/\/shatranj.art\/lv\/wp-json\/wp\/v2\/pages\/954\/revisions"}],"predecessor-version":[{"id":1579,"href":"https:\/\/shatranj.art\/lv\/wp-json\/wp\/v2\/pages\/954\/revisions\/1579"}],"up":[{"embeddable":true,"href":"https:\/\/shatranj.art\/lv\/wp-json\/wp\/v2\/pages\/743"}],"wp:attachment":[{"href":"https:\/\/shatranj.art\/lv\/wp-json\/wp\/v2\/media?parent=954"}],"curies":[{"name":"wp","href":"https:\/\/api.w.org\/{rel}","templated":true}]}}