{"id":969,"date":"2026-02-22T15:22:14","date_gmt":"2026-02-22T15:22:14","guid":{"rendered":"https:\/\/shatranj.art\/?page_id=969"},"modified":"2026-02-23T04:55:45","modified_gmt":"2026-02-23T04:55:45","slug":"poster-18","status":"publish","type":"page","link":"https:\/\/shatranj.art\/lv\/exhibit\/poster-18\/","title":{"rendered":"plak\u0101ts 18"},"content":{"rendered":"<div data-elementor-type=\"wp-page\" data-elementor-id=\"969\" class=\"elementor elementor-969\" data-elementor-post-type=\"page\">\n\t\t\t\t<div class=\"elementor-element elementor-element-e18ac67 e-flex e-con-boxed e-con e-parent\" data-id=\"e18ac67\" data-element_type=\"container\" data-e-type=\"container\" data-settings=\"{&quot;background_background&quot;:&quot;classic&quot;}\">\n\t\t\t\t\t<div class=\"e-con-inner\">\n\t\t<div class=\"elementor-element elementor-element-36bf2c2 e-con-full e-flex e-con e-child\" data-id=\"36bf2c2\" data-element_type=\"container\" data-e-type=\"container\">\n\t\t\t\t<div class=\"elementor-element elementor-element-1244f27 elementor-widget__width-initial elementor-widget elementor-widget-image\" data-id=\"1244f27\" data-element_type=\"widget\" data-e-type=\"widget\" data-widget_type=\"image.default\">\n\t\t\t\t<div class=\"elementor-widget-container\">\n\t\t\t\t\t\t\t\t\t\t\t\t\t\t\t<img fetchpriority=\"high\" decoding=\"async\" width=\"800\" height=\"729\" src=\"https:\/\/shatranj.art\/wp-content\/uploads\/2026\/02\/18-1024x933.jpg\" class=\"attachment-large size-large wp-image-971\" alt=\"\" srcset=\"https:\/\/shatranj.art\/wp-content\/uploads\/2026\/02\/18-1024x933.jpg 1024w, https:\/\/shatranj.art\/wp-content\/uploads\/2026\/02\/18-300x273.jpg 300w, https:\/\/shatranj.art\/wp-content\/uploads\/2026\/02\/18-768x700.jpg 768w, https:\/\/shatranj.art\/wp-content\/uploads\/2026\/02\/18.jpg 1279w\" sizes=\"(max-width: 800px) 100vw, 800px\" \/>\t\t\t\t\t\t\t\t\t\t\t\t\t\t\t<\/div>\n\t\t\t\t<\/div>\n\t\t\t\t<div class=\"elementor-element elementor-element-917c746 elementor-widget__width-initial elementor-widget-mobile__width-inherit elementor-widget elementor-widget-image\" data-id=\"917c746\" data-element_type=\"widget\" data-e-type=\"widget\" data-widget_type=\"image.default\">\n\t\t\t\t<div class=\"elementor-widget-container\">\n\t\t\t\t\t\t\t\t\t\t\t\t\t\t\t<img decoding=\"async\" width=\"800\" height=\"790\" src=\"https:\/\/shatranj.art\/wp-content\/uploads\/2026\/02\/18-1-1024x1011.jpg\" class=\"attachment-large size-large wp-image-972\" alt=\"\" srcset=\"https:\/\/shatranj.art\/wp-content\/uploads\/2026\/02\/18-1-1024x1011.jpg 1024w, https:\/\/shatranj.art\/wp-content\/uploads\/2026\/02\/18-1-300x296.jpg 300w, https:\/\/shatranj.art\/wp-content\/uploads\/2026\/02\/18-1-768x758.jpg 768w, https:\/\/shatranj.art\/wp-content\/uploads\/2026\/02\/18-1-1536x1517.jpg 1536w, https:\/\/shatranj.art\/wp-content\/uploads\/2026\/02\/18-1.jpg 1769w\" sizes=\"(max-width: 800px) 100vw, 800px\" \/>\t\t\t\t\t\t\t\t\t\t\t\t\t\t\t<\/div>\n\t\t\t\t<\/div>\n\t\t\t\t<div class=\"elementor-element elementor-element-5c72f2f elementor-widget__width-initial elementor-widget elementor-widget-text-editor\" data-id=\"5c72f2f\" data-element_type=\"widget\" data-e-type=\"widget\" data-widget_type=\"text-editor.default\">\n\t\t\t\t<div class=\"elementor-widget-container\">\n\t\t\t\t\t\t\t\t\t<h3><b>Meh\u0101niskais turks: pirm\u0101 m\u0101ksl\u012bg\u0101 intelekta il\u016bzija<\/b><\/h3><p><b>Il\u016bzija, kas apb\u016bra imp\u0113rijas<\/b> <span style=\"font-weight: 400;\"><br \/><\/span>\u201cMeh\u0101niskais turks\u201d, ko 1770. gad\u0101 izstr\u0101d\u0101ja Volfgangs fon Kempelens, lai p\u0101rsteigtu imperatori Mariju Ter\u0113ziju, bija pa\u0161darbojo\u0161s autom\u0101ts, ko darbin\u0101ja sare\u017e\u0123\u012bta zobratu sist\u0113ma. S\u0113d\u0113dams pie liela kabineta un t\u0113rpies tradicion\u0101laj\u0101s osma\u0146u dr\u0113b\u0113s un turb\u0101n\u0101, \u0161is t\u0113ls izaicin\u0101ja un uzvar\u0113ja da\u017eus no v\u0113stures sp\u0113c\u012bg\u0101kajiem pr\u0101tiem, tostarp Napoleonu Bonapartu un Bend\u017eaminu Franklinu.<\/p><p>\u00a0<\/p><p><b>Cilv\u0113ks starp r\u012bkiem<\/b> <span style=\"font-weight: 400;\"><br \/><\/span>Gadu desmitiem ilgi pasaule uzskat\u012bja, ka redz \u012bstu \u201cdom\u0101jo\u0161u ma\u0161\u012bnu\u201d. Paties\u012bb\u0101 \u0161\u012b ier\u012bce bija il\u016bzijas \u0161edevrs. Skapja iek\u0161puse bija atjaut\u012bgi veidota t\u0101, lai taj\u0101 var\u0113tu pasl\u0113pties profesion\u0101ls cilv\u0113ks - \u0161aha meistars, kur\u0161 main\u012bja poz\u012bcijas, atverot da\u017e\u0101das durvis, kas bija pieejamas publikai. Izmantojot pantogr\u0101fa meh\u0101nismu un magn\u0113tiskos indikatorus zem galda, sl\u0113ptais sp\u0113l\u0113t\u0101js uzraudz\u012bja pretinieka g\u0101jienus un izpild\u012bja savus ar turka meh\u0101nisk\u0101s rokas pal\u012bdz\u012bbu.<\/p><p>\u00a0<\/p><p><b>M\u016bsdienu mantojums<\/b> <span style=\"font-weight: 400;\"><br \/><\/span>Meh\u0101niskais turks ir kas vair\u0101k nek\u0101 st\u0101sts par kr\u0101p\u0161anu; tas ir simbols cilv\u0113ces m\u016b\u017e\u012bgajam valdzin\u0101jumam un bail\u0113m no ma\u0161\u012bnu intelekta. T\u0101 nav nejau\u0161\u012bba, ka Amazon savu mikrouzdevumu platformu \u0161odien nosauca par \u201cMechanical Turk\u201d. \u0160is nosaukums joproj\u0101m ir velt\u012bjums uzdevumiem, kurus datori v\u0113l nesp\u0113j veikt, bet kurus \u201caizkulis\u0113s\u201d klusi risina cilv\u0113ki.\u201d<\/p>\t\t\t\t\t\t\t\t<\/div>\n\t\t\t\t<\/div>\n\t\t\t\t<\/div>\n\t\t\t\t\t<\/div>\n\t\t\t\t<\/div>\n\t\t\t\t<\/div>","protected":false},"excerpt":{"rendered":"<p>The Mechanical Turk: The First Illusion of Artificial Intelligence An Illusion That Enchanted Empires Designed in 1770 by Wolfgang von Kempelen to impress Empress Maria Theresa, the &#8220;Mechanical Turk&#8221; appeared to be a self-operating automaton powered by a complex system of gears. Seated at a large cabinet and dressed in traditional Ottoman robes and a [&hellip;]<\/p>\n","protected":false},"author":1,"featured_media":0,"parent":743,"menu_order":0,"comment_status":"closed","ping_status":"closed","template":"","meta":{"footnotes":""},"class_list":["post-969","page","type-page","status-publish","hentry"],"_links":{"self":[{"href":"https:\/\/shatranj.art\/lv\/wp-json\/wp\/v2\/pages\/969","targetHints":{"allow":["GET"]}}],"collection":[{"href":"https:\/\/shatranj.art\/lv\/wp-json\/wp\/v2\/pages"}],"about":[{"href":"https:\/\/shatranj.art\/lv\/wp-json\/wp\/v2\/types\/page"}],"author":[{"embeddable":true,"href":"https:\/\/shatranj.art\/lv\/wp-json\/wp\/v2\/users\/1"}],"replies":[{"embeddable":true,"href":"https:\/\/shatranj.art\/lv\/wp-json\/wp\/v2\/comments?post=969"}],"version-history":[{"count":7,"href":"https:\/\/shatranj.art\/lv\/wp-json\/wp\/v2\/pages\/969\/revisions"}],"predecessor-version":[{"id":1225,"href":"https:\/\/shatranj.art\/lv\/wp-json\/wp\/v2\/pages\/969\/revisions\/1225"}],"up":[{"embeddable":true,"href":"https:\/\/shatranj.art\/lv\/wp-json\/wp\/v2\/pages\/743"}],"wp:attachment":[{"href":"https:\/\/shatranj.art\/lv\/wp-json\/wp\/v2\/media?parent=969"}],"curies":[{"name":"wp","href":"https:\/\/api.w.org\/{rel}","templated":true}]}}