{"id":976,"date":"2026-02-22T15:26:41","date_gmt":"2026-02-22T15:26:41","guid":{"rendered":"https:\/\/shatranj.art\/?page_id=976"},"modified":"2026-02-23T04:57:59","modified_gmt":"2026-02-23T04:57:59","slug":"poster-19","status":"publish","type":"page","link":"https:\/\/shatranj.art\/lv\/exhibit\/poster-19\/","title":{"rendered":"plak\u0101ts 19"},"content":{"rendered":"<div data-elementor-type=\"wp-page\" data-elementor-id=\"976\" class=\"elementor elementor-976\" data-elementor-post-type=\"page\">\n\t\t\t\t<div class=\"elementor-element elementor-element-bd53a03 e-flex e-con-boxed e-con e-parent\" data-id=\"bd53a03\" data-element_type=\"container\" data-e-type=\"container\" data-settings=\"{&quot;background_background&quot;:&quot;classic&quot;}\">\n\t\t\t\t\t<div class=\"e-con-inner\">\n\t\t<div class=\"elementor-element elementor-element-258a2d8 e-con-full e-flex e-con e-child\" data-id=\"258a2d8\" data-element_type=\"container\" data-e-type=\"container\">\n\t\t\t\t<div class=\"elementor-element elementor-element-54379e5 elementor-widget__width-initial elementor-widget elementor-widget-image\" data-id=\"54379e5\" data-element_type=\"widget\" data-e-type=\"widget\" data-widget_type=\"image.default\">\n\t\t\t\t<div class=\"elementor-widget-container\">\n\t\t\t\t\t\t\t\t\t\t\t\t\t\t\t<img fetchpriority=\"high\" decoding=\"async\" width=\"800\" height=\"842\" src=\"https:\/\/shatranj.art\/wp-content\/uploads\/2026\/02\/19-973x1024.jpg\" class=\"attachment-large size-large wp-image-979\" alt=\"\" srcset=\"https:\/\/shatranj.art\/wp-content\/uploads\/2026\/02\/19-973x1024.jpg 973w, https:\/\/shatranj.art\/wp-content\/uploads\/2026\/02\/19-285x300.jpg 285w, https:\/\/shatranj.art\/wp-content\/uploads\/2026\/02\/19-768x808.jpg 768w, https:\/\/shatranj.art\/wp-content\/uploads\/2026\/02\/19.jpg 1121w\" sizes=\"(max-width: 800px) 100vw, 800px\" \/>\t\t\t\t\t\t\t\t\t\t\t\t\t\t\t<\/div>\n\t\t\t\t<\/div>\n\t\t\t\t<div class=\"elementor-element elementor-element-38b79a5 elementor-widget__width-initial elementor-widget elementor-widget-text-editor\" data-id=\"38b79a5\" data-element_type=\"widget\" data-e-type=\"widget\" data-widget_type=\"text-editor.default\">\n\t\t\t\t<div class=\"elementor-widget-container\">\n\t\t\t\t\t\t\t\t\t<p><strong>Deep Blue vs. Kasparovs: Ma\u0161\u012bnu dominances s\u0101kums.<\/strong><\/p><p>\u00a0<\/p><p><span style=\"font-weight: 400;\">1997. gad\u0101 pasaul\u0113 notika v\u0113sturisks pav\u0113rsiens cilv\u0113ka un ma\u0161\u012bnas attiec\u012bb\u0101s. IBM izstr\u0101d\u0101tais superdators <\/span>Deep Blue<span style=\"font-weight: 400;\"> uzvar\u0113ja pa\u0161reiz\u0113jo pasaules \u010dempionu, <\/span>Garijs Kasparovs<span style=\"font-weight: 400;\">, se\u0161u sp\u0113\u013cu s\u0113rij\u0101. \u0160\u012b bija pirm\u0101 reize, kad dators bija uzvar\u0113jis pasaules \u010dempionu turn\u012bra tipa ma\u010d\u0101 ar standarta laika kontroli.<\/span><\/p><p>\u00a0<\/p><p><b>Brute Force Power:<\/b><span style=\"font-weight: 400;\"> Deep Blue bija specializ\u0113tas aparat\u016bras \u0161edevrs, kas sp\u0113ja apr\u0113\u0137in\u0101t 200 miljonus poz\u012bciju sekund\u0113.<\/span><\/p><p>\u00a0<\/p><p><b>Simboliska uzvara:<\/b><span style=\"font-weight: 400;\"> \u0160is ma\u010ds main\u012bja glob\u0101lo priek\u0161statu par m\u0101ksl\u012bgo intelektu. T\u0101 pier\u0101d\u012bja, ka, lai gan cilv\u0113ka intu\u012bcija ir dzi\u013ca, ma\u0161\u012bnas skait\u013co\u0161anas \u0101trums var p\u0101rsp\u0113t laikmeta liel\u0101ko strat\u0113\u0123isko pr\u0101tu.<\/span><\/p>\t\t\t\t\t\t\t\t<\/div>\n\t\t\t\t<\/div>\n\t\t\t\t<div class=\"elementor-element elementor-element-d1ad4e6 elementor-widget__width-initial elementor-widget elementor-widget-image\" data-id=\"d1ad4e6\" data-element_type=\"widget\" data-e-type=\"widget\" data-widget_type=\"image.default\">\n\t\t\t\t<div class=\"elementor-widget-container\">\n\t\t\t\t\t\t\t\t\t\t\t\t\t\t\t<img decoding=\"async\" width=\"800\" height=\"600\" src=\"https:\/\/shatranj.art\/wp-content\/uploads\/2026\/02\/19-1-1024x768.jpg\" class=\"attachment-large size-large wp-image-980\" alt=\"\" srcset=\"https:\/\/shatranj.art\/wp-content\/uploads\/2026\/02\/19-1-1024x768.jpg 1024w, https:\/\/shatranj.art\/wp-content\/uploads\/2026\/02\/19-1-300x225.jpg 300w, https:\/\/shatranj.art\/wp-content\/uploads\/2026\/02\/19-1-768x576.jpg 768w, https:\/\/shatranj.art\/wp-content\/uploads\/2026\/02\/19-1.jpg 1250w\" sizes=\"(max-width: 800px) 100vw, 800px\" \/>\t\t\t\t\t\t\t\t\t\t\t\t\t\t\t<\/div>\n\t\t\t\t<\/div>\n\t\t\t\t<div class=\"elementor-element elementor-element-e238e58 elementor-widget__width-initial elementor-widget elementor-widget-image\" data-id=\"e238e58\" data-element_type=\"widget\" data-e-type=\"widget\" data-widget_type=\"image.default\">\n\t\t\t\t<div class=\"elementor-widget-container\">\n\t\t\t\t\t\t\t\t\t\t\t\t\t\t\t<img decoding=\"async\" width=\"682\" height=\"1024\" src=\"https:\/\/shatranj.art\/wp-content\/uploads\/2026\/02\/19-2-682x1024.jpg\" class=\"attachment-large size-large wp-image-981\" alt=\"\" srcset=\"https:\/\/shatranj.art\/wp-content\/uploads\/2026\/02\/19-2-682x1024.jpg 682w, https:\/\/shatranj.art\/wp-content\/uploads\/2026\/02\/19-2-200x300.jpg 200w, https:\/\/shatranj.art\/wp-content\/uploads\/2026\/02\/19-2-768x1154.jpg 768w, https:\/\/shatranj.art\/wp-content\/uploads\/2026\/02\/19-2-1023x1536.jpg 1023w, https:\/\/shatranj.art\/wp-content\/uploads\/2026\/02\/19-2-1363x2048.jpg 1363w, https:\/\/shatranj.art\/wp-content\/uploads\/2026\/02\/19-2.jpg 1667w\" sizes=\"(max-width: 682px) 100vw, 682px\" \/>\t\t\t\t\t\t\t\t\t\t\t\t\t\t\t<\/div>\n\t\t\t\t<\/div>\n\t\t\t\t<div class=\"elementor-element elementor-element-a12f1b5 elementor-widget__width-inherit elementor-widget elementor-widget-text-editor\" data-id=\"a12f1b5\" data-element_type=\"widget\" data-e-type=\"widget\" data-widget_type=\"text-editor.default\">\n\t\t\t\t<div class=\"elementor-widget-container\">\n\t\t\t\t\t\t\t\t\t<h3><b>Zivju kr\u0101jumi: Lielmeistaru anal\u012bzes demokratiz\u0101cija<\/b><\/h3><p>Stockfish<span style=\"font-weight: 400;\"> ir pasaul\u0113 jaud\u012bg\u0101kais atv\u0113rt\u0101 koda \u0161aha dzin\u0113js. At\u0161\u0137ir\u012bb\u0101 no pag\u0101tnes ekskluz\u012bvajiem superdatoriem Stockfish ir bezmaksas un pieejams ikvienam - no amatieriem l\u012bdz pasaules klases lielmeistariem.<\/span><\/p><ul><li style=\"font-weight: 400;\" aria-level=\"1\"><b>Glob\u0101lais standarts:<\/b><span style=\"font-weight: 400;\"> Past\u0101v\u012bgi ierindojoties dzin\u0113ju l\u012bderu topu aug\u0161gal\u0101, Stockfish kalpo k\u0101 lielisks r\u012bks sp\u0113\u013cu anal\u012bzei un strat\u0113\u0123ijas izstr\u0101dei.<\/span><\/li><li style=\"font-weight: 400;\" aria-level=\"1\"><b>Neironu evol\u016bcija:<\/b><span style=\"font-weight: 400;\"> S\u0101kotn\u0113ji balstoties uz klasiskajiem \u201cmekl\u0113\u0161anas un nov\u0113rt\u0113\u0161anas\u201d algoritmiem, m\u016bsdien\u012bg\u0101s Stockfish versijas tagad izmanto. <\/span>NNUE (efekt\u012bvi atjaunin\u0101mie neironu t\u012bkli)<span style=\"font-weight: 400;\">. \u0160\u012b sint\u0113ze \u013cauj apvienot milz\u012bgu apr\u0113\u0137inu \u0101trumu ar padzi\u013cin\u0101tu, gandr\u012bz cilv\u0113kam l\u012bdz\u012bgu \u201cizpratni\u201d par sare\u017e\u0123\u012bt\u0101m poz\u012bcij\u0101m, sasniedzot ELO r\u0101d\u012bt\u0101ju, kas iev\u0113rojami p\u0101rsniedz. <\/span>3500<span style=\"font-weight: 400;\">.<\/span><\/li><\/ul>\t\t\t\t\t\t\t\t<\/div>\n\t\t\t\t<\/div>\n\t\t\t\t<div class=\"elementor-element elementor-element-5ec8752 elementor-widget__width-initial elementor-widget elementor-widget-image\" data-id=\"5ec8752\" data-element_type=\"widget\" data-e-type=\"widget\" data-widget_type=\"image.default\">\n\t\t\t\t<div class=\"elementor-widget-container\">\n\t\t\t\t\t\t\t\t\t\t\t\t\t\t\t<img loading=\"lazy\" decoding=\"async\" width=\"800\" height=\"800\" src=\"https:\/\/shatranj.art\/wp-content\/uploads\/2026\/02\/19-1024x1024.png\" class=\"attachment-large size-large wp-image-982\" alt=\"\" srcset=\"https:\/\/shatranj.art\/wp-content\/uploads\/2026\/02\/19-1024x1024.png 1024w, https:\/\/shatranj.art\/wp-content\/uploads\/2026\/02\/19-300x300.png 300w, https:\/\/shatranj.art\/wp-content\/uploads\/2026\/02\/19-150x150.png 150w, https:\/\/shatranj.art\/wp-content\/uploads\/2026\/02\/19-768x768.png 768w, https:\/\/shatranj.art\/wp-content\/uploads\/2026\/02\/19.png 1056w\" sizes=\"(max-width: 800px) 100vw, 800px\" \/>\t\t\t\t\t\t\t\t\t\t\t\t\t\t\t<\/div>\n\t\t\t\t<\/div>\n\t\t\t\t<div class=\"elementor-element elementor-element-f657508 elementor-widget__width-initial elementor-widget-tablet__width-inherit elementor-widget elementor-widget-text-editor\" data-id=\"f657508\" data-element_type=\"widget\" data-e-type=\"widget\" data-widget_type=\"text-editor.default\">\n\t\t\t\t<div class=\"elementor-widget-container\">\n\t\t\t\t\t\t\t\t\t<h3><b>AlphaZero: ma\u0161\u012bnu intu\u012bcijas un rado\u0161uma \u0113ra<\/b><\/h3><p>Uz\u0146\u0113muma Google DeepMind izstr\u0101d\u0101tais AlphaZero revolucioniz\u0113ja m\u016bsu priek\u0161status par m\u0101ksl\u012bgo intelektu. Ja iepriek\u0161\u0113jos dzin\u0113jus \u201cm\u0101c\u012bja\u201d cilv\u0113ki, izmantojot programm\u0113tus noteikumus, tad AlphaZero bija pa\u0161m\u0101c\u012bbas sist\u0113ma.<\/p><ul><li style=\"font-weight: 400;\" aria-level=\"1\"><b>Tabula Rasa (No nulles):<\/b><span style=\"font-weight: 400;\"> AlphaZero tika doti tikai \u0161aha pamatnoteikumi. Sp\u0113l\u0113jot miljoniem sp\u0113\u013cu pret sevi, izmantojot pastiprin\u0101tas m\u0101c\u012b\u0161an\u0101s metodi, tas tikai \u010detr\u0101s stund\u0101s sasniedza p\u0101rcilv\u0113cisku meistar\u012bbas l\u012bmeni.<\/span><\/li><li style=\"font-weight: 400;\" aria-level=\"1\"><b>Rado\u0161\u0101 revol\u016bcija:<\/b><span style=\"font-weight: 400;\"> AlphaZero nesp\u0113l\u0113ja k\u0101 tipisks \u201ckalkulators\u201d. T\u0101 ieviesa \u013coti agres\u012bvu, rado\u0161u un intuit\u012bvu stilu, bie\u017ei vien upur\u0113jot materi\u0101lus ilgtermi\u0146a pozicion\u0101la spiediena d\u0113\u013c. Tas pier\u0101d\u012bja, ka ma\u0161\u012bnas var ne tikai r\u0113\u0137in\u0101t \u0101tr\u0101k par cilv\u0113kiem, bet ar\u012b \u201cno jauna\u201d izdom\u0101t pa\u0161u sp\u0113les m\u0101kslu un rado\u0161umu.<\/span><\/li><\/ul>\t\t\t\t\t\t\t\t<\/div>\n\t\t\t\t<\/div>\n\t\t\t\t<\/div>\n\t\t\t\t\t<\/div>\n\t\t\t\t<\/div>\n\t\t\t\t<\/div>","protected":false},"excerpt":{"rendered":"<p>Deep Blue vs. Kasparov: The Dawn of Machine Dominance \u00a0 In 1997, the world witnessed a historic turning point in the relationship between man and machine. Developed by IBM, the supercomputer Deep Blue defeated the reigning World Champion, Garry Kasparov, in a six-match series. This was the first time a computer had beaten a world [&hellip;]<\/p>\n","protected":false},"author":1,"featured_media":0,"parent":743,"menu_order":0,"comment_status":"closed","ping_status":"closed","template":"","meta":{"footnotes":""},"class_list":["post-976","page","type-page","status-publish","hentry"],"_links":{"self":[{"href":"https:\/\/shatranj.art\/lv\/wp-json\/wp\/v2\/pages\/976","targetHints":{"allow":["GET"]}}],"collection":[{"href":"https:\/\/shatranj.art\/lv\/wp-json\/wp\/v2\/pages"}],"about":[{"href":"https:\/\/shatranj.art\/lv\/wp-json\/wp\/v2\/types\/page"}],"author":[{"embeddable":true,"href":"https:\/\/shatranj.art\/lv\/wp-json\/wp\/v2\/users\/1"}],"replies":[{"embeddable":true,"href":"https:\/\/shatranj.art\/lv\/wp-json\/wp\/v2\/comments?post=976"}],"version-history":[{"count":7,"href":"https:\/\/shatranj.art\/lv\/wp-json\/wp\/v2\/pages\/976\/revisions"}],"predecessor-version":[{"id":1228,"href":"https:\/\/shatranj.art\/lv\/wp-json\/wp\/v2\/pages\/976\/revisions\/1228"}],"up":[{"embeddable":true,"href":"https:\/\/shatranj.art\/lv\/wp-json\/wp\/v2\/pages\/743"}],"wp:attachment":[{"href":"https:\/\/shatranj.art\/lv\/wp-json\/wp\/v2\/media?parent=976"}],"curies":[{"name":"wp","href":"https:\/\/api.w.org\/{rel}","templated":true}]}}