{"id":986,"date":"2026-02-22T15:44:16","date_gmt":"2026-02-22T15:44:16","guid":{"rendered":"https:\/\/shatranj.art\/?page_id=986"},"modified":"2026-02-23T04:58:50","modified_gmt":"2026-02-23T04:58:50","slug":"poster-20","status":"publish","type":"page","link":"https:\/\/shatranj.art\/lv\/exhibit\/poster-20\/","title":{"rendered":"plak\u0101ts 20"},"content":{"rendered":"<div data-elementor-type=\"wp-page\" data-elementor-id=\"986\" class=\"elementor elementor-986\" data-elementor-post-type=\"page\">\n\t\t\t\t<div class=\"elementor-element elementor-element-12aafbd e-flex e-con-boxed e-con e-parent\" data-id=\"12aafbd\" data-element_type=\"container\" data-e-type=\"container\" data-settings=\"{&quot;background_background&quot;:&quot;classic&quot;}\">\n\t\t\t\t\t<div class=\"e-con-inner\">\n\t\t<div class=\"elementor-element elementor-element-63eb695 e-con-full e-flex e-con e-child\" data-id=\"63eb695\" data-element_type=\"container\" data-e-type=\"container\">\n\t\t\t\t<div class=\"elementor-element elementor-element-c65f0f2 elementor-widget elementor-widget-image\" data-id=\"c65f0f2\" data-element_type=\"widget\" data-e-type=\"widget\" data-widget_type=\"image.default\">\n\t\t\t\t<div class=\"elementor-widget-container\">\n\t\t\t\t\t\t\t\t\t\t\t\t\t\t\t<img fetchpriority=\"high\" decoding=\"async\" width=\"800\" height=\"563\" src=\"https:\/\/shatranj.art\/wp-content\/uploads\/2026\/02\/20-1024x720.jpg\" class=\"attachment-large size-large wp-image-989\" alt=\"\" srcset=\"https:\/\/shatranj.art\/wp-content\/uploads\/2026\/02\/20-1024x720.jpg 1024w, https:\/\/shatranj.art\/wp-content\/uploads\/2026\/02\/20-300x211.jpg 300w, https:\/\/shatranj.art\/wp-content\/uploads\/2026\/02\/20-768x540.jpg 768w, https:\/\/shatranj.art\/wp-content\/uploads\/2026\/02\/20-1536x1080.jpg 1536w, https:\/\/shatranj.art\/wp-content\/uploads\/2026\/02\/20-2048x1440.jpg 2048w\" sizes=\"(max-width: 800px) 100vw, 800px\" \/>\t\t\t\t\t\t\t\t\t\t\t\t\t\t\t<\/div>\n\t\t\t\t<\/div>\n\t\t\t\t<div class=\"elementor-element elementor-element-c898b64 elementor-widget elementor-widget-text-editor\" data-id=\"c898b64\" data-element_type=\"widget\" data-e-type=\"widget\" data-widget_type=\"text-editor.default\">\n\t\t\t\t<div class=\"elementor-widget-container\">\n\t\t\t\t\t\t\t\t\t<h3><b>Alquerque: Alfonso mantojums: senais dambretes priek\u0161te\u010ds un Alfonso mantojums<\/b><\/h3><p><b>Strat\u0113\u0123ija no Kast\u012blijas l\u012bdz m\u016bsdien\u0101m<\/b> <span style=\"font-weight: 400;\"><br \/><\/span>1283. gad\u0101 Kast\u012blijas kara\u013ca Alfonsa X (Alfonsa Gudr\u0101) pas\u016bt\u012bt\u0101 \u201cLibro de los Juegos\u201d (\"Sp\u0113\u013cu gr\u0101mata\") joproj\u0101m ir vispla\u0161\u0101kais sp\u0113\u013cu kult\u016bras apraksts viduslaiku Eirop\u0101. T\u0101s lappus\u0113s detaliz\u0113ti aprakst\u012bt\u0101 Alquerque ir sen\u0101s strat\u0113\u0123isk\u0101s sp\u0113les, kas ar\u0101bu pasaul\u0113 paz\u012bstama k\u0101 \"El-Qirkat\" un kuras saknes mekl\u0113jamas senaj\u0101 \u0112\u0123ipt\u0113, att\u012bst\u012bba Eirop\u0101. Sp\u0101nij\u0101 13. gadsimt\u0101 Alquerque bija liec\u012bba tam, k\u0101 kristie\u0161u, musulma\u0146u un ebreju zin\u0101tnieki sadarboj\u0101s, lai savienotu Austrumu un Rietumu zin\u0101\u0161anas.<\/p><p><b>Ce\u013c\u0161 uz dambreti<\/b> <span style=\"font-weight: 400;\"><br \/><\/span>Alquerque, kur\u0101 sp\u0113l\u0113ja ar 12 fig\u016br\u0101m uz 5\u00d75 laukumiem, ir dzimtene \u201cl\u0113k\u0161anas sag\u016bst\u012b\u0161anas\u201d meh\u0101nikai, kas ir m\u016bsdienu dambretes pamatnoteikums. Kad 15. gadsimta beig\u0101s \u0161ie dinamiskie noteikumi tika p\u0101rnesti uz 8\u00d78 \u0161aha t\u0101feles, rad\u0101s sp\u0113le \u201cDraugts\u201d (dambrete), k\u0101du m\u0113s to paz\u012bstam \u0161odien. \u0160is att\u0113lojums ir pier\u0101d\u012bjums tam, ka sp\u0113les nav tikai izklaide, bet gan univers\u0101la valoda, kas savieno \u0123eogr\u0101fiju, valodas un tic\u012bbas.<\/p>\t\t\t\t\t\t\t\t<\/div>\n\t\t\t\t<\/div>\n\t\t\t\t<\/div>\n\t\t\t\t\t<\/div>\n\t\t\t\t<\/div>\n\t\t\t\t<\/div>","protected":false},"excerpt":{"rendered":"<p>Alquerque: The Ancient Ancestor of Draughts and the Legacy of Alfonso A Strategy Stretching from Castile to the Present Commissioned in 1283 by King Alfonso X of Castile (Alfonso the Wise), the Libro de los Juegos (The Book of Games) remains the most comprehensive record of gaming culture in Medieval Europe. Alquerque, detailed within its [&hellip;]<\/p>\n","protected":false},"author":1,"featured_media":0,"parent":743,"menu_order":0,"comment_status":"closed","ping_status":"closed","template":"","meta":{"footnotes":""},"class_list":["post-986","page","type-page","status-publish","hentry"],"_links":{"self":[{"href":"https:\/\/shatranj.art\/lv\/wp-json\/wp\/v2\/pages\/986","targetHints":{"allow":["GET"]}}],"collection":[{"href":"https:\/\/shatranj.art\/lv\/wp-json\/wp\/v2\/pages"}],"about":[{"href":"https:\/\/shatranj.art\/lv\/wp-json\/wp\/v2\/types\/page"}],"author":[{"embeddable":true,"href":"https:\/\/shatranj.art\/lv\/wp-json\/wp\/v2\/users\/1"}],"replies":[{"embeddable":true,"href":"https:\/\/shatranj.art\/lv\/wp-json\/wp\/v2\/comments?post=986"}],"version-history":[{"count":7,"href":"https:\/\/shatranj.art\/lv\/wp-json\/wp\/v2\/pages\/986\/revisions"}],"predecessor-version":[{"id":1231,"href":"https:\/\/shatranj.art\/lv\/wp-json\/wp\/v2\/pages\/986\/revisions\/1231"}],"up":[{"embeddable":true,"href":"https:\/\/shatranj.art\/lv\/wp-json\/wp\/v2\/pages\/743"}],"wp:attachment":[{"href":"https:\/\/shatranj.art\/lv\/wp-json\/wp\/v2\/media?parent=986"}],"curies":[{"name":"wp","href":"https:\/\/api.w.org\/{rel}","templated":true}]}}