{"id":1355,"date":"2026-02-23T08:47:26","date_gmt":"2026-02-23T08:47:26","guid":{"rendered":"https:\/\/shatranj.art\/?page_id=1355"},"modified":"2026-02-24T06:17:29","modified_gmt":"2026-02-24T06:17:29","slug":"poster-33","status":"publish","type":"page","link":"https:\/\/shatranj.art\/mk\/exhibit\/poster-33\/","title":{"rendered":"\u043f\u043e\u0441\u0442\u0435\u0440 33"},"content":{"rendered":"<div data-elementor-type=\"wp-page\" data-elementor-id=\"1355\" class=\"elementor elementor-1355\" data-elementor-post-type=\"page\">\n\t\t\t\t<div class=\"elementor-element elementor-element-2851794 e-flex e-con-boxed e-con e-parent\" data-id=\"2851794\" data-element_type=\"container\" data-e-type=\"container\" data-settings=\"{&quot;background_background&quot;:&quot;classic&quot;}\">\n\t\t\t\t\t<div class=\"e-con-inner\">\n\t\t<div class=\"elementor-element elementor-element-ed4d108 e-con-full e-flex e-con e-child\" data-id=\"ed4d108\" data-element_type=\"container\" data-e-type=\"container\">\n\t\t\t\t<div class=\"elementor-element elementor-element-2753e94 elementor-widget elementor-widget-image\" data-id=\"2753e94\" data-element_type=\"widget\" data-e-type=\"widget\" data-widget_type=\"image.default\">\n\t\t\t\t<div class=\"elementor-widget-container\">\n\t\t\t\t\t\t\t\t\t\t\t\t\t\t\t<img fetchpriority=\"high\" decoding=\"async\" width=\"800\" height=\"534\" src=\"https:\/\/shatranj.art\/wp-content\/uploads\/2026\/02\/ulku-ve-dalkiran-kultur-un-1024x683.jpeg\" class=\"attachment-large size-large wp-image-1359\" alt=\"\" srcset=\"https:\/\/shatranj.art\/wp-content\/uploads\/2026\/02\/ulku-ve-dalkiran-kultur-un-1024x683.jpeg 1024w, https:\/\/shatranj.art\/wp-content\/uploads\/2026\/02\/ulku-ve-dalkiran-kultur-un-300x200.jpeg 300w, https:\/\/shatranj.art\/wp-content\/uploads\/2026\/02\/ulku-ve-dalkiran-kultur-un-768x512.jpeg 768w, https:\/\/shatranj.art\/wp-content\/uploads\/2026\/02\/ulku-ve-dalkiran-kultur-un-1536x1024.jpeg 1536w, https:\/\/shatranj.art\/wp-content\/uploads\/2026\/02\/ulku-ve-dalkiran-kultur-un-2048x1365.jpeg 2048w, https:\/\/shatranj.art\/wp-content\/uploads\/2026\/02\/ulku-ve-dalkiran-kultur-un-18x12.jpeg 18w\" sizes=\"(max-width: 800px) 100vw, 800px\" \/>\t\t\t\t\t\t\t\t\t\t\t\t\t\t\t<\/div>\n\t\t\t\t<\/div>\n\t\t\t\t<div class=\"elementor-element elementor-element-1b1dadb elementor-widget-tablet__width-inherit elementor-widget elementor-widget-text-editor\" data-id=\"1b1dadb\" data-element_type=\"widget\" data-e-type=\"widget\" data-widget_type=\"text-editor.default\">\n\t\t\t\t<div class=\"elementor-widget-container\">\n\t\t\t\t\t\t\t\t\t<h3><strong>\u0428\u0430\u0445\u043e\u0432\u0441\u043a\u0438\u043e\u0442 \u0441\u0435\u0442 \u043d\u0430 \u041c\u0443\u0441\u0442\u0430\u0444\u0430 \u041a\u0435\u043c\u0430\u043b \u0410\u0442\u0430\u0442\u0443\u0440\u043a<\/strong><span style=\"font-weight: 400;\"><br \/><\/span><span style=\"font-weight: 400;\"><br \/><\/span><\/h3><p><span style=\"font-weight: 400;\">\u041e\u0432\u043e\u0458 \u0434\u0435\u043b \u043e\u0434 \u0438\u0437\u043b\u043e\u0436\u0431\u0430\u0442\u0430 \u0433\u043e \u0438\u0441\u0442\u0430\u043a\u043d\u0443\u0432\u0430 \u0443\u043d\u0438\u043a\u0430\u0442\u043d\u0438\u043e\u0442 \u0434\u0435\u043b \u043e\u0434 \u0442\u0443\u0440\u0441\u043a\u0430\u0442\u0430 \u0438\u0441\u0442\u043e\u0440\u0438\u0458\u0430: \u043b\u0438\u0447\u043d\u0438\u043e\u0442 \u0448\u0430\u0445-\u0441\u0435\u0442 \u043d\u0430 \u041c\u0443\u0441\u0442\u0430\u0444\u0430 \u041a\u0435\u043c\u0430\u043b \u0410\u0442\u0430\u0442\u0443\u0440\u043a, \u043e\u0441\u043d\u043e\u0432\u0430\u0447\u043e\u0442 \u043d\u0430 \u0420\u0435\u043f\u0443\u0431\u043b\u0438\u043a\u0430 \u0422\u0443\u0440\u0446\u0438\u0458\u0430. \u0424\u043e\u0442\u043e\u0433\u0440\u0430\u0444\u0438\u0458\u0430\u0442\u0430 \u0432\u043e \u0433\u0430\u043b\u0435\u0440\u0438\u0458\u0430\u0442\u0430 \u0433\u043e \u043f\u0440\u0438\u043a\u0430\u0436\u0443\u0432\u0430 \u0425. \u0421\u0435\u0440\u0442\u0430\u0447 \u0414\u0430\u043b\u043a\u0438\u0440\u0430\u043d \u0437\u0430\u0435\u0434\u043d\u043e \u0441\u043e \u043f\u043e\u0441\u0432\u043e\u0435\u043d\u0430\u0442\u0430 \u045c\u0435\u0440\u043a\u0430 \u043d\u0430 \u0410\u0442\u0430\u0442\u0443\u0440\u043a, \u0423\u043b\u043a\u0443 \u0410\u0434\u0430\u0442\u0435\u043f\u0435, \u0433\u043e\u0440\u0434\u043e \u043f\u0440\u0435\u0442\u0441\u0442\u0430\u0432\u0443\u0432\u0430\u0458\u045c\u0438 \u0433\u043e \u0441\u0435\u0442\u043e\u0442.<\/span><span style=\"font-weight: 400;\"><br \/><\/span><span style=\"font-weight: 400;\"><br \/><\/span><span style=\"font-weight: 400;\">\u041e\u0432\u043e\u0458 \u0448\u0430\u0445\u043e\u0432\u0441\u043a\u0438 \u0441\u0435\u0442 \u0435 \u0443\u043d\u0438\u043a\u0430\u0442\u043d\u043e \u0438\u0437\u0434\u043b\u0430\u0431\u0435\u043d \u043e\u0434 \u0431\u043e\u043a\u0441\u0432\u0443\u0434 \u043a\u0430\u043a\u043e \u0435\u0434\u0438\u043d\u0441\u0442\u0432\u0435\u043d \u0434\u0438\u0437\u0430\u0458\u043d. \u0418\u043d\u0441\u043f\u0438\u0440\u0438\u0440\u0430\u043d \u0435 \u043e\u0434 \u0411\u0438\u0442\u043a\u0430\u0442\u0430 \u043a\u0430\u0458 \u0413\u0430\u043b\u0438\u043f\u043e\u043b\u0438 \u0438 \u0438\u0437\u0440\u0430\u0431\u043e\u0442\u0435\u043d \u043e\u0434 \u0422\u0430\u0445\u0441\u0438\u043d \u0427\u0443\u043a\u0443\u0440\u043b\u0443\u043e\u0433\u043b\u0443, \u043d\u0430\u0447\u0430\u043b\u043d\u0438\u043a\u043e\u0442 \u043d\u0430 \u0428\u0443\u043c\u0430\u0440\u0441\u043a\u0430\u0442\u0430 \u0444\u0430\u0440\u043c\u0430 \u201c\u0410\u0442\u0430\u0442\u0443\u0440\u043a\u201d, \u0441\u043e\u043f\u0440\u0443\u0433 \u043d\u0430 \u043f\u043e\u0441\u0432\u043e\u0435\u043d\u0430\u0442\u0430 \u045c\u0435\u0440\u043a\u0430 \u043d\u0430 \u0417\u0443\u0431\u0435\u0458\u0434\u0435 \u0425\u0430\u043d\u0438\u043c, \u0412\u0430\u0441\u0444\u0438\u0458\u0435 \u0425\u0430\u043d\u0438\u043c, \u0438 \u0442\u0430\u0442\u043a\u043e \u043d\u0430 \u043f\u043e\u0441\u0432\u043e\u0435\u043d\u0430\u0442\u0430 \u045c\u0435\u0440\u043a\u0430 \u043d\u0430 \u0410\u0442\u0430\u0442\u0443\u0440\u043a, \u0423\u043b\u043a\u0443 \u0410\u0434\u0430\u0442\u0435\u043f\u0435. \u041c\u0443 \u0431\u0435\u0448\u0435 \u043f\u043e\u0434\u0430\u0440\u0435\u043d \u043d\u0430 \u0410\u0442\u0430\u0442\u0443\u0440\u043a. \u0422\u043e\u043f\u043e\u0432\u0438\u0442\u0435 \u0441\u0435 \u043f\u0440\u0438\u043a\u0430\u0436\u0430\u043d\u0438 \u043a\u0430\u043a\u043e \u0442\u043e\u043f\u0447\u0438\u045a\u0430, \u0432\u043e \u0441\u043e\u0433\u043b\u0430\u0441\u043d\u043e\u0441\u0442 \u0441\u043e \u0442\u0435\u0440\u043c\u0438\u043d\u043e\u043b\u043e\u0433\u0438\u0458\u0430\u0442\u0430 \u043d\u0430 \u043e\u0432\u0430\u0430 \u0444\u0438\u0433\u0443\u0440\u0430 \u043a\u0430\u043a\u043e \"\u0442\u043e\u043f\", \"top\", \u0432\u043e \u043c\u043d\u043e\u0433\u0443 \u0458\u0443\u0436\u043d\u043e\u0441\u043b\u043e\u0432\u0435\u043d\u0441\u043a\u0438 \u0438 \u0431\u0430\u043b\u043a\u0430\u043d\u0441\u043a\u0438 \u0458\u0430\u0437\u0438\u0446\u0438.\u00a0<\/span><\/p><p><span style=\"font-weight: 400;\">\u041f\u043e \u0441\u043c\u0440\u0442\u0442\u0430 \u043d\u0430 \u0410\u0442\u0430\u0442\u0443\u0440\u043a, \u0441\u0435\u0442\u043e\u0442 \u0431\u0435\u0448\u0435 \u0437\u0430\u0447\u0443\u0432\u0430\u043d \u043e\u0434 \u043e\u0432\u0430 \u0441\u0435\u043c\u0435\u0458\u0441\u0442\u0432\u043e. \u041f\u043e \u0441\u043c\u0440\u0442\u0442\u0430 \u043d\u0430 \u0422\u0430\u0445\u0441\u0438\u043d \u0427\u0443\u043a\u0443\u0440\u043b\u0443\u043e\u0433\u043b\u0443, \u0441\u0435\u0442\u043e\u0442 \u0431\u0435\u0448\u0435 \u0434\u0430\u0434\u0435\u043d \u043a\u0430\u043a\u043e \u0441\u043f\u043e\u043c\u0435\u043d \u043d\u0430 \u043d\u0435\u0433\u043e\u0432\u0438\u043e\u0442 \u0431\u043b\u0438\u0437\u043e\u043a \u043f\u0440\u0438\u0458\u0430\u0442\u0435\u043b \u0421\u0435\u043b\u0430\u0445\u0430\u0442\u0442\u0438\u043d \u0410\u0448\u043a\u0430\u043d, \u0446\u0435\u043d\u0435\u0442\u0430 \u043b\u0438\u0447\u043d\u043e\u0441\u0442 \u0432\u043e \u0448\u0430\u0445\u043e\u0432\u0441\u043a\u0430\u0442\u0430 \u0437\u0430\u0435\u0434\u043d\u0438\u0446\u0430, \u0432\u043e \u043d\u0438\u0432\u043d\u0438\u043e\u0442 \u0434\u043e\u043c \u0432\u043e \u040f\u0435\u0432\u0438\u0437\u043b\u0438, \u0418\u0441\u0442\u0430\u043d\u0431\u0443\u043b.<\/span><\/p><p><span style=\"font-weight: 400;\">\u041f\u043e\u0434\u043e\u0446\u043d\u0430, \u043e\u0432\u043e\u0458 \u0441\u0435\u0442 \u0431\u0435\u0448\u0435 \u043f\u043e\u0434\u0430\u0440\u0435\u043d \u043d\u0430 \u0425. \u0421\u0435\u0440\u0442\u0430\u0447 \u0414\u0430\u043b\u043a\u0438\u0440\u0430\u043d, \u043a\u043e\u0458 \u0458\u0430 \u043e\u0441\u043d\u043e\u0432\u0430 \u043f\u0440\u0432\u0430\u0442\u0430 \u0448\u0430\u0445\u043e\u0432\u0441\u043a\u0430 \u0448\u043a\u043e\u043b\u0430 \u0438 \u043c\u0443\u0437\u0435\u0458 \u0432\u043e \u043d\u0430\u0448\u0430\u0442\u0430 \u0437\u0435\u043c\u0458\u0430, \u0432\u043e \u0437\u043d\u0430\u043a \u043d\u0430 \u043f\u0440\u0438\u0437\u043d\u0430\u043d\u0438\u0435 \u0437\u0430 \u043d\u0435\u0433\u043e\u0432\u0438\u0442\u0435 \u0438\u0437\u0432\u043e\u043d\u0440\u0435\u0434\u043d\u0438 \u0437\u0430\u0441\u043b\u0443\u0433\u0438 \u0437\u0430 \u0448\u0430\u0445\u043e\u0442 \u0432\u043e \u0422\u0443\u0440\u0446\u0438\u0458\u0430. \u041f\u043e\u0437\u043d\u0430\u0442\u043e \u0435 \u0434\u0435\u043a\u0430 \u0410\u0442\u0430\u0442\u0443\u0440\u043a \u0438\u0433\u0440\u0430\u043b \u0441\u043e \u0442\u043e\u043a\u043c\u0443 \u043e\u0432\u043e\u0458 \u0441\u0435\u0442 \u043f\u0440\u043e\u0442\u0438\u0432 \u0418\u0441\u043c\u0435\u0442 \u0418\u043d\u043e\u043d\u0443, \u0421\u0435\u043b\u0430\u0445\u0435\u0442\u0442\u0438\u043d \u0410\u0434\u0438\u043b \u041f\u0430\u0448\u0430 \u0438 \u0434\u0440\u0443\u0433\u0438 \u0441\u043e\u0431\u043e\u0440\u0446\u0438.<\/span><\/p>\t\t\t\t\t\t\t\t<\/div>\n\t\t\t\t<\/div>\n\t\t\t\t<div class=\"elementor-element elementor-element-8077669 elementor-widget elementor-widget-image\" data-id=\"8077669\" data-element_type=\"widget\" data-e-type=\"widget\" data-widget_type=\"image.default\">\n\t\t\t\t<div class=\"elementor-widget-container\">\n\t\t\t\t\t\t\t\t\t\t\t\t\t\t\t<img decoding=\"async\" width=\"800\" height=\"576\" src=\"https:\/\/shatranj.art\/wp-content\/uploads\/2026\/02\/ataturkun-takimi-afis-calismasi-1-1024x737.jpg\" class=\"attachment-large size-large wp-image-1358\" alt=\"\" srcset=\"https:\/\/shatranj.art\/wp-content\/uploads\/2026\/02\/ataturkun-takimi-afis-calismasi-1-1024x737.jpg 1024w, https:\/\/shatranj.art\/wp-content\/uploads\/2026\/02\/ataturkun-takimi-afis-calismasi-1-300x216.jpg 300w, https:\/\/shatranj.art\/wp-content\/uploads\/2026\/02\/ataturkun-takimi-afis-calismasi-1-768x553.jpg 768w, https:\/\/shatranj.art\/wp-content\/uploads\/2026\/02\/ataturkun-takimi-afis-calismasi-1-1536x1106.jpg 1536w, https:\/\/shatranj.art\/wp-content\/uploads\/2026\/02\/ataturkun-takimi-afis-calismasi-1-2048x1475.jpg 2048w, https:\/\/shatranj.art\/wp-content\/uploads\/2026\/02\/ataturkun-takimi-afis-calismasi-1-18x12.jpg 18w\" sizes=\"(max-width: 800px) 100vw, 800px\" \/>\t\t\t\t\t\t\t\t\t\t\t\t\t\t\t<\/div>\n\t\t\t\t<\/div>\n\t\t\t\t<div class=\"elementor-element elementor-element-887b309 elementor-widget elementor-widget-image\" data-id=\"887b309\" data-element_type=\"widget\" data-e-type=\"widget\" data-widget_type=\"image.default\">\n\t\t\t\t<div class=\"elementor-widget-container\">\n\t\t\t\t\t\t\t\t\t\t\t\t\t\t\t<img decoding=\"async\" width=\"800\" height=\"504\" src=\"https:\/\/shatranj.art\/wp-content\/uploads\/2026\/02\/mustafa-kemal-ataturk-chess-set-reduced-size-1024x645.jpg\" class=\"attachment-large size-large wp-image-1446\" alt=\"\" srcset=\"https:\/\/shatranj.art\/wp-content\/uploads\/2026\/02\/mustafa-kemal-ataturk-chess-set-reduced-size-1024x645.jpg 1024w, https:\/\/shatranj.art\/wp-content\/uploads\/2026\/02\/mustafa-kemal-ataturk-chess-set-reduced-size-300x189.jpg 300w, https:\/\/shatranj.art\/wp-content\/uploads\/2026\/02\/mustafa-kemal-ataturk-chess-set-reduced-size-768x484.jpg 768w, https:\/\/shatranj.art\/wp-content\/uploads\/2026\/02\/mustafa-kemal-ataturk-chess-set-reduced-size-1536x968.jpg 1536w, https:\/\/shatranj.art\/wp-content\/uploads\/2026\/02\/mustafa-kemal-ataturk-chess-set-reduced-size-2048x1291.jpg 2048w, https:\/\/shatranj.art\/wp-content\/uploads\/2026\/02\/mustafa-kemal-ataturk-chess-set-reduced-size-18x12.jpg 18w\" sizes=\"(max-width: 800px) 100vw, 800px\" \/>\t\t\t\t\t\t\t\t\t\t\t\t\t\t\t<\/div>\n\t\t\t\t<\/div>\n\t\t\t\t<div class=\"elementor-element elementor-element-67db2a3 elementor-widget elementor-widget-image\" data-id=\"67db2a3\" data-element_type=\"widget\" data-e-type=\"widget\" data-widget_type=\"image.default\">\n\t\t\t\t<div class=\"elementor-widget-container\">\n\t\t\t\t\t\t\t\t\t\t\t\t\t\t\t<img loading=\"lazy\" decoding=\"async\" width=\"768\" height=\"1024\" src=\"https:\/\/shatranj.art\/wp-content\/uploads\/2026\/02\/ulku-adatepe-my-childhood-with-ataturk-768x1024.jpg\" class=\"attachment-large size-large wp-image-1451\" alt=\"\" srcset=\"https:\/\/shatranj.art\/wp-content\/uploads\/2026\/02\/ulku-adatepe-my-childhood-with-ataturk-768x1024.jpg 768w, https:\/\/shatranj.art\/wp-content\/uploads\/2026\/02\/ulku-adatepe-my-childhood-with-ataturk-225x300.jpg 225w, https:\/\/shatranj.art\/wp-content\/uploads\/2026\/02\/ulku-adatepe-my-childhood-with-ataturk-1152x1536.jpg 1152w, https:\/\/shatranj.art\/wp-content\/uploads\/2026\/02\/ulku-adatepe-my-childhood-with-ataturk-1536x2048.jpg 1536w, https:\/\/shatranj.art\/wp-content\/uploads\/2026\/02\/ulku-adatepe-my-childhood-with-ataturk-9x12.jpg 9w, https:\/\/shatranj.art\/wp-content\/uploads\/2026\/02\/ulku-adatepe-my-childhood-with-ataturk-scaled.jpg 1920w\" sizes=\"(max-width: 768px) 100vw, 768px\" \/>\t\t\t\t\t\t\t\t\t\t\t\t\t\t\t<\/div>\n\t\t\t\t<\/div>\n\t\t\t\t<div class=\"elementor-element elementor-element-00467b4 elementor-widget elementor-widget-image\" data-id=\"00467b4\" data-element_type=\"widget\" data-e-type=\"widget\" data-widget_type=\"image.default\">\n\t\t\t\t<div class=\"elementor-widget-container\">\n\t\t\t\t\t\t\t\t\t\t\t\t\t\t\t<img loading=\"lazy\" decoding=\"async\" width=\"768\" height=\"1024\" src=\"https:\/\/shatranj.art\/wp-content\/uploads\/2026\/02\/ulku-adatepe-ataturk-memoirs-768x1024.jpg\" class=\"attachment-large size-large wp-image-1447\" alt=\"\" srcset=\"https:\/\/shatranj.art\/wp-content\/uploads\/2026\/02\/ulku-adatepe-ataturk-memoirs-768x1024.jpg 768w, https:\/\/shatranj.art\/wp-content\/uploads\/2026\/02\/ulku-adatepe-ataturk-memoirs-225x300.jpg 225w, https:\/\/shatranj.art\/wp-content\/uploads\/2026\/02\/ulku-adatepe-ataturk-memoirs-1152x1536.jpg 1152w, https:\/\/shatranj.art\/wp-content\/uploads\/2026\/02\/ulku-adatepe-ataturk-memoirs-1536x2048.jpg 1536w, https:\/\/shatranj.art\/wp-content\/uploads\/2026\/02\/ulku-adatepe-ataturk-memoirs-9x12.jpg 9w, https:\/\/shatranj.art\/wp-content\/uploads\/2026\/02\/ulku-adatepe-ataturk-memoirs-scaled.jpg 1920w\" sizes=\"(max-width: 768px) 100vw, 768px\" \/>\t\t\t\t\t\t\t\t\t\t\t\t\t\t\t<\/div>\n\t\t\t\t<\/div>\n\t\t\t\t<div class=\"elementor-element elementor-element-9bf6bee elementor-widget elementor-widget-image\" data-id=\"9bf6bee\" data-element_type=\"widget\" data-e-type=\"widget\" data-widget_type=\"image.default\">\n\t\t\t\t<div class=\"elementor-widget-container\">\n\t\t\t\t\t\t\t\t\t\t\t\t\t\t\t<img loading=\"lazy\" decoding=\"async\" width=\"530\" height=\"800\" src=\"https:\/\/shatranj.art\/wp-content\/uploads\/2026\/02\/mustafa-kemal-atatur-ulku-adatepe.jpg\" class=\"attachment-large size-large wp-image-1449\" alt=\"\" srcset=\"https:\/\/shatranj.art\/wp-content\/uploads\/2026\/02\/mustafa-kemal-atatur-ulku-adatepe.jpg 530w, https:\/\/shatranj.art\/wp-content\/uploads\/2026\/02\/mustafa-kemal-atatur-ulku-adatepe-199x300.jpg 199w, https:\/\/shatranj.art\/wp-content\/uploads\/2026\/02\/mustafa-kemal-atatur-ulku-adatepe-8x12.jpg 8w\" sizes=\"(max-width: 530px) 100vw, 530px\" \/>\t\t\t\t\t\t\t\t\t\t\t\t\t\t\t<\/div>\n\t\t\t\t<\/div>\n\t\t\t\t<div class=\"elementor-element elementor-element-c32a832 elementor-widget elementor-widget-image\" data-id=\"c32a832\" data-element_type=\"widget\" data-e-type=\"widget\" data-widget_type=\"image.default\">\n\t\t\t\t<div class=\"elementor-widget-container\">\n\t\t\t\t\t\t\t\t\t\t\t\t\t\t\t<img loading=\"lazy\" decoding=\"async\" width=\"640\" height=\"1024\" src=\"https:\/\/shatranj.art\/wp-content\/uploads\/2026\/02\/tahsin-cukurluoglu-ulku-adatepe-chesset-memory-640x1024.jpg\" class=\"attachment-large size-large wp-image-1450\" alt=\"\" srcset=\"https:\/\/shatranj.art\/wp-content\/uploads\/2026\/02\/tahsin-cukurluoglu-ulku-adatepe-chesset-memory-640x1024.jpg 640w, https:\/\/shatranj.art\/wp-content\/uploads\/2026\/02\/tahsin-cukurluoglu-ulku-adatepe-chesset-memory-187x300.jpg 187w, https:\/\/shatranj.art\/wp-content\/uploads\/2026\/02\/tahsin-cukurluoglu-ulku-adatepe-chesset-memory-7x12.jpg 7w, https:\/\/shatranj.art\/wp-content\/uploads\/2026\/02\/tahsin-cukurluoglu-ulku-adatepe-chesset-memory.jpg 652w\" sizes=\"(max-width: 640px) 100vw, 640px\" \/>\t\t\t\t\t\t\t\t\t\t\t\t\t\t\t<\/div>\n\t\t\t\t<\/div>\n\t\t\t\t<div class=\"elementor-element elementor-element-4fc3267 elementor-widget elementor-widget-image\" data-id=\"4fc3267\" data-element_type=\"widget\" data-e-type=\"widget\" data-widget_type=\"image.default\">\n\t\t\t\t<div class=\"elementor-widget-container\">\n\t\t\t\t\t\t\t\t\t\t\t\t\t\t\t<img loading=\"lazy\" decoding=\"async\" width=\"580\" height=\"984\" src=\"https:\/\/shatranj.art\/wp-content\/uploads\/2026\/02\/Tahsin-Cukurluoglu.jpg\" class=\"attachment-large size-large wp-image-1448\" alt=\"\" srcset=\"https:\/\/shatranj.art\/wp-content\/uploads\/2026\/02\/Tahsin-Cukurluoglu.jpg 580w, https:\/\/shatranj.art\/wp-content\/uploads\/2026\/02\/Tahsin-Cukurluoglu-177x300.jpg 177w, https:\/\/shatranj.art\/wp-content\/uploads\/2026\/02\/Tahsin-Cukurluoglu-7x12.jpg 7w\" sizes=\"(max-width: 580px) 100vw, 580px\" \/>\t\t\t\t\t\t\t\t\t\t\t\t\t\t\t<\/div>\n\t\t\t\t<\/div>\n\t\t\t\t<div class=\"elementor-element elementor-element-7c081ec elementor-widget-tablet__width-inherit elementor-widget elementor-widget-text-editor\" data-id=\"7c081ec\" data-element_type=\"widget\" data-e-type=\"widget\" data-widget_type=\"text-editor.default\">\n\t\t\t\t<div class=\"elementor-widget-container\">\n\t\t\t\t\t\t\t\t\t<h3><b>\u0428\u043e\u0443 \u0441\u043e \u0436\u0438\u0432\u0438 \u045f\u0438\u043d\u043e\u0432\u0441\u043a\u0438 \u0448\u0430\u0445\u043e\u0432\u0441\u043a\u0438 \u0444\u0438\u0433\u0443\u0440\u0438 \u043d\u0430 \u0441\u0442\u0430\u0434\u0438\u043e\u043d\u043e\u0442 \u0424\u0435\u043d\u0435\u0440\u0431\u0430\u0445\u0447\u0435 (1997)<\/b><\/h3><p><b>\u0412\u0440\u0437 \u043e\u0441\u043d\u043e\u0432\u0430 \u043d\u0430 \u0441\u0442\u0430\u0434\u0438\u043e\u043d\u0441\u043a\u0438\u043e\u0442 \u043a\u043e\u043b\u0430\u0436.<\/b><\/p><p><span style=\"font-weight: 400;\">\u041e\u0432\u043e\u0458 \u0438\u043c\u043f\u0440\u0435\u0441\u0438\u0432\u0435\u043d \u0432\u0438\u0437\u0443\u0435\u043b\u0435\u043d \u043f\u0440\u0438\u043a\u0430\u0437 \u043f\u0440\u0438\u043a\u0430\u0436\u0443\u0432\u0430 \u043c\u0430\u0441\u0438\u0432\u0435\u043d \u043d\u0430\u0441\u0442\u0430\u043d \u201c\u0416\u0438\u0432\u0438 \u0448\u0430\u0445\u043e\u0432\u0441\u043a\u0438 \u0442\u0443\u0440\u043d\u0438\u0440\u201d \u043e\u0434\u0440\u0436\u0430\u043d \u0432\u043e 1997 \u0433\u043e\u0434\u0438\u043d\u0430 \u043d\u0430 \u0441\u0442\u0430\u0434\u0438\u043e\u043d\u043e\u0442 \u043d\u0430 \u0424\u0435\u043d\u0435\u0440\u0431\u0430\u0445\u0447\u0435, \u0435\u0434\u0435\u043d \u043e\u0434 \u043d\u0430\u0458\u0441\u0442\u0430\u0440\u0438\u0442\u0435 \u0441\u043f\u043e\u0440\u0442\u0441\u043a\u0438 \u043a\u043b\u0443\u0431\u043e\u0432\u0438 \u0432\u043e \u0422\u0443\u0440\u0446\u0438\u0458\u0430.<\/span><\/p><p><span style=\"font-weight: 400;\">\u0412\u043e \u043e\u0432\u043e\u0458 \u043d\u0430\u0441\u0442\u0430\u043d, \u043a\u0430\u0434\u0435 \u0448\u0442\u043e \u0444\u0443\u0434\u0431\u0430\u043b\u0441\u043a\u043e\u0442\u043e \u0438\u0433\u0440\u0430\u043b\u0438\u0448\u0442\u0435 \u0431\u0435\u0448\u0435 \u043f\u0440\u0435\u0442\u0432\u043e\u0440\u0435\u043d\u043e \u0432\u043e \u045f\u0438\u043d\u043e\u0432\u0441\u043a\u0430 \u0448\u0430\u0445\u043e\u0432\u0441\u043a\u0430 \u0442\u0430\u0431\u043b\u0430, \u0441\u043f\u0435\u0446\u0438\u0458\u0430\u043b\u043d\u043e \u043e\u0431\u043b\u0435\u0447\u0435\u043d\u0438 \u0438\u0437\u0432\u0435\u0434\u0443\u0432\u0430\u0447\u0438 \u0458\u0430 \u043e\u0436\u0438\u0432\u0435\u0430\u0458\u0430 \u0441\u0442\u0440\u0430\u0442\u0435\u0448\u043a\u0430\u0442\u0430 \u0438\u0433\u0440\u0430 \u043f\u0440\u0435\u0434 \u043f\u0443\u0431\u043b\u0438\u043a\u0430\u0442\u0430 \u043d\u0430 \u0441\u0442\u0430\u0434\u0438\u043e\u043d\u043e\u0442, \u0434\u0435\u043b\u0443\u0432\u0430\u0458\u045c\u0438 \u043a\u0430\u043a\u043e \u0448\u0430\u0445\u043e\u0432\u0441\u043a\u0438 \u0444\u0438\u0433\u0443\u0440\u0438. \u0412\u0438\u0437\u0443\u0435\u043b\u043d\u0438\u043e\u0442 \u043f\u0440\u0438\u043a\u0430\u0437 \u0431\u0435\u0441\u043f\u0440\u0435\u043a\u043e\u0440\u043d\u043e \u0433\u0438 \u0441\u043f\u043e\u0458\u0443\u0432\u0430 \u0438\u043d\u0442\u0435\u043b\u0435\u043a\u0442\u0443\u0430\u043b\u043d\u0430\u0442\u0430 \u0434\u043b\u0430\u0431\u043e\u0447\u0438\u043d\u0430 \u043d\u0430 \u0448\u0430\u0445\u043e\u0442 \u0441\u043e \u0444\u0438\u0437\u0438\u0447\u043a\u0430 \u0432\u0438\u0437\u0443\u0435\u043b\u043d\u0430 \u0433\u043e\u0437\u0431\u0430 \u0438 \u0441\u043f\u043e\u0440\u0442\u0441\u043a\u0430\u0442\u0430 \u043a\u0443\u043b\u0442\u0443\u0440\u0430. \u0424\u043e\u0442\u043e\u0433\u0440\u0430\u0444\u0438\u0458\u0430\u0442\u0430 \u043d\u0430 \u0410\u0442\u0430\u0442\u0443\u0440\u043a \u043c\u043e\u0436\u0435 \u0434\u0430 \u0441\u0435 \u0432\u0438\u0434\u0438 \u043d\u0430 \u0437\u043d\u0430\u043c\u0435 \u043d\u0430 \u0441\u0442\u0430\u0434\u0438\u043e\u043d\u043e\u0442.<\/span><\/p><p><b>\u0410\u0440\u0445\u0438\u0432\u0441\u043a\u0430 \u0437\u0430\u0431\u0435\u043b\u0435\u0448\u043a\u0430:<\/b><span style=\"font-weight: 400;\"> \u041a\u0430\u043a\u043e \u0448\u0442\u043e \u0435 \u043d\u0430\u0432\u0435\u0434\u0435\u043d\u043e \u043d\u0430 \u043e\u0440\u0438\u0433\u0438\u043d\u0430\u043b\u043d\u0430\u0442\u0430 \u0444\u043e\u0442\u043e\u0433\u0440\u0430\u0444\u0438\u0458\u0430, \u043e\u0432\u043e\u0458 \u043f\u043e\u0441\u0435\u0431\u0435\u043d \u0434\u0435\u043b \u043e\u0434 \u0448\u0430\u0445\u043e\u0432\u0441\u043a\u0430\u0442\u0430 \u0438\u0441\u0442\u043e\u0440\u0438\u0458\u0430 \u0435 \u0438\u0437\u043b\u043e\u0436\u0435\u043d \u043e\u0434 \u043b\u0438\u0447\u043d\u0438\u043e\u0442 \u0430\u0440\u0445\u0438\u0432 \u0438 \u043a\u043e\u043b\u0435\u043a\u0446\u0438\u0458\u0430 \u043d\u0430 \u043c\u0435\u0453\u0443\u043d\u0430\u0440\u043e\u0434\u043d\u0438\u043e\u0442 \u0448\u0430\u0445\u043e\u0432\u0441\u043a\u0438 \u0441\u0443\u0434\u0438\u0458\u0430 \u0438 \u043f\u0438\u0441\u0430\u0442\u0435\u043b \u043d\u0430 \u0424\u0418\u0414\u0415, <\/span><b>\u0425. \u0421\u0435\u0440\u0442\u0430\u0447 \u0414\u0430\u043b\u043a\u0438\u0440\u0430\u043d<\/b><span style=\"font-weight: 400;\">.<\/span><\/p>\t\t\t\t\t\t\t\t<\/div>\n\t\t\t\t<\/div>\n\t\t\t\t<div class=\"elementor-element elementor-element-2284ad2 elementor-widget elementor-widget-image\" data-id=\"2284ad2\" data-element_type=\"widget\" data-e-type=\"widget\" data-widget_type=\"image.default\">\n\t\t\t\t<div class=\"elementor-widget-container\">\n\t\t\t\t\t\t\t\t\t\t\t\t\t\t\t<img loading=\"lazy\" decoding=\"async\" width=\"800\" height=\"557\" src=\"https:\/\/shatranj.art\/wp-content\/uploads\/2026\/02\/Fenerbahce-stadi-bale-1997-1024x713.jpg\" class=\"attachment-large size-large wp-image-1360\" alt=\"\" srcset=\"https:\/\/shatranj.art\/wp-content\/uploads\/2026\/02\/Fenerbahce-stadi-bale-1997-1024x713.jpg 1024w, https:\/\/shatranj.art\/wp-content\/uploads\/2026\/02\/Fenerbahce-stadi-bale-1997-300x209.jpg 300w, https:\/\/shatranj.art\/wp-content\/uploads\/2026\/02\/Fenerbahce-stadi-bale-1997-768x535.jpg 768w, https:\/\/shatranj.art\/wp-content\/uploads\/2026\/02\/Fenerbahce-stadi-bale-1997-1536x1070.jpg 1536w, https:\/\/shatranj.art\/wp-content\/uploads\/2026\/02\/Fenerbahce-stadi-bale-1997-2048x1426.jpg 2048w, https:\/\/shatranj.art\/wp-content\/uploads\/2026\/02\/Fenerbahce-stadi-bale-1997-18x12.jpg 18w\" sizes=\"(max-width: 800px) 100vw, 800px\" \/>\t\t\t\t\t\t\t\t\t\t\t\t\t\t\t<\/div>\n\t\t\t\t<\/div>\n\t\t\t\t<\/div>\n\t\t\t\t\t<\/div>\n\t\t\t\t<\/div>\n\t\t\t\t<\/div>","protected":false},"excerpt":{"rendered":"<p>The chess set of Mustafa Kemal Atat\u00fcrk This section of the exhibit highlights a unique piece of Turkish history: the personal chess set of Mustafa Kemal Atat\u00fcrk, the founder of the Republic of Turkey. The gallery photo shows H. Serta\u00e7 Dalk\u0131ran alongside Atat\u00fcrk&#8217;s adopted daughter, \u00dclk\u00fc Adatepe, proudly presenting the set. This chess set was [&hellip;]<\/p>\n","protected":false},"author":1,"featured_media":0,"parent":743,"menu_order":0,"comment_status":"closed","ping_status":"closed","template":"","meta":{"footnotes":""},"class_list":["post-1355","page","type-page","status-publish","hentry"],"_links":{"self":[{"href":"https:\/\/shatranj.art\/mk\/wp-json\/wp\/v2\/pages\/1355","targetHints":{"allow":["GET"]}}],"collection":[{"href":"https:\/\/shatranj.art\/mk\/wp-json\/wp\/v2\/pages"}],"about":[{"href":"https:\/\/shatranj.art\/mk\/wp-json\/wp\/v2\/types\/page"}],"author":[{"embeddable":true,"href":"https:\/\/shatranj.art\/mk\/wp-json\/wp\/v2\/users\/1"}],"replies":[{"embeddable":true,"href":"https:\/\/shatranj.art\/mk\/wp-json\/wp\/v2\/comments?post=1355"}],"version-history":[{"count":16,"href":"https:\/\/shatranj.art\/mk\/wp-json\/wp\/v2\/pages\/1355\/revisions"}],"predecessor-version":[{"id":1457,"href":"https:\/\/shatranj.art\/mk\/wp-json\/wp\/v2\/pages\/1355\/revisions\/1457"}],"up":[{"embeddable":true,"href":"https:\/\/shatranj.art\/mk\/wp-json\/wp\/v2\/pages\/743"}],"wp:attachment":[{"href":"https:\/\/shatranj.art\/mk\/wp-json\/wp\/v2\/media?parent=1355"}],"curies":[{"name":"wp","href":"https:\/\/api.w.org\/{rel}","templated":true}]}}