{"id":809,"date":"2026-02-21T19:53:54","date_gmt":"2026-02-21T19:53:54","guid":{"rendered":"https:\/\/shatranj.art\/?page_id=809"},"modified":"2026-03-18T00:05:44","modified_gmt":"2026-03-18T00:05:44","slug":"poster-7","status":"publish","type":"page","link":"https:\/\/shatranj.art\/mk\/exhibit\/poster-7\/","title":{"rendered":"\u043f\u043e\u0441\u0442\u0435\u0440 7"},"content":{"rendered":"<div data-elementor-type=\"wp-page\" data-elementor-id=\"809\" class=\"elementor elementor-809\" data-elementor-post-type=\"page\">\n\t\t\t\t<div class=\"elementor-element elementor-element-fa6cd04 e-flex e-con-boxed e-con e-parent\" data-id=\"fa6cd04\" data-element_type=\"container\" data-e-type=\"container\" data-settings=\"{&quot;background_background&quot;:&quot;classic&quot;}\">\n\t\t\t\t\t<div class=\"e-con-inner\">\n\t\t\t\t<div class=\"elementor-element elementor-element-5c7bc28 elementor-widget elementor-widget-image\" data-id=\"5c7bc28\" data-element_type=\"widget\" data-e-type=\"widget\" data-widget_type=\"image.default\">\n\t\t\t\t<div class=\"elementor-widget-container\">\n\t\t\t\t\t\t\t\t\t\t\t\t\t\t\t<img fetchpriority=\"high\" decoding=\"async\" width=\"1968\" height=\"1288\" src=\"https:\/\/shatranj.art\/wp-content\/uploads\/2026\/02\/7.jpg\" class=\"attachment-full size-full wp-image-812\" alt=\"\" srcset=\"https:\/\/shatranj.art\/wp-content\/uploads\/2026\/02\/7.jpg 1968w, https:\/\/shatranj.art\/wp-content\/uploads\/2026\/02\/7-300x196.jpg 300w, https:\/\/shatranj.art\/wp-content\/uploads\/2026\/02\/7-1024x670.jpg 1024w, https:\/\/shatranj.art\/wp-content\/uploads\/2026\/02\/7-768x503.jpg 768w, https:\/\/shatranj.art\/wp-content\/uploads\/2026\/02\/7-1536x1005.jpg 1536w\" sizes=\"(max-width: 1968px) 100vw, 1968px\" \/>\t\t\t\t\t\t\t\t\t\t\t\t\t\t\t<\/div>\n\t\t\t\t<\/div>\n\t\t\t\t<div class=\"elementor-element elementor-element-a06796b elementor-widget elementor-widget-text-editor\" data-id=\"a06796b\" data-element_type=\"widget\" data-e-type=\"widget\" data-widget_type=\"text-editor.default\">\n\t\t\t\t<div class=\"elementor-widget-container\">\n\t\t\t\t\t\t\t\t\t<h3><b>\u0415\u0441\u0442\u0435\u0442\u0438\u043a\u0430 \u043d\u0430 \u041f\u0440\u043e\u0441\u0432\u0435\u0442\u0438\u0442\u0435\u043b\u0441\u0442\u0432\u043e\u0442\u043e: \u0420\u0435\u0433\u0435\u043d\u0442\u0441\u043a\u043e\u0442\u043e \u043d\u0430\u0441\u043b\u0435\u0434\u0441\u0442\u0432\u043e \u043d\u0430 \u0424\u0438\u043b\u0438\u0434\u043e\u0440 \u0438 \u041d\u0430\u043f\u043e\u043b\u0435\u043e\u043d<\/b><\/h3><p>\u041a\u0430\u043a\u043e \u0435\u0434\u0435\u043d \u043e\u0434 \u043d\u0430\u0458\u043f\u0440\u0435\u0441\u0442\u0438\u0436\u043d\u0438\u0442\u0435 \u0438 \u043d\u0430\u0458\u043f\u043e\u0437\u043d\u0430\u0442\u0438\u0442\u0435 \u0434\u0438\u0437\u0430\u0458\u043d\u0438 \u0432\u043e \u0438\u0441\u0442\u043e\u0440\u0438\u0458\u0430\u0442\u0430 \u043d\u0430 \u0448\u0430\u0445\u043e\u0442, \u0441\u0442\u0438\u043b\u043e\u0442 \u0420\u0435\u0433\u0435\u043d\u0441 \u0433\u043e \u043d\u043e\u0441\u0438 \u0438\u043c\u0435\u0442\u043e \u043f\u043e \u043b\u0435\u0433\u0435\u043d\u0434\u0430\u0440\u043d\u043e\u0442\u043e \u041a\u0430\u0444\u0435 \u0434\u0435 \u043b\u0430 \u0420\u0435\u0433\u0435\u043d\u0441 \u0432\u043e \u041f\u0430\u0440\u0438\u0437. \u041e\u0432\u0438\u0435 \u0441\u0435\u0442\u043e\u0432\u0438 \u0458\u0430 \u043e\u043b\u0438\u0446\u0435\u0442\u0432\u043e\u0440\u0443\u0432\u0430\u0430\u0442 \u0435\u0440\u0430\u0442\u0430 \u043a\u043e\u0433\u0430 \u0448\u0430\u0445\u043e\u0442 \u0441\u0435 \u043f\u0440\u0435\u0441\u0435\u043b\u0438 \u043e\u0434 \u043a\u0440\u0430\u043b\u0441\u043a\u0438\u0442\u0435 \u0434\u0432\u043e\u0440\u043e\u0432\u0438 \u0432\u043e \u0438\u043d\u0442\u0435\u043b\u0435\u043a\u0442\u0443\u0430\u043b\u043d\u043e\u0442\u043e \u0441\u0440\u0446\u0435 \u043d\u0430 \u0415\u0432\u0440\u043e\u043f\u0430, \u043a\u0440\u0430\u0441\u0435\u0458\u045c\u0438 \u0433\u0438 \u043c\u0430\u0441\u0438\u0442\u0435 \u043d\u0430 \u0444\u0438\u043b\u043e\u0437\u043e\u0444\u0438, \u043d\u0430\u0443\u0447\u043d\u0438\u0446\u0438 \u0438 \u0440\u0435\u0432\u043e\u043b\u0443\u0446\u0438\u043e\u043d\u0435\u0440\u0438. \u0412\u043e \u0442\u0435\u043a\u043e\u0442 \u043d\u0430 18-\u0442\u0438\u043e\u0442 \u0438 \u0433\u043e\u043b\u0435\u043c \u0434\u0435\u043b \u043e\u0434 19-\u0442\u0438\u043e\u0442 \u0432\u0435\u043a, \u043e\u0432\u043e\u0458 \u0434\u0438\u0437\u0430\u0458\u043d \u0441\u043b\u0443\u0436\u0435\u0448\u0435 \u043a\u0430\u043a\u043e \u0443\u043d\u0438\u0432\u0435\u0440\u0437\u0430\u043b\u0435\u043d \u0458\u0430\u0437\u0438\u043a \u043d\u0430 \u0438\u0433\u0440\u0430\u0442\u0430, \u0441\u0432\u0435\u0434\u043e\u0447\u0435\u0458\u045c\u0438 \u0433\u0438 \u0441\u0442\u0440\u0430\u0442\u0435\u0448\u043a\u0438\u0442\u0435 \u043f\u043e\u0442\u0435\u0437\u0438 \u043d\u0430 \u0443\u043c\u043e\u0432\u0438 \u0448\u0442\u043e \u0433\u043e \u043f\u0440\u043e\u043c\u0435\u043d\u0438\u0458\u0430 \u0442\u0435\u043a\u043e\u0442 \u043d\u0430 \u0438\u0441\u0442\u043e\u0440\u0438\u0458\u0430\u0442\u0430, \u043a\u0430\u043a\u043e \u0448\u0442\u043e \u0441\u0435 \u041d\u0430\u043f\u043e\u043b\u0435\u043e\u043d \u0411\u043e\u043d\u0430\u043f\u0430\u0440\u0442, \u0411\u0435\u043d\u045f\u0430\u043c\u0438\u043d \u0424\u0440\u0435\u043d\u043a\u043b\u0438\u043d \u0438 \u0412\u043e\u043b\u0442e\u0440.<\/p><p><span style=\"font-weight: 400;\">\u0417\u0430 \u0432\u0440\u0435\u043c\u0435 \u043d\u0430 \u043e\u0432\u0430\u0430 \u0435\u0440\u0430, \u043a\u043e\u0433\u0430 \u0433\u043e\u043b\u0435\u043c\u0438\u043e\u0442 \u043c\u0430\u0458\u0441\u0442\u043e\u0440 \u0424\u0440\u0430\u043d\u0441\u043e\u0430-\u0410\u043d\u0434\u0440\u0435 \u0414\u0430\u043d\u0438\u043a\u0430\u043d \u0424\u0438\u043b\u0438\u0434\u043e\u0440 \u045d \u043e\u0431\u0435\u0437\u0431\u0435\u0434\u0438 \u043d\u0430 \u0438\u0433\u0440\u0430\u0442\u0430 \u043c\u043e\u0434\u0435\u0440\u0435\u043d \u0442\u0435\u043e\u0440\u0435\u0442\u0441\u043a\u0438 \u0442\u0435\u043c\u0435\u043b, \u0438\u0437\u0458\u0430\u0432\u0443\u0432\u0430\u0458\u045c\u0438 \u0434\u0435\u043a\u0430 <\/span><b>\u201c\u041f\u0435\u0448\u0430\u0446\u0438\u0442\u0435 \u0441\u0435 \u0434\u0443\u0448\u0430\u0442\u0430 \u043d\u0430 \u0448\u0430\u0445\u043e\u0442.\u201d<\/b> \u0422\u0435\u043d\u043a\u0438\u0442\u0435, \u043f\u043e\u0432\u0435\u045c\u0435\u0441\u043b\u043e\u0458\u043d\u0438 \u0438 \u0430\u0440\u0445\u0438\u0442\u0435\u043a\u0442\u043e\u043d\u0441\u043a\u0438 \u043b\u0438\u043d\u0438\u0438 \u043d\u0430 \u0440\u0435\u0433\u0435\u043d\u0441\u043d\u0438\u0442\u0435 \u043f\u0430\u0440\u0447\u0438\u045a\u0430 \u0441\u0442\u0430\u043d\u0430\u0430 \u0432\u0438\u0437\u0443\u0435\u043b\u0435\u043d \u043f\u043e\u0442\u043f\u0438\u0441 \u043d\u0430 \u043e\u0432\u0430\u0430 \u0438\u043d\u0442\u0435\u043b\u0435\u043a\u0442\u0443\u0430\u043b\u043d\u0430 \u0440\u0435\u0432\u043e\u043b\u0443\u0446\u0438\u0458\u0430. \u041e\u0432\u043e\u0458 \u0441\u0435\u0442 \u043f\u0440\u0435\u0442\u0441\u0442\u0430\u0432\u0443\u0432\u0430 \u0436\u0438\u0432\u0430 \u043c\u0435\u043c\u043e\u0440\u0438\u0458\u0430, \u043d\u043e\u0441\u0435\u0458\u045c\u0438 \u0433\u043e \u043e\u0441\u043b\u043e\u0431\u043e\u0434\u0435\u043d\u043e\u0442\u043e, \u0433\u0440\u0430\u0446\u0438\u043e\u0437\u043d\u043e \u0438 \u0441\u0442\u0440\u0430\u0442\u0435\u0448\u043a\u043e \u043d\u0430\u0441\u043b\u0435\u0434\u0441\u0442\u0432\u043e \u043d\u0430 \u041f\u0440\u043e\u0441\u0432\u0435\u0442\u0438\u0442\u0435\u043b\u0441\u0442\u0432\u043e\u0442\u043e \u0434\u043e \u0434\u0435\u043d\u0435\u0441.<\/p>\t\t\t\t\t\t\t\t<\/div>\n\t\t\t\t<\/div>\n\t\t\t\t<div class=\"elementor-element elementor-element-9452bb3 elementor-widget elementor-widget-image\" data-id=\"9452bb3\" data-element_type=\"widget\" data-e-type=\"widget\" data-widget_type=\"image.default\">\n\t\t\t\t<div class=\"elementor-widget-container\">\n\t\t\t\t\t\t\t\t\t\t\t\t\t\t\t<img decoding=\"async\" width=\"1873\" height=\"1232\" src=\"https:\/\/shatranj.art\/wp-content\/uploads\/2026\/02\/7-1.jpg\" class=\"attachment-full size-full wp-image-813\" alt=\"\" srcset=\"https:\/\/shatranj.art\/wp-content\/uploads\/2026\/02\/7-1.jpg 1873w, https:\/\/shatranj.art\/wp-content\/uploads\/2026\/02\/7-1-300x197.jpg 300w, https:\/\/shatranj.art\/wp-content\/uploads\/2026\/02\/7-1-1024x674.jpg 1024w, https:\/\/shatranj.art\/wp-content\/uploads\/2026\/02\/7-1-768x505.jpg 768w, https:\/\/shatranj.art\/wp-content\/uploads\/2026\/02\/7-1-1536x1010.jpg 1536w\" sizes=\"(max-width: 1873px) 100vw, 1873px\" \/>\t\t\t\t\t\t\t\t\t\t\t\t\t\t\t<\/div>\n\t\t\t\t<\/div>\n\t\t\t\t<div class=\"elementor-element elementor-element-cae2144 elementor-widget elementor-widget-text-editor\" data-id=\"cae2144\" data-element_type=\"widget\" data-e-type=\"widget\" data-widget_type=\"text-editor.default\">\n\t\t\t\t<div class=\"elementor-widget-container\">\n\t\t\t\t\t\t\t\t\t<h3><b>\u0420\u0435\u045f\u0435\u043d\u0441 \u043c\u043e\u0434\u0435\u043b \u0448\u0430\u0445\u043e\u0432\u0441\u043a\u0438 \u0441\u0435\u0442 \u043d\u0430 \u043f\u0440\u043e\u0444\u0435\u0441\u043e\u0440 \u0434-\u0440 \u0410\u0445\u043c\u0435\u0442 \u0422\u0435\u0432\u0444\u0438\u043a \u0408\u0443\u0447\u0435\u0441\u043e\u0458, \u043e\u0441\u043d\u043e\u0432\u0430\u0447\u043a\u0438 \u0447\u043b\u0435\u043d \u043d\u0430 \u0418\u0441\u0442\u0430\u043d\u0431\u0443\u043b\u0441\u043a\u0430\u0442\u0430 \u0448\u0430\u0445\u043e\u0432\u0441\u043a\u0430 \u0430\u0441\u043e\u0446\u0438\u0458\u0430\u0446\u0438\u0458\u0430 (\u0438\u0437\u0440\u0430\u0431\u043e\u0442\u0435\u043d \u043e\u0434 \u0431\u043e\u043a\u0441\u0432\u0443\u0434)<\/b><\/h3><p>\u041c\u043e\u0436\u0435\u0442\u0435 \u0434\u0430 \u0458\u0430 \u043d\u0430\u0458\u0434\u0435\u0442\u0435 \u0444\u043e\u0442\u043e\u0433\u0440\u0430\u0444\u0438\u0458\u0430\u0442\u0430 \u043e\u0434 \u0448\u0430\u0445\u043e\u0432\u0441\u043a\u0438\u043e\u0442 \u0441\u0435\u0442 \u0438 \u043f\u0440\u0438\u0434\u0440\u0443\u0436\u043d\u043e\u0442\u043e \u043f\u0438\u0441\u043c\u043e \u043f\u043e\u0434\u043e\u043b\u0443 \u043e\u0434 \u0410. \u0414\u043e\u0433\u0430\u043d \u0413\u044e\u043d\u0441\u0430\u0432 \u0434\u043e \u0421\u0435\u0440\u0442\u0430\u0447 \u0414\u0430\u043b\u043a\u0438\u0440\u0430\u043d. \u0413\u044e\u043d\u0441\u0430\u0432 \u0441\u043f\u043e\u0434\u0435\u043b\u0443\u0432\u0430 \u0434\u0435\u043a\u0430 \u0448\u0430\u0445\u043e\u0432\u0441\u043a\u0438\u043e\u0442 \u0441\u0435\u0442 \u043c\u0443 \u0431\u0438\u043b \u043f\u043e\u0434\u0430\u0440\u0435\u043d \u043e\u0434 \u0441\u0435\u043c\u0435\u0458\u0441\u0442\u0432\u043e\u0442\u043e \u043d\u0430 \u043f\u0440\u043e\u0444. \u0408\u0443\u0447\u0435\u0441\u043e\u0458 \u043f\u043e \u043d\u0435\u0433\u043e\u0432\u0430\u0442\u0430 \u0441\u043c\u0440\u0442.<\/p>\t\t\t\t\t\t\t\t<\/div>\n\t\t\t\t<\/div>\n\t\t\t\t<div class=\"elementor-element elementor-element-60a889e elementor-widget elementor-widget-image\" data-id=\"60a889e\" data-element_type=\"widget\" data-e-type=\"widget\" data-widget_type=\"image.default\">\n\t\t\t\t<div class=\"elementor-widget-container\">\n\t\t\t\t\t\t\t\t\t\t\t\t\t\t\t<img decoding=\"async\" width=\"2560\" height=\"1920\" src=\"https:\/\/shatranj.art\/wp-content\/uploads\/2026\/03\/ISD-Kurucu-uyesi-Prof.-Dr.-Ahmet-Tevfik-Yucesoyun-asirlik-simsir-agacindan-yapilmis-Rejans-Modeli-satranc-takimi-scaled.jpg\" class=\"attachment-full size-full wp-image-1885\" alt=\"\" srcset=\"https:\/\/shatranj.art\/wp-content\/uploads\/2026\/03\/ISD-Kurucu-uyesi-Prof.-Dr.-Ahmet-Tevfik-Yucesoyun-asirlik-simsir-agacindan-yapilmis-Rejans-Modeli-satranc-takimi-scaled.jpg 2560w, https:\/\/shatranj.art\/wp-content\/uploads\/2026\/03\/ISD-Kurucu-uyesi-Prof.-Dr.-Ahmet-Tevfik-Yucesoyun-asirlik-simsir-agacindan-yapilmis-Rejans-Modeli-satranc-takimi-300x225.jpg 300w, https:\/\/shatranj.art\/wp-content\/uploads\/2026\/03\/ISD-Kurucu-uyesi-Prof.-Dr.-Ahmet-Tevfik-Yucesoyun-asirlik-simsir-agacindan-yapilmis-Rejans-Modeli-satranc-takimi-1024x768.jpg 1024w, https:\/\/shatranj.art\/wp-content\/uploads\/2026\/03\/ISD-Kurucu-uyesi-Prof.-Dr.-Ahmet-Tevfik-Yucesoyun-asirlik-simsir-agacindan-yapilmis-Rejans-Modeli-satranc-takimi-768x576.jpg 768w, https:\/\/shatranj.art\/wp-content\/uploads\/2026\/03\/ISD-Kurucu-uyesi-Prof.-Dr.-Ahmet-Tevfik-Yucesoyun-asirlik-simsir-agacindan-yapilmis-Rejans-Modeli-satranc-takimi-1536x1152.jpg 1536w, https:\/\/shatranj.art\/wp-content\/uploads\/2026\/03\/ISD-Kurucu-uyesi-Prof.-Dr.-Ahmet-Tevfik-Yucesoyun-asirlik-simsir-agacindan-yapilmis-Rejans-Modeli-satranc-takimi-2048x1536.jpg 2048w, https:\/\/shatranj.art\/wp-content\/uploads\/2026\/03\/ISD-Kurucu-uyesi-Prof.-Dr.-Ahmet-Tevfik-Yucesoyun-asirlik-simsir-agacindan-yapilmis-Rejans-Modeli-satranc-takimi-16x12.jpg 16w\" sizes=\"(max-width: 2560px) 100vw, 2560px\" \/>\t\t\t\t\t\t\t\t\t\t\t\t\t\t\t<\/div>\n\t\t\t\t<\/div>\n\t\t\t\t<div class=\"elementor-element elementor-element-0b39a21 elementor-widget elementor-widget-image\" data-id=\"0b39a21\" data-element_type=\"widget\" data-e-type=\"widget\" data-widget_type=\"image.default\">\n\t\t\t\t<div class=\"elementor-widget-container\">\n\t\t\t\t\t\t\t\t\t\t\t\t\t\t\t<img loading=\"lazy\" decoding=\"async\" width=\"1700\" height=\"2338\" src=\"https:\/\/shatranj.art\/wp-content\/uploads\/2026\/03\/dogan-gunsav-in-ahmet-tevfik-yucesoy-takimi-hk-001.jpg\" class=\"attachment-full size-full wp-image-1886\" alt=\"\" srcset=\"https:\/\/shatranj.art\/wp-content\/uploads\/2026\/03\/dogan-gunsav-in-ahmet-tevfik-yucesoy-takimi-hk-001.jpg 1700w, https:\/\/shatranj.art\/wp-content\/uploads\/2026\/03\/dogan-gunsav-in-ahmet-tevfik-yucesoy-takimi-hk-001-218x300.jpg 218w, https:\/\/shatranj.art\/wp-content\/uploads\/2026\/03\/dogan-gunsav-in-ahmet-tevfik-yucesoy-takimi-hk-001-745x1024.jpg 745w, https:\/\/shatranj.art\/wp-content\/uploads\/2026\/03\/dogan-gunsav-in-ahmet-tevfik-yucesoy-takimi-hk-001-768x1056.jpg 768w, https:\/\/shatranj.art\/wp-content\/uploads\/2026\/03\/dogan-gunsav-in-ahmet-tevfik-yucesoy-takimi-hk-001-1117x1536.jpg 1117w, https:\/\/shatranj.art\/wp-content\/uploads\/2026\/03\/dogan-gunsav-in-ahmet-tevfik-yucesoy-takimi-hk-001-1489x2048.jpg 1489w, https:\/\/shatranj.art\/wp-content\/uploads\/2026\/03\/dogan-gunsav-in-ahmet-tevfik-yucesoy-takimi-hk-001-9x12.jpg 9w\" sizes=\"(max-width: 1700px) 100vw, 1700px\" \/>\t\t\t\t\t\t\t\t\t\t\t\t\t\t\t<\/div>\n\t\t\t\t<\/div>\n\t\t\t\t\t<\/div>\n\t\t\t\t<\/div>\n\t\t\t\t<\/div>","protected":false},"excerpt":{"rendered":"<p>Aesthetics of the Enlightenment: The R\u00e9gence Legacy of Philidor and Napoleon As one of the most prestigious and iconic designs in chess history, the R\u00e9gence style takes its name from the legendary Caf\u00e9 de la R\u00e9gence in Paris. These sets embody the era when chess migrated from royal courts to the intellectual heart of Europe, [&hellip;]<\/p>\n","protected":false},"author":1,"featured_media":0,"parent":743,"menu_order":0,"comment_status":"closed","ping_status":"closed","template":"","meta":{"footnotes":""},"class_list":["post-809","page","type-page","status-publish","hentry"],"_links":{"self":[{"href":"https:\/\/shatranj.art\/mk\/wp-json\/wp\/v2\/pages\/809","targetHints":{"allow":["GET"]}}],"collection":[{"href":"https:\/\/shatranj.art\/mk\/wp-json\/wp\/v2\/pages"}],"about":[{"href":"https:\/\/shatranj.art\/mk\/wp-json\/wp\/v2\/types\/page"}],"author":[{"embeddable":true,"href":"https:\/\/shatranj.art\/mk\/wp-json\/wp\/v2\/users\/1"}],"replies":[{"embeddable":true,"href":"https:\/\/shatranj.art\/mk\/wp-json\/wp\/v2\/comments?post=809"}],"version-history":[{"count":16,"href":"https:\/\/shatranj.art\/mk\/wp-json\/wp\/v2\/pages\/809\/revisions"}],"predecessor-version":[{"id":1895,"href":"https:\/\/shatranj.art\/mk\/wp-json\/wp\/v2\/pages\/809\/revisions\/1895"}],"up":[{"embeddable":true,"href":"https:\/\/shatranj.art\/mk\/wp-json\/wp\/v2\/pages\/743"}],"wp:attachment":[{"href":"https:\/\/shatranj.art\/mk\/wp-json\/wp\/v2\/media?parent=809"}],"curies":[{"name":"wp","href":"https:\/\/api.w.org\/{rel}","templated":true}]}}