{"id":1053,"date":"2026-02-22T18:09:29","date_gmt":"2026-02-22T18:09:29","guid":{"rendered":"https:\/\/shatranj.art\/?page_id=1053"},"modified":"2026-02-23T05:20:05","modified_gmt":"2026-02-23T05:20:05","slug":"poster-28","status":"publish","type":"page","link":"https:\/\/shatranj.art\/mn\/exhibit\/poster-28\/","title":{"rendered":"\u043f\u043e\u0441\u0442\u0435\u0440 28"},"content":{"rendered":"<div data-elementor-type=\"wp-page\" data-elementor-id=\"1053\" class=\"elementor elementor-1053\" data-elementor-post-type=\"page\">\n\t\t\t\t<div class=\"elementor-element elementor-element-0bbd3b8 e-flex e-con-boxed e-con e-parent\" data-id=\"0bbd3b8\" data-element_type=\"container\" data-e-type=\"container\" data-settings=\"{&quot;background_background&quot;:&quot;classic&quot;}\">\n\t\t\t\t\t<div class=\"e-con-inner\">\n\t\t<div class=\"elementor-element elementor-element-c1f4b02 e-con-full e-flex e-con e-child\" data-id=\"c1f4b02\" data-element_type=\"container\" data-e-type=\"container\">\n\t\t\t\t<div class=\"elementor-element elementor-element-be9a805 elementor-widget__width-initial elementor-widget elementor-widget-image\" data-id=\"be9a805\" data-element_type=\"widget\" data-e-type=\"widget\" data-widget_type=\"image.default\">\n\t\t\t\t<div class=\"elementor-widget-container\">\n\t\t\t\t\t\t\t\t\t\t\t\t\t\t\t<img fetchpriority=\"high\" decoding=\"async\" width=\"683\" height=\"1024\" src=\"https:\/\/shatranj.art\/wp-content\/uploads\/2026\/02\/28-683x1024.jpg\" class=\"attachment-large size-large wp-image-1059\" alt=\"\" srcset=\"https:\/\/shatranj.art\/wp-content\/uploads\/2026\/02\/28-683x1024.jpg 683w, https:\/\/shatranj.art\/wp-content\/uploads\/2026\/02\/28-200x300.jpg 200w, https:\/\/shatranj.art\/wp-content\/uploads\/2026\/02\/28-768x1152.jpg 768w, https:\/\/shatranj.art\/wp-content\/uploads\/2026\/02\/28-1024x1536.jpg 1024w, https:\/\/shatranj.art\/wp-content\/uploads\/2026\/02\/28.jpg 1249w\" sizes=\"(max-width: 683px) 100vw, 683px\" \/>\t\t\t\t\t\t\t\t\t\t\t\t\t\t\t<\/div>\n\t\t\t\t<\/div>\n\t\t\t\t<div class=\"elementor-element elementor-element-b42301a elementor-widget__width-initial elementor-widget-tablet__width-inherit elementor-widget elementor-widget-text-editor\" data-id=\"b42301a\" data-element_type=\"widget\" data-e-type=\"widget\" data-widget_type=\"text-editor.default\">\n\t\t\t\t<div class=\"elementor-widget-container\">\n\t\t\t\t\t\t\t\t\t<p><b>\u015eah\u00ee \u0438\u0436 \u0431\u04af\u0440\u0434\u044d\u043b: Regency Philidor \u043f\u0435\u0448\u043a\u0430<\/b><\/p><p>\u00a0<\/p><p>\u041a\u043e\u0444\u0435 \u0431\u043e\u043b\u043e\u043d \u043a\u0430\u0444\u0435\u0433\u0438\u0439\u043d \u0442\u0430\u0440\u0445\u0430\u043b\u0442 \u043d\u044c \u0448\u0430\u0442\u0430\u0440\u044b\u043d \u0445\u04e9\u0433\u0436\u0438\u043b\u0442\u044d\u0439 \u0441\u0430\u043b\u0448\u0433\u04af\u0439 \u0445\u043e\u043b\u0431\u043e\u043e\u0442\u043e\u0439. R\u00e9gence Philidor \u043f\u0438\u043e\u043d \u043d\u044c \u0413\u044d\u0440\u044d\u043b\u0442\u044d\u043d \u0433\u044d\u0433\u044d\u044d\u0440\u043b\u0438\u0439\u043d \u044d\u0440\u0438\u043d \u04af\u0435\u0434 \u041f\u0430\u0440\u0438\u0441\u044b\u043d R\u00e9gence \u043a\u0430\u0444\u0435\u0433\u0438\u0439\u043d \u0436\u0438\u043d\u0445\u044d\u043d\u044d \u0448\u0430\u0442\u0430\u0440\u043d\u044b \u0438\u0436 \u0431\u04af\u0440\u0434\u043b\u044d\u044d\u0441 \u0431\u043e\u043b\u043e\u043d \u0442\u0443\u0445\u0430\u0439\u043d \u04af\u0435\u0438\u0439\u043d \u0445\u0430\u043c\u0433\u0438\u0439\u043d \u0445\u04af\u0447\u0438\u0440\u0445\u044d\u0433 \u0442\u043e\u0433\u043b\u043e\u0433\u0447 \u0424\u0438\u043b\u0438\u0434\u043e\u0440\u044b\u043d \u201c\u041f\u0438\u043e\u043d\u0443\u0443\u0434 \u0431\u043e\u043b \u0448\u0430\u0442\u0430\u0440\u044b\u043d \u0441\u04af\u043d\u0441 \u044e\u043c\" \u0433\u044d\u0441\u044d\u043d \u0430\u043b\u0434\u0430\u0440\u0442\u0430\u0439 \u04af\u0433\u043d\u044d\u044d\u0441 \u0441\u044d\u0434\u044d\u0432\u043b\u044d\u0441\u044d\u043d.<\/p><p>\u00a0<\/p><p>\u041f\u0435\u0448\u043a\u0438\u0439\u043d \u0431\u04af\u0442\u044d\u0446 \u043d\u044c \u0448\u0430\u0442\u0430\u0440\u044b\u043d \u0442\u043e\u0433\u043b\u043e\u043b\u0442\u044b\u043d \u0443\u0440\u0441\u0433\u0430\u043b\u044b\u0433 \u0442\u043e\u0434\u043e\u0440\u0445\u043e\u0439\u043b\u043e\u0445 \u0445\u0430\u043c\u0433\u0438\u0439\u043d \u0447\u0443\u0445\u0430\u043b \u0448\u0430\u043b\u0433\u0443\u0443\u0440\u0443\u0443\u0434\u044b\u043d \u043d\u044d\u0433 \u0431\u04e9\u0433\u04e9\u04e9\u0434 \u043e\u043b\u043e\u043d \u0431\u0430\u0439\u0440\u043b\u0430\u043b\u044b\u0433 \u043f\u0435\u0448\u043a\u0438\u0439\u043d \u0431\u04af\u0442\u0446\u0438\u0439\u043d \u0434\u0430\u0433\u0443\u0443 \u0430\u043d\u0433\u0438\u043b\u0434\u0430\u0433. \u041e\u043f\u0435\u0440\u044b\u043d \u0437\u043e\u0445\u0438\u043e\u043b\u0447, \u0430\u043b\u0434\u0430\u0440\u0442 \"\u0422\u0443\u0440\u043a\" \u0445\u044d\u043c\u044d\u044d\u0445 \u0448\u0430\u0442\u0430\u0440\u043d\u044b \u0430\u0432\u0442\u043e\u043c\u0430\u0442 \u043c\u0430\u0448\u0438\u043d\u044b\u0433 \u044f\u043b\u0441\u0430\u043d \u0446\u04e9\u04e9\u043d \u0445\u044d\u0434\u044d\u043d \u0442\u043e\u0433\u043b\u043e\u0433\u0447\u0438\u0439\u043d \u043d\u044d\u0433 \u0424\u0438\u043b\u0438\u0434\u043e\u0440 \u044d\u043d\u0433\u0438\u0439\u043d \u0430\u0440\u0434 \u0438\u0440\u0433\u044d\u0434\u0438\u0439\u0433 \u043d\u0438\u0439\u0433\u043c\u0438\u0439\u043d \u0441\u0443\u0443\u0440\u044c, \u0441\u04af\u043d\u0441 \u0433\u044d\u0436 \u043e\u043d\u0446\u043e\u043b\u0436 \u0431\u0430\u0439\u0432.<\/p>\t\t\t\t\t\t\t\t<\/div>\n\t\t\t\t<\/div>\n\t\t\t\t<div class=\"elementor-element elementor-element-080136b elementor-widget__width-initial elementor-widget elementor-widget-image\" data-id=\"080136b\" data-element_type=\"widget\" data-e-type=\"widget\" data-widget_type=\"image.default\">\n\t\t\t\t<div class=\"elementor-widget-container\">\n\t\t\t\t\t\t\t\t\t\t\t\t\t\t\t<img decoding=\"async\" width=\"683\" height=\"1024\" src=\"https:\/\/shatranj.art\/wp-content\/uploads\/2026\/02\/28-1-683x1024.jpg\" class=\"attachment-large size-large wp-image-1060\" alt=\"\" srcset=\"https:\/\/shatranj.art\/wp-content\/uploads\/2026\/02\/28-1-683x1024.jpg 683w, https:\/\/shatranj.art\/wp-content\/uploads\/2026\/02\/28-1-200x300.jpg 200w, https:\/\/shatranj.art\/wp-content\/uploads\/2026\/02\/28-1-768x1152.jpg 768w, https:\/\/shatranj.art\/wp-content\/uploads\/2026\/02\/28-1-1024x1536.jpg 1024w, https:\/\/shatranj.art\/wp-content\/uploads\/2026\/02\/28-1.jpg 1262w\" sizes=\"(max-width: 683px) 100vw, 683px\" \/>\t\t\t\t\t\t\t\t\t\t\t\t\t\t\t<\/div>\n\t\t\t\t<\/div>\n\t\t\t\t<\/div>\n\t\t<div class=\"elementor-element elementor-element-94f3877 e-con-full e-flex e-con e-child\" data-id=\"94f3877\" data-element_type=\"container\" data-e-type=\"container\">\n\t\t<div class=\"elementor-element elementor-element-da14b56 e-con-full e-flex e-con e-child\" data-id=\"da14b56\" data-element_type=\"container\" data-e-type=\"container\">\n\t\t\t\t<div class=\"elementor-element elementor-element-3478291 elementor-widget elementor-widget-image\" data-id=\"3478291\" data-element_type=\"widget\" data-e-type=\"widget\" data-widget_type=\"image.default\">\n\t\t\t\t<div class=\"elementor-widget-container\">\n\t\t\t\t\t\t\t\t\t\t\t\t\t\t\t<img decoding=\"async\" width=\"800\" height=\"648\" src=\"https:\/\/shatranj.art\/wp-content\/uploads\/2026\/02\/28-2-1024x829.jpg\" class=\"attachment-large size-large wp-image-1064\" alt=\"\" srcset=\"https:\/\/shatranj.art\/wp-content\/uploads\/2026\/02\/28-2-1024x829.jpg 1024w, https:\/\/shatranj.art\/wp-content\/uploads\/2026\/02\/28-2-300x243.jpg 300w, https:\/\/shatranj.art\/wp-content\/uploads\/2026\/02\/28-2-768x622.jpg 768w, https:\/\/shatranj.art\/wp-content\/uploads\/2026\/02\/28-2-1536x1244.jpg 1536w, https:\/\/shatranj.art\/wp-content\/uploads\/2026\/02\/28-2.jpg 1973w\" sizes=\"(max-width: 800px) 100vw, 800px\" \/>\t\t\t\t\t\t\t\t\t\t\t\t\t\t\t<\/div>\n\t\t\t\t<\/div>\n\t\t\t\t<div class=\"elementor-element elementor-element-3621f13 elementor-widget-tablet__width-inherit elementor-widget elementor-widget-text-editor\" data-id=\"3621f13\" data-element_type=\"widget\" data-e-type=\"widget\" data-widget_type=\"text-editor.default\">\n\t\t\t\t<div class=\"elementor-widget-container\">\n\t\t\t\t\t\t\t\t\t<p><span style=\"font-weight: 400;\">\u0410\u0431\u0431\u0430\u0441\u0438\u0434\u044b\u043d \u04af\u0435\u0434 \u0411\u0430\u0433\u0434\u0430\u0434\u0430\u0430\u0441 \u0433\u0430\u0440\u0430\u043b\u0442\u0430\u0439, \u043e\u043d\u0446\u0433\u043e\u0439 \u0433\u0435\u043e\u043c\u0435\u0442\u0440\u0438\u0439\u043d \u0445\u044d\u043b\u0431\u044d\u0440, \u043d\u0430\u0440\u0438\u0439\u043d \u0433\u0430\u0434\u0430\u0440\u0433\u0443\u0443\u0433\u0438\u0439\u043d \u0441\u0438\u0439\u043b\u0431\u044d\u0440\u0442\u044d\u0439 \u0448\u0430\u0442\u0430\u0440\u044b\u043d \u043f\u0435\u0448\u043a\u0430. \u042d\u043d\u044d \u043f\u0435\u0448\u043a\u0430 \u043d\u044c \u0442\u0443\u0445\u0430\u0439\u043d \u04af\u0435\u0438\u0439\u043d \u043d\u0430\u0440\u0438\u0439\u043d \u0443\u0440\u043b\u0430\u043b\u044b\u043d \u0443\u0440 \u0447\u0430\u0434\u0432\u0430\u0440\u044b\u0433 \u0442\u0443\u0441\u0433\u0430\u0436, \u04e9\u0432\u04e9\u0440\u043c\u04e9\u0446, \u043d\u0430\u0440\u0438\u0439\u043d \u0448\u0438\u0440\u0438\u0439\u043d \u0437\u0430\u0433\u0432\u0430\u0440\u0430\u0430\u0440\u0430\u0430 \u043f\u0435\u0448\u043a\u0430\u043d\u044b \u0441\u0442\u0440\u0430\u0442\u0435\u0433\u0438\u0439\u043d \u0430\u0447 \u0445\u043e\u043b\u0431\u043e\u0433\u0434\u043b\u044b\u0433 \u0442\u043e\u0434\u043e\u0442\u0433\u043e\u0436 \u0445\u0430\u0440\u0443\u0443\u043b\u0434\u0430\u0433.<\/span><\/p>\t\t\t\t\t\t\t\t<\/div>\n\t\t\t\t<\/div>\n\t\t\t\t<\/div>\n\t\t<div class=\"elementor-element elementor-element-3a10b69 e-con-full e-flex e-con e-child\" data-id=\"3a10b69\" data-element_type=\"container\" data-e-type=\"container\">\n\t\t\t\t<div class=\"elementor-element elementor-element-9fad6d9 elementor-widget elementor-widget-image\" data-id=\"9fad6d9\" data-element_type=\"widget\" data-e-type=\"widget\" data-widget_type=\"image.default\">\n\t\t\t\t<div class=\"elementor-widget-container\">\n\t\t\t\t\t\t\t\t\t\t\t\t\t\t\t<img loading=\"lazy\" decoding=\"async\" width=\"768\" height=\"1024\" src=\"https:\/\/shatranj.art\/wp-content\/uploads\/2026\/02\/28-3-768x1024.jpg\" class=\"attachment-large size-large wp-image-1061\" alt=\"\" srcset=\"https:\/\/shatranj.art\/wp-content\/uploads\/2026\/02\/28-3-768x1024.jpg 768w, https:\/\/shatranj.art\/wp-content\/uploads\/2026\/02\/28-3-225x300.jpg 225w, https:\/\/shatranj.art\/wp-content\/uploads\/2026\/02\/28-3-1152x1536.jpg 1152w, https:\/\/shatranj.art\/wp-content\/uploads\/2026\/02\/28-3.jpg 1195w\" sizes=\"(max-width: 768px) 100vw, 768px\" \/>\t\t\t\t\t\t\t\t\t\t\t\t\t\t\t<\/div>\n\t\t\t\t<\/div>\n\t\t\t\t<div class=\"elementor-element elementor-element-7ad603d elementor-widget-tablet__width-inherit elementor-widget elementor-widget-text-editor\" data-id=\"7ad603d\" data-element_type=\"widget\" data-e-type=\"widget\" data-widget_type=\"text-editor.default\">\n\t\t\t\t<div class=\"elementor-widget-container\">\n\t\t\t\t\t\t\t\t\t<p><b>1820 \u043e\u043d\u044b \u042d\u043d\u044d\u0442\u0445\u044d\u0433\u0438\u0439\u043d \u043f\u0438\u043e\u043d \u0447\u0443\u043b\u0443\u0443<\/b> <span style=\"font-weight: 400;\"><br \/><\/span><span style=\"font-weight: 400;\"><br \/><\/span><span style=\"font-weight: 400;\">\u0423\u043b\u0430\u043c\u0436\u043b\u0430\u043b\u0442 \u042d\u043d\u044d\u0442\u0445\u044d\u0433\u0438\u0439\u043d \u0445\u0443\u0432\u0446\u0430\u0441, \u0430\u043a\u0441\u0435\u0441\u0441\u0443\u0430\u0440\u0430\u0430\u0440 \u0447\u0438\u043c\u044d\u0433\u043b\u044d\u0433\u0434\u0441\u044d\u043d 1820 \u043e\u043d\u044b \u0444\u0438\u0433\u0443\u0440\u0430\u0442\u0438\u0432 \u0448\u0430\u0442\u0430\u0440\u043d\u044b \u043f\u0438\u043e\u043d. \u042d\u043d\u044d \u0431\u04af\u0442\u044d\u044d\u043b \u043d\u044c 19-\u0440 \u0437\u0443\u0443\u043d\u044b \u042d\u043d\u044d\u0442\u0445\u044d\u0433\u0438\u0439\u043d \u0441\u043e\u0451\u043b\u044b\u043d \u044d\u043b\u0435\u043c\u0435\u043d\u0442\u04af\u04af\u0434 \u0431\u043e\u043b\u043e\u043d \u0442\u0443\u0445\u0430\u0439\u043d \u04af\u0435\u0434 \u0448\u0430\u0442\u0430\u0440\u043d\u044b \u0438\u0436 \u0431\u04af\u0440\u0434\u044d\u043b\u0434 \u04e9\u0440\u0433\u04e9\u043d \u0442\u0430\u0440\u0445\u0441\u0430\u043d \u0431\u043e\u0434\u0438\u0442\u043e\u0439 \u0434\u0438\u0437\u0430\u0439\u043d\u044b \u0445\u0430\u043d\u0434\u043b\u0430\u0433\u044b\u0433 \u0442\u0443\u0441\u0433\u0430\u0441\u0430\u043d.<\/span><\/p>\t\t\t\t\t\t\t\t<\/div>\n\t\t\t\t<\/div>\n\t\t\t\t<\/div>\n\t\t<div class=\"elementor-element elementor-element-926e3bd e-con-full e-flex e-con e-child\" data-id=\"926e3bd\" data-element_type=\"container\" data-e-type=\"container\">\n\t\t\t\t<div class=\"elementor-element elementor-element-8fc6637 elementor-widget elementor-widget-image\" data-id=\"8fc6637\" data-element_type=\"widget\" data-e-type=\"widget\" data-widget_type=\"image.default\">\n\t\t\t\t<div class=\"elementor-widget-container\">\n\t\t\t\t\t\t\t\t\t\t\t\t\t\t\t<img loading=\"lazy\" decoding=\"async\" width=\"800\" height=\"498\" src=\"https:\/\/shatranj.art\/wp-content\/uploads\/2026\/02\/28-5-1024x637.jpg\" class=\"attachment-large size-large wp-image-1062\" alt=\"\" srcset=\"https:\/\/shatranj.art\/wp-content\/uploads\/2026\/02\/28-5-1024x637.jpg 1024w, https:\/\/shatranj.art\/wp-content\/uploads\/2026\/02\/28-5-300x187.jpg 300w, https:\/\/shatranj.art\/wp-content\/uploads\/2026\/02\/28-5-768x478.jpg 768w, https:\/\/shatranj.art\/wp-content\/uploads\/2026\/02\/28-5-1536x955.jpg 1536w, https:\/\/shatranj.art\/wp-content\/uploads\/2026\/02\/28-5.jpg 1835w\" sizes=\"(max-width: 800px) 100vw, 800px\" \/>\t\t\t\t\t\t\t\t\t\t\t\t\t\t\t<\/div>\n\t\t\t\t<\/div>\n\t\t\t\t<div class=\"elementor-element elementor-element-ea860c4 elementor-widget-tablet__width-inherit elementor-widget elementor-widget-text-editor\" data-id=\"ea860c4\" data-element_type=\"widget\" data-e-type=\"widget\" data-widget_type=\"text-editor.default\">\n\t\t\t\t<div class=\"elementor-widget-container\">\n\t\t\t\t\t\t\t\t\t<p><b>\u0424\u0440\u0430\u043d\u0446\u044b\u043d \u0420\u0435\u0433\u0435\u043d\u0442\u0438\u0439\u043d \u0431\u0430\u0440\u044c\u0446\u0430\u0430<\/b> <span style=\"font-weight: 400;\"><br \/><\/span><span style=\"font-weight: 400;\"><br \/><\/span><span style=\"font-weight: 400;\">18-\u0440 \u0437\u0443\u0443\u043d\u044b \u0442\u0430\u043d\u0441\u0430\u0433 \u0433\u043e\u043e \u0437\u04af\u0439\u043d \u04af\u0437\u043b\u0438\u0439\u0433 \u0442\u0443\u0441\u0433\u0430\u0441\u0430\u043d \u0424\u0440\u0430\u043d\u0446\u044b\u043d \u0420\u0435\u0436\u0435\u043d\u0441\u0438 \u043f\u0438\u043e\u043d \u043d\u044c \u0424\u0438\u043b\u0438\u0434\u043e\u0440\u044b\u043d \u201c\u043f\u0438\u043e\u043d\u0443\u0443\u0434 \u0431\u043e\u043b \u0448\u0430\u0442\u0430\u0440\u044b\u043d \u0441\u04af\u043d\u0441\u201d \u0445\u044d\u043c\u044d\u044d\u0445 \u0430\u043b\u0434\u0430\u0440\u0442\u0430\u0439 \u0437\u0430\u0440\u0447\u043c\u044b\u0433 \u0438\u043b\u044d\u0440\u0445\u0438\u0439\u043b\u0434\u044d\u0433. \u042d\u043d\u044d \u0445\u044d\u0432 \u043c\u0430\u044f\u0433\u0438\u0439\u0433 \u0442\u04af\u0433\u044d\u044d\u043d \u0434\u044d\u043b\u0433\u044d\u0440\u04af\u04af\u043b\u044d\u0445\u044d\u0434 \u0445\u0443\u0432\u044c \u043d\u044d\u043c\u044d\u0440 \u043e\u0440\u0443\u0443\u043b\u0441\u0430\u043d \u0424\u0438\u043b\u0438\u0434\u043e\u0440 \u043d\u044c \u201c\u041c\u0435\u0445\u0430\u043d\u0438\u043a \u0422\u0443\u0440\u043a\u201d \u043d\u044d\u0440\u0442\u044d\u0439 \u0448\u0430\u0442\u0430\u0440\u043d\u044b \u0430\u0432\u0442\u043e\u043c\u0430\u0442 \u0442\u04e9\u0445\u04e9\u04e9\u0440\u04e9\u043c\u0436\u0438\u0439\u0433 \u044f\u043b\u0441\u043d\u0430\u0430\u0440\u0430\u0430 \u0442\u043e\u0433\u043b\u043e\u043e\u043c \u0431\u043e\u043b\u043e\u043d \u0442\u0443\u0445\u0430\u0439\u043d \u04af\u0435\u0438\u0439\u043d \u0430\u043b\u0434\u0430\u0440\u0442\u0430\u0439 \u0445\u0443\u0443\u0440\u0430\u043c\u0447 \u04af\u0437\u04af\u04af\u043b\u0431\u044d\u0440\u04af\u04af\u0434\u0438\u0439\u0433 \u044d\u0437\u044d\u043c\u0448\u0441\u044d\u043d\u0438\u0439\u0433 \u043d\u043e\u0442\u043e\u043b\u0436, \u0434\u0443\u0440\u0441\u0430\u0433\u0434\u0434\u0430\u0433.<\/span><\/p>\t\t\t\t\t\t\t\t<\/div>\n\t\t\t\t<\/div>\n\t\t\t\t<\/div>\n\t\t\t\t<\/div>\n\t\t\t\t\t<\/div>\n\t\t\t\t<\/div>\n\t\t\t\t<\/div>","protected":false},"excerpt":{"rendered":"<p>The \u015eah\u00ee Set: Regency Philidor Pawn \u00a0 The spread of coffee and caf\u00e9s intertwines with the evolution of chess. The R\u00e9gence Philidor pawn is inspired by the authentic chess set from Paris-R\u00e9gence caf\u00e9 during the Age of Enlightenment and the famous phrase by the era&#8217;s strongest player, Philidor: &#8220;Pawns are the soul of chess. \u00a0 [&hellip;]<\/p>\n","protected":false},"author":1,"featured_media":0,"parent":743,"menu_order":0,"comment_status":"closed","ping_status":"closed","template":"","meta":{"footnotes":""},"class_list":["post-1053","page","type-page","status-publish","hentry"],"_links":{"self":[{"href":"https:\/\/shatranj.art\/mn\/wp-json\/wp\/v2\/pages\/1053","targetHints":{"allow":["GET"]}}],"collection":[{"href":"https:\/\/shatranj.art\/mn\/wp-json\/wp\/v2\/pages"}],"about":[{"href":"https:\/\/shatranj.art\/mn\/wp-json\/wp\/v2\/types\/page"}],"author":[{"embeddable":true,"href":"https:\/\/shatranj.art\/mn\/wp-json\/wp\/v2\/users\/1"}],"replies":[{"embeddable":true,"href":"https:\/\/shatranj.art\/mn\/wp-json\/wp\/v2\/comments?post=1053"}],"version-history":[{"count":10,"href":"https:\/\/shatranj.art\/mn\/wp-json\/wp\/v2\/pages\/1053\/revisions"}],"predecessor-version":[{"id":1252,"href":"https:\/\/shatranj.art\/mn\/wp-json\/wp\/v2\/pages\/1053\/revisions\/1252"}],"up":[{"embeddable":true,"href":"https:\/\/shatranj.art\/mn\/wp-json\/wp\/v2\/pages\/743"}],"wp:attachment":[{"href":"https:\/\/shatranj.art\/mn\/wp-json\/wp\/v2\/media?parent=1053"}],"curies":[{"name":"wp","href":"https:\/\/api.w.org\/{rel}","templated":true}]}}