{"id":1068,"date":"2026-02-22T18:39:42","date_gmt":"2026-02-22T18:39:42","guid":{"rendered":"https:\/\/shatranj.art\/?page_id=1068"},"modified":"2026-02-24T09:00:42","modified_gmt":"2026-02-24T09:00:42","slug":"poster-29","status":"publish","type":"page","link":"https:\/\/shatranj.art\/mn\/exhibit\/poster-29\/","title":{"rendered":"\u043f\u043e\u0441\u0442\u0435\u0440 29"},"content":{"rendered":"<div data-elementor-type=\"wp-page\" data-elementor-id=\"1068\" class=\"elementor elementor-1068\" data-elementor-post-type=\"page\">\n\t\t\t\t<div class=\"elementor-element elementor-element-cfd54a0 e-flex e-con-boxed e-con e-parent\" data-id=\"cfd54a0\" data-element_type=\"container\" data-e-type=\"container\" data-settings=\"{&quot;background_background&quot;:&quot;classic&quot;}\">\n\t\t\t\t\t<div class=\"e-con-inner\">\n\t\t<div class=\"elementor-element elementor-element-00cae2a e-con-full e-flex e-con e-child\" data-id=\"00cae2a\" data-element_type=\"container\" data-e-type=\"container\">\n\t\t<div class=\"elementor-element elementor-element-edcf7ea e-con-full e-flex e-con e-child\" data-id=\"edcf7ea\" data-element_type=\"container\" data-e-type=\"container\">\n\t\t\t\t<div class=\"elementor-element elementor-element-411efec elementor-widget elementor-widget-image\" data-id=\"411efec\" data-element_type=\"widget\" data-e-type=\"widget\" data-widget_type=\"image.default\">\n\t\t\t\t<div class=\"elementor-widget-container\">\n\t\t\t\t\t\t\t\t\t\t\t\t\t\t\t<img fetchpriority=\"high\" decoding=\"async\" width=\"800\" height=\"384\" src=\"https:\/\/shatranj.art\/wp-content\/uploads\/2026\/02\/regence-cafe-chess-set-1780-1820-1-1024x491.png\" class=\"attachment-large size-large wp-image-1073\" alt=\"\" srcset=\"https:\/\/shatranj.art\/wp-content\/uploads\/2026\/02\/regence-cafe-chess-set-1780-1820-1-1024x491.png 1024w, https:\/\/shatranj.art\/wp-content\/uploads\/2026\/02\/regence-cafe-chess-set-1780-1820-1-300x144.png 300w, https:\/\/shatranj.art\/wp-content\/uploads\/2026\/02\/regence-cafe-chess-set-1780-1820-1-768x369.png 768w, https:\/\/shatranj.art\/wp-content\/uploads\/2026\/02\/regence-cafe-chess-set-1780-1820-1-1536x737.png 1536w, https:\/\/shatranj.art\/wp-content\/uploads\/2026\/02\/regence-cafe-chess-set-1780-1820-1.png 1886w\" sizes=\"(max-width: 800px) 100vw, 800px\" \/>\t\t\t\t\t\t\t\t\t\t\t\t\t\t\t<\/div>\n\t\t\t\t<\/div>\n\t\t\t\t<div class=\"elementor-element elementor-element-6e231da elementor-widget-tablet__width-inherit elementor-widget elementor-widget-text-editor\" data-id=\"6e231da\" data-element_type=\"widget\" data-e-type=\"widget\" data-widget_type=\"text-editor.default\">\n\t\t\t\t<div class=\"elementor-widget-container\">\n\t\t\t\t\t\t\t\t\t<p><strong>\u015eAH\u00ce \u043c\u043e\u043d\u0430\u0440\u0445\/\u0445\u0430\u0430\u043d\/\u0448\u0430\u0445 \u0445\u044d\u0441\u044d\u0433: \u0413\u04af\u043b\u0448\u0430\u0445<\/strong><\/p><p>\u0413\u04af\u043b\u0448\u0430\u0445 \u043d\u044c \u0442\u043e\u043b\u0433\u043e\u0439 \u0434\u0430\u0445\u044c \u0430\u043b\u0447\u0443\u0443\u0440\u044b\u043d \u043c\u044d\u0440\u0433\u044d\u043d \u0443\u0445\u0430\u0430\u043d, \u0431\u04e9\u043c\u0431\u04e9\u0433\u04e9\u0440 \u0434\u044d\u044d\u0432\u0440\u0438\u0439\u043d \u0430\u0440\u0438\u0443\u043d \u0431\u0430\u0439\u0434\u0430\u043b, \u044d\u0440\u0445 \u043c\u044d\u0434\u043b\u0438\u0439\u0433 \u0438\u043b\u044d\u0440\u0445\u0438\u0439\u043b\u044d\u0445 \u0431\u04e9\u0433\u04e9\u04e9\u0434 \u0430\u043c\u044c\u0434\u0440\u0430\u043b, \u0433\u043e\u043e \u04af\u0437\u044d\u0441\u0433\u044d\u043b\u044d\u043d\u0433 \u0431\u044d\u043b\u0433\u044d\u0434\u0441\u044d\u043d \u0441\u0430\u0440\u043d\u0430\u0439\u0433 \u043c\u0430\u0442\u043d\u0430\u0430\u0441 \u0445\u0430\u043c\u0433\u0430\u0430\u043b\u0430\u0445 \u0451\u0441\u0442\u043e\u0439. \u0411\u04e9\u043c\u0431\u04e9\u0433\u04e9\u0440 \u0434\u044d\u044d\u0432\u044d\u0440 \u043d\u044c \u0410\u044f-\u0421\u043e\u0444\u0438\u044f, \u041f\u0430\u043d\u0442\u0435\u043e\u043d, MIT \u0437\u044d\u0440\u044d\u0433 \u0431\u044d\u043b\u0433\u044d \u0442\u044d\u043c\u0434\u044d\u0433 \u0431\u043e\u043b\u0441\u043e\u043d \u0431\u0430\u0440\u0438\u043b\u0433\u0443\u0443\u0434\u0430\u0430\u0441 \u0441\u0430\u043d\u0430\u0430 \u0430\u0432\u0441\u0430\u043d. \u0422\u043e\u043b\u0433\u043e\u0439 \u0434\u0430\u0445\u044c \u0430\u043b\u0447\u0443\u0443\u0440 \u043d\u044c \u0410\u0441-\u0421\u0443\u043b\u0438, \u0421\u0442\u0430\u043c\u043c\u0430 \u0437\u044d\u0440\u044d\u0433 \u044d\u0440\u0442\u043d\u0438\u0439 \u0448\u0430\u0442\u0430\u0440 \u0437\u043e\u0445\u0438\u043e\u0433\u0447\u0434\u044b\u043d \u043e\u044e\u0443\u043d\u044b \u04e9\u0432\u0438\u0439\u0433 \u0442\u0443\u0441\u0433\u0430\u0436, \u0442\u0438\u0442\u044d\u043c \u043d\u044c \u044d\u0440\u0442\u043d\u0438\u0439 \u041e\u043b\u0438\u043c\u043f\u0438\u0439\u043d \u043e\u043b\u0438\u0432\u044b\u043d \u0431\u04e9\u0433\u0436\u043d\u04af\u04af\u0434\u0442\u044d\u0439 \u0430\u0434\u0438\u043b. \u0422\u04af\u04af\u0445\u044d\u043d\u0434 \u044d\u043d\u044d \u0444\u0438\u0433\u0443\u0440\u044b\u0433 raja, shah, king \u0431\u0443\u044e\u0443 commander \u0433\u044d\u0436 \u043d\u044d\u0440\u043b\u044d\u0436 \u0438\u0440\u0441\u044d\u043d. \u201cG\u00fcl\u201d \u0433\u044d\u0434\u044d\u0433 \u043d\u044c \u0422\u04e9\u0432 \u0410\u0437\u0438\u0439\u043d \u0445\u044d\u043b\u043d\u04af\u04af\u0434\u044d\u0434 \u0441\u0430\u0440\u043d\u0430\u0439 \u0446\u044d\u0446\u0433\u0438\u0439\u0433 \u0438\u043b\u044d\u0440\u0445\u0438\u0439\u043b\u043d\u044d. \u201c\u015eah\u201d (\u0443\u043d\u0448\u0438\u0433\u0434\u0434\u0430\u0433 \u043d\u044c \u2018\u0428\u0430\u0445\u2019) \u043d\u044c \u043e\u043b\u043e\u043d \u0445\u044d\u043b\u044d\u043d\u0434 \u0448\u0430\u0442\u0430\u0440\u044b\u043d \u043d\u044d\u0440 \u044e\u043c. \u042d\u0445\u044d\u043d\u0434\u044d\u044d shah \u043d\u044c \u044d\u0440\u044d\u0433\u0442\u044d\u0439 \u0445\u0430\u0430\u043d\u0447\u043b\u0430\u043b\u044b\u0433 \u0438\u043b\u044d\u0440\u0445\u0438\u0439\u043b\u0434\u044d\u0433 \u0431\u0430\u0439\u0441\u0430\u043d \u0447 \u04e9\u043d\u04e9\u04e9 \u04af\u0435\u0434 \u044d\u043d\u044d \u043d\u044d\u0440\u0441 \u0431\u044d\u043b\u0433\u044d\u0434\u043b\u0438\u0439\u043d \u0431\u043e\u043b\u043e\u043d \u043e\u0440\u0447\u0438\u043d \u04af\u0435\u0438\u0439\u043d \u0445\u044d\u0440\u044d\u0433\u043b\u044d\u044d\u043d\u0434 \u0445\u04af\u0439\u0441\u043d\u044d\u044d\u0441 \u04af\u043b \u0445\u0430\u043c\u0430\u0430\u0440\u0430\u043b\u0442\u0430\u0439 \u0431\u043e\u043b\u0441\u043e\u043d.<\/p>\t\t\t\t\t\t\t\t<\/div>\n\t\t\t\t<\/div>\n\t\t\t\t<div class=\"elementor-element elementor-element-10b021d elementor-widget elementor-widget-image\" data-id=\"10b021d\" data-element_type=\"widget\" data-e-type=\"widget\" data-widget_type=\"image.default\">\n\t\t\t\t<div class=\"elementor-widget-container\">\n\t\t\t\t\t\t\t\t\t\t\t\t\t\t\t<img decoding=\"async\" width=\"188\" height=\"237\" src=\"https:\/\/shatranj.art\/wp-content\/uploads\/2026\/02\/Philipp-Stamma-Public-Domain.jpg\" class=\"attachment-large size-large wp-image-1071\" alt=\"\" \/>\t\t\t\t\t\t\t\t\t\t\t\t\t\t\t<\/div>\n\t\t\t\t<\/div>\n\t\t\t\t<\/div>\n\t\t<div class=\"elementor-element elementor-element-538608d e-con-full e-flex e-con e-child\" data-id=\"538608d\" data-element_type=\"container\" data-e-type=\"container\">\n\t\t\t\t<div class=\"elementor-element elementor-element-60ca9fa elementor-widget elementor-widget-image\" data-id=\"60ca9fa\" data-element_type=\"widget\" data-e-type=\"widget\" data-widget_type=\"image.default\">\n\t\t\t\t<div class=\"elementor-widget-container\">\n\t\t\t\t\t\t\t\t\t\t\t\t\t\t\t<img decoding=\"async\" width=\"800\" height=\"800\" src=\"https:\/\/shatranj.art\/wp-content\/uploads\/2026\/02\/shahi-gulsah-king-piece-1-1024x1024.png\" class=\"attachment-large size-large wp-image-1074\" alt=\"\" srcset=\"https:\/\/shatranj.art\/wp-content\/uploads\/2026\/02\/shahi-gulsah-king-piece-1-1024x1024.png 1024w, https:\/\/shatranj.art\/wp-content\/uploads\/2026\/02\/shahi-gulsah-king-piece-1-300x300.png 300w, https:\/\/shatranj.art\/wp-content\/uploads\/2026\/02\/shahi-gulsah-king-piece-1-150x150.png 150w, https:\/\/shatranj.art\/wp-content\/uploads\/2026\/02\/shahi-gulsah-king-piece-1-768x768.png 768w, https:\/\/shatranj.art\/wp-content\/uploads\/2026\/02\/shahi-gulsah-king-piece-1-1536x1536.png 1536w, https:\/\/shatranj.art\/wp-content\/uploads\/2026\/02\/shahi-gulsah-king-piece-1-2048x2048.png 2048w\" sizes=\"(max-width: 800px) 100vw, 800px\" \/>\t\t\t\t\t\t\t\t\t\t\t\t\t\t\t<\/div>\n\t\t\t\t<\/div>\n\t\t\t\t<div class=\"elementor-element elementor-element-aa06c95 elementor-widget-tablet__width-inherit elementor-widget elementor-widget-text-editor\" data-id=\"aa06c95\" data-element_type=\"widget\" data-e-type=\"widget\" data-widget_type=\"text-editor.default\">\n\t\t\t\t<div class=\"elementor-widget-container\">\n\t\t\t\t\t\t\t\t\t<p><strong>\u0422\u0430\u0439\u043b\u0431\u0430\u0440 \u0431\u0430 \u04e9\u0432<\/strong><\/p><p>\u0413\u04af\u043b\u0448\u0430\u0445 \u0431\u04af\u0442\u044d\u044d\u043b \u043d\u044c \u0448\u0430\u0442\u0430\u0440\u044b\u043d \u0442\u04af\u04af\u0445\u0438\u0439\u043d \u043e\u044e\u0443\u043d\u044b \u0430\u0432\u0430\u0440\u0433\u0430\u0434\u0438\u0439\u0433 \u0445\u04af\u043d\u0434\u044d\u0442\u0433\u044d\u0445 \u04e9\u0432\u04e9\u0440\u043c\u04e9\u0446 \u0442\u043e\u043b\u0433\u043e\u0439 \u043e\u0440\u043e\u043e\u0445 \u0437\u0430\u0433\u0432\u0430\u0440\u0442\u0430\u0439. \u042d\u043d\u044d \u0442\u043e\u043b\u0433\u043e\u0439 \u043e\u0440\u043e\u043e\u043b\u0442\u044b\u0433 \u0434\u0443\u043d\u0434\u0430\u0434 \u0437\u0443\u0443\u043d\u044b \u043c\u0430\u0441\u0442\u0435\u0440 \u0430\u0441-\u0421\u0443\u043b\u0438 \u0431\u043e\u043b\u043e\u043d XVIII \u0437\u0443\u0443\u043d\u044b \u043c\u0430\u0441\u0442\u0435\u0440, \u0445\u0430\u0430\u043d\u044b \u043e\u0440\u0447\u0443\u0443\u043b\u0430\u0433\u0447 \u0424\u0438\u043b\u0438\u043f\u043f \u0421\u0442\u0430\u043c\u043c\u0430 \u0437\u044d\u0440\u044d\u0433 \u0445\u04af\u043c\u04af\u04af\u0441\u0438\u0439\u043d \u04e9\u043c\u0441\u0434\u04e9\u0433 \u0443\u043b\u0430\u043c\u0436\u043b\u0430\u043b\u0442 \u0442\u0443\u0440\u0431\u0430\u043d\u0443\u0443\u0434\u044b\u043d \u0437\u0430\u0433\u0432\u0430\u0440\u0430\u0430\u0440 \u0431\u04af\u0442\u044d\u044d\u0441\u044d\u043d. \u0410\u043b\u0435\u043f\u043f\u043e \u0445\u043e\u0442\u043e\u0434 \u0442\u04e9\u0440\u0436, \u041b\u043e\u043d\u0434\u043e\u043d, \u041f\u0430\u0440\u0438\u0441 \u0437\u044d\u0440\u044d\u0433 \u0442\u043e\u043c\u043e\u043e\u0445\u043e\u043d \u043e\u044e\u0443\u043d\u044b \u0442\u04e9\u0432\u04af\u04af\u0434\u044d\u0434 \u0438\u0434\u044d\u0432\u0445\u0442\u044d\u0439 \u0431\u0430\u0439\u0441\u0430\u043d \u0421\u0442\u0430\u043c\u043c\u0430 \u043d\u044c \u043e\u043b\u043e\u043d \u0441\u043e\u0451\u043b\u044b\u0433 \u04e9\u04e9\u0440\u0442\u04e9\u04e9 \u0448\u0438\u043d\u0433\u044d\u044d\u0441\u044d\u043d \u0436\u0438\u043d\u0445\u044d\u043d\u044d \u043e\u043b\u043e\u043d \u0442\u0430\u043b\u0442 \u0445\u04af\u043d \u0431\u0430\u0439\u0432. \u0422\u044d\u0440\u044d\u044d\u0440 \u0411\u0440\u0438\u0442\u0430\u043d\u0438\u0439\u043d \u0442\u04e9\u0440\u0434 \u043e\u0440\u0447\u0443\u0443\u043b\u0430\u0433\u0447\u0430\u0430\u0440 \u0430\u0436\u0438\u043b\u043b\u0430\u0436, \u0448\u0430\u0442\u0430\u0440 \u0442\u044d\u043c\u0434\u044d\u0433\u043b\u044d\u0445 \u0430\u043d\u0445\u0434\u0430\u0433\u0447 \u0441\u0438\u0441\u0442\u0435\u043c\u04af\u04af\u0434\u0438\u0439\u0433 \u0431\u043e\u043b\u043e\u0432\u0441\u0440\u0443\u0443\u043b\u0441\u043d\u0430\u0430\u0440\u0430\u0430 \u0414\u043e\u0440\u043d\u043e\u0434, \u04e8\u0440\u043d\u0438\u0439\u043d \u0443\u043b\u0430\u043c\u0436\u043b\u0430\u043b\u044b\u0433 \u0445\u043e\u043b\u0431\u043e\u0441\u043e\u043d. \u042d\u043d\u044d \u0437\u0430\u0433\u0432\u0430\u0440 \u043d\u044c \u0431\u04af\u0442\u044d\u044d\u043b\u0434 \u0433\u04af\u043d \u0443\u0445\u0430\u0430\u043d, \u044d\u0440\u0434\u044d\u043c \u0448\u0438\u043d\u0436\u0438\u043b\u0433\u044d\u044d\u043d\u0438\u0439 \u043d\u044d\u0440 \u0445\u04af\u043d\u0434, \u044d\u0440\u0445 \u043c\u044d\u0434\u043b\u0438\u0439\u0433 \u0448\u0438\u043d\u0433\u044d\u044d\u0434\u044d\u0433.<\/p>\t\t\t\t\t\t\t\t<\/div>\n\t\t\t\t<\/div>\n\t\t\t\t<div class=\"elementor-element elementor-element-117e242 elementor-widget elementor-widget-image\" data-id=\"117e242\" data-element_type=\"widget\" data-e-type=\"widget\" data-widget_type=\"image.default\">\n\t\t\t\t<div class=\"elementor-widget-container\">\n\t\t\t\t\t\t\t\t\t\t\t\t\t\t\t<img loading=\"lazy\" decoding=\"async\" width=\"800\" height=\"592\" src=\"https:\/\/shatranj.art\/wp-content\/uploads\/2026\/02\/olive-crown-olympos-1024x758.jpg\" class=\"attachment-large size-large wp-image-1558\" alt=\"\" srcset=\"https:\/\/shatranj.art\/wp-content\/uploads\/2026\/02\/olive-crown-olympos-1024x758.jpg 1024w, https:\/\/shatranj.art\/wp-content\/uploads\/2026\/02\/olive-crown-olympos-300x222.jpg 300w, https:\/\/shatranj.art\/wp-content\/uploads\/2026\/02\/olive-crown-olympos-768x568.jpg 768w, https:\/\/shatranj.art\/wp-content\/uploads\/2026\/02\/olive-crown-olympos-16x12.jpg 16w, https:\/\/shatranj.art\/wp-content\/uploads\/2026\/02\/olive-crown-olympos.jpg 1280w\" sizes=\"(max-width: 800px) 100vw, 800px\" \/>\t\t\t\t\t\t\t\t\t\t\t\t\t\t\t<\/div>\n\t\t\t\t<\/div>\n\t\t\t\t<div class=\"elementor-element elementor-element-07417e4 elementor-widget-tablet__width-inherit elementor-widget elementor-widget-text-editor\" data-id=\"07417e4\" data-element_type=\"widget\" data-e-type=\"widget\" data-widget_type=\"text-editor.default\">\n\t\t\t\t<div class=\"elementor-widget-container\">\n\t\t\t\t\t\t\t\t\t<p><strong>\u0420\u043e\u0437\u044b\u043d \u0434\u044d\u043b\u0431\u044d\u044d\u043d\u04af\u04af\u0434 \u0431\u0430 \u041e\u043b\u0438\u043c\u043f\u044b\u043d \u043e\u043b\u0438\u0432\u043d\u044b \u0442\u0438\u0442\u044d\u043c<\/strong><\/p><p>\u015eAH\u00ce \u043c\u043e\u043d\u0430\u0440\u043a \u0431\u04af\u0442\u044d\u044d\u043b\u0438\u0439\u043d \u0442\u0438\u0442\u044d\u043c\u0434 \u0430\u043c\u044c\u0434\u0440\u0430\u043b\u044b\u043d \u0433\u043e\u043e \u04af\u0437\u044d\u0441\u0433\u044d\u043b\u044d\u043d, \u044d\u043c\u0437\u044d\u0433 \u0431\u0430\u0439\u0434\u043b\u044b\u0433 \u0431\u044d\u043b\u0433\u044d\u0434\u0441\u044d\u043d \u0441\u0430\u0440\u043d\u0430\u0439 \u0446\u044d\u0446\u0433\u0438\u0439\u043d \u0434\u044d\u043b\u0431\u044d\u044d\u043d\u04af\u04af\u0434 \u043e\u0440\u0441\u043e\u043d \u2014 \u044d\u043d\u044d \u04af\u043d\u044d \u0446\u044d\u043d\u044d\u0442\u044d\u0439 \u0431\u0430\u0439\u0434\u043b\u044b\u0433 \u0448\u0430\u0445\u043c\u0430\u0442\u044b\u043d \u0441\u0430\u043c\u0431\u0430\u0440 \u0434\u044d\u044d\u0440 \u0445\u0430\u0430\u043d \u0445\u044d\u0440\u0445\u044d\u043d \u0445\u0430\u043c\u0433\u0430\u0430\u043b\u0430\u0433\u0434\u0434\u0430\u0433 \u0448\u0438\u0433 \u0448\u0438\u0440\u04af\u04af\u043d \u0445\u0430\u043c\u0433\u0430\u0430\u043b\u0430\u0445 \u0451\u0441\u0442\u043e\u0439. \u042d\u043d\u044d\u0445\u04af\u04af \u0437\u0430\u0433\u0432\u0430\u0440 \u043d\u044c \u041e\u043b\u0438\u043c\u043f\u044b\u043d \u043e\u043b\u0438\u0432\u043d\u044b \u0442\u0438\u0442\u044d\u043c\u044d\u044d\u0441 \u0443\u0440\u0430\u043c \u0430\u0432\u0447, \u0442\u04af\u04af\u0445\u0438\u0439\u043d \u044f\u043b\u0430\u043b\u0442\u044b\u043d \u044d\u0440\u044d\u043b\u0442\u0438\u0439\u0433 \u0430\u043c\u044c\u0434\u0440\u0430\u043b\u044b\u043d \u044d\u043c\u0437\u044d\u0433 \u0431\u0430\u0439\u0434\u043b\u044b\u0433 \u0445\u0430\u043c\u0433\u0430\u0430\u043b\u0430\u0445\u0442\u0430\u0439 \u0445\u043e\u043b\u0431\u043e\u0436 \u04e9\u0433\u0434\u04e9\u0433.<\/p>\t\t\t\t\t\t\t\t<\/div>\n\t\t\t\t<\/div>\n\t\t\t\t<\/div>\n\t\t<div class=\"elementor-element elementor-element-2d81034 e-con-full e-flex e-con e-child\" data-id=\"2d81034\" data-element_type=\"container\" data-e-type=\"container\">\n\t\t\t\t<div class=\"elementor-element elementor-element-71345be elementor-widget elementor-widget-image\" data-id=\"71345be\" data-element_type=\"widget\" data-e-type=\"widget\" data-widget_type=\"image.default\">\n\t\t\t\t<div class=\"elementor-widget-container\">\n\t\t\t\t\t\t\t\t\t\t\t\t\t\t\t<img loading=\"lazy\" decoding=\"async\" width=\"600\" height=\"800\" src=\"https:\/\/shatranj.art\/wp-content\/uploads\/2026\/02\/suli-statue.jpg\" class=\"attachment-large size-large wp-image-1075\" alt=\"\" srcset=\"https:\/\/shatranj.art\/wp-content\/uploads\/2026\/02\/suli-statue.jpg 600w, https:\/\/shatranj.art\/wp-content\/uploads\/2026\/02\/suli-statue-225x300.jpg 225w\" sizes=\"(max-width: 600px) 100vw, 600px\" \/>\t\t\t\t\t\t\t\t\t\t\t\t\t\t\t<\/div>\n\t\t\t\t<\/div>\n\t\t\t\t<div class=\"elementor-element elementor-element-1f7e824 elementor-widget-tablet__width-inherit elementor-widget elementor-widget-text-editor\" data-id=\"1f7e824\" data-element_type=\"widget\" data-e-type=\"widget\" data-widget_type=\"text-editor.default\">\n\t\t\t\t<div class=\"elementor-widget-container\">\n\t\t\t\t\t\t\t\t\t<p><strong>\u0413\u044d\u0433\u044d\u044d\u0440\u043b\u0438\u0439\u043d \u04e9\u0432<\/strong><br \/><strong>\u015eah\u00ee \u0438\u0436 \u0431\u04af\u0440\u0434\u044d\u043b \u0434\u044d\u0445 \u0420\u0435\u0436\u0435\u043d\u0441\u0438 \u04e9\u0432<\/strong><\/p><p>\u00a0<\/p><p>\u0424\u0440\u0430\u043d\u0446\u044b\u043d \u0420\u0435\u0433\u0435\u043d\u0441\u0438\u0439\u043d \u0438\u0436 \u0431\u04af\u0440\u0434\u044d\u043b \u043d\u044c \u0443\u0445\u0430\u0430\u043d, \u043c\u044d\u0434\u043b\u044d\u0433\u0438\u0439\u043d \u044d\u0440\u044d\u043b \u0445\u0430\u0439\u0433\u0443\u0443\u043b\u0434 \u0442\u0443\u043b\u0433\u0443\u0443\u0440\u043b\u0430\u0441\u0430\u043d \u041f\u0440\u043e\u0441\u0432\u0435\u0449\u0435\u043d\u0438\u0435 \u04af\u0435\u0438\u0439\u043d \u0431\u044d\u043b\u0433\u044d\u0434\u044d\u043b \u044e\u043c. \u0422\u04af\u04af\u0445\u044d\u043d \u0430\u0433\u0443\u0443 \u044d\u0440\u0445\u044d\u043c\u0441\u044d\u0433\u04af\u04af\u0434 \u0431\u043e\u043b\u043e\u0445 \u0411\u0435\u043d\u0436\u0430\u043c\u0438\u043d \u0424\u0440\u0430\u043d\u043a\u043b\u0438\u043d, \u041d\u0430\u043f\u043e\u043b\u0435\u043e\u043d \u0411\u043e\u043d\u0430\u043f\u0430\u0440\u0442, \u043c\u0430\u0441\u0442\u0435\u0440 \u0424\u0438\u043b\u0438\u0434\u043e\u0440 \u043d\u0430\u0440 \u0430\u043b\u0434\u0430\u0440\u0442 Caf\u00e9 de la R\u00e9gence-\u0434 \u0442\u043e\u0433\u043b\u043e\u0436 \u0431\u0430\u0439\u0441\u0430\u043d \u044d\u043d\u044d \u0438\u0436 \u0431\u04af\u0440\u0434\u044d\u043b \u043d\u044c \u043e\u044e\u0443\u043d\u044b \u04e9\u0440\u0441\u04e9\u043b\u0434\u04e9\u04e9\u043d\u0438\u0439 \u0441\u0442\u0430\u043d\u0434\u0430\u0440\u0442 \u0431\u043e\u043b\u0441\u043e\u043d. \u015eah\u00ee \u0448\u0430\u0442\u0430\u0440\u044b\u043d \u0438\u0436 \u0431\u04af\u0440\u0434\u044d\u043b \u044d\u043d\u044d \u04e9\u0432 \u0441\u043e\u0451\u043b\u044b\u0433 \u0437\u043e\u0440\u0438\u0443\u0434\u0430\u0430\u0440 \u0445\u0430\u0434\u0433\u0430\u043b\u0434\u0430\u0433. \u0420\u0435\u0436\u0435\u043d\u0441\u0438 \u0445\u0430\u0430\u043d\u044b \u0446\u044d\u0446\u0433\u044d\u043d \u0445\u044d\u044d\u043d\u044d\u044d\u0441 \u0441\u0430\u043d\u0430\u0430 \u0430\u0432\u0447, \u0413\u04af\u043b\u0448\u0430\u0445 \u0445\u04e9\u0434\u04e9\u043b\u0433\u04af\u04af\u0440\u0442 \u0448\u0438\u043d\u0433\u044d\u044d\u0441\u044d\u043d \u015eah\u00ee \u0438\u0436 \u0431\u04af\u0440\u0434\u044d\u043b \u043d\u044c 18-\u0440 \u0437\u0443\u0443\u043d\u044b \u0415\u0432\u0440\u043e\u043f\u044b\u043d \u0442\u0430\u043d\u0441\u0430\u0433 \u0431\u0430\u0439\u0434\u043b\u044b\u0433 \u0414\u043e\u0440\u043d\u044b\u043d \u0433\u04af\u043d\u0437\u0433\u0438\u0439 \u044d\u0440\u0434\u044d\u043c \u0448\u0438\u043d\u0436\u0438\u043b\u0433\u044d\u044d\u043d\u0438\u0439 \u0443\u043b\u0430\u043c\u0436\u043b\u0430\u043b\u0442\u0430\u0439 \u0445\u043e\u043b\u0431\u043e\u0436, \u0442\u043e\u0433\u043b\u043e\u043e\u043c\u044b\u043d \u0430\u043b\u0442\u0430\u043d \u04af\u0435\u0438\u0439\u0433 \u0442\u043e\u0434\u043e\u0440\u0445\u043e\u0439\u043b\u0441\u043e\u043d \u043c\u0430\u0441\u0442\u0435\u0440\u0443\u0443\u0434\u044b\u0433 \u0445\u04af\u043d\u0434\u044d\u0442\u0433\u044d\u0434\u044d\u0433.<\/p>\t\t\t\t\t\t\t\t<\/div>\n\t\t\t\t<\/div>\n\t\t\t\t<\/div>\n\t\t\t\t<\/div>\n\t\t\t\t\t<\/div>\n\t\t\t\t<\/div>\n\t\t\t\t<\/div>","protected":false},"excerpt":{"rendered":"<p>\u015eAH\u00ce set monarch\/king\/shah piece: G\u00fcl\u015fah G\u00fcl\u015fah represents the wisdom of the headwrap, the sanctity and authority of the dome, and rose as a symbol of life and beauty, which must be protected from checkmate. The dome draws inspiration from iconic structures like the Hagia Sophia, the Pantheon, and MIT. The headwrap reflects the intellectual legacy [&hellip;]<\/p>\n","protected":false},"author":1,"featured_media":0,"parent":743,"menu_order":0,"comment_status":"closed","ping_status":"closed","template":"","meta":{"footnotes":""},"class_list":["post-1068","page","type-page","status-publish","hentry"],"_links":{"self":[{"href":"https:\/\/shatranj.art\/mn\/wp-json\/wp\/v2\/pages\/1068","targetHints":{"allow":["GET"]}}],"collection":[{"href":"https:\/\/shatranj.art\/mn\/wp-json\/wp\/v2\/pages"}],"about":[{"href":"https:\/\/shatranj.art\/mn\/wp-json\/wp\/v2\/types\/page"}],"author":[{"embeddable":true,"href":"https:\/\/shatranj.art\/mn\/wp-json\/wp\/v2\/users\/1"}],"replies":[{"embeddable":true,"href":"https:\/\/shatranj.art\/mn\/wp-json\/wp\/v2\/comments?post=1068"}],"version-history":[{"count":10,"href":"https:\/\/shatranj.art\/mn\/wp-json\/wp\/v2\/pages\/1068\/revisions"}],"predecessor-version":[{"id":1561,"href":"https:\/\/shatranj.art\/mn\/wp-json\/wp\/v2\/pages\/1068\/revisions\/1561"}],"up":[{"embeddable":true,"href":"https:\/\/shatranj.art\/mn\/wp-json\/wp\/v2\/pages\/743"}],"wp:attachment":[{"href":"https:\/\/shatranj.art\/mn\/wp-json\/wp\/v2\/media?parent=1068"}],"curies":[{"name":"wp","href":"https:\/\/api.w.org\/{rel}","templated":true}]}}