{"id":1053,"date":"2026-02-22T18:09:29","date_gmt":"2026-02-22T18:09:29","guid":{"rendered":"https:\/\/shatranj.art\/?page_id=1053"},"modified":"2026-02-23T05:20:05","modified_gmt":"2026-02-23T05:20:05","slug":"poster-28","status":"publish","type":"page","link":"https:\/\/shatranj.art\/mr\/exhibit\/poster-28\/","title":{"rendered":"\u092a\u094b\u0938\u094d\u091f\u0930 \u0968\u096e"},"content":{"rendered":"<div data-elementor-type=\"wp-page\" data-elementor-id=\"1053\" class=\"elementor elementor-1053\" data-elementor-post-type=\"page\">\n\t\t\t\t<div class=\"elementor-element elementor-element-0bbd3b8 e-flex e-con-boxed e-con e-parent\" data-id=\"0bbd3b8\" data-element_type=\"container\" data-e-type=\"container\" data-settings=\"{&quot;background_background&quot;:&quot;classic&quot;}\">\n\t\t\t\t\t<div class=\"e-con-inner\">\n\t\t<div class=\"elementor-element elementor-element-c1f4b02 e-con-full e-flex e-con e-child\" data-id=\"c1f4b02\" data-element_type=\"container\" data-e-type=\"container\">\n\t\t\t\t<div class=\"elementor-element elementor-element-be9a805 elementor-widget__width-initial elementor-widget elementor-widget-image\" data-id=\"be9a805\" data-element_type=\"widget\" data-e-type=\"widget\" data-widget_type=\"image.default\">\n\t\t\t\t<div class=\"elementor-widget-container\">\n\t\t\t\t\t\t\t\t\t\t\t\t\t\t\t<img fetchpriority=\"high\" decoding=\"async\" width=\"683\" height=\"1024\" src=\"https:\/\/shatranj.art\/wp-content\/uploads\/2026\/02\/28-683x1024.jpg\" class=\"attachment-large size-large wp-image-1059\" alt=\"\" srcset=\"https:\/\/shatranj.art\/wp-content\/uploads\/2026\/02\/28-683x1024.jpg 683w, https:\/\/shatranj.art\/wp-content\/uploads\/2026\/02\/28-200x300.jpg 200w, https:\/\/shatranj.art\/wp-content\/uploads\/2026\/02\/28-768x1152.jpg 768w, https:\/\/shatranj.art\/wp-content\/uploads\/2026\/02\/28-1024x1536.jpg 1024w, https:\/\/shatranj.art\/wp-content\/uploads\/2026\/02\/28.jpg 1249w\" sizes=\"(max-width: 683px) 100vw, 683px\" \/>\t\t\t\t\t\t\t\t\t\t\t\t\t\t\t<\/div>\n\t\t\t\t<\/div>\n\t\t\t\t<div class=\"elementor-element elementor-element-b42301a elementor-widget__width-initial elementor-widget-tablet__width-inherit elementor-widget elementor-widget-text-editor\" data-id=\"b42301a\" data-element_type=\"widget\" data-e-type=\"widget\" data-widget_type=\"text-editor.default\">\n\t\t\t\t<div class=\"elementor-widget-container\">\n\t\t\t\t\t\t\t\t\t<p><b>\u015eah\u00ee \u0938\u0902\u091a: \u0930\u093f\u091c\u0947\u0928\u094d\u0938\u0940 \u092b\u093f\u0932\u093f\u0921\u094b\u0930 \u092a\u094d\u092f\u093e\u0926\u093e<\/b><\/p><p>\u00a0<\/p><p>\u0915\u0949\u092b\u0940 \u0906\u0923\u093f \u0915\u0945\u092b\u0947\u091a\u0947 \u092a\u094d\u0930\u0938\u093e\u0930 \u0936\u0924\u0930\u0902\u091c\u091a\u094d\u092f\u093e \u0909\u0924\u094d\u0915\u094d\u0930\u093e\u0902\u0924\u0940\u0936\u0940 \u0917\u0941\u0902\u0924\u0932\u0947\u0932\u0947 \u0906\u0939\u0947.  \u0930\u0947\u091c\u0947\u0928\u094d\u0938 \u092b\u093f\u0932\u093f\u0921\u094b\u0930 \u092a\u094d\u092f\u093e\u0926\u093e \u092a\u094d\u0930\u092c\u094b\u0927\u0928 \u092f\u0941\u0917\u093e\u0924\u0940\u0932 \u092a\u0945\u0930\u093f\u0938-\u0930\u0947\u091c\u0947\u0928\u094d\u0938 \u0915\u0945\u092b\u0947\u092e\u0927\u0940\u0932 \u092a\u094d\u0930\u093e\u092e\u093e\u0923\u093f\u0915 \u0936\u0924\u0930\u0902\u091c \u0938\u0902\u091a \u0906\u0923\u093f \u0924\u094d\u092f\u093e \u0915\u093e\u0933\u093e\u0924\u0940\u0932 \u0938\u0930\u094d\u0935\u093e\u0924 \u0936\u0915\u094d\u0924\u093f\u0936\u093e\u0932\u0940 \u0916\u0947\u0933\u093e\u0921\u0942 \u092b\u093f\u0932\u093f\u0921\u094b\u0930\u091a\u094d\u092f\u093e \u092a\u094d\u0930\u0938\u093f\u0926\u094d\u0927 \u0935\u093e\u0915\u094d\u092a\u094d\u0930\u091a\u093e\u0930 \u201c\u092a\u094d\u092f\u093e\u0926\u0947 \u0939\u0947 \u0936\u0924\u0930\u0902\u091c\u091a\u0940 \u0906\u0924\u094d\u092e\u093e \u0906\u0939\u0947\u0924\" \u092f\u093e\u0935\u0930\u0942\u0928 \u092a\u094d\u0930\u0947\u0930\u093f\u0924 \u0906\u0939\u0947.<\/p><p>\u00a0<\/p><p>\u092a\u093e\u0901\u091a\u0940 \u0930\u091a\u0928\u093e \u0939\u0940 \u0936\u0924\u0930\u0902\u091c\u091a\u094d\u092f\u093e \u0916\u0947\u0933\u093e\u091a\u093e \u092a\u094d\u0930\u0935\u093e\u0939 \u0920\u0930\u0935\u0923\u093e\u0931\u094d\u092f\u093e \u0938\u0930\u094d\u0935\u093e\u0924 \u092e\u0939\u0924\u094d\u0924\u094d\u0935\u093e\u091a\u094d\u092f\u093e \u0928\u093f\u0915\u0937\u093e\u0902\u092a\u0948\u0915\u0940 \u090f\u0915 \u0906\u0939\u0947, \u0906\u0923\u093f \u0905\u0928\u0947\u0915 \u0938\u094d\u0925\u093f\u0924\u0940 \u092a\u093e\u0901\u091a\u094d\u092f\u093e \u0930\u091a\u0928\u0947\u0928\u0941\u0938\u093e\u0930 \u0935\u0930\u094d\u0917\u0940\u0915\u0943\u0924 \u0915\u0947\u0932\u094d\u092f\u093e \u091c\u093e\u0924\u093e\u0924. \u092b\u093f\u0932\u093f\u0921\u094b\u0930, \u090f\u0915 \u0911\u092a\u0947\u0930\u093e \u0938\u0902\u0917\u0940\u0924\u0915\u093e\u0930 \u0906\u0923\u093f \u092a\u094d\u0930\u0938\u093f\u0926\u094d\u0927 \u0936\u0924\u0930\u0902\u091c \u0938\u094d\u0935\u092f\u0902\u091a\u0932\u093f\u0924 \u092f\u0902\u0924\u094d\u0930 '\u0926 \u091f\u0930\u094d\u0915'\u0932\u093e \u092a\u0930\u093e\u092d\u0942\u0924 \u0915\u0930\u0923\u093e\u0931\u094d\u092f\u093e \u0915\u093e\u0939\u0940\u091a \u0916\u0947\u0933\u093e\u0921\u0942\u0902\u092a\u0948\u0915\u0940 \u090f\u0915, \u092f\u093e\u0902\u0928\u0940 \u0938\u0930\u094d\u0935\u0938\u093e\u092e\u093e\u0928\u094d\u092f \u0928\u093e\u0917\u0930\u093f\u0915\u093e\u0902\u0928\u093e \u0938\u092e\u093e\u091c\u093e\u091a\u0940 \u092a\u093e\u092f\u093e \u0906\u0923\u093f \u0906\u0924\u094d\u092e\u093e \u092e\u094d\u0939\u0923\u0942\u0928 \u0905\u0927\u094b\u0930\u0947\u0916\u093f\u0924 \u0915\u0947\u0932\u0947.<\/p>\t\t\t\t\t\t\t\t<\/div>\n\t\t\t\t<\/div>\n\t\t\t\t<div class=\"elementor-element elementor-element-080136b elementor-widget__width-initial elementor-widget elementor-widget-image\" data-id=\"080136b\" data-element_type=\"widget\" data-e-type=\"widget\" data-widget_type=\"image.default\">\n\t\t\t\t<div class=\"elementor-widget-container\">\n\t\t\t\t\t\t\t\t\t\t\t\t\t\t\t<img decoding=\"async\" width=\"683\" height=\"1024\" src=\"https:\/\/shatranj.art\/wp-content\/uploads\/2026\/02\/28-1-683x1024.jpg\" class=\"attachment-large size-large wp-image-1060\" alt=\"\" srcset=\"https:\/\/shatranj.art\/wp-content\/uploads\/2026\/02\/28-1-683x1024.jpg 683w, https:\/\/shatranj.art\/wp-content\/uploads\/2026\/02\/28-1-200x300.jpg 200w, https:\/\/shatranj.art\/wp-content\/uploads\/2026\/02\/28-1-768x1152.jpg 768w, https:\/\/shatranj.art\/wp-content\/uploads\/2026\/02\/28-1-1024x1536.jpg 1024w, https:\/\/shatranj.art\/wp-content\/uploads\/2026\/02\/28-1.jpg 1262w\" sizes=\"(max-width: 683px) 100vw, 683px\" \/>\t\t\t\t\t\t\t\t\t\t\t\t\t\t\t<\/div>\n\t\t\t\t<\/div>\n\t\t\t\t<\/div>\n\t\t<div class=\"elementor-element elementor-element-94f3877 e-con-full e-flex e-con e-child\" data-id=\"94f3877\" data-element_type=\"container\" data-e-type=\"container\">\n\t\t<div class=\"elementor-element elementor-element-da14b56 e-con-full e-flex e-con e-child\" data-id=\"da14b56\" data-element_type=\"container\" data-e-type=\"container\">\n\t\t\t\t<div class=\"elementor-element elementor-element-3478291 elementor-widget elementor-widget-image\" data-id=\"3478291\" data-element_type=\"widget\" data-e-type=\"widget\" data-widget_type=\"image.default\">\n\t\t\t\t<div class=\"elementor-widget-container\">\n\t\t\t\t\t\t\t\t\t\t\t\t\t\t\t<img decoding=\"async\" width=\"800\" height=\"648\" src=\"https:\/\/shatranj.art\/wp-content\/uploads\/2026\/02\/28-2-1024x829.jpg\" class=\"attachment-large size-large wp-image-1064\" alt=\"\" srcset=\"https:\/\/shatranj.art\/wp-content\/uploads\/2026\/02\/28-2-1024x829.jpg 1024w, https:\/\/shatranj.art\/wp-content\/uploads\/2026\/02\/28-2-300x243.jpg 300w, https:\/\/shatranj.art\/wp-content\/uploads\/2026\/02\/28-2-768x622.jpg 768w, https:\/\/shatranj.art\/wp-content\/uploads\/2026\/02\/28-2-1536x1244.jpg 1536w, https:\/\/shatranj.art\/wp-content\/uploads\/2026\/02\/28-2.jpg 1973w\" sizes=\"(max-width: 800px) 100vw, 800px\" \/>\t\t\t\t\t\t\t\t\t\t\t\t\t\t\t<\/div>\n\t\t\t\t<\/div>\n\t\t\t\t<div class=\"elementor-element elementor-element-3621f13 elementor-widget-tablet__width-inherit elementor-widget elementor-widget-text-editor\" data-id=\"3621f13\" data-element_type=\"widget\" data-e-type=\"widget\" data-widget_type=\"text-editor.default\">\n\t\t\t\t<div class=\"elementor-widget-container\">\n\t\t\t\t\t\t\t\t\t<p><span style=\"font-weight: 400;\">\u092c\u0917\u0926\u093e\u0926 \u092f\u0947\u0925\u0940\u0932 \u0905\u092c\u094d\u092c\u0938\u0940\u0938 \u0915\u093e\u0933\u093e\u0924\u0940\u0932 \u090f\u0915 \u0936\u0924\u0930\u0902\u091c\u091a\u093e \u092a\u094d\u092f\u093e\u0926, \u091c\u094d\u092f\u093e\u0924 \u0935\u093f\u0936\u093f\u0937\u094d\u091f \u092d\u0942\u092e\u093f\u0924\u0940\u092f \u0906\u0915\u093e\u0930 \u0906\u0923\u093f \u0928\u093e\u091c\u0942\u0915 \u092a\u0943\u0937\u094d\u0920\u092d\u093e\u0917\u093e\u0935\u0930\u0940\u0932 \u0915\u094b\u0930\u0915\u093e\u092e \u0906\u0939\u0947. \u0939\u093e \u0924\u0941\u0915\u0921\u093e \u0924\u094d\u092f\u093e \u0915\u093e\u0933\u093e\u0924\u0940\u0932 \u092a\u0930\u093f\u0937\u094d\u0915\u0943\u0924 \u0915\u093e\u0930\u093e\u0917\u093f\u0930\u0940\u091a\u0947 \u092a\u094d\u0930\u0924\u093f\u092c\u093f\u0902\u092c \u0926\u0930\u094d\u0936\u0935\u0924\u094b \u0906\u0923\u093f \u0924\u094d\u092f\u093e\u091a\u094d\u092f\u093e \u0905\u0926\u094d\u0935\u093f\u0924\u0940\u092f \u0935 \u0924\u092a\u0936\u0940\u0932\u0935\u093e\u0930 \u0930\u091a\u0928\u0947\u0926\u094d\u0935\u093e\u0930\u0947 \u092a\u094d\u092f\u093e\u0926\u093e\u091a\u0947 \u0927\u094b\u0930\u0923\u093e\u0924\u094d\u092e\u0915 \u092e\u0939\u0924\u094d\u0924\u094d\u0935 \u0905\u0927\u094b\u0930\u0947\u0916\u093f\u0924 \u0915\u0930\u0924\u094b.<\/span><\/p>\t\t\t\t\t\t\t\t<\/div>\n\t\t\t\t<\/div>\n\t\t\t\t<\/div>\n\t\t<div class=\"elementor-element elementor-element-3a10b69 e-con-full e-flex e-con e-child\" data-id=\"3a10b69\" data-element_type=\"container\" data-e-type=\"container\">\n\t\t\t\t<div class=\"elementor-element elementor-element-9fad6d9 elementor-widget elementor-widget-image\" data-id=\"9fad6d9\" data-element_type=\"widget\" data-e-type=\"widget\" data-widget_type=\"image.default\">\n\t\t\t\t<div class=\"elementor-widget-container\">\n\t\t\t\t\t\t\t\t\t\t\t\t\t\t\t<img loading=\"lazy\" decoding=\"async\" width=\"768\" height=\"1024\" src=\"https:\/\/shatranj.art\/wp-content\/uploads\/2026\/02\/28-3-768x1024.jpg\" class=\"attachment-large size-large wp-image-1061\" alt=\"\" srcset=\"https:\/\/shatranj.art\/wp-content\/uploads\/2026\/02\/28-3-768x1024.jpg 768w, https:\/\/shatranj.art\/wp-content\/uploads\/2026\/02\/28-3-225x300.jpg 225w, https:\/\/shatranj.art\/wp-content\/uploads\/2026\/02\/28-3-1152x1536.jpg 1152w, https:\/\/shatranj.art\/wp-content\/uploads\/2026\/02\/28-3.jpg 1195w\" sizes=\"(max-width: 768px) 100vw, 768px\" \/>\t\t\t\t\t\t\t\t\t\t\t\t\t\t\t<\/div>\n\t\t\t\t<\/div>\n\t\t\t\t<div class=\"elementor-element elementor-element-7ad603d elementor-widget-tablet__width-inherit elementor-widget elementor-widget-text-editor\" data-id=\"7ad603d\" data-element_type=\"widget\" data-e-type=\"widget\" data-widget_type=\"text-editor.default\">\n\t\t\t\t<div class=\"elementor-widget-container\">\n\t\t\t\t\t\t\t\t\t<p><b>\u0967\u096e\u0968\u0966 \u092d\u093e\u0930\u0924 \u092a\u093f\u092f\u094b\u0928 \u0924\u093e\u0936\u0940<\/b> <span style=\"font-weight: 400;\"><br \/><\/span><span style=\"font-weight: 400;\"><br \/><\/span><span style=\"font-weight: 400;\">\u092a\u093e\u0930\u0902\u092a\u093e\u0930\u093f\u0915 \u092d\u093e\u0930\u0924\u0940\u092f \u092a\u094b\u0936\u093e\u0916 \u0906\u0923\u093f \u0905\u0945\u0915\u094d\u0938\u0947\u0938\u0930\u0940\u091c\u0928\u0947 \u0938\u091c\u0935\u0932\u0947\u0932\u0940, \u0967\u096e\u0968\u0966 \u0938\u093e\u0932\u0940\u091a\u0940 \u0906\u0915\u0943\u0924\u093f\u092e\u092f \u0936\u0924\u0930\u0902\u091c\u091a\u0940 \u092a\u094d\u092f\u093e\u0926. \u0939\u0940 \u0935\u0938\u094d\u0924\u0942 \u0967\u096f\u0935\u094d\u092f\u093e \u0936\u0924\u0915\u093e\u0924\u0940\u0932 \u092d\u093e\u0930\u0924\u093e\u0924\u0940\u0932 \u0938\u093e\u0902\u0938\u094d\u0915\u0943\u0924\u093f\u0915 \u0918\u091f\u0915 \u0906\u0923\u093f \u0924\u094d\u092f\u093e \u0915\u093e\u0933\u093e\u0924\u0940\u0932 \u0936\u0924\u0930\u0902\u091c \u0938\u0902\u091a\u093e\u0902\u092e\u0927\u094d\u092f\u0947 \u092a\u094d\u0930\u091a\u0932\u093f\u0924 \u0935\u093e\u0938\u094d\u0924\u0935\u0935\u093e\u0926\u0940 \u0921\u093f\u091d\u093e\u0907\u0928 \u0938\u0902\u0915\u0932\u094d\u092a\u0928\u0947\u091a\u0947 \u092a\u094d\u0930\u0924\u093f\u092c\u093f\u0902\u092c \u0926\u0930\u094d\u0936\u0935\u0924\u0947.<\/span><\/p>\t\t\t\t\t\t\t\t<\/div>\n\t\t\t\t<\/div>\n\t\t\t\t<\/div>\n\t\t<div class=\"elementor-element elementor-element-926e3bd e-con-full e-flex e-con e-child\" data-id=\"926e3bd\" data-element_type=\"container\" data-e-type=\"container\">\n\t\t\t\t<div class=\"elementor-element elementor-element-8fc6637 elementor-widget elementor-widget-image\" data-id=\"8fc6637\" data-element_type=\"widget\" data-e-type=\"widget\" data-widget_type=\"image.default\">\n\t\t\t\t<div class=\"elementor-widget-container\">\n\t\t\t\t\t\t\t\t\t\t\t\t\t\t\t<img loading=\"lazy\" decoding=\"async\" width=\"800\" height=\"498\" src=\"https:\/\/shatranj.art\/wp-content\/uploads\/2026\/02\/28-5-1024x637.jpg\" class=\"attachment-large size-large wp-image-1062\" alt=\"\" srcset=\"https:\/\/shatranj.art\/wp-content\/uploads\/2026\/02\/28-5-1024x637.jpg 1024w, https:\/\/shatranj.art\/wp-content\/uploads\/2026\/02\/28-5-300x187.jpg 300w, https:\/\/shatranj.art\/wp-content\/uploads\/2026\/02\/28-5-768x478.jpg 768w, https:\/\/shatranj.art\/wp-content\/uploads\/2026\/02\/28-5-1536x955.jpg 1536w, https:\/\/shatranj.art\/wp-content\/uploads\/2026\/02\/28-5.jpg 1835w\" sizes=\"(max-width: 800px) 100vw, 800px\" \/>\t\t\t\t\t\t\t\t\t\t\t\t\t\t\t<\/div>\n\t\t\t\t<\/div>\n\t\t\t\t<div class=\"elementor-element elementor-element-ea860c4 elementor-widget-tablet__width-inherit elementor-widget elementor-widget-text-editor\" data-id=\"ea860c4\" data-element_type=\"widget\" data-e-type=\"widget\" data-widget_type=\"text-editor.default\">\n\t\t\t\t<div class=\"elementor-widget-container\">\n\t\t\t\t\t\t\t\t\t<p><b>\u092b\u094d\u0930\u0947\u0902\u091a \u0930\u093f\u091c\u0947\u0928\u094d\u0938\u0940 \u092a\u0949\u0928<\/b> <span style=\"font-weight: 400;\"><br \/><\/span><span style=\"font-weight: 400;\"><br \/><\/span><span style=\"font-weight: 400;\">\u0967\u096e\u0935\u094d\u092f\u093e \u0936\u0924\u0915\u093e\u0924\u0940\u0932 \u0936\u093e\u0932\u0940\u0928 \u0938\u094c\u0902\u0926\u0930\u094d\u092f\u0926\u0943\u0937\u094d\u091f\u0940\u091a\u0947 \u092a\u094d\u0930\u0924\u093f\u092c\u093f\u0902\u092c \u0905\u0938\u0932\u0947\u0932\u093e \u092b\u094d\u0930\u0947\u0902\u091a \u0930\u093f\u091c\u0928\u094d\u0938\u0940 \u092a\u094d\u092f\u093e\u0926\u093e \u092b\u093f\u0932\u093f\u0921\u094b\u0930\u091a\u094d\u092f\u093e \u092a\u094d\u0930\u0938\u093f\u0926\u094d\u0927 \u0924\u0924\u094d\u0924\u094d\u0935\u093e\u091a\u0947 \u092a\u094d\u0930\u0924\u0940\u0915 \u0906\u0939\u0947 \u0915\u0940 \u201c\u092a\u094d\u092f\u093e\u0926\u0947 \u092e\u094d\u0939\u0923\u091c\u0947 \u092c\u0941\u0926\u094d\u0927\u093f\u092c\u0933\u093e\u091a\u0940 \u0906\u0924\u094d\u092e\u093e.\u201d \u092f\u093e \u0936\u0948\u0932\u0940\u0932\u093e \u0932\u094b\u0915\u092a\u094d\u0930\u093f\u092f \u0915\u0930\u0923\u094d\u092f\u093e\u0924 \u092e\u0926\u0924 \u0915\u0930\u0923\u093e\u0931\u094d\u092f\u093e \u092b\u093f\u0932\u093f\u0921\u094b\u0930\u0932\u093e \u201c\u092e\u0947\u0915\u0945\u0928\u093f\u0915\u0932 \u091f\u0930\u094d\u0915\u201d \u092f\u093e \u092c\u0941\u0926\u094d\u0927\u093f\u092c\u0933 \u0938\u094d\u0935\u092f\u0902\u091a\u0932\u093f\u0924 \u092f\u0902\u0924\u094d\u0930\u093e\u0932\u093e \u092a\u0930\u093e\u092d\u0942\u0924 \u0915\u0947\u0932\u094d\u092f\u093e\u092c\u0926\u094d\u0926\u0932\u0939\u0940 \u0938\u094d\u092e\u0930\u0923 \u0915\u0947\u0932\u0947 \u091c\u093e\u0924\u0947, \u091c\u094d\u092f\u093e\u0924\u0942\u0928 \u0924\u094d\u092f\u093e\u0928\u0947 \u0916\u0947\u0933 \u0906\u0923\u093f \u0924\u094d\u092f\u093e \u0915\u093e\u0933\u093e\u0924\u0940\u0932 \u092a\u094d\u0930\u0938\u093f\u0926\u094d\u0927 \u092d\u094d\u0930\u093e\u0902\u0924\u093e\u0902\u0935\u0930\u0940\u0932 \u0906\u092a\u0932\u0947 \u092a\u094d\u0930\u092d\u0941\u0924\u094d\u0935 \u0938\u093f\u0926\u094d\u0927 \u0915\u0947\u0932\u0947.<\/span><\/p>\t\t\t\t\t\t\t\t<\/div>\n\t\t\t\t<\/div>\n\t\t\t\t<\/div>\n\t\t\t\t<\/div>\n\t\t\t\t\t<\/div>\n\t\t\t\t<\/div>\n\t\t\t\t<\/div>","protected":false},"excerpt":{"rendered":"<p>The \u015eah\u00ee Set: Regency Philidor Pawn \u00a0 The spread of coffee and caf\u00e9s intertwines with the evolution of chess. The R\u00e9gence Philidor pawn is inspired by the authentic chess set from Paris-R\u00e9gence caf\u00e9 during the Age of Enlightenment and the famous phrase by the era&#8217;s strongest player, Philidor: &#8220;Pawns are the soul of chess. \u00a0 [&hellip;]<\/p>\n","protected":false},"author":1,"featured_media":0,"parent":743,"menu_order":0,"comment_status":"closed","ping_status":"closed","template":"","meta":{"footnotes":""},"class_list":["post-1053","page","type-page","status-publish","hentry"],"_links":{"self":[{"href":"https:\/\/shatranj.art\/mr\/wp-json\/wp\/v2\/pages\/1053","targetHints":{"allow":["GET"]}}],"collection":[{"href":"https:\/\/shatranj.art\/mr\/wp-json\/wp\/v2\/pages"}],"about":[{"href":"https:\/\/shatranj.art\/mr\/wp-json\/wp\/v2\/types\/page"}],"author":[{"embeddable":true,"href":"https:\/\/shatranj.art\/mr\/wp-json\/wp\/v2\/users\/1"}],"replies":[{"embeddable":true,"href":"https:\/\/shatranj.art\/mr\/wp-json\/wp\/v2\/comments?post=1053"}],"version-history":[{"count":10,"href":"https:\/\/shatranj.art\/mr\/wp-json\/wp\/v2\/pages\/1053\/revisions"}],"predecessor-version":[{"id":1252,"href":"https:\/\/shatranj.art\/mr\/wp-json\/wp\/v2\/pages\/1053\/revisions\/1252"}],"up":[{"embeddable":true,"href":"https:\/\/shatranj.art\/mr\/wp-json\/wp\/v2\/pages\/743"}],"wp:attachment":[{"href":"https:\/\/shatranj.art\/mr\/wp-json\/wp\/v2\/media?parent=1053"}],"curies":[{"name":"wp","href":"https:\/\/api.w.org\/{rel}","templated":true}]}}