{"id":1016,"date":"2026-02-22T16:17:45","date_gmt":"2026-02-22T16:17:45","guid":{"rendered":"https:\/\/shatranj.art\/?page_id=1016"},"modified":"2026-02-24T09:42:49","modified_gmt":"2026-02-24T09:42:49","slug":"poster-24","status":"publish","type":"page","link":"https:\/\/shatranj.art\/nl\/exhibit\/poster-24\/","title":{"rendered":"poster 24"},"content":{"rendered":"<div data-elementor-type=\"wp-page\" data-elementor-id=\"1016\" class=\"elementor elementor-1016\" data-elementor-post-type=\"page\">\n\t\t\t\t<div class=\"elementor-element elementor-element-cbef851 e-flex e-con-boxed e-con e-parent\" data-id=\"cbef851\" data-element_type=\"container\" data-e-type=\"container\" data-settings=\"{&quot;background_background&quot;:&quot;classic&quot;}\">\n\t\t\t\t\t<div class=\"e-con-inner\">\n\t\t<div class=\"elementor-element elementor-element-919ca16 e-con-full e-flex e-con e-child\" data-id=\"919ca16\" data-element_type=\"container\" data-e-type=\"container\">\n\t\t\t\t<div class=\"elementor-element elementor-element-3a8b40d elementor-widget elementor-widget-image\" data-id=\"3a8b40d\" data-element_type=\"widget\" data-e-type=\"widget\" data-widget_type=\"image.default\">\n\t\t\t\t<div class=\"elementor-widget-container\">\n\t\t\t\t\t\t\t\t\t\t\t\t\t\t\t<img fetchpriority=\"high\" decoding=\"async\" width=\"800\" height=\"534\" src=\"https:\/\/shatranj.art\/wp-content\/uploads\/2026\/02\/21-1024x683.jpg\" class=\"attachment-large size-large wp-image-995\" alt=\"\" srcset=\"https:\/\/shatranj.art\/wp-content\/uploads\/2026\/02\/21-1024x683.jpg 1024w, https:\/\/shatranj.art\/wp-content\/uploads\/2026\/02\/21-300x200.jpg 300w, https:\/\/shatranj.art\/wp-content\/uploads\/2026\/02\/21-768x512.jpg 768w, https:\/\/shatranj.art\/wp-content\/uploads\/2026\/02\/21-1536x1024.jpg 1536w, https:\/\/shatranj.art\/wp-content\/uploads\/2026\/02\/21-2048x1366.jpg 2048w\" sizes=\"(max-width: 800px) 100vw, 800px\" \/>\t\t\t\t\t\t\t\t\t\t\t\t\t\t\t<\/div>\n\t\t\t\t<\/div>\n\t\t\t\t<div class=\"elementor-element elementor-element-07a7613 elementor-widget elementor-widget-text-editor\" data-id=\"07a7613\" data-element_type=\"widget\" data-e-type=\"widget\" data-widget_type=\"text-editor.default\">\n\t\t\t\t<div class=\"elementor-widget-container\">\n\t\t\t\t\t\t\t\t\t<p>De \u015eAH\u00ce Chess Set is meer dan alleen een spel; het is een brug tussen culturen, tijdperken en filosofie\u00ebn. De set is ontworpen om zowel keizerlijke als koninklijke gevoelens op te roepen en ontleent zijn naam aan een term die veel gebruikt wordt op de Balkan en in veel Slavische talen om naar het schaakspel te verwijzen.<\/p><p>Het woord \u201c\u015eAH\u00ce\u201d zelf functioneert als een koninklijk bijvoeglijk naamwoord dat \u201cspecifiek voor de Sjah\u201d betekent en een literair gewicht heeft dat kracht, grootsheid en strategische diepgang betekent.<\/p><h3><b>Een meesterwerk van culturele evolutie<\/b><\/h3><p>Deze set is ontworpen door de ervaren schaakleraar en voormalig eerste bordspeler van het MIT, Tamer Karatekin, en omvat op elegante wijze de geschiedenis van het spel. Elk stuk is gemaakt om een uniek historisch verhaal weer te geven:<\/p><ul><li style=\"font-weight: 400;\" aria-level=\"1\"><b>G\u00fcl\u015fah (De Koning):<\/b><span style=\"font-weight: 400;\"> Vertegenwoordigt de heiligheid van de koepel ge\u00efnspireerd door bouwwerken zoals de Hagia Sophia en het Pantheon en de intellectuele erfenis van de hoofddoek.<\/span><\/li><li style=\"font-weight: 400;\" aria-level=\"1\"><b>Sokol (de koningin\/vizier):<\/b><span style=\"font-weight: 400;\"> Vernoemd naar het militaire symbool valk en ge\u00efnspireerd op de ui-koepelfinale en het helmontwerp van het Oostenrijkse caf\u00e9huisschaakspel, symboliseert het militaire gezag en de wijsheid van de \u201cvizier\u201d. Sokolovichi was de geboortestad van de meest invloedrijke grootvizier van het Ottomaanse Rijk, Sokollu Mehmet Pasha.<\/span><\/li><li style=\"font-weight: 400;\" aria-level=\"1\"><b>Bukefal (De Ridder):<\/b><span style=\"font-weight: 400;\"> Vernoemd naar het legendarische paard van Alexander de Grote, symbool voor de tweerichtingsuitwisseling van cultuur tussen Oost en West.<\/span><\/li><li style=\"font-weight: 400;\" aria-level=\"1\"><b>Shahrukh (The Rook):<\/b><span style=\"font-weight: 400;\"> Een prachtige synthese van militaire evolutie, met elementen van de strijdwagen, de toren, het kanon en het schip. Schaakmeester en bevelhebber Timur gaf zijn zoon de naam Shahrukh, omdat het nieuws van zijn geboorte binnenkwam tijdens een schaakwedstrijd.<\/span><\/li><li style=\"font-weight: 400;\" aria-level=\"1\"><b>Abul-Abbas (de bisschop\/olifant):<\/b><span style=\"font-weight: 400;\"> Spiegelt de iconische reis van de olifant die aan Karel de Grote werd geschonken en volgt de migratie van het schaakspel over drie continenten.<\/span><\/li><li style=\"font-weight: 400;\" aria-level=\"1\"><b>R\u00e9gence-Philidor (De pion):<\/b><span style=\"font-weight: 400;\"> Ge\u00efnspireerd door de caf\u00e9s van Parijs uit het tijdperk van de Verlichting en de beroemde spreuk van Philidor: \u201cPionnen zijn de ziel van het schaakspel\u201d.<\/span><\/li><\/ul>\t\t\t\t\t\t\t\t<\/div>\n\t\t\t\t<\/div>\n\t\t\t\t<div class=\"elementor-element elementor-element-52a94ef elementor-widget elementor-widget-text-editor\" data-id=\"52a94ef\" data-element_type=\"widget\" data-e-type=\"widget\" data-widget_type=\"text-editor.default\">\n\t\t\t\t<div class=\"elementor-widget-container\">\n\t\t\t\t\t\t\t\t\t<h3><b>Ontwerp en doel<\/b><\/h3><p>De \u015eAH\u00ce set is zorgvuldig voorbereid om te dienen als zowel een artistieke weergave als een functioneel hulpmiddel voor educatief en toernooigebruik. De ontwerpfilosofie is geworteld in het feit dat het cultureel en spiritueel inclusief is, waardoor het aanslaat bij spelers over de hele wereld.<\/p><p><b>Een erfenis van steun:<\/b><\/p><p>De productie van deze set werd mogelijk gemaakt door de steun van de Massachusetts Cultural Council en het jeugdprogramma van de Europese Unie.<\/p>\t\t\t\t\t\t\t\t<\/div>\n\t\t\t\t<\/div>\n\t\t\t\t<\/div>\n\t\t\t\t\t<\/div>\n\t\t\t\t<\/div>\n\t\t\t\t<\/div>","protected":false},"excerpt":{"rendered":"<p>The \u015eAH\u00ce Chess Set is more than just a game; it is a bridge between cultures, eras, and philosophies. Designed to evoke both imperial and royal sensations, the set draws its name from a term widely used in the Balkans and many Slavic languages to refer to the game of chess. The word &#8220;\u015eAH\u00ce&#8221; itself [&hellip;]<\/p>\n","protected":false},"author":1,"featured_media":0,"parent":743,"menu_order":0,"comment_status":"closed","ping_status":"closed","template":"","meta":{"footnotes":""},"class_list":["post-1016","page","type-page","status-publish","hentry"],"_links":{"self":[{"href":"https:\/\/shatranj.art\/nl\/wp-json\/wp\/v2\/pages\/1016","targetHints":{"allow":["GET"]}}],"collection":[{"href":"https:\/\/shatranj.art\/nl\/wp-json\/wp\/v2\/pages"}],"about":[{"href":"https:\/\/shatranj.art\/nl\/wp-json\/wp\/v2\/types\/page"}],"author":[{"embeddable":true,"href":"https:\/\/shatranj.art\/nl\/wp-json\/wp\/v2\/users\/1"}],"replies":[{"embeddable":true,"href":"https:\/\/shatranj.art\/nl\/wp-json\/wp\/v2\/comments?post=1016"}],"version-history":[{"count":19,"href":"https:\/\/shatranj.art\/nl\/wp-json\/wp\/v2\/pages\/1016\/revisions"}],"predecessor-version":[{"id":1601,"href":"https:\/\/shatranj.art\/nl\/wp-json\/wp\/v2\/pages\/1016\/revisions\/1601"}],"up":[{"embeddable":true,"href":"https:\/\/shatranj.art\/nl\/wp-json\/wp\/v2\/pages\/743"}],"wp:attachment":[{"href":"https:\/\/shatranj.art\/nl\/wp-json\/wp\/v2\/media?parent=1016"}],"curies":[{"name":"wp","href":"https:\/\/api.w.org\/{rel}","templated":true}]}}