{"id":1021,"date":"2026-02-22T16:28:38","date_gmt":"2026-02-22T16:28:38","guid":{"rendered":"https:\/\/shatranj.art\/?page_id=1021"},"modified":"2026-02-23T05:16:08","modified_gmt":"2026-02-23T05:16:08","slug":"poster-25","status":"publish","type":"page","link":"https:\/\/shatranj.art\/pl\/exhibit\/poster-25\/","title":{"rendered":"plakat 25"},"content":{"rendered":"<div data-elementor-type=\"wp-page\" data-elementor-id=\"1021\" class=\"elementor elementor-1021\" data-elementor-post-type=\"page\">\n\t\t\t\t<div class=\"elementor-element elementor-element-3d217f0 e-flex e-con-boxed e-con e-parent\" data-id=\"3d217f0\" data-element_type=\"container\" data-e-type=\"container\" data-settings=\"{&quot;background_background&quot;:&quot;classic&quot;}\">\n\t\t\t\t\t<div class=\"e-con-inner\">\n\t\t<div class=\"elementor-element elementor-element-a3a2689 e-con-full e-flex e-con e-child\" data-id=\"a3a2689\" data-element_type=\"container\" data-e-type=\"container\">\n\t\t\t\t<div class=\"elementor-element elementor-element-fa1aaae elementor-widget__width-initial elementor-widget elementor-widget-image\" data-id=\"fa1aaae\" data-element_type=\"widget\" data-e-type=\"widget\" data-widget_type=\"image.default\">\n\t\t\t\t<div class=\"elementor-widget-container\">\n\t\t\t\t\t\t\t\t\t\t\t\t\t\t\t<img fetchpriority=\"high\" decoding=\"async\" width=\"800\" height=\"463\" src=\"https:\/\/shatranj.art\/wp-content\/uploads\/2026\/02\/25-1024x592.jpg\" class=\"attachment-large size-large wp-image-1023\" alt=\"\" srcset=\"https:\/\/shatranj.art\/wp-content\/uploads\/2026\/02\/25-1024x592.jpg 1024w, https:\/\/shatranj.art\/wp-content\/uploads\/2026\/02\/25-300x173.jpg 300w, https:\/\/shatranj.art\/wp-content\/uploads\/2026\/02\/25-768x444.jpg 768w, https:\/\/shatranj.art\/wp-content\/uploads\/2026\/02\/25-1536x887.jpg 1536w, https:\/\/shatranj.art\/wp-content\/uploads\/2026\/02\/25-2048x1183.jpg 2048w\" sizes=\"(max-width: 800px) 100vw, 800px\" \/>\t\t\t\t\t\t\t\t\t\t\t\t\t\t\t<\/div>\n\t\t\t\t<\/div>\n\t\t\t\t<div class=\"elementor-element elementor-element-cbddf52 elementor-widget__width-initial elementor-widget elementor-widget-text-editor\" data-id=\"cbddf52\" data-element_type=\"widget\" data-e-type=\"widget\" data-widget_type=\"text-editor.default\">\n\t\t\t\t<div class=\"elementor-widget-container\">\n\t\t\t\t\t\t\t\t\t<p><strong>\u015eAH\u00ce Bucephalus: <\/strong><strong>Dziedzictwo strategii i kultury<\/strong><\/p><p>Figurka ta nosi w sobie dziedzictwo Philippa Stamma, t\u0142umacza z Aleppo, znanego ze swojej pracy Essai sur le jeu des echecs, opublikowanej w Pary\u017cu w 1737 roku. Projekt rycerza, z francuskimi lokami w grzywie, reprezentuje p\u0142ynn\u0105 syntez\u0119 mi\u0119dzy racjonalnym umys\u0142em O\u015bwiecenia a staro\u017cytn\u0105 strategiczn\u0105 g\u0142\u0119bi\u0105 Wschodu. Formy dzie\u0142a tworz\u0105 kulturowy pomost, \u0142\u0105cz\u0105c taktyczny geniusz \u201cStamma Mate\u201d przywiezionego przez Stamma z Aleppo do Europy z militarn\u0105 pot\u0119g\u0105 macedo\u0144skiego konia Bucephalusa.<\/p>\t\t\t\t\t\t\t\t<\/div>\n\t\t\t\t<\/div>\n\t\t\t\t<div class=\"elementor-element elementor-element-f641ab0 elementor-widget__width-initial elementor-widget elementor-widget-text-editor\" data-id=\"f641ab0\" data-element_type=\"widget\" data-e-type=\"widget\" data-widget_type=\"text-editor.default\">\n\t\t\t\t<div class=\"elementor-widget-container\">\n\t\t\t\t\t\t\t\t\t<p><b>1950 Dubrovnik i Staunton: <\/b><b style=\"font-family: -apple-system, BlinkMacSystemFont, 'Segoe UI', Roboto, 'Helvetica Neue', Arial, 'Noto Sans', sans-serif, 'Apple Color Emoji', 'Segoe UI Emoji', 'Segoe UI Symbol', 'Noto Color Emoji';\">To\u017csamo\u015b\u0107 i tradycyjne granice w projektowaniu<\/b><\/p><p>\u00a0<\/p><p>Ta wizualizacja kontrastuje dwie r\u00f3\u017cne filozofie projektowania w \u015bwiecie szach\u00f3w. Rycerz Dubrovnik z 1950 roku to figura pe\u0142na charakteru, opisana przez Bobby'ego Fischera jako \u201cnajlepszy projekt szachowy, jaki kiedykolwiek powsta\u0142\u201d, wyr\u00f3\u017cniaj\u0105ca si\u0119 ostrymi i rze\u017abiarskimi liniami. Dynamizm w jego konstrukcji odzwierciedla strategicznego ducha szach\u00f3w poprzez unikalny j\u0119zyk artystyczny.<\/p><p>\u00a0<\/p><p>W przeciwie\u0144stwie do tego, projekt Staunton pojawi\u0142 si\u0119 w po\u0142owie XIX wieku przede wszystkim w celu uproszczenia masowej produkcji i zapewnienia jednolito\u015bci opartej na tradycyjnych zachodnich formach. Poniewa\u017c zawiera symbole religijne, takie jak mitra biskupia i krzy\u017c, zestaw Staunton nie ma \u015bwieckiej i inkluzywnej to\u017csamo\u015bci; zamiast tego pozostaje zamkni\u0119ty w granicach okre\u015blonej tradycyjnej struktury. R\u00f3\u017cnica mi\u0119dzy tymi dwiema sylwetkami podkre\u015bla r\u00f3\u017cnic\u0119 mi\u0119dzy poszukiwaniem unikalnego charakteru w szachach a znormalizowanym, tradycyjnym formatem.<\/p>\t\t\t\t\t\t\t\t<\/div>\n\t\t\t\t<\/div>\n\t\t\t\t<div class=\"elementor-element elementor-element-9b94e22 elementor-widget__width-initial elementor-widget elementor-widget-image\" data-id=\"9b94e22\" data-element_type=\"widget\" data-e-type=\"widget\" data-widget_type=\"image.default\">\n\t\t\t\t<div class=\"elementor-widget-container\">\n\t\t\t\t\t\t\t\t\t\t\t\t\t\t\t<img decoding=\"async\" width=\"800\" height=\"641\" src=\"https:\/\/shatranj.art\/wp-content\/uploads\/2026\/02\/25-1-1024x820.jpg\" class=\"attachment-large size-large wp-image-1024\" alt=\"\" srcset=\"https:\/\/shatranj.art\/wp-content\/uploads\/2026\/02\/25-1-1024x820.jpg 1024w, https:\/\/shatranj.art\/wp-content\/uploads\/2026\/02\/25-1-300x240.jpg 300w, https:\/\/shatranj.art\/wp-content\/uploads\/2026\/02\/25-1-768x615.jpg 768w, https:\/\/shatranj.art\/wp-content\/uploads\/2026\/02\/25-1.jpg 1481w\" sizes=\"(max-width: 800px) 100vw, 800px\" \/>\t\t\t\t\t\t\t\t\t\t\t\t\t\t\t<\/div>\n\t\t\t\t<\/div>\n\t\t\t\t<div class=\"elementor-element elementor-element-7a3f622 elementor-widget__width-initial elementor-widget-tablet__width-inherit elementor-widget elementor-widget-image\" data-id=\"7a3f622\" data-element_type=\"widget\" data-e-type=\"widget\" data-widget_type=\"image.default\">\n\t\t\t\t<div class=\"elementor-widget-container\">\n\t\t\t\t\t\t\t\t\t\t\t\t\t\t\t<img decoding=\"async\" width=\"767\" height=\"1024\" src=\"https:\/\/shatranj.art\/wp-content\/uploads\/2026\/02\/25-2-767x1024.jpg\" class=\"attachment-large size-large wp-image-1025\" alt=\"\" srcset=\"https:\/\/shatranj.art\/wp-content\/uploads\/2026\/02\/25-2-767x1024.jpg 767w, https:\/\/shatranj.art\/wp-content\/uploads\/2026\/02\/25-2-225x300.jpg 225w, https:\/\/shatranj.art\/wp-content\/uploads\/2026\/02\/25-2-768x1025.jpg 768w, https:\/\/shatranj.art\/wp-content\/uploads\/2026\/02\/25-2-1151x1536.jpg 1151w, https:\/\/shatranj.art\/wp-content\/uploads\/2026\/02\/25-2.jpg 1499w\" sizes=\"(max-width: 767px) 100vw, 767px\" \/>\t\t\t\t\t\t\t\t\t\t\t\t\t\t\t<\/div>\n\t\t\t\t<\/div>\n\t\t\t\t<div class=\"elementor-element elementor-element-7e9c0df elementor-widget__width-initial elementor-widget elementor-widget-text-editor\" data-id=\"7e9c0df\" data-element_type=\"widget\" data-e-type=\"widget\" data-widget_type=\"text-editor.default\">\n\t\t\t\t<div class=\"elementor-widget-container\">\n\t\t\t\t\t\t\t\t\t<p><b>Rycerz Lewisa: P\u00f3\u0142nocne dziedzictwo \u015bredniowiecza<\/b><\/p><p>Arcydzie\u0142o skandynawskiego rzemios\u0142a z XII wieku, ta figura jest cz\u0119\u015bci\u0105 \u015bwiatowej s\u0142awy kolekcji Lewis Chessmen odkrytej na szkockiej wyspie Lewis w 1831 roku. Skrupulatnie wyrze\u017abiona z ko\u015bci s\u0142oniowej morsa, figurka dokumentuje estetyczn\u0105 ewolucj\u0119 szach\u00f3w, kt\u00f3re rozprzestrzeni\u0142y si\u0119 w ca\u0142ej Europie. Przedstawienie konnego wojownika symbolizuje g\u0142\u0119boki zwi\u0105zek mi\u0119dzy gr\u0105 a szlacht\u0105 i hierarchi\u0105 wojskow\u0105 \u015bredniowiecznego spo\u0142ecze\u0144stwa. Ta ikoniczna sylwetka pozostaje niezwyk\u0142ym \u015bwiadectwem umiej\u0119tno\u015bci artystycznych epoki i trwa\u0142ego statusu gry jako dzie\u0142a sztuki.<\/p>\t\t\t\t\t\t\t\t<\/div>\n\t\t\t\t<\/div>\n\t\t\t\t<div class=\"elementor-element elementor-element-765b6b1 elementor-widget__width-initial elementor-widget elementor-widget-text-editor\" data-id=\"765b6b1\" data-element_type=\"widget\" data-e-type=\"widget\" data-widget_type=\"text-editor.default\">\n\t\t\t\t<div class=\"elementor-widget-container\">\n\t\t\t\t\t\t\t\t\t<p><b>The Knight's Tour: Geometryczna uk\u0142adanka intelektu<\/b><\/p><p>Szachownica rycerska opiera si\u0119 na zasadzie, \u017ce rycerz odwiedza ka\u017cde pole na szachownicy dok\u0142adnie raz. Od Al-Adli w IX-wiecznym Bagdadzie do Leonharda Eulera w XVIII-wiecznej o\u015bwieceniowej Europie, problem ten fascynowa\u0142 geniuszy jako doskona\u0142a harmonia matematyki i strategii. Przedstawione tutaj rozwi\u0105zanie pokazuje, jak skoki rycerza tworz\u0105 z\u0142o\u017con\u0105 i hipnotyzuj\u0105c\u0105 symetri\u0119, ujawniaj\u0105c \u201cgeometryczn\u0105 poezj\u0119\u201d i uniwersaln\u0105 logik\u0119 szach\u00f3w.<\/p>\t\t\t\t\t\t\t\t<\/div>\n\t\t\t\t<\/div>\n\t\t\t\t<div class=\"elementor-element elementor-element-e34bfdc elementor-widget__width-initial elementor-widget-tablet__width-inherit elementor-widget elementor-widget-image\" data-id=\"e34bfdc\" data-element_type=\"widget\" data-e-type=\"widget\" data-widget_type=\"image.default\">\n\t\t\t\t<div class=\"elementor-widget-container\">\n\t\t\t\t\t\t\t\t\t\t\t\t\t\t\t<img loading=\"lazy\" decoding=\"async\" width=\"800\" height=\"800\" src=\"https:\/\/shatranj.art\/wp-content\/uploads\/2026\/02\/25-3-1024x1024.jpg\" class=\"attachment-large size-large wp-image-1026\" alt=\"\" srcset=\"https:\/\/shatranj.art\/wp-content\/uploads\/2026\/02\/25-3-1024x1024.jpg 1024w, https:\/\/shatranj.art\/wp-content\/uploads\/2026\/02\/25-3-300x300.jpg 300w, https:\/\/shatranj.art\/wp-content\/uploads\/2026\/02\/25-3-150x150.jpg 150w, https:\/\/shatranj.art\/wp-content\/uploads\/2026\/02\/25-3-768x768.jpg 768w, https:\/\/shatranj.art\/wp-content\/uploads\/2026\/02\/25-3.jpg 1486w\" sizes=\"(max-width: 800px) 100vw, 800px\" \/>\t\t\t\t\t\t\t\t\t\t\t\t\t\t\t<\/div>\n\t\t\t\t<\/div>\n\t\t\t\t<div class=\"elementor-element elementor-element-f59bb1a elementor-widget__width-initial elementor-widget elementor-widget-image\" data-id=\"f59bb1a\" data-element_type=\"widget\" data-e-type=\"widget\" data-widget_type=\"image.default\">\n\t\t\t\t<div class=\"elementor-widget-container\">\n\t\t\t\t\t\t\t\t\t\t\t\t\t\t\t<img loading=\"lazy\" decoding=\"async\" width=\"800\" height=\"537\" src=\"https:\/\/shatranj.art\/wp-content\/uploads\/2026\/02\/25-4-1024x687.jpg\" class=\"attachment-large size-large wp-image-1027\" alt=\"\" srcset=\"https:\/\/shatranj.art\/wp-content\/uploads\/2026\/02\/25-4-1024x687.jpg 1024w, https:\/\/shatranj.art\/wp-content\/uploads\/2026\/02\/25-4-300x201.jpg 300w, https:\/\/shatranj.art\/wp-content\/uploads\/2026\/02\/25-4-768x515.jpg 768w, https:\/\/shatranj.art\/wp-content\/uploads\/2026\/02\/25-4.jpg 1107w\" sizes=\"(max-width: 800px) 100vw, 800px\" \/>\t\t\t\t\t\t\t\t\t\t\t\t\t\t\t<\/div>\n\t\t\t\t<\/div>\n\t\t\t\t<div class=\"elementor-element elementor-element-88ba55c elementor-widget__width-initial elementor-widget elementor-widget-text-editor\" data-id=\"88ba55c\" data-element_type=\"widget\" data-e-type=\"widget\" data-widget_type=\"text-editor.default\">\n\t\t\t\t<div class=\"elementor-widget-container\">\n\t\t\t\t\t\t\t\t\t<p><b>Legendarny Bucephalus:\u00a0 <\/b><b>Symbol podboju i lojalno\u015bci<\/b><\/p><p>\u00a0<\/p><p>Ta mozaika przedstawia Bucefa\u0142a, macedo\u0144skiego konia i najbli\u017cszego towarzysza Aleksandra Wielkiego. Bucefa\u0142, kt\u00f3ry pozosta\u0142 u boku Aleksandra podczas jego kampanii, zmar\u0142 w dzisiejszym Pakistanie, w regionie, w kt\u00f3rym historyczne korzenie szach\u00f3w po raz pierwszy si\u0119 przyj\u0119\u0142y. Opr\u00f3cz reprezentowania jednej z najtrwalszych w historii wi\u0119zi mi\u0119dzy cz\u0142owiekiem a zwierz\u0119ciem, ta kultowa posta\u0107 jest symbolem kulturowego skrzy\u017cowania Wschodu i Zachodu, z podr\u00f3\u017c\u0105 rozci\u0105gaj\u0105c\u0105 si\u0119 od Macedonii po dolin\u0119 Indusu. Ta historia, \u0142\u0105cz\u0105ca sprawno\u015b\u0107 wojskow\u0105 z niez\u0142omn\u0105 lojalno\u015bci\u0105, zachowuje pami\u0119\u0107 o epickiej podr\u00f3\u017cy, kt\u00f3ra zako\u0144czy\u0142a si\u0119 w kolebce szach\u00f3w.<\/p>\t\t\t\t\t\t\t\t<\/div>\n\t\t\t\t<\/div>\n\t\t\t\t<\/div>\n\t\t\t\t\t<\/div>\n\t\t\t\t<\/div>\n\t\t\t\t<\/div>","protected":false},"excerpt":{"rendered":"<p>\u015eAH\u00ce Bucephalus: A Legacy of Strategy and Culture This figure carries the legacy of Philipp Stamma, the translator from Aleppo renowned for his work Essai sur le jeu des echecs, published in Paris in 1737. The design of the knight, featuring French curls in its mane, represents the seamless synthesis between the rational mindset of [&hellip;]<\/p>\n","protected":false},"author":1,"featured_media":0,"parent":743,"menu_order":0,"comment_status":"closed","ping_status":"closed","template":"","meta":{"footnotes":""},"class_list":["post-1021","page","type-page","status-publish","hentry"],"_links":{"self":[{"href":"https:\/\/shatranj.art\/pl\/wp-json\/wp\/v2\/pages\/1021","targetHints":{"allow":["GET"]}}],"collection":[{"href":"https:\/\/shatranj.art\/pl\/wp-json\/wp\/v2\/pages"}],"about":[{"href":"https:\/\/shatranj.art\/pl\/wp-json\/wp\/v2\/types\/page"}],"author":[{"embeddable":true,"href":"https:\/\/shatranj.art\/pl\/wp-json\/wp\/v2\/users\/1"}],"replies":[{"embeddable":true,"href":"https:\/\/shatranj.art\/pl\/wp-json\/wp\/v2\/comments?post=1021"}],"version-history":[{"count":7,"href":"https:\/\/shatranj.art\/pl\/wp-json\/wp\/v2\/pages\/1021\/revisions"}],"predecessor-version":[{"id":1243,"href":"https:\/\/shatranj.art\/pl\/wp-json\/wp\/v2\/pages\/1021\/revisions\/1243"}],"up":[{"embeddable":true,"href":"https:\/\/shatranj.art\/pl\/wp-json\/wp\/v2\/pages\/743"}],"wp:attachment":[{"href":"https:\/\/shatranj.art\/pl\/wp-json\/wp\/v2\/media?parent=1021"}],"curies":[{"name":"wp","href":"https:\/\/api.w.org\/{rel}","templated":true}]}}