{"id":1136,"date":"2026-02-22T20:20:00","date_gmt":"2026-02-22T20:20:00","guid":{"rendered":"https:\/\/shatranj.art\/?page_id=1136"},"modified":"2026-02-23T09:27:46","modified_gmt":"2026-02-23T09:27:46","slug":"poster-32","status":"publish","type":"page","link":"https:\/\/shatranj.art\/pl\/exhibit\/poster-32\/","title":{"rendered":"plakat 32"},"content":{"rendered":"<div data-elementor-type=\"wp-page\" data-elementor-id=\"1136\" class=\"elementor elementor-1136\" data-elementor-post-type=\"page\">\n\t\t\t\t<div class=\"elementor-element elementor-element-e6ecba5 e-flex e-con-boxed e-con e-parent\" data-id=\"e6ecba5\" data-element_type=\"container\" data-e-type=\"container\" data-settings=\"{&quot;background_background&quot;:&quot;classic&quot;}\">\n\t\t\t\t\t<div class=\"e-con-inner\">\n\t\t<div class=\"elementor-element elementor-element-0433a85 e-con-full e-flex e-con e-child\" data-id=\"0433a85\" data-element_type=\"container\" data-e-type=\"container\">\n\t\t\t\t<div class=\"elementor-element elementor-element-4888e73 elementor-widget__width-initial elementor-widget-mobile__width-initial elementor-widget elementor-widget-image\" data-id=\"4888e73\" data-element_type=\"widget\" data-e-type=\"widget\" data-widget_type=\"image.default\">\n\t\t\t\t<div class=\"elementor-widget-container\">\n\t\t\t\t\t\t\t\t\t\t\t\t\t\t\t<img fetchpriority=\"high\" decoding=\"async\" width=\"800\" height=\"600\" src=\"https:\/\/shatranj.art\/wp-content\/uploads\/2024\/05\/il_1588xN.5358651901_7asf-1-1-1024x768.jpg\" class=\"attachment-large size-large wp-image-593\" alt=\"\" srcset=\"https:\/\/shatranj.art\/wp-content\/uploads\/2024\/05\/il_1588xN.5358651901_7asf-1-1-1024x768.jpg 1024w, https:\/\/shatranj.art\/wp-content\/uploads\/2024\/05\/il_1588xN.5358651901_7asf-1-1-300x225.jpg 300w, https:\/\/shatranj.art\/wp-content\/uploads\/2024\/05\/il_1588xN.5358651901_7asf-1-1-768x576.jpg 768w, https:\/\/shatranj.art\/wp-content\/uploads\/2024\/05\/il_1588xN.5358651901_7asf-1-1-1536x1152.jpg 1536w, https:\/\/shatranj.art\/wp-content\/uploads\/2024\/05\/il_1588xN.5358651901_7asf-1-1.jpg 1588w\" sizes=\"(max-width: 800px) 100vw, 800px\" \/>\t\t\t\t\t\t\t\t\t\t\t\t\t\t\t<\/div>\n\t\t\t\t<\/div>\n\t\t\t\t<div class=\"elementor-element elementor-element-7e4018a elementor-widget__width-initial elementor-widget-mobile__width-initial elementor-widget elementor-widget-image\" data-id=\"7e4018a\" data-element_type=\"widget\" data-e-type=\"widget\" data-widget_type=\"image.default\">\n\t\t\t\t<div class=\"elementor-widget-container\">\n\t\t\t\t\t\t\t\t\t\t\t\t\t\t\t<img decoding=\"async\" width=\"599\" height=\"515\" src=\"https:\/\/shatranj.art\/wp-content\/uploads\/2026\/02\/soviet-magnetic-set-baku-design.jpeg\" class=\"attachment-large size-large wp-image-1264\" alt=\"\" srcset=\"https:\/\/shatranj.art\/wp-content\/uploads\/2026\/02\/soviet-magnetic-set-baku-design.jpeg 599w, https:\/\/shatranj.art\/wp-content\/uploads\/2026\/02\/soviet-magnetic-set-baku-design-300x258.jpeg 300w, https:\/\/shatranj.art\/wp-content\/uploads\/2026\/02\/soviet-magnetic-set-baku-design-14x12.jpeg 14w\" sizes=\"(max-width: 599px) 100vw, 599px\" \/>\t\t\t\t\t\t\t\t\t\t\t\t\t\t\t<\/div>\n\t\t\t\t<\/div>\n\t\t\t\t<div class=\"elementor-element elementor-element-0bbe733 elementor-widget__width-initial elementor-widget-mobile__width-inherit elementor-widget elementor-widget-image\" data-id=\"0bbe733\" data-element_type=\"widget\" data-e-type=\"widget\" data-widget_type=\"image.default\">\n\t\t\t\t<div class=\"elementor-widget-container\">\n\t\t\t\t\t\t\t\t\t\t\t\t\t\t\t<img decoding=\"async\" width=\"564\" height=\"407\" src=\"https:\/\/shatranj.art\/wp-content\/uploads\/2026\/02\/soviet-chess-set-1.jpg\" class=\"attachment-large size-large wp-image-1263\" alt=\"\" srcset=\"https:\/\/shatranj.art\/wp-content\/uploads\/2026\/02\/soviet-chess-set-1.jpg 564w, https:\/\/shatranj.art\/wp-content\/uploads\/2026\/02\/soviet-chess-set-1-300x216.jpg 300w, https:\/\/shatranj.art\/wp-content\/uploads\/2026\/02\/soviet-chess-set-1-18x12.jpg 18w\" sizes=\"(max-width: 564px) 100vw, 564px\" \/>\t\t\t\t\t\t\t\t\t\t\t\t\t\t\t<\/div>\n\t\t\t\t<\/div>\n\t\t\t\t<div class=\"elementor-element elementor-element-0c9e576 elementor-widget__width-initial elementor-widget-mobile__width-inherit elementor-widget elementor-widget-image\" data-id=\"0c9e576\" data-element_type=\"widget\" data-e-type=\"widget\" data-widget_type=\"image.default\">\n\t\t\t\t<div class=\"elementor-widget-container\">\n\t\t\t\t\t\t\t\t\t\t\t\t\t\t\t<img loading=\"lazy\" decoding=\"async\" width=\"683\" height=\"1024\" src=\"https:\/\/shatranj.art\/wp-content\/uploads\/2026\/02\/tamerkaratekin-yenisafak-tam-683x1024.jpg\" class=\"attachment-large size-large wp-image-1265\" alt=\"\" srcset=\"https:\/\/shatranj.art\/wp-content\/uploads\/2026\/02\/tamerkaratekin-yenisafak-tam-683x1024.jpg 683w, https:\/\/shatranj.art\/wp-content\/uploads\/2026\/02\/tamerkaratekin-yenisafak-tam-200x300.jpg 200w, https:\/\/shatranj.art\/wp-content\/uploads\/2026\/02\/tamerkaratekin-yenisafak-tam-8x12.jpg 8w, https:\/\/shatranj.art\/wp-content\/uploads\/2026\/02\/tamerkaratekin-yenisafak-tam.jpg 720w\" sizes=\"(max-width: 683px) 100vw, 683px\" \/>\t\t\t\t\t\t\t\t\t\t\t\t\t\t\t<\/div>\n\t\t\t\t<\/div>\n\t\t\t\t<\/div>\n\t\t<div class=\"elementor-element elementor-element-14728a8 e-con-full e-flex e-con e-child\" data-id=\"14728a8\" data-element_type=\"container\" data-e-type=\"container\">\n\t\t\t\t<div class=\"elementor-element elementor-element-98fcbd1 elementor-widget__width-initial elementor-widget-tablet__width-inherit elementor-widget elementor-widget-text-editor\" data-id=\"98fcbd1\" data-element_type=\"widget\" data-e-type=\"widget\" data-widget_type=\"text-editor.default\">\n\t\t\t\t<div class=\"elementor-widget-container\">\n\t\t\t\t\t\t\t\t\t<div class=\"elementor-element elementor-element-486eb829 elementor-widget__width-auto elementor-widget elementor-widget-text-editor\" data-id=\"486eb829\" data-element_type=\"widget\" data-widget_type=\"text-editor.default\"><div class=\"elementor-widget-container\"><p><b>Mosty ponad granicami: Ba\u0142ka\u0144skie i socjalistyczne dziedzictwo (1950-1991)<\/b><span style=\"font-weight: 400;\"> \u265f\ufe0f<\/span><\/p><p>Ta kolekcja przeno\u015bnych zestaw\u00f3w szachowych reprezentuje unikalne skrzy\u017cowanie kultur ba\u0142ka\u0144skiej, s\u0142owia\u0144skiej, radzieckiej i tureckiej. Zamiast odzwierciedla\u0107 jeden blok polityczny, zestawy te ilustruj\u0105 zr\u00f3\u017cnicowany krajobraz intelektualny, w kt\u00f3rym rozkwita\u0142y odr\u0119bne projekty, od niezaanga\u017cowanych region\u00f3w Jugos\u0142awii po serce Zwi\u0105zku Radzieckiego. Dla Tamera Karatekina, tureckiego mistrza szachowego z 2000 roku i mistrza FIDE, te zestawy s\u0142u\u017c\u0105 jako osobista mapa jego podr\u00f3\u017cy rozwojowej i kamieni milowych kariery.<\/p><ul><li style=\"font-weight: 400;\" aria-level=\"1\"><b>Bu\u0142garski zestaw magnetyczny<\/b><span style=\"font-weight: 400;\">: Ba\u0142ka\u0144ski projekt, w kt\u00f3rym Tamer po raz pierwszy nauczy\u0142 si\u0119 gry od swojego ojca. Zawiera niereligijne symbole, co jest typow\u0105 cech\u0105 zestaw\u00f3w przeznaczonych do szerokiego u\u017cytku regionalnego.<\/span><\/li><li style=\"font-weight: 400;\" aria-level=\"1\"><b>Radziecki zestaw plastikowy w sk\u0142adanym drewnianym pude\u0142ku<\/b><span style=\"font-weight: 400;\">: Klasyczna, wytrzyma\u0142a konstrukcja, kt\u00f3ra s\u0142u\u017cy\u0142a jako pole bitwy w niezliczonych grach mi\u0119dzy Tamerem a jego dziadkiem w ich letnim domu w pobli\u017cu Silivri w Stambule.<\/span><\/li><li style=\"font-weight: 400;\" aria-level=\"1\"><b>Magnetyczny zestaw podr\u00f3\u017cny Soviet Baku Design<\/b><span style=\"font-weight: 400;\">: Radzieckie narz\u0119dzie badawcze, kt\u00f3rego Tamer u\u017cywa\u0142 do analizowania mistrzowskich gier i udoskonalania w\u0142asnych strategii.<\/span><\/li><li style=\"font-weight: 400;\" aria-level=\"1\"><b>Subotica Design Set (Macedonia, Jugos\u0142awia)<\/b><span style=\"font-weight: 400;\">: Kultowy jugos\u0142owia\u0144ski zestaw Tamer uczy\u0142 si\u0119 gry w szachy w swoim rodzinnym domu na Starym Mie\u015bcie w Stambule. Tamer \u0107wiczy\u0142 wiele partii ze swoim dziadkiem, M\u00fccahitem Kor\u00e7a, ucz\u0105c si\u0119 zawi\u0142o\u015bci gry za pomoc\u0105 tych w\u0142a\u015bnie figur. Kor\u00e7a przez ca\u0142e \u017cycie by\u0142 nauczycielem fizyki i j\u0119zyka oraz pionierskim naukowcem, kt\u00f3ry by\u0142 autorem jednego z pierwszych s\u0142ownik\u00f3w jugos\u0142owia\u0144sko-tureckich i alba\u0144sko-tureckich na Ba\u0142kanach.<\/span><\/li><li style=\"font-weight: 400;\" aria-level=\"1\"><b>Zestaw Varna 1962 \/ \u201cGambit\u201d<\/b><span style=\"font-weight: 400;\">: Pierwotnie zainspirowany Olimpiad\u0105 w Warnie w 1962 roku i przywieziony do Turcji przez tureckich imigrant\u00f3w z Bu\u0142garii, ten konkretny styl by\u0142 oficjalnym zestawem Mistrzostw Turcji w Szachach w 2000 roku, gdzie Tamer zosta\u0142 mistrzem kraju. Ten sam zestaw mo\u017cna zobaczy\u0107 w tle zdj\u0119cia Tamera, na kt\u00f3rym gra w szachy w znacznie m\u0142odszym wieku. Co najwa\u017cniejsze, by\u0142 to dok\u0142adnie ten sam wz\u00f3r, kt\u00f3ry zosta\u0142 u\u017cyty w meczach pokazowych Tamera w 1997 roku, kt\u00f3re zako\u0144czy\u0142y si\u0119 remisami z legendami Garrym Kasparowem i Anatolijem Karpowem.<\/span><\/li><\/ul><\/div><\/div>\t\t\t\t\t\t\t\t<\/div>\n\t\t\t\t<\/div>\n\t\t\t\t<\/div>\n\t\t\t\t\t<\/div>\n\t\t\t\t<\/div>\n\t\t\t\t<\/div>","protected":false},"excerpt":{"rendered":"<p>Bridges Across Borders: The Balkan and Socialist Legacy (1950\u20131991) \u265f\ufe0f This collection of portable chess sets represents a unique intersection of Balkan, Slavic, Soviet, and Turkish cultures. Rather than reflecting a single political bloc, these pieces illustrate a diverse intellectual landscape where distinct designs flourished from the Non-Aligned regions of Yugoslavia to the heart of [&hellip;]<\/p>\n","protected":false},"author":1,"featured_media":0,"parent":743,"menu_order":0,"comment_status":"closed","ping_status":"closed","template":"","meta":{"footnotes":""},"class_list":["post-1136","page","type-page","status-publish","hentry"],"_links":{"self":[{"href":"https:\/\/shatranj.art\/pl\/wp-json\/wp\/v2\/pages\/1136","targetHints":{"allow":["GET"]}}],"collection":[{"href":"https:\/\/shatranj.art\/pl\/wp-json\/wp\/v2\/pages"}],"about":[{"href":"https:\/\/shatranj.art\/pl\/wp-json\/wp\/v2\/types\/page"}],"author":[{"embeddable":true,"href":"https:\/\/shatranj.art\/pl\/wp-json\/wp\/v2\/users\/1"}],"replies":[{"embeddable":true,"href":"https:\/\/shatranj.art\/pl\/wp-json\/wp\/v2\/comments?post=1136"}],"version-history":[{"count":16,"href":"https:\/\/shatranj.art\/pl\/wp-json\/wp\/v2\/pages\/1136\/revisions"}],"predecessor-version":[{"id":1383,"href":"https:\/\/shatranj.art\/pl\/wp-json\/wp\/v2\/pages\/1136\/revisions\/1383"}],"up":[{"embeddable":true,"href":"https:\/\/shatranj.art\/pl\/wp-json\/wp\/v2\/pages\/743"}],"wp:attachment":[{"href":"https:\/\/shatranj.art\/pl\/wp-json\/wp\/v2\/media?parent=1136"}],"curies":[{"name":"wp","href":"https:\/\/api.w.org\/{rel}","templated":true}]}}