{"id":1355,"date":"2026-02-23T08:47:26","date_gmt":"2026-02-23T08:47:26","guid":{"rendered":"https:\/\/shatranj.art\/?page_id=1355"},"modified":"2026-02-24T06:17:29","modified_gmt":"2026-02-24T06:17:29","slug":"poster-33","status":"publish","type":"page","link":"https:\/\/shatranj.art\/pl\/exhibit\/poster-33\/","title":{"rendered":"plakat 33"},"content":{"rendered":"<div data-elementor-type=\"wp-page\" data-elementor-id=\"1355\" class=\"elementor elementor-1355\" data-elementor-post-type=\"page\">\n\t\t\t\t<div class=\"elementor-element elementor-element-2851794 e-flex e-con-boxed e-con e-parent\" data-id=\"2851794\" data-element_type=\"container\" data-e-type=\"container\" data-settings=\"{&quot;background_background&quot;:&quot;classic&quot;}\">\n\t\t\t\t\t<div class=\"e-con-inner\">\n\t\t<div class=\"elementor-element elementor-element-ed4d108 e-con-full e-flex e-con e-child\" data-id=\"ed4d108\" data-element_type=\"container\" data-e-type=\"container\">\n\t\t\t\t<div class=\"elementor-element elementor-element-2753e94 elementor-widget elementor-widget-image\" data-id=\"2753e94\" data-element_type=\"widget\" data-e-type=\"widget\" data-widget_type=\"image.default\">\n\t\t\t\t<div class=\"elementor-widget-container\">\n\t\t\t\t\t\t\t\t\t\t\t\t\t\t\t<img fetchpriority=\"high\" decoding=\"async\" width=\"800\" height=\"534\" src=\"https:\/\/shatranj.art\/wp-content\/uploads\/2026\/02\/ulku-ve-dalkiran-kultur-un-1024x683.jpeg\" class=\"attachment-large size-large wp-image-1359\" alt=\"\" srcset=\"https:\/\/shatranj.art\/wp-content\/uploads\/2026\/02\/ulku-ve-dalkiran-kultur-un-1024x683.jpeg 1024w, https:\/\/shatranj.art\/wp-content\/uploads\/2026\/02\/ulku-ve-dalkiran-kultur-un-300x200.jpeg 300w, https:\/\/shatranj.art\/wp-content\/uploads\/2026\/02\/ulku-ve-dalkiran-kultur-un-768x512.jpeg 768w, https:\/\/shatranj.art\/wp-content\/uploads\/2026\/02\/ulku-ve-dalkiran-kultur-un-1536x1024.jpeg 1536w, https:\/\/shatranj.art\/wp-content\/uploads\/2026\/02\/ulku-ve-dalkiran-kultur-un-2048x1365.jpeg 2048w, https:\/\/shatranj.art\/wp-content\/uploads\/2026\/02\/ulku-ve-dalkiran-kultur-un-18x12.jpeg 18w\" sizes=\"(max-width: 800px) 100vw, 800px\" \/>\t\t\t\t\t\t\t\t\t\t\t\t\t\t\t<\/div>\n\t\t\t\t<\/div>\n\t\t\t\t<div class=\"elementor-element elementor-element-1b1dadb elementor-widget-tablet__width-inherit elementor-widget elementor-widget-text-editor\" data-id=\"1b1dadb\" data-element_type=\"widget\" data-e-type=\"widget\" data-widget_type=\"text-editor.default\">\n\t\t\t\t<div class=\"elementor-widget-container\">\n\t\t\t\t\t\t\t\t\t<h3><strong>Zestaw szach\u00f3w Mustafy Kemala Atat\u00fcrka<\/strong><span style=\"font-weight: 400;\"><br \/><\/span><span style=\"font-weight: 400;\"><br \/><\/span><\/h3><p><span style=\"font-weight: 400;\">Ta cz\u0119\u015b\u0107 wystawy podkre\u015bla wyj\u0105tkowy kawa\u0142ek tureckiej historii: osobisty zestaw szach\u00f3w Mustafy Kemala Atat\u00fcrka, za\u0142o\u017cyciela Republiki Turcji. Zdj\u0119cie w galerii przedstawia H. Serta\u00e7 Dalk\u0131ran wraz z adoptowan\u0105 c\u00f3rk\u0105 Atat\u00fcrka, \u00dclk\u00fc Adatepe, dumnie prezentuj\u0105c\u0105 zestaw.<\/span><span style=\"font-weight: 400;\"><br \/><\/span><span style=\"font-weight: 400;\"><br \/><\/span><span style=\"font-weight: 400;\">Ten zestaw szach\u00f3w zosta\u0142 unikalnie wyrze\u017abiony z bukszpanu jako jedyny w swoim rodzaju projekt. Zosta\u0142 zainspirowany bitw\u0105 o Gallipoli i wykonany przez Tahsina \u00c7ukurluo\u011flu, szefa stacji le\u015bnej farmy Atat\u00fcrka, m\u0119\u017ca adoptowanej c\u00f3rki Z\u00fcbeyde Han\u0131m, Vasfiye Han\u0131m, i ojca adoptowanej c\u00f3rki Atat\u00fcrka, \u00dclk\u00fc Adatepe. Zosta\u0142 on zaprezentowany jako prezent dla Atat\u00fcrka. Gawrony s\u0105 przedstawione jako armaty, zgodnie z terminologi\u0105 tego utworu jako armata, \u201cg\u00f3ra\u201d, w wielu j\u0119zykach po\u0142udniowos\u0142owia\u0144skich i ba\u0142ka\u0144skich.\u00a0<\/span><\/p><p><span style=\"font-weight: 400;\">Po \u015bmierci Atat\u00fcrka zestaw zosta\u0142 zachowany przez t\u0119 rodzin\u0119. Po \u015bmierci Tahsina \u00c7ukurluo\u011flu zestaw zosta\u0142 przekazany na pami\u0105tk\u0119 jego bliskiemu przyjacielowi Selahattinowi A\u015fkanowi, cenionej postaci w spo\u0142eczno\u015bci szachowej, w ich domu w Cevizli w Stambule.<\/span><\/p><p><span style=\"font-weight: 400;\">P\u00f3\u017aniej zestaw ten zosta\u0142 podarowany H. Serta\u00e7owi Dalk\u0131ranowi, kt\u00f3ry za\u0142o\u017cy\u0142 pierwsz\u0105 w naszym kraju szko\u0142\u0119 szachow\u0105 i muzeum w uznaniu jego wybitnych zas\u0142ug dla szach\u00f3w w Turcji. Wiadomo, \u017ce Atat\u00fcrk gra\u0142 tym zestawem przeciwko \u0130smetowi \u0130n\u00f6n\u00fc, Selahattinowi Adilowi Paszy i innym towarzyszom broni.<\/span><\/p>\t\t\t\t\t\t\t\t<\/div>\n\t\t\t\t<\/div>\n\t\t\t\t<div class=\"elementor-element elementor-element-8077669 elementor-widget elementor-widget-image\" data-id=\"8077669\" data-element_type=\"widget\" data-e-type=\"widget\" data-widget_type=\"image.default\">\n\t\t\t\t<div class=\"elementor-widget-container\">\n\t\t\t\t\t\t\t\t\t\t\t\t\t\t\t<img decoding=\"async\" width=\"800\" height=\"576\" src=\"https:\/\/shatranj.art\/wp-content\/uploads\/2026\/02\/ataturkun-takimi-afis-calismasi-1-1024x737.jpg\" class=\"attachment-large size-large wp-image-1358\" alt=\"\" srcset=\"https:\/\/shatranj.art\/wp-content\/uploads\/2026\/02\/ataturkun-takimi-afis-calismasi-1-1024x737.jpg 1024w, https:\/\/shatranj.art\/wp-content\/uploads\/2026\/02\/ataturkun-takimi-afis-calismasi-1-300x216.jpg 300w, https:\/\/shatranj.art\/wp-content\/uploads\/2026\/02\/ataturkun-takimi-afis-calismasi-1-768x553.jpg 768w, https:\/\/shatranj.art\/wp-content\/uploads\/2026\/02\/ataturkun-takimi-afis-calismasi-1-1536x1106.jpg 1536w, https:\/\/shatranj.art\/wp-content\/uploads\/2026\/02\/ataturkun-takimi-afis-calismasi-1-2048x1475.jpg 2048w, https:\/\/shatranj.art\/wp-content\/uploads\/2026\/02\/ataturkun-takimi-afis-calismasi-1-18x12.jpg 18w\" sizes=\"(max-width: 800px) 100vw, 800px\" \/>\t\t\t\t\t\t\t\t\t\t\t\t\t\t\t<\/div>\n\t\t\t\t<\/div>\n\t\t\t\t<div class=\"elementor-element elementor-element-887b309 elementor-widget elementor-widget-image\" data-id=\"887b309\" data-element_type=\"widget\" data-e-type=\"widget\" data-widget_type=\"image.default\">\n\t\t\t\t<div class=\"elementor-widget-container\">\n\t\t\t\t\t\t\t\t\t\t\t\t\t\t\t<img decoding=\"async\" width=\"800\" height=\"504\" src=\"https:\/\/shatranj.art\/wp-content\/uploads\/2026\/02\/mustafa-kemal-ataturk-chess-set-reduced-size-1024x645.jpg\" class=\"attachment-large size-large wp-image-1446\" alt=\"\" srcset=\"https:\/\/shatranj.art\/wp-content\/uploads\/2026\/02\/mustafa-kemal-ataturk-chess-set-reduced-size-1024x645.jpg 1024w, https:\/\/shatranj.art\/wp-content\/uploads\/2026\/02\/mustafa-kemal-ataturk-chess-set-reduced-size-300x189.jpg 300w, https:\/\/shatranj.art\/wp-content\/uploads\/2026\/02\/mustafa-kemal-ataturk-chess-set-reduced-size-768x484.jpg 768w, https:\/\/shatranj.art\/wp-content\/uploads\/2026\/02\/mustafa-kemal-ataturk-chess-set-reduced-size-1536x968.jpg 1536w, https:\/\/shatranj.art\/wp-content\/uploads\/2026\/02\/mustafa-kemal-ataturk-chess-set-reduced-size-2048x1291.jpg 2048w, https:\/\/shatranj.art\/wp-content\/uploads\/2026\/02\/mustafa-kemal-ataturk-chess-set-reduced-size-18x12.jpg 18w\" sizes=\"(max-width: 800px) 100vw, 800px\" \/>\t\t\t\t\t\t\t\t\t\t\t\t\t\t\t<\/div>\n\t\t\t\t<\/div>\n\t\t\t\t<div class=\"elementor-element elementor-element-67db2a3 elementor-widget elementor-widget-image\" data-id=\"67db2a3\" data-element_type=\"widget\" data-e-type=\"widget\" data-widget_type=\"image.default\">\n\t\t\t\t<div class=\"elementor-widget-container\">\n\t\t\t\t\t\t\t\t\t\t\t\t\t\t\t<img loading=\"lazy\" decoding=\"async\" width=\"768\" height=\"1024\" src=\"https:\/\/shatranj.art\/wp-content\/uploads\/2026\/02\/ulku-adatepe-my-childhood-with-ataturk-768x1024.jpg\" class=\"attachment-large size-large wp-image-1451\" alt=\"\" srcset=\"https:\/\/shatranj.art\/wp-content\/uploads\/2026\/02\/ulku-adatepe-my-childhood-with-ataturk-768x1024.jpg 768w, https:\/\/shatranj.art\/wp-content\/uploads\/2026\/02\/ulku-adatepe-my-childhood-with-ataturk-225x300.jpg 225w, https:\/\/shatranj.art\/wp-content\/uploads\/2026\/02\/ulku-adatepe-my-childhood-with-ataturk-1152x1536.jpg 1152w, https:\/\/shatranj.art\/wp-content\/uploads\/2026\/02\/ulku-adatepe-my-childhood-with-ataturk-1536x2048.jpg 1536w, https:\/\/shatranj.art\/wp-content\/uploads\/2026\/02\/ulku-adatepe-my-childhood-with-ataturk-9x12.jpg 9w, https:\/\/shatranj.art\/wp-content\/uploads\/2026\/02\/ulku-adatepe-my-childhood-with-ataturk-scaled.jpg 1920w\" sizes=\"(max-width: 768px) 100vw, 768px\" \/>\t\t\t\t\t\t\t\t\t\t\t\t\t\t\t<\/div>\n\t\t\t\t<\/div>\n\t\t\t\t<div class=\"elementor-element elementor-element-00467b4 elementor-widget elementor-widget-image\" data-id=\"00467b4\" data-element_type=\"widget\" data-e-type=\"widget\" data-widget_type=\"image.default\">\n\t\t\t\t<div class=\"elementor-widget-container\">\n\t\t\t\t\t\t\t\t\t\t\t\t\t\t\t<img loading=\"lazy\" decoding=\"async\" width=\"768\" height=\"1024\" src=\"https:\/\/shatranj.art\/wp-content\/uploads\/2026\/02\/ulku-adatepe-ataturk-memoirs-768x1024.jpg\" class=\"attachment-large size-large wp-image-1447\" alt=\"\" srcset=\"https:\/\/shatranj.art\/wp-content\/uploads\/2026\/02\/ulku-adatepe-ataturk-memoirs-768x1024.jpg 768w, https:\/\/shatranj.art\/wp-content\/uploads\/2026\/02\/ulku-adatepe-ataturk-memoirs-225x300.jpg 225w, https:\/\/shatranj.art\/wp-content\/uploads\/2026\/02\/ulku-adatepe-ataturk-memoirs-1152x1536.jpg 1152w, https:\/\/shatranj.art\/wp-content\/uploads\/2026\/02\/ulku-adatepe-ataturk-memoirs-1536x2048.jpg 1536w, https:\/\/shatranj.art\/wp-content\/uploads\/2026\/02\/ulku-adatepe-ataturk-memoirs-9x12.jpg 9w, https:\/\/shatranj.art\/wp-content\/uploads\/2026\/02\/ulku-adatepe-ataturk-memoirs-scaled.jpg 1920w\" sizes=\"(max-width: 768px) 100vw, 768px\" \/>\t\t\t\t\t\t\t\t\t\t\t\t\t\t\t<\/div>\n\t\t\t\t<\/div>\n\t\t\t\t<div class=\"elementor-element elementor-element-9bf6bee elementor-widget elementor-widget-image\" data-id=\"9bf6bee\" data-element_type=\"widget\" data-e-type=\"widget\" data-widget_type=\"image.default\">\n\t\t\t\t<div class=\"elementor-widget-container\">\n\t\t\t\t\t\t\t\t\t\t\t\t\t\t\t<img loading=\"lazy\" decoding=\"async\" width=\"530\" height=\"800\" src=\"https:\/\/shatranj.art\/wp-content\/uploads\/2026\/02\/mustafa-kemal-atatur-ulku-adatepe.jpg\" class=\"attachment-large size-large wp-image-1449\" alt=\"\" srcset=\"https:\/\/shatranj.art\/wp-content\/uploads\/2026\/02\/mustafa-kemal-atatur-ulku-adatepe.jpg 530w, https:\/\/shatranj.art\/wp-content\/uploads\/2026\/02\/mustafa-kemal-atatur-ulku-adatepe-199x300.jpg 199w, https:\/\/shatranj.art\/wp-content\/uploads\/2026\/02\/mustafa-kemal-atatur-ulku-adatepe-8x12.jpg 8w\" sizes=\"(max-width: 530px) 100vw, 530px\" \/>\t\t\t\t\t\t\t\t\t\t\t\t\t\t\t<\/div>\n\t\t\t\t<\/div>\n\t\t\t\t<div class=\"elementor-element elementor-element-c32a832 elementor-widget elementor-widget-image\" data-id=\"c32a832\" data-element_type=\"widget\" data-e-type=\"widget\" data-widget_type=\"image.default\">\n\t\t\t\t<div class=\"elementor-widget-container\">\n\t\t\t\t\t\t\t\t\t\t\t\t\t\t\t<img loading=\"lazy\" decoding=\"async\" width=\"640\" height=\"1024\" src=\"https:\/\/shatranj.art\/wp-content\/uploads\/2026\/02\/tahsin-cukurluoglu-ulku-adatepe-chesset-memory-640x1024.jpg\" class=\"attachment-large size-large wp-image-1450\" alt=\"\" srcset=\"https:\/\/shatranj.art\/wp-content\/uploads\/2026\/02\/tahsin-cukurluoglu-ulku-adatepe-chesset-memory-640x1024.jpg 640w, https:\/\/shatranj.art\/wp-content\/uploads\/2026\/02\/tahsin-cukurluoglu-ulku-adatepe-chesset-memory-187x300.jpg 187w, https:\/\/shatranj.art\/wp-content\/uploads\/2026\/02\/tahsin-cukurluoglu-ulku-adatepe-chesset-memory-7x12.jpg 7w, https:\/\/shatranj.art\/wp-content\/uploads\/2026\/02\/tahsin-cukurluoglu-ulku-adatepe-chesset-memory.jpg 652w\" sizes=\"(max-width: 640px) 100vw, 640px\" \/>\t\t\t\t\t\t\t\t\t\t\t\t\t\t\t<\/div>\n\t\t\t\t<\/div>\n\t\t\t\t<div class=\"elementor-element elementor-element-4fc3267 elementor-widget elementor-widget-image\" data-id=\"4fc3267\" data-element_type=\"widget\" data-e-type=\"widget\" data-widget_type=\"image.default\">\n\t\t\t\t<div class=\"elementor-widget-container\">\n\t\t\t\t\t\t\t\t\t\t\t\t\t\t\t<img loading=\"lazy\" decoding=\"async\" width=\"580\" height=\"984\" src=\"https:\/\/shatranj.art\/wp-content\/uploads\/2026\/02\/Tahsin-Cukurluoglu.jpg\" class=\"attachment-large size-large wp-image-1448\" alt=\"\" srcset=\"https:\/\/shatranj.art\/wp-content\/uploads\/2026\/02\/Tahsin-Cukurluoglu.jpg 580w, https:\/\/shatranj.art\/wp-content\/uploads\/2026\/02\/Tahsin-Cukurluoglu-177x300.jpg 177w, https:\/\/shatranj.art\/wp-content\/uploads\/2026\/02\/Tahsin-Cukurluoglu-7x12.jpg 7w\" sizes=\"(max-width: 580px) 100vw, 580px\" \/>\t\t\t\t\t\t\t\t\t\t\t\t\t\t\t<\/div>\n\t\t\t\t<\/div>\n\t\t\t\t<div class=\"elementor-element elementor-element-7c081ec elementor-widget-tablet__width-inherit elementor-widget elementor-widget-text-editor\" data-id=\"7c081ec\" data-element_type=\"widget\" data-e-type=\"widget\" data-widget_type=\"text-editor.default\">\n\t\t\t\t<div class=\"elementor-widget-container\">\n\t\t\t\t\t\t\t\t\t<h3><b>Gigantyczny pokaz szach\u00f3w na \u017cywo na stadionie Fenerbah\u00e7e (1997)<\/b><\/h3><p><b>Na podstawie kola\u017cu stadionowego.<\/b><\/p><p><span style=\"font-weight: 400;\">Ta imponuj\u0105ca wizualizacja przedstawia ogromne wydarzenie \u201cSzachy na \u017cywo\u201d, kt\u00f3re odby\u0142o si\u0119 w 1997 roku na stadionie Fenerbah\u00e7e, jednego z najbardziej znanych tureckich klub\u00f3w sportowych.<\/span><\/p><p><span style=\"font-weight: 400;\">W tym wydarzeniu, w kt\u00f3rym boisko pi\u0142karskie zosta\u0142o przekszta\u0142cone w gigantyczn\u0105 szachownic\u0119, specjalnie przebrani wykonawcy o\u017cywili strategiczn\u0105 gr\u0119 przed publiczno\u015bci\u0105 na stadionie, dzia\u0142aj\u0105c jako szachy. Oprawa wizualna p\u0142ynnie \u0142\u0105czy\u0142a intelektualn\u0105 g\u0142\u0119bi\u0119 szach\u00f3w z fizyczn\u0105 uczt\u0105 wizualn\u0105 i kultur\u0105 sportow\u0105. Zdj\u0119cie Ataturka mo\u017cna zobaczy\u0107 na fladze na stadionie.<\/span><\/p><p><b>Uwaga archiwalna:<\/b><span style=\"font-weight: 400;\"> Jak podano na oryginalnym zdj\u0119ciu, ten wyj\u0105tkowy kawa\u0142ek historii szach\u00f3w pochodzi z osobistego archiwum i kolekcji Mi\u0119dzynarodowego Arbitra Szachowego FIDE i pisarza, <\/span><b>H. Serta\u00e7 Dalk\u0131ran<\/b><span style=\"font-weight: 400;\">.<\/span><\/p>\t\t\t\t\t\t\t\t<\/div>\n\t\t\t\t<\/div>\n\t\t\t\t<div class=\"elementor-element elementor-element-2284ad2 elementor-widget elementor-widget-image\" data-id=\"2284ad2\" data-element_type=\"widget\" data-e-type=\"widget\" data-widget_type=\"image.default\">\n\t\t\t\t<div class=\"elementor-widget-container\">\n\t\t\t\t\t\t\t\t\t\t\t\t\t\t\t<img loading=\"lazy\" decoding=\"async\" width=\"800\" height=\"557\" src=\"https:\/\/shatranj.art\/wp-content\/uploads\/2026\/02\/Fenerbahce-stadi-bale-1997-1024x713.jpg\" class=\"attachment-large size-large wp-image-1360\" alt=\"\" srcset=\"https:\/\/shatranj.art\/wp-content\/uploads\/2026\/02\/Fenerbahce-stadi-bale-1997-1024x713.jpg 1024w, https:\/\/shatranj.art\/wp-content\/uploads\/2026\/02\/Fenerbahce-stadi-bale-1997-300x209.jpg 300w, https:\/\/shatranj.art\/wp-content\/uploads\/2026\/02\/Fenerbahce-stadi-bale-1997-768x535.jpg 768w, https:\/\/shatranj.art\/wp-content\/uploads\/2026\/02\/Fenerbahce-stadi-bale-1997-1536x1070.jpg 1536w, https:\/\/shatranj.art\/wp-content\/uploads\/2026\/02\/Fenerbahce-stadi-bale-1997-2048x1426.jpg 2048w, https:\/\/shatranj.art\/wp-content\/uploads\/2026\/02\/Fenerbahce-stadi-bale-1997-18x12.jpg 18w\" sizes=\"(max-width: 800px) 100vw, 800px\" \/>\t\t\t\t\t\t\t\t\t\t\t\t\t\t\t<\/div>\n\t\t\t\t<\/div>\n\t\t\t\t<\/div>\n\t\t\t\t\t<\/div>\n\t\t\t\t<\/div>\n\t\t\t\t<\/div>","protected":false},"excerpt":{"rendered":"<p>The chess set of Mustafa Kemal Atat\u00fcrk This section of the exhibit highlights a unique piece of Turkish history: the personal chess set of Mustafa Kemal Atat\u00fcrk, the founder of the Republic of Turkey. The gallery photo shows H. Serta\u00e7 Dalk\u0131ran alongside Atat\u00fcrk&#8217;s adopted daughter, \u00dclk\u00fc Adatepe, proudly presenting the set. This chess set was [&hellip;]<\/p>\n","protected":false},"author":1,"featured_media":0,"parent":743,"menu_order":0,"comment_status":"closed","ping_status":"closed","template":"","meta":{"footnotes":""},"class_list":["post-1355","page","type-page","status-publish","hentry"],"_links":{"self":[{"href":"https:\/\/shatranj.art\/pl\/wp-json\/wp\/v2\/pages\/1355","targetHints":{"allow":["GET"]}}],"collection":[{"href":"https:\/\/shatranj.art\/pl\/wp-json\/wp\/v2\/pages"}],"about":[{"href":"https:\/\/shatranj.art\/pl\/wp-json\/wp\/v2\/types\/page"}],"author":[{"embeddable":true,"href":"https:\/\/shatranj.art\/pl\/wp-json\/wp\/v2\/users\/1"}],"replies":[{"embeddable":true,"href":"https:\/\/shatranj.art\/pl\/wp-json\/wp\/v2\/comments?post=1355"}],"version-history":[{"count":16,"href":"https:\/\/shatranj.art\/pl\/wp-json\/wp\/v2\/pages\/1355\/revisions"}],"predecessor-version":[{"id":1457,"href":"https:\/\/shatranj.art\/pl\/wp-json\/wp\/v2\/pages\/1355\/revisions\/1457"}],"up":[{"embeddable":true,"href":"https:\/\/shatranj.art\/pl\/wp-json\/wp\/v2\/pages\/743"}],"wp:attachment":[{"href":"https:\/\/shatranj.art\/pl\/wp-json\/wp\/v2\/media?parent=1355"}],"curies":[{"name":"wp","href":"https:\/\/api.w.org\/{rel}","templated":true}]}}