{"id":1465,"date":"2026-02-24T06:30:11","date_gmt":"2026-02-24T06:30:11","guid":{"rendered":"https:\/\/shatranj.art\/?page_id=1465"},"modified":"2026-02-24T07:42:10","modified_gmt":"2026-02-24T07:42:10","slug":"plakat-35","status":"publish","type":"page","link":"https:\/\/shatranj.art\/pl\/exhibit\/plakat-35\/","title":{"rendered":"plakat-35"},"content":{"rendered":"<div data-elementor-type=\"wp-page\" data-elementor-id=\"1465\" class=\"elementor elementor-1465\" data-elementor-post-type=\"page\">\n\t\t\t\t<div class=\"elementor-element elementor-element-08b263e e-flex e-con-boxed e-con e-parent\" data-id=\"08b263e\" data-element_type=\"container\" data-e-type=\"container\" data-settings=\"{&quot;background_background&quot;:&quot;classic&quot;}\">\n\t\t\t\t\t<div class=\"e-con-inner\">\n\t\t<div class=\"elementor-element elementor-element-7869a40 e-con-full e-flex e-con e-child\" data-id=\"7869a40\" data-element_type=\"container\" data-e-type=\"container\">\n\t\t\t\t<div class=\"elementor-element elementor-element-1c616f4 elementor-widget elementor-widget-image\" data-id=\"1c616f4\" data-element_type=\"widget\" data-e-type=\"widget\" data-widget_type=\"image.default\">\n\t\t\t\t<div class=\"elementor-widget-container\">\n\t\t\t\t\t\t\t\t\t\t\t\t\t\t\t<img fetchpriority=\"high\" decoding=\"async\" width=\"453\" height=\"371\" src=\"https:\/\/shatranj.art\/wp-content\/uploads\/2026\/02\/Cambridge_Springs_Staunton_Chessmen.jpg\" class=\"attachment-full size-full wp-image-1468\" alt=\"\" srcset=\"https:\/\/shatranj.art\/wp-content\/uploads\/2026\/02\/Cambridge_Springs_Staunton_Chessmen.jpg 453w, https:\/\/shatranj.art\/wp-content\/uploads\/2026\/02\/Cambridge_Springs_Staunton_Chessmen-300x246.jpg 300w, https:\/\/shatranj.art\/wp-content\/uploads\/2026\/02\/Cambridge_Springs_Staunton_Chessmen-15x12.jpg 15w\" sizes=\"(max-width: 453px) 100vw, 453px\" \/>\t\t\t\t\t\t\t\t\t\t\t\t\t\t\t<\/div>\n\t\t\t\t<\/div>\n\t\t\t\t<div class=\"elementor-element elementor-element-a5ffbc0 elementor-widget elementor-widget-text-editor\" data-id=\"a5ffbc0\" data-element_type=\"widget\" data-e-type=\"widget\" data-widget_type=\"text-editor.default\">\n\t\t\t\t<div class=\"elementor-widget-container\">\n\t\t\t\t\t\t\t\t\t<h3 data-path-to-node=\"0\">Mi\u0119dzynarodowy zestaw Cambridge Springs z 1904 r.<\/h3><p data-path-to-node=\"2\">Mi\u0119dzynarodowy Kongres Szachowy, kt\u00f3ry odby\u0142 si\u0119 w 1904 roku w Cambridge Springs w Pensylwanii, by\u0142 historycznym kamieniem milowym jako pierwszy du\u017cy mi\u0119dzynarodowy turniej zorganizowany w Stanach Zjednoczonych. Wydarzenie to sta\u0142o si\u0119 momentem definiuj\u0105cym Z\u0142ot\u0105 Er\u0119 szach\u00f3w, stanowi\u0105c pomost mi\u0119dzy klasycznymi europejskimi tradycjami a rosn\u0105cym znaczeniem ameryka\u0144skiej sceny szachowej.<\/p><p data-path-to-node=\"2\">\u00a0<\/p><p data-path-to-node=\"3\"><strong>Spotkanie legendarnych mistrz\u00f3w<\/strong><\/p><p data-path-to-node=\"3\">\u00a0<\/p><p data-path-to-node=\"4\">W turnieju wzi\u0119\u0142o udzia\u0142 szesnastu najznakomitszych graczy na \u015bwiecie, co czyni go jednym z najsilniejszych zawod\u00f3w pocz\u0105tku XX wieku. W sk\u0142adzie znale\u017ali si\u0119:<\/p><p data-path-to-node=\"5,0,0\">Emanuel Lasker: Panuj\u0105cy mistrz \u015bwiata i dominuj\u0105ca si\u0142a w strategii szachowej.<\/p><p data-path-to-node=\"5,1,0\">Michai\u0142 Czigorin: Legendarny rosyjski mistrz i pionier radzieckiej szko\u0142y szachowej.<\/p><p data-path-to-node=\"5,2,0\">Dawid Janowski: Genialny polsko-francuski taktyk znany z agresywnej i kreatywnej gry.<\/p><p data-path-to-node=\"5,3,0\">Frank James Marshall: M\u0142ody ameryka\u0144ski challenger, kt\u00f3ry zaszokowa\u0142 \u015bwiat wygrywaj\u0105c turniej niepokonany, ko\u0144cz\u0105c przed mistrzem \u015bwiata.<\/p><p data-path-to-node=\"5,4,0\">Innymi znacz\u0105cymi uczestnikami byli Harry Nelson Pillsbury, Carl Schlechter i Richard Teichmann.<\/p><p data-path-to-node=\"5,4,0\">\u00a0<\/p><p>Usuni\u0119cie krzy\u017ca kr\u00f3lewskiego z oryginalnego projektu Stauntona by\u0142o celowym ruchem w kierunku inkluzywno\u015bci, uhonorowania r\u00f3\u017cnorodnych \u015brodowisk mi\u0119dzynarodowych graczy poprzez powr\u00f3t gry do jej \u015bwieckich i abstrakcyjnych korzeni. Projekt ten ustanowi\u0142 szachownic\u0119 jako neutraln\u0105 aren\u0119 logiki, woln\u0105 od konkretnych konotacji religijnych.<\/p>\t\t\t\t\t\t\t\t<\/div>\n\t\t\t\t<\/div>\n\t\t\t\t<div class=\"elementor-element elementor-element-26ec034 elementor-widget elementor-widget-image\" data-id=\"26ec034\" data-element_type=\"widget\" data-e-type=\"widget\" data-widget_type=\"image.default\">\n\t\t\t\t<div class=\"elementor-widget-container\">\n\t\t\t\t\t\t\t\t\t\t\t\t\t\t\t<img decoding=\"async\" width=\"413\" height=\"520\" src=\"https:\/\/shatranj.art\/wp-content\/uploads\/2026\/02\/1904-cambridge-springs-chess-tournament.jpeg\" class=\"attachment-full size-full wp-image-1517\" alt=\"\" srcset=\"https:\/\/shatranj.art\/wp-content\/uploads\/2026\/02\/1904-cambridge-springs-chess-tournament.jpeg 413w, https:\/\/shatranj.art\/wp-content\/uploads\/2026\/02\/1904-cambridge-springs-chess-tournament-238x300.jpeg 238w, https:\/\/shatranj.art\/wp-content\/uploads\/2026\/02\/1904-cambridge-springs-chess-tournament-10x12.jpeg 10w\" sizes=\"(max-width: 413px) 100vw, 413px\" \/>\t\t\t\t\t\t\t\t\t\t\t\t\t\t\t<\/div>\n\t\t\t\t<\/div>\n\t\t\t\t<\/div>\n\t\t\t\t\t<\/div>\n\t\t\t\t<\/div>\n\t\t\t\t<\/div>","protected":false},"excerpt":{"rendered":"<p>The 1904 Cambridge Springs International Set The 1904 International Chess Congress in Cambridge Springs, Pennsylvania, marked a historic milestone as the first major international tournament hosted in the United States. This event became a defining moment for the Golden Age of chess, representing a bridge between the classic European traditions and the rising prominence of [&hellip;]<\/p>\n","protected":false},"author":1,"featured_media":0,"parent":743,"menu_order":0,"comment_status":"closed","ping_status":"closed","template":"","meta":{"footnotes":""},"class_list":["post-1465","page","type-page","status-publish","hentry"],"_links":{"self":[{"href":"https:\/\/shatranj.art\/pl\/wp-json\/wp\/v2\/pages\/1465","targetHints":{"allow":["GET"]}}],"collection":[{"href":"https:\/\/shatranj.art\/pl\/wp-json\/wp\/v2\/pages"}],"about":[{"href":"https:\/\/shatranj.art\/pl\/wp-json\/wp\/v2\/types\/page"}],"author":[{"embeddable":true,"href":"https:\/\/shatranj.art\/pl\/wp-json\/wp\/v2\/users\/1"}],"replies":[{"embeddable":true,"href":"https:\/\/shatranj.art\/pl\/wp-json\/wp\/v2\/comments?post=1465"}],"version-history":[{"count":17,"href":"https:\/\/shatranj.art\/pl\/wp-json\/wp\/v2\/pages\/1465\/revisions"}],"predecessor-version":[{"id":1520,"href":"https:\/\/shatranj.art\/pl\/wp-json\/wp\/v2\/pages\/1465\/revisions\/1520"}],"up":[{"embeddable":true,"href":"https:\/\/shatranj.art\/pl\/wp-json\/wp\/v2\/pages\/743"}],"wp:attachment":[{"href":"https:\/\/shatranj.art\/pl\/wp-json\/wp\/v2\/media?parent=1465"}],"curies":[{"name":"wp","href":"https:\/\/api.w.org\/{rel}","templated":true}]}}