{"id":1488,"date":"2026-02-24T06:58:44","date_gmt":"2026-02-24T06:58:44","guid":{"rendered":"https:\/\/shatranj.art\/?page_id=1488"},"modified":"2026-02-24T07:15:32","modified_gmt":"2026-02-24T07:15:32","slug":"plakat-36","status":"publish","type":"page","link":"https:\/\/shatranj.art\/pl\/exhibit\/plakat-36\/","title":{"rendered":"plakat-36"},"content":{"rendered":"<div data-elementor-type=\"wp-page\" data-elementor-id=\"1488\" class=\"elementor elementor-1488\" data-elementor-post-type=\"page\">\n\t\t\t\t<div class=\"elementor-element elementor-element-ffdb7d2 e-flex e-con-boxed e-con e-parent\" data-id=\"ffdb7d2\" data-element_type=\"container\" data-e-type=\"container\" data-settings=\"{&quot;background_background&quot;:&quot;classic&quot;}\">\n\t\t\t\t\t<div class=\"e-con-inner\">\n\t\t<div class=\"elementor-element elementor-element-5551562 e-con-full e-flex e-con e-child\" data-id=\"5551562\" data-element_type=\"container\" data-e-type=\"container\">\n\t\t\t\t<div class=\"elementor-element elementor-element-1e762c9 elementor-widget elementor-widget-image\" data-id=\"1e762c9\" data-element_type=\"widget\" data-e-type=\"widget\" data-widget_type=\"image.default\">\n\t\t\t\t<div class=\"elementor-widget-container\">\n\t\t\t\t\t\t\t\t\t\t\t\t\t\t\t<img fetchpriority=\"high\" decoding=\"async\" width=\"569\" height=\"860\" src=\"https:\/\/shatranj.art\/wp-content\/uploads\/2026\/02\/damiano.jpg\" class=\"attachment-full size-full wp-image-1490\" alt=\"\" srcset=\"https:\/\/shatranj.art\/wp-content\/uploads\/2026\/02\/damiano.jpg 569w, https:\/\/shatranj.art\/wp-content\/uploads\/2026\/02\/damiano-198x300.jpg 198w, https:\/\/shatranj.art\/wp-content\/uploads\/2026\/02\/damiano-8x12.jpg 8w\" sizes=\"(max-width: 569px) 100vw, 569px\" \/>\t\t\t\t\t\t\t\t\t\t\t\t\t\t\t<\/div>\n\t\t\t\t<\/div>\n\t\t\t\t<div class=\"elementor-element elementor-element-4488bb1 elementor-widget elementor-widget-text-editor\" data-id=\"4488bb1\" data-element_type=\"widget\" data-e-type=\"widget\" data-widget_type=\"text-editor.default\">\n\t\t\t\t<div class=\"elementor-widget-container\">\n\t\t\t\t\t\t\t\t\t<h3 data-path-to-node=\"0\">Zestaw szach\u00f3w Damiano (ok. 1512 r.)<\/h3><p data-path-to-node=\"1\">Nazwany na cze\u015b\u0107 Pedro Damiano, portugalskiego aptekarza, kt\u00f3ry by\u0142 autorem wp\u0142ywowego podr\u0119cznika Questo Libro e da Imparare Giocare a Scacchi z 1512 roku, zestaw ten reprezentuje znacz\u0105cy moment przej\u015bciowy w projektowaniu szach\u00f3w. Figury stanowi\u0105 pomost mi\u0119dzy wczesnymi formami symbolicznymi a nowoczesn\u0105 reprezentacj\u0105. Podczas gdy kr\u00f3lowie i kr\u00f3lowe maj\u0105 eleganckie toczone poziomy, a rycerze s\u0105 przedstawieni jako rze\u017abione g\u0142owy koni, wie\u017ce i biskupi wci\u0105\u017c odzwierciedlaj\u0105 swoich \u015bredniowiecznych poprzednik\u00f3w. W szczeg\u00f3lno\u015bci wie\u017ca zachowuje abstrakcyjn\u0105 sylwetk\u0119 staro\u017cytnego rydwanu wojennego, form\u0119, kt\u00f3ra wkr\u00f3tce przekszta\u0142ci si\u0119 w nowoczesn\u0105 wie\u017c\u0119 zamkow\u0105.<\/p><p data-path-to-node=\"2\">Traktat Damiano by\u0142 pierwszym bestsellerem ery nowo\u017cytnej, ustanawiaj\u0105c fundamentalne standardy, takie jak wym\u00f3g, aby bia\u0142e pole znajdowa\u0142o si\u0119 po prawej stronie gracza. Jego ponadczasowa rada \u201cJe\u015bli widzisz dobry ruch, znajd\u017a lepszy\u201d odzwierciedla intelektualn\u0105 g\u0142\u0119bi\u0119, jak\u0105 wni\u00f3s\u0142 do gry. Ten zestaw s\u0142u\u017cy jako wizualny zapis XVI-wiecznej ewolucji, kt\u00f3ra przekszta\u0142ci\u0142a staro\u017cytny shatranj w mi\u0119dzynarodowy sport wsp\u00f3\u0142czesnego \u015bwiata.<\/p>\t\t\t\t\t\t\t\t<\/div>\n\t\t\t\t<\/div>\n\t\t\t\t<\/div>\n\t\t\t\t\t<\/div>\n\t\t\t\t<\/div>\n\t\t\t\t<\/div>","protected":false},"excerpt":{"rendered":"<p>The Damiano Chess Set (c. 1512) Named after Pedro Damiano, the Portuguese apothecary who authored the influential 1512 manual Questo Libro e da Imparare Giocare a Scacchi, this set represents a significant transitional moment in chess design. The pieces bridge the gap between early symbolic forms and modern representation. While the Kings and Queens feature [&hellip;]<\/p>\n","protected":false},"author":1,"featured_media":0,"parent":743,"menu_order":0,"comment_status":"closed","ping_status":"closed","template":"","meta":{"footnotes":""},"class_list":["post-1488","page","type-page","status-publish","hentry"],"_links":{"self":[{"href":"https:\/\/shatranj.art\/pl\/wp-json\/wp\/v2\/pages\/1488","targetHints":{"allow":["GET"]}}],"collection":[{"href":"https:\/\/shatranj.art\/pl\/wp-json\/wp\/v2\/pages"}],"about":[{"href":"https:\/\/shatranj.art\/pl\/wp-json\/wp\/v2\/types\/page"}],"author":[{"embeddable":true,"href":"https:\/\/shatranj.art\/pl\/wp-json\/wp\/v2\/users\/1"}],"replies":[{"embeddable":true,"href":"https:\/\/shatranj.art\/pl\/wp-json\/wp\/v2\/comments?post=1488"}],"version-history":[{"count":5,"href":"https:\/\/shatranj.art\/pl\/wp-json\/wp\/v2\/pages\/1488\/revisions"}],"predecessor-version":[{"id":1501,"href":"https:\/\/shatranj.art\/pl\/wp-json\/wp\/v2\/pages\/1488\/revisions\/1501"}],"up":[{"embeddable":true,"href":"https:\/\/shatranj.art\/pl\/wp-json\/wp\/v2\/pages\/743"}],"wp:attachment":[{"href":"https:\/\/shatranj.art\/pl\/wp-json\/wp\/v2\/media?parent=1488"}],"curies":[{"name":"wp","href":"https:\/\/api.w.org\/{rel}","templated":true}]}}