{"id":1543,"date":"2026-02-24T08:36:27","date_gmt":"2026-02-24T08:36:27","guid":{"rendered":"https:\/\/shatranj.art\/?page_id=1543"},"modified":"2026-02-24T08:53:53","modified_gmt":"2026-02-24T08:53:53","slug":"plakat-41","status":"publish","type":"page","link":"https:\/\/shatranj.art\/pl\/exhibit\/plakat-41\/","title":{"rendered":"plakat-41"},"content":{"rendered":"<div data-elementor-type=\"wp-page\" data-elementor-id=\"1543\" class=\"elementor elementor-1543\" data-elementor-post-type=\"page\">\n\t\t\t\t<div class=\"elementor-element elementor-element-7a8daa7 e-flex e-con-boxed e-con e-parent\" data-id=\"7a8daa7\" data-element_type=\"container\" data-e-type=\"container\" data-settings=\"{&quot;background_background&quot;:&quot;classic&quot;}\">\n\t\t\t\t\t<div class=\"e-con-inner\">\n\t\t<div class=\"elementor-element elementor-element-26be55b e-con-full e-flex e-con e-child\" data-id=\"26be55b\" data-element_type=\"container\" data-e-type=\"container\">\n\t\t\t\t<div class=\"elementor-element elementor-element-3278af1 elementor-widget elementor-widget-image\" data-id=\"3278af1\" data-element_type=\"widget\" data-e-type=\"widget\" data-widget_type=\"image.default\">\n\t\t\t\t<div class=\"elementor-widget-container\">\n\t\t\t\t\t\t\t\t\t\t\t\t\t\t\t<img fetchpriority=\"high\" decoding=\"async\" width=\"1280\" height=\"960\" src=\"https:\/\/shatranj.art\/wp-content\/uploads\/2026\/02\/Sahi_Cannon_at_Fort_Nelson_UK.jpg\" class=\"attachment-full size-full wp-image-1545\" alt=\"\" srcset=\"https:\/\/shatranj.art\/wp-content\/uploads\/2026\/02\/Sahi_Cannon_at_Fort_Nelson_UK.jpg 1280w, https:\/\/shatranj.art\/wp-content\/uploads\/2026\/02\/Sahi_Cannon_at_Fort_Nelson_UK-300x225.jpg 300w, https:\/\/shatranj.art\/wp-content\/uploads\/2026\/02\/Sahi_Cannon_at_Fort_Nelson_UK-1024x768.jpg 1024w, https:\/\/shatranj.art\/wp-content\/uploads\/2026\/02\/Sahi_Cannon_at_Fort_Nelson_UK-768x576.jpg 768w, https:\/\/shatranj.art\/wp-content\/uploads\/2026\/02\/Sahi_Cannon_at_Fort_Nelson_UK-16x12.jpg 16w\" sizes=\"(max-width: 1280px) 100vw, 1280px\" \/>\t\t\t\t\t\t\t\t\t\t\t\t\t\t\t<\/div>\n\t\t\t\t<\/div>\n\t\t\t\t<div class=\"elementor-element elementor-element-6723efb elementor-widget elementor-widget-text-editor\" data-id=\"6723efb\" data-element_type=\"widget\" data-e-type=\"widget\" data-widget_type=\"text-editor.default\">\n\t\t\t\t<div class=\"elementor-widget-container\">\n\t\t\t\t\t\t\t\t\t<h3><b>Pochodzenie s\u0142owa \u015eAH\u00ce i jego zwi\u0105zek z ewolucj\u0105 szach\u00f3w\u00a0<\/b><\/h3><p>SHAH (\u015eAH) to termin u\u017cywany w wielu j\u0119zykach s\u0142owia\u0144skich w odniesieniu do szach\u00f3w. Niemieckie s\u0142owo \u201cschach\u201d, francuskie \u201c\u00e9checs\u201d i angielskie \u201cchess\u201d wywodz\u0105 si\u0119 fonetycznie od s\u0142owa \u201cshah\u201d. Termin \u201c\u015eAH\u00ce\u201d jako przymiotnik oznacza kr\u00f3lewski lub specyficzny dla szacha. Jest r\u00f3wnie\u017c u\u017cywany w tekstach literackich w znaczeniu silny i wspania\u0142y.<\/p><p>\u00a0<\/p><p>Armata \u015eAH\u00ce, zaprojektowana przez w\u0119gierskiego in\u017cyniera Orbana, odegra\u0142a kluczow\u0105 rol\u0119 w prze\u0142amaniu masywnych mur\u00f3w i wie\u017c Konstantynopola podczas obl\u0119\u017cenia w 1453 r. pod wodz\u0105 Fatiha Sultana Mehmeda, symbolizuj\u0105c rewolucyjn\u0105 zmian\u0119 w wojnie obl\u0119\u017cniczej.<\/p><p>\u00a0<\/p><p>Trzy wieki po zdobyciu Stambu\u0142u, podczas operacji dardanelskiej w 1807 r., kolejne wiekowe dzia\u0142o \u015eAH\u00ce zosta\u0142o wystrzelone w kierunku brytyjskich statk\u00f3w, powoduj\u0105c znaczne straty. Osma\u0144ski su\u0142tan Abd\u00fclaziz podarowa\u0142 to dzia\u0142o kr\u00f3lowej Wiktorii w 1866 roku. Powy\u017csze zdj\u0119cie dzia\u0142a \u015eAH\u00ce pochodzi z Fortu Nelson w Wielkiej Brytanii.<\/p><p>\u00a0<\/p><p>Nazwa \u015eAH\u00ce symbolizuje ewolucj\u0119 pionka wie\u017cy w r\u00f3\u017cnych j\u0119zykach, od rydwanu wojennego do wie\u017cy, od armaty do statku, odzwierciedlaj\u0105c ewolucj\u0119 szach\u00f3w.<\/p><p>\u00a0<\/p><p>Zestaw szachowy \u015eAH\u00ce zosta\u0142 zaprojektowany przez Tamera Karatekina, by\u0142ego pierwszego szachist\u0119 zespo\u0142u szachowego Massachusetts Institute of Technology i do\u015bwiadczonego edukatora szachowego. Elegancko reprezentuje histori\u0119 i ewolucj\u0119 szach\u00f3w i jest przeznaczony zar\u00f3wno do u\u017cytku edukacyjnego, jak i turniejowego. Zosta\u0142 zaprojektowany tak, aby by\u0142 kulturowo i duchowo inkluzywny. Produkcja zosta\u0142a wsparta dotacjami z Massachusetts Cultural Council i programu Unii Europejskiej Erasmus + M\u0142odzie\u017c.<\/p><p>\u00a0<\/p><p>Wi\u0119cej informacji na temat konstrukcji \u015eAH\u00ce mo\u017cna znale\u017a\u0107 na stronie:\u00a0 \u00a0<a href=\"http:\/\/www.shahimasterset.com\/\">www.shahimasterset.com<\/a><\/p><p>Sprawd\u017a r\u00f3wnie\u017c nasze powi\u0105zane projekty:<br \/>Program nauczania sztucznej inteligencji oparty na szachach: <a href=\"http:\/\/www.shatranj.ai\/\">shatranj.ai<\/a><\/p><p>Historyczna wystawa gier umys\u0142owych: <a href=\"https:\/\/shatranj.art\/pl\/\">shatranj.art<\/a><\/p>\t\t\t\t\t\t\t\t<\/div>\n\t\t\t\t<\/div>\n\t\t\t\t<div class=\"elementor-element elementor-element-7946825 elementor-widget elementor-widget-image\" data-id=\"7946825\" data-element_type=\"widget\" data-e-type=\"widget\" data-widget_type=\"image.default\">\n\t\t\t\t<div class=\"elementor-widget-container\">\n\t\t\t\t\t\t\t\t\t\t\t\t\t\t\t<img decoding=\"async\" width=\"559\" height=\"397\" src=\"https:\/\/shatranj.art\/wp-content\/uploads\/2026\/02\/shahi-engish-brochure-A6-page1.png\" class=\"attachment-full size-full wp-image-1548\" alt=\"\" srcset=\"https:\/\/shatranj.art\/wp-content\/uploads\/2026\/02\/shahi-engish-brochure-A6-page1.png 559w, https:\/\/shatranj.art\/wp-content\/uploads\/2026\/02\/shahi-engish-brochure-A6-page1-300x213.png 300w, https:\/\/shatranj.art\/wp-content\/uploads\/2026\/02\/shahi-engish-brochure-A6-page1-18x12.png 18w\" sizes=\"(max-width: 559px) 100vw, 559px\" \/>\t\t\t\t\t\t\t\t\t\t\t\t\t\t\t<\/div>\n\t\t\t\t<\/div>\n\t\t\t\t<\/div>\n\t\t\t\t\t<\/div>\n\t\t\t\t<\/div>\n\t\t\t\t<\/div>","protected":false},"excerpt":{"rendered":"<p>The origins of the \u015eAH\u00ce\u00a0 word and its connection to the evolution of chess\u00a0 SHAH (\u015eAH) is a term used in many Slavic languages for chess. The German word &#8220;schach,&#8221; French &#8220;\u00e9checs,&#8221; and English &#8220;chess&#8221; are all phonetically derived from the word &#8220;shah.&#8221; The term &#8220;\u015eAH\u00ce&#8221; as an adjective means royal or specific to the [&hellip;]<\/p>\n","protected":false},"author":1,"featured_media":0,"parent":743,"menu_order":0,"comment_status":"closed","ping_status":"closed","template":"","meta":{"footnotes":""},"class_list":["post-1543","page","type-page","status-publish","hentry"],"_links":{"self":[{"href":"https:\/\/shatranj.art\/pl\/wp-json\/wp\/v2\/pages\/1543","targetHints":{"allow":["GET"]}}],"collection":[{"href":"https:\/\/shatranj.art\/pl\/wp-json\/wp\/v2\/pages"}],"about":[{"href":"https:\/\/shatranj.art\/pl\/wp-json\/wp\/v2\/types\/page"}],"author":[{"embeddable":true,"href":"https:\/\/shatranj.art\/pl\/wp-json\/wp\/v2\/users\/1"}],"replies":[{"embeddable":true,"href":"https:\/\/shatranj.art\/pl\/wp-json\/wp\/v2\/comments?post=1543"}],"version-history":[{"count":10,"href":"https:\/\/shatranj.art\/pl\/wp-json\/wp\/v2\/pages\/1543\/revisions"}],"predecessor-version":[{"id":1557,"href":"https:\/\/shatranj.art\/pl\/wp-json\/wp\/v2\/pages\/1543\/revisions\/1557"}],"up":[{"embeddable":true,"href":"https:\/\/shatranj.art\/pl\/wp-json\/wp\/v2\/pages\/743"}],"wp:attachment":[{"href":"https:\/\/shatranj.art\/pl\/wp-json\/wp\/v2\/media?parent=1543"}],"curies":[{"name":"wp","href":"https:\/\/api.w.org\/{rel}","templated":true}]}}