{"id":817,"date":"2026-02-21T20:02:15","date_gmt":"2026-02-21T20:02:15","guid":{"rendered":"https:\/\/shatranj.art\/?page_id=817"},"modified":"2026-02-24T06:26:33","modified_gmt":"2026-02-24T06:26:33","slug":"poster-8","status":"publish","type":"page","link":"https:\/\/shatranj.art\/pl\/exhibit\/poster-8\/","title":{"rendered":"plakat 8"},"content":{"rendered":"<div data-elementor-type=\"wp-page\" data-elementor-id=\"817\" class=\"elementor elementor-817\" data-elementor-post-type=\"page\">\n\t\t\t\t<div class=\"elementor-element elementor-element-3be2f38 e-flex e-con-boxed e-con e-parent\" data-id=\"3be2f38\" data-element_type=\"container\" data-e-type=\"container\" data-settings=\"{&quot;background_background&quot;:&quot;classic&quot;}\">\n\t\t\t\t\t<div class=\"e-con-inner\">\n\t\t\t\t<div class=\"elementor-element elementor-element-18ff8b2 elementor-widget elementor-widget-image\" data-id=\"18ff8b2\" data-element_type=\"widget\" data-e-type=\"widget\" data-widget_type=\"image.default\">\n\t\t\t\t<div class=\"elementor-widget-container\">\n\t\t\t\t\t\t\t\t\t\t\t\t\t\t\t<img fetchpriority=\"high\" decoding=\"async\" width=\"480\" height=\"321\" src=\"https:\/\/shatranj.art\/wp-content\/uploads\/2026\/02\/bobby-fischer-dubrovnik.jpg\" class=\"attachment-full size-full wp-image-1458\" alt=\"\" srcset=\"https:\/\/shatranj.art\/wp-content\/uploads\/2026\/02\/bobby-fischer-dubrovnik.jpg 480w, https:\/\/shatranj.art\/wp-content\/uploads\/2026\/02\/bobby-fischer-dubrovnik-300x201.jpg 300w, https:\/\/shatranj.art\/wp-content\/uploads\/2026\/02\/bobby-fischer-dubrovnik-18x12.jpg 18w\" sizes=\"(max-width: 480px) 100vw, 480px\" \/>\t\t\t\t\t\t\t\t\t\t\t\t\t\t\t<\/div>\n\t\t\t\t<\/div>\n\t\t\t\t<div class=\"elementor-element elementor-element-cec26d3 elementor-widget elementor-widget-image\" data-id=\"cec26d3\" data-element_type=\"widget\" data-e-type=\"widget\" data-widget_type=\"image.default\">\n\t\t\t\t<div class=\"elementor-widget-container\">\n\t\t\t\t\t\t\t\t\t\t\t\t\t\t\t<img decoding=\"async\" width=\"964\" height=\"582\" src=\"https:\/\/shatranj.art\/wp-content\/uploads\/2026\/02\/8.png\" class=\"attachment-full size-full wp-image-820\" alt=\"\" srcset=\"https:\/\/shatranj.art\/wp-content\/uploads\/2026\/02\/8.png 964w, https:\/\/shatranj.art\/wp-content\/uploads\/2026\/02\/8-300x181.png 300w, https:\/\/shatranj.art\/wp-content\/uploads\/2026\/02\/8-768x464.png 768w\" sizes=\"(max-width: 964px) 100vw, 964px\" \/>\t\t\t\t\t\t\t\t\t\t\t\t\t\t\t<\/div>\n\t\t\t\t<\/div>\n\t\t\t\t<div class=\"elementor-element elementor-element-411e3a4 elementor-widget__width-initial elementor-widget elementor-widget-text-editor\" data-id=\"411e3a4\" data-element_type=\"widget\" data-e-type=\"widget\" data-widget_type=\"text-editor.default\">\n\t\t\t\t<div class=\"elementor-widget-container\">\n\t\t\t\t\t\t\t\t\t<p><b>Poza ideologiami: Zestaw Dubrownik 1950<\/b><\/p><p>Stworzony specjalnie na 9. Olimpiad\u0119 Szachow\u0105 w 1950 roku w Jugos\u0142awii, zestaw ten reprezentuje jedn\u0105 z najbardziej radykalnych rewolucji projektowych w historii szach\u00f3w. Zaprojektowany przez czarnog\u00f3rskiego malarza i rze\u017abiarza Petara Po\u010deka, zestaw mia\u0142 na celu zjednoczenie \u015bwiata poprzez jednocz\u0105c\u0105 moc gry po II wojnie \u015bwiatowej. Maj\u0105c na uwadze ten cel, wszystkie symbole religijne zosta\u0142y celowo usuni\u0119te: tradycyjny krzy\u017c na szczycie kr\u00f3la zosta\u0142 zast\u0105piony prost\u0105 kul\u0105, a wyci\u0119cie na biskupie symbolizuj\u0105ce mitr\u0119 duchown\u0105 zosta\u0142o wyeliminowane.<\/p><p>Ten \u201c\u015bwiecki\u201d i inkluzywny projekt przekszta\u0142ci\u0142 szachy z symbolu konkretnych wyzna\u0144 w uniwersalne dzie\u0142o sztuki. Znany przez Bobby'ego Fischera jako \u201cnajlepszy zestaw, na jakim kiedykolwiek gra\u0142em\u201d, tak bardzo, \u017ce nalega\u0142 na jego u\u017cycie podczas historycznego rewan\u017cu ze Spasskim w 1992 roku, ten projekt stanowi g\u0142\u0119bok\u0105 estetyczn\u0105 obietnic\u0119 rzemios\u0142a dla pokojowej i nowoczesnej przysz\u0142o\u015bci.<\/p>\t\t\t\t\t\t\t\t<\/div>\n\t\t\t\t<\/div>\n\t\t<div class=\"elementor-element elementor-element-8bffdfb e-con-full e-flex e-con e-child\" data-id=\"8bffdfb\" data-element_type=\"container\" data-e-type=\"container\">\n\t\t\t\t<div class=\"elementor-element elementor-element-e67be09 elementor-widget__width-initial elementor-widget elementor-widget-image\" data-id=\"e67be09\" data-element_type=\"widget\" data-e-type=\"widget\" data-widget_type=\"image.default\">\n\t\t\t\t<div class=\"elementor-widget-container\">\n\t\t\t\t\t\t\t\t\t\t\t\t\t\t\t<img decoding=\"async\" width=\"1028\" height=\"817\" src=\"https:\/\/shatranj.art\/wp-content\/uploads\/2026\/02\/8.jpg\" class=\"attachment-full size-full wp-image-821\" alt=\"\" srcset=\"https:\/\/shatranj.art\/wp-content\/uploads\/2026\/02\/8.jpg 1028w, https:\/\/shatranj.art\/wp-content\/uploads\/2026\/02\/8-300x238.jpg 300w, https:\/\/shatranj.art\/wp-content\/uploads\/2026\/02\/8-1024x814.jpg 1024w, https:\/\/shatranj.art\/wp-content\/uploads\/2026\/02\/8-768x610.jpg 768w\" sizes=\"(max-width: 1028px) 100vw, 1028px\" \/>\t\t\t\t\t\t\t\t\t\t\t\t\t\t\t<\/div>\n\t\t\t\t<\/div>\n\t\t\t\t<div class=\"elementor-element elementor-element-f215331 elementor-widget__width-initial elementor-widget elementor-widget-text-editor\" data-id=\"f215331\" data-element_type=\"widget\" data-e-type=\"widget\" data-widget_type=\"text-editor.default\">\n\t\t\t\t<div class=\"elementor-widget-container\">\n\t\t\t\t\t\t\t\t\t<p><b>Pasja ponad granicami: Szachowe dziedzictwo Suboticy<\/b><\/p><p>O\u017cywiony w przygranicznym mie\u015bcie Subotica i wykonany w legendarnych warsztatach Subozan, ten zestaw jest pot\u0119\u017cnym symbolem z\u0142otego wieku Jugos\u0142awii w \u015bwiecie szach\u00f3w. Te figury reprezentuj\u0105 er\u0119, w kt\u00f3rej szachy zakorzeni\u0142y si\u0119 jako prawdziwa kultura ludowa, kt\u00f3r\u0105 mo\u017cna znale\u017a\u0107 w ka\u017cdym domu, szkole i parku publicznym. Charakteryzuj\u0105c si\u0119 prost\u0105, trwa\u0142\u0105 i dostojn\u0105 estetyk\u0105 ba\u0142ka\u0144skiego rzemios\u0142a, opowiadaj\u0105 histori\u0119 o tym, jak szachy ewoluowa\u0142y z elitarnego zaj\u0119cia we wsp\u00f3lny j\u0119zyk spo\u0142eczny, kt\u00f3ry zjednoczy\u0142 wszystkie poziomy spo\u0142ecze\u0144stwa. Zestaw Subotica pozostaje ponadczasowym pomostem kulturowym, w kt\u00f3rym spotykaj\u0105 si\u0119 artyzm i strategia.<\/p>\t\t\t\t\t\t\t\t<\/div>\n\t\t\t\t<\/div>\n\t\t\t\t<\/div>\n\t\t\t\t\t<\/div>\n\t\t\t\t<\/div>\n\t\t\t\t<\/div>","protected":false},"excerpt":{"rendered":"<p>Beyond Ideologies: The 1950 Dubrovnik Set Specially created for the 9th Chess Olympiad in 1950 in Yugoslavia, this set represents one of the most radical design revolutions in chess history. Designed by Montenegrin painter and sculptor Petar Po\u010dek, the set aimed to reunite the world through the unifying power of play following the Second World [&hellip;]<\/p>\n","protected":false},"author":1,"featured_media":0,"parent":743,"menu_order":0,"comment_status":"closed","ping_status":"closed","template":"","meta":{"footnotes":""},"class_list":["post-817","page","type-page","status-publish","hentry"],"_links":{"self":[{"href":"https:\/\/shatranj.art\/pl\/wp-json\/wp\/v2\/pages\/817","targetHints":{"allow":["GET"]}}],"collection":[{"href":"https:\/\/shatranj.art\/pl\/wp-json\/wp\/v2\/pages"}],"about":[{"href":"https:\/\/shatranj.art\/pl\/wp-json\/wp\/v2\/types\/page"}],"author":[{"embeddable":true,"href":"https:\/\/shatranj.art\/pl\/wp-json\/wp\/v2\/users\/1"}],"replies":[{"embeddable":true,"href":"https:\/\/shatranj.art\/pl\/wp-json\/wp\/v2\/comments?post=817"}],"version-history":[{"count":13,"href":"https:\/\/shatranj.art\/pl\/wp-json\/wp\/v2\/pages\/817\/revisions"}],"predecessor-version":[{"id":1461,"href":"https:\/\/shatranj.art\/pl\/wp-json\/wp\/v2\/pages\/817\/revisions\/1461"}],"up":[{"embeddable":true,"href":"https:\/\/shatranj.art\/pl\/wp-json\/wp\/v2\/pages\/743"}],"wp:attachment":[{"href":"https:\/\/shatranj.art\/pl\/wp-json\/wp\/v2\/media?parent=817"}],"curies":[{"name":"wp","href":"https:\/\/api.w.org\/{rel}","templated":true}]}}