{"id":936,"date":"2026-02-22T10:03:32","date_gmt":"2026-02-22T10:03:32","guid":{"rendered":"https:\/\/shatranj.art\/?page_id=936"},"modified":"2026-02-23T08:46:38","modified_gmt":"2026-02-23T08:46:38","slug":"poster-14","status":"publish","type":"page","link":"https:\/\/shatranj.art\/pl\/exhibit\/poster-14\/","title":{"rendered":"plakat 14"},"content":{"rendered":"<div data-elementor-type=\"wp-page\" data-elementor-id=\"936\" class=\"elementor elementor-936\" data-elementor-post-type=\"page\">\n\t\t\t\t<div class=\"elementor-element elementor-element-c355192 e-flex e-con-boxed e-con e-parent\" data-id=\"c355192\" data-element_type=\"container\" data-e-type=\"container\" data-settings=\"{&quot;background_background&quot;:&quot;classic&quot;}\">\n\t\t\t\t\t<div class=\"e-con-inner\">\n\t\t<div class=\"elementor-element elementor-element-5bf7f96 e-con-full e-flex e-con e-child\" data-id=\"5bf7f96\" data-element_type=\"container\" data-e-type=\"container\">\n\t\t\t\t<div class=\"elementor-element elementor-element-82eab3c elementor-widget__width-initial elementor-widget-mobile__width-inherit elementor-widget elementor-widget-image\" data-id=\"82eab3c\" data-element_type=\"widget\" data-e-type=\"widget\" data-widget_type=\"image.default\">\n\t\t\t\t<div class=\"elementor-widget-container\">\n\t\t\t\t\t\t\t\t\t\t\t\t\t\t\t<img fetchpriority=\"high\" decoding=\"async\" width=\"768\" height=\"1024\" src=\"https:\/\/shatranj.art\/wp-content\/uploads\/2026\/02\/14-768x1024.jpg\" class=\"attachment-large size-large wp-image-939\" alt=\"\" srcset=\"https:\/\/shatranj.art\/wp-content\/uploads\/2026\/02\/14-768x1024.jpg 768w, https:\/\/shatranj.art\/wp-content\/uploads\/2026\/02\/14-225x300.jpg 225w, https:\/\/shatranj.art\/wp-content\/uploads\/2026\/02\/14-1152x1536.jpg 1152w, https:\/\/shatranj.art\/wp-content\/uploads\/2026\/02\/14-1536x2048.jpg 1536w, https:\/\/shatranj.art\/wp-content\/uploads\/2026\/02\/14-scaled.jpg 1920w\" sizes=\"(max-width: 768px) 100vw, 768px\" \/>\t\t\t\t\t\t\t\t\t\t\t\t\t\t\t<\/div>\n\t\t\t\t<\/div>\n\t\t\t\t<div class=\"elementor-element elementor-element-f30dc26 elementor-widget__width-initial elementor-widget elementor-widget-text-editor\" data-id=\"f30dc26\" data-element_type=\"widget\" data-e-type=\"widget\" data-widget_type=\"text-editor.default\">\n\t\t\t\t<div class=\"elementor-widget-container\">\n\t\t\t\t\t\t\t\t\t<p><strong>Intelektualne dziedzictwo gorga\u0144skiego arystokraty<\/strong><\/p><p>\u00a0<\/p><p>Al-Suli by\u0142 nie tylko wybitnym mistrzem szachowym swojej epoki; by\u0142 \u201cnadim\u201d (nadwornym towarzyszem) kalif\u00f3w Abbasyd\u00f3w, historykiem pa\u0142acowym i bystrym poet\u0105. Urodzi\u0142 si\u0119 w Gorgan oko\u0142o 870 r. n.e., a jego r\u00f3d wywodzi si\u0119 z ufortyfikowanej twierdzy Sul na stepach Dehistanu, gdzie niegdy\u015b rz\u0105dzi\u0142 jego dziadek, turecki ksi\u0105\u017c\u0119 Sul tekin. To szlachetne dziedzictwo jest dzi\u015b upami\u0119tnione pos\u0105giem na Pomniku Niepodleg\u0142o\u015bci w Aszchabadzie w Turkmenistanie.<\/p><p>\u00a0<\/p><p>Posiadaj\u0105c rang\u0119 \u201cAliya\u201d, najwy\u017cszy osi\u0105galny tytu\u0142 w szachach, Al-Suli przekszta\u0142ci\u0142 gr\u0119 w ustrukturyzowan\u0105 architektur\u0119 naukow\u0105. W swojej prze\u0142omowej pracy Kitab al-Shatranj jako pierwszy systematycznie dokumentowa\u0142 formacje otwarcia (tabiyas) i strategie gry ko\u0144cowej (mansubas). Ramy teoretyczne, kt\u00f3re ustanowi\u0142, pozosta\u0142y ostatecznym punktem odniesienia dla mistrzostwa i g\u0142\u00f3wnym \u017ar\u00f3d\u0142em odniesienia przez wieki, trwaj\u0105c a\u017c do pojawienia si\u0119 nowoczesnych zasad gry w szachy.<\/p>\t\t\t\t\t\t\t\t<\/div>\n\t\t\t\t<\/div>\n\t\t<div class=\"elementor-element elementor-element-8f27e89 e-con-full e-flex e-con e-child\" data-id=\"8f27e89\" data-element_type=\"container\" data-e-type=\"container\">\n\t\t\t\t<div class=\"elementor-element elementor-element-374a727 elementor-widget-mobile__width-inherit elementor-widget elementor-widget-image\" data-id=\"374a727\" data-element_type=\"widget\" data-e-type=\"widget\" data-widget_type=\"image.default\">\n\t\t\t\t<div class=\"elementor-widget-container\">\n\t\t\t\t\t\t\t\t\t\t\t\t\t\t\t<img decoding=\"async\" width=\"800\" height=\"457\" src=\"https:\/\/shatranj.art\/wp-content\/uploads\/2026\/02\/14-1-1024x585.jpg\" class=\"attachment-large size-large wp-image-940\" alt=\"\" srcset=\"https:\/\/shatranj.art\/wp-content\/uploads\/2026\/02\/14-1-1024x585.jpg 1024w, https:\/\/shatranj.art\/wp-content\/uploads\/2026\/02\/14-1-300x171.jpg 300w, https:\/\/shatranj.art\/wp-content\/uploads\/2026\/02\/14-1-768x439.jpg 768w, https:\/\/shatranj.art\/wp-content\/uploads\/2026\/02\/14-1-1536x877.jpg 1536w, https:\/\/shatranj.art\/wp-content\/uploads\/2026\/02\/14-1-2048x1170.jpg 2048w\" sizes=\"(max-width: 800px) 100vw, 800px\" \/>\t\t\t\t\t\t\t\t\t\t\t\t\t\t\t<\/div>\n\t\t\t\t<\/div>\n\t\t\t\t<div class=\"elementor-element elementor-element-118c953 elementor-widget-mobile__width-inherit elementor-widget elementor-widget-image\" data-id=\"118c953\" data-element_type=\"widget\" data-e-type=\"widget\" data-widget_type=\"image.default\">\n\t\t\t\t<div class=\"elementor-widget-container\">\n\t\t\t\t\t\t\t\t\t\t\t\t\t\t\t<img decoding=\"async\" width=\"800\" height=\"488\" src=\"https:\/\/shatranj.art\/wp-content\/uploads\/2026\/02\/14-2-1024x624.jpg\" class=\"attachment-large size-large wp-image-941\" alt=\"\" srcset=\"https:\/\/shatranj.art\/wp-content\/uploads\/2026\/02\/14-2-1024x624.jpg 1024w, https:\/\/shatranj.art\/wp-content\/uploads\/2026\/02\/14-2-300x183.jpg 300w, https:\/\/shatranj.art\/wp-content\/uploads\/2026\/02\/14-2-768x468.jpg 768w, https:\/\/shatranj.art\/wp-content\/uploads\/2026\/02\/14-2-1536x936.jpg 1536w, https:\/\/shatranj.art\/wp-content\/uploads\/2026\/02\/14-2-2048x1249.jpg 2048w\" sizes=\"(max-width: 800px) 100vw, 800px\" \/>\t\t\t\t\t\t\t\t\t\t\t\t\t\t\t<\/div>\n\t\t\t\t<\/div>\n\t\t\t\t<\/div>\n\t\t\t\t<div class=\"elementor-element elementor-element-bbcc28f elementor-widget__width-initial elementor-widget elementor-widget-text-editor\" data-id=\"bbcc28f\" data-element_type=\"widget\" data-e-type=\"widget\" data-widget_type=\"text-editor.default\">\n\t\t\t\t<div class=\"elementor-widget-container\">\n\t\t\t\t\t\t\t\t\t<p><b>Diament Suliego: Tysi\u0105cletni \u201cnierozwi\u0105zywalny\u201d szczyt strategii<\/b><\/p><p>\u00a0<\/p><p>Skomponowany w X wieku przez gorga\u0144skiego mistrza Abu Bakr bin Yahya al-Suli, \u201cDiament\u201d jest najbardziej legendarn\u0105 i dyskutowan\u0105 zagadk\u0105 w historii szach\u00f3w. Pomimo absolutnej pozornej prostoty, gry ko\u0144cowej zawieraj\u0105cej tylko kr\u00f3la i Ferz (historycznego poprzednika kr\u00f3lowej) dla ka\u017cdej ze stron, kompozycja ta pozosta\u0142a \u201cnierozwi\u0105zywalnym\u201d Everestem \u015bwiata szachowego przez pe\u0142ne tysi\u0105c lat. Ta genialna kreacja Al-Suliego to najwy\u017csza sztuka manewru, kt\u00f3ra przesuwa granice historycznych szach\u00f3w.<\/p><p>\u00a0<\/p><p><strong>Tajemnica zawarta w manuskrypcie S\u00fcleymaniye<\/strong><\/p><p>\u00a0<\/p><p>Najwa\u017cniejszy zapis tej zagadki znajduje si\u0119 w kopii Kitab Ash-Shatranj zachowanej w Bibliotece S\u00fcleymaniye w Stambule. Chocia\u017c strony tego konkretnego manuskryptu s\u0105 nienaruszone, oczywiste jest, \u017ce niekt\u00f3re pozycje i ruchy zosta\u0142y niepoprawnie lub niekompletnie przepisane z oryginalnego \u017ar\u00f3d\u0142a. Jednak nawet z tymi historycznymi b\u0142\u0119dami skryby, cz\u0119\u015bciowe rozwi\u0105zanie przedstawione w tek\u015bcie doskonale pasuje do dog\u0142\u0119bnej pracy analitycznej przeprowadzonej przez arcymistrza Jurija Awerbacha w XX wieku. Al-Suli uwieczni\u0142 wy\u0142\u0105czno\u015b\u0107 swojego mistrzostwa tym wyzywaj\u0105cym twierdzeniem:<\/p><p>\u201cNikt go nie rozwi\u0105\u017ce, z wyj\u0105tkiem tych, kt\u00f3rych pouczy\u0142em\u201d.\u201d<\/p><p>\u00a0<\/p><p><strong>Triumf algorytm\u00f3w:<\/strong> <strong>shatranj.ai<\/strong><\/p><p>\u00a0<\/p><p>\u201cDiament\u201d, kt\u00f3ry pozostawi\u0142 ludzkie umys\u0142y w zachwycie przez tysi\u0105clecie, zosta\u0142 teraz w pe\u0142ni o\u015bwietlony przez pot\u0119g\u0119 ery cyfrowej. W ramach projektu shatranj.ai, wykorzystuj\u0105c metody programowania dynamicznego i nowoczesne algorytmy z w\u0142\u0105czonymi funkcjami \u201chash\u201d (tabela transpozycji), ka\u017cda odmiana tej genialnej kompozycji zosta\u0142a rozwi\u0105zana matematycznie. Ta podr\u00f3\u017c, rozci\u0105gaj\u0105ca si\u0119 od linii manuskrypt\u00f3w S\u00fcleymaniye do nowoczesnego kodu, jest ostateczn\u0105 weryfikacj\u0105 ponadczasowego geniuszu strategicznego Al-Suliego, udowadniaj\u0105c, \u017ce to, co kiedy\u015b by\u0142o zarezerwowane dla wybranych uczni\u00f3w mistrza, mo\u017cna teraz zrozumie\u0107 za pomoc\u0105 j\u0119zyka czystej logiki.<\/p>\t\t\t\t\t\t\t\t<\/div>\n\t\t\t\t<\/div>\n\t\t\t\t<\/div>\n\t\t\t\t\t<\/div>\n\t\t\t\t<\/div>\n\t\t\t\t<\/div>","protected":false},"excerpt":{"rendered":"<p>The Intellectual Legacy of a Gorganite Aristocrat \u00a0 Al-Suli was not merely the preeminent chess master of his age; he was a &#8220;nadim&#8221; (court companion) to Abbasid Caliphs, a palace historian, and a sharp-witted poet. Born in Gorgan around 870 AD, his lineage traces back to the fortified Fortress of Sul in the Dehistan steppes, [&hellip;]<\/p>\n","protected":false},"author":1,"featured_media":0,"parent":743,"menu_order":0,"comment_status":"closed","ping_status":"closed","template":"","meta":{"footnotes":""},"class_list":["post-936","page","type-page","status-publish","hentry"],"_links":{"self":[{"href":"https:\/\/shatranj.art\/pl\/wp-json\/wp\/v2\/pages\/936","targetHints":{"allow":["GET"]}}],"collection":[{"href":"https:\/\/shatranj.art\/pl\/wp-json\/wp\/v2\/pages"}],"about":[{"href":"https:\/\/shatranj.art\/pl\/wp-json\/wp\/v2\/types\/page"}],"author":[{"embeddable":true,"href":"https:\/\/shatranj.art\/pl\/wp-json\/wp\/v2\/users\/1"}],"replies":[{"embeddable":true,"href":"https:\/\/shatranj.art\/pl\/wp-json\/wp\/v2\/comments?post=936"}],"version-history":[{"count":31,"href":"https:\/\/shatranj.art\/pl\/wp-json\/wp\/v2\/pages\/936\/revisions"}],"predecessor-version":[{"id":1351,"href":"https:\/\/shatranj.art\/pl\/wp-json\/wp\/v2\/pages\/936\/revisions\/1351"}],"up":[{"embeddable":true,"href":"https:\/\/shatranj.art\/pl\/wp-json\/wp\/v2\/pages\/743"}],"wp:attachment":[{"href":"https:\/\/shatranj.art\/pl\/wp-json\/wp\/v2\/media?parent=936"}],"curies":[{"name":"wp","href":"https:\/\/api.w.org\/{rel}","templated":true}]}}