{"id":954,"date":"2026-02-22T15:10:21","date_gmt":"2026-02-22T15:10:21","guid":{"rendered":"https:\/\/shatranj.art\/?page_id=954"},"modified":"2026-02-24T09:18:28","modified_gmt":"2026-02-24T09:18:28","slug":"poster-16","status":"publish","type":"page","link":"https:\/\/shatranj.art\/pl\/exhibit\/poster-16\/","title":{"rendered":"plakat 16"},"content":{"rendered":"<div data-elementor-type=\"wp-page\" data-elementor-id=\"954\" class=\"elementor elementor-954\" data-elementor-post-type=\"page\">\n\t\t\t\t<div class=\"elementor-element elementor-element-05751de e-flex e-con-boxed e-con e-parent\" data-id=\"05751de\" data-element_type=\"container\" data-e-type=\"container\" data-settings=\"{&quot;background_background&quot;:&quot;classic&quot;}\">\n\t\t\t\t\t<div class=\"e-con-inner\">\n\t\t<div class=\"elementor-element elementor-element-415f3f4 e-con-full e-flex e-con e-child\" data-id=\"415f3f4\" data-element_type=\"container\" data-e-type=\"container\">\n\t\t\t\t<div class=\"elementor-element elementor-element-ee52ef0 elementor-widget__width-initial elementor-widget elementor-widget-image\" data-id=\"ee52ef0\" data-element_type=\"widget\" data-e-type=\"widget\" data-widget_type=\"image.default\">\n\t\t\t\t<div class=\"elementor-widget-container\">\n\t\t\t\t\t\t\t\t\t\t\t\t\t\t\t<img fetchpriority=\"high\" decoding=\"async\" width=\"723\" height=\"1024\" src=\"https:\/\/shatranj.art\/wp-content\/uploads\/2026\/02\/16-723x1024.jpg\" class=\"attachment-large size-large wp-image-959\" alt=\"\" srcset=\"https:\/\/shatranj.art\/wp-content\/uploads\/2026\/02\/16-723x1024.jpg 723w, https:\/\/shatranj.art\/wp-content\/uploads\/2026\/02\/16-212x300.jpg 212w, https:\/\/shatranj.art\/wp-content\/uploads\/2026\/02\/16-768x1087.jpg 768w, https:\/\/shatranj.art\/wp-content\/uploads\/2026\/02\/16-1085x1536.jpg 1085w, https:\/\/shatranj.art\/wp-content\/uploads\/2026\/02\/16-1447x2048.jpg 1447w, https:\/\/shatranj.art\/wp-content\/uploads\/2026\/02\/16.jpg 1557w\" sizes=\"(max-width: 723px) 100vw, 723px\" \/>\t\t\t\t\t\t\t\t\t\t\t\t\t\t\t<\/div>\n\t\t\t\t<\/div>\n\t\t\t\t<div class=\"elementor-element elementor-element-bc51b4f elementor-widget__width-initial elementor-widget elementor-widget-text-editor\" data-id=\"bc51b4f\" data-element_type=\"widget\" data-e-type=\"widget\" data-widget_type=\"text-editor.default\">\n\t\t\t\t<div class=\"elementor-widget-container\">\n\t\t\t\t\t\t\t\t\t<h3><b>Bucephalus: Legendarny duch step\u00f3w i podboj\u00f3w<\/b><\/h3><p>W staro\u017cytnej grece Bucefa\u0142 oznacza\u0142 \u201cw\u00f3\u0142 z g\u0142ow\u0105\u201d (Boukephalos), prawdopodobnie ze wzgl\u0119du na jego szerokie czo\u0142o lub pi\u0119tno na ramieniu. Legenda g\u0142osi, \u017ce zosta\u0142 on zaoferowany kr\u00f3lowi Filipowi II przez Filonikusa Tesalskiego za osza\u0142amiaj\u0105c\u0105 sum\u0119 13 talent\u00f3w, ale nikt nie by\u0142 w stanie okie\u0142zna\u0107 jego dzikiego ducha. M\u0142ody Aleksander, widz\u0105c, \u017ce ko\u0144 boi si\u0119 jedynie w\u0142asnego cienia, odwr\u00f3ci\u0142 go w stron\u0119 s\u0142o\u0144ca, aby go uspokoi\u0107. Widz\u0105c to, kr\u00f3l Filip o\u015bwiadczy\u0142: \u201cO m\u00f3j synu, poszukaj sobie kr\u00f3lestwa r\u00f3wnego i godnego ciebie, bo Macedonia jest dla ciebie za ma\u0142a!\u201d.\u201d<\/p><p>\u00a0<\/p><p>Od p\u00f3l bitewnych do nie\u015bmiertelno\u015bci<\/p><p>\u00a0<\/p><p>Bucefa\u0142 towarzyszy\u0142 Aleksandrowi podczas ca\u0142ej jego kampanii z Grecji do serca Indii. Przeprowadzi\u0142 swojego pana przez najkrwawsze starcia, od Granicus i Issus po Gaugamel\u0119 i bitw\u0119 pod Hydaspes. W 326 r. p.n.e., podczas kampanii indyjskiej, zmar\u0142 z powodu ran odniesionych w bitwie lub ze staro\u015bci (w wieku prawie 30 lat). Na jego cze\u015b\u0107 Aleksander za\u0142o\u017cy\u0142 miasto Alexandria Bucephala nad brzegiem rzeki Jhelum we wsp\u00f3\u0142czesnym Pakistanie.<\/p><p>\u00a0<\/p><p>Dziedzictwo kulturowe<\/p><p>\u00a0<\/p><p>W historii sztuki i literatury Bucefa\u0142 jest symbolem si\u0142y, lojalno\u015bci i bystrego instynktu. We wschodnich tradycjach, gdzie Aleksander jest cz\u0119sto identyfikowany jako \u201cIskandar\u201d, Bucefa\u0142 jest przedstawiany jako lojalny towarzysz obdarzony nadprzyrodzonymi cechami. Pozostaje on prawdziwym \u201cduchem\u201d najwi\u0119kszego zdobywcy w historii, reprezentuj\u0105c wi\u0119\u017a, kt\u00f3ra wykracza poza pole bitwy.<\/p>\t\t\t\t\t\t\t\t<\/div>\n\t\t\t\t<\/div>\n\t\t\t\t<\/div>\n\t\t\t\t\t<\/div>\n\t\t\t\t<\/div>\n\t\t\t\t<\/div>","protected":false},"excerpt":{"rendered":"<p>Bucephalus: The Legendary Spirit of the Steppes and Conquests Meaning &#8220;Ox-headed&#8221; (Boukephalos) in Ancient Greek likely due to his broad brow or a branding on his shoulder Bucephalus is the most iconic warhorse in history. Legend tells that he was offered to King Philip II by Philonicus the Thessalian for the staggering sum of 13 [&hellip;]<\/p>\n","protected":false},"author":1,"featured_media":0,"parent":743,"menu_order":0,"comment_status":"closed","ping_status":"closed","template":"","meta":{"footnotes":""},"class_list":["post-954","page","type-page","status-publish","hentry"],"_links":{"self":[{"href":"https:\/\/shatranj.art\/pl\/wp-json\/wp\/v2\/pages\/954","targetHints":{"allow":["GET"]}}],"collection":[{"href":"https:\/\/shatranj.art\/pl\/wp-json\/wp\/v2\/pages"}],"about":[{"href":"https:\/\/shatranj.art\/pl\/wp-json\/wp\/v2\/types\/page"}],"author":[{"embeddable":true,"href":"https:\/\/shatranj.art\/pl\/wp-json\/wp\/v2\/users\/1"}],"replies":[{"embeddable":true,"href":"https:\/\/shatranj.art\/pl\/wp-json\/wp\/v2\/comments?post=954"}],"version-history":[{"count":13,"href":"https:\/\/shatranj.art\/pl\/wp-json\/wp\/v2\/pages\/954\/revisions"}],"predecessor-version":[{"id":1579,"href":"https:\/\/shatranj.art\/pl\/wp-json\/wp\/v2\/pages\/954\/revisions\/1579"}],"up":[{"embeddable":true,"href":"https:\/\/shatranj.art\/pl\/wp-json\/wp\/v2\/pages\/743"}],"wp:attachment":[{"href":"https:\/\/shatranj.art\/pl\/wp-json\/wp\/v2\/media?parent=954"}],"curies":[{"name":"wp","href":"https:\/\/api.w.org\/{rel}","templated":true}]}}