{"id":969,"date":"2026-02-22T15:22:14","date_gmt":"2026-02-22T15:22:14","guid":{"rendered":"https:\/\/shatranj.art\/?page_id=969"},"modified":"2026-02-23T04:55:45","modified_gmt":"2026-02-23T04:55:45","slug":"poster-18","status":"publish","type":"page","link":"https:\/\/shatranj.art\/pl\/exhibit\/poster-18\/","title":{"rendered":"plakat 18"},"content":{"rendered":"<div data-elementor-type=\"wp-page\" data-elementor-id=\"969\" class=\"elementor elementor-969\" data-elementor-post-type=\"page\">\n\t\t\t\t<div class=\"elementor-element elementor-element-e18ac67 e-flex e-con-boxed e-con e-parent\" data-id=\"e18ac67\" data-element_type=\"container\" data-e-type=\"container\" data-settings=\"{&quot;background_background&quot;:&quot;classic&quot;}\">\n\t\t\t\t\t<div class=\"e-con-inner\">\n\t\t<div class=\"elementor-element elementor-element-36bf2c2 e-con-full e-flex e-con e-child\" data-id=\"36bf2c2\" data-element_type=\"container\" data-e-type=\"container\">\n\t\t\t\t<div class=\"elementor-element elementor-element-1244f27 elementor-widget__width-initial elementor-widget elementor-widget-image\" data-id=\"1244f27\" data-element_type=\"widget\" data-e-type=\"widget\" data-widget_type=\"image.default\">\n\t\t\t\t<div class=\"elementor-widget-container\">\n\t\t\t\t\t\t\t\t\t\t\t\t\t\t\t<img fetchpriority=\"high\" decoding=\"async\" width=\"800\" height=\"729\" src=\"https:\/\/shatranj.art\/wp-content\/uploads\/2026\/02\/18-1024x933.jpg\" class=\"attachment-large size-large wp-image-971\" alt=\"\" srcset=\"https:\/\/shatranj.art\/wp-content\/uploads\/2026\/02\/18-1024x933.jpg 1024w, https:\/\/shatranj.art\/wp-content\/uploads\/2026\/02\/18-300x273.jpg 300w, https:\/\/shatranj.art\/wp-content\/uploads\/2026\/02\/18-768x700.jpg 768w, https:\/\/shatranj.art\/wp-content\/uploads\/2026\/02\/18.jpg 1279w\" sizes=\"(max-width: 800px) 100vw, 800px\" \/>\t\t\t\t\t\t\t\t\t\t\t\t\t\t\t<\/div>\n\t\t\t\t<\/div>\n\t\t\t\t<div class=\"elementor-element elementor-element-917c746 elementor-widget__width-initial elementor-widget-mobile__width-inherit elementor-widget elementor-widget-image\" data-id=\"917c746\" data-element_type=\"widget\" data-e-type=\"widget\" data-widget_type=\"image.default\">\n\t\t\t\t<div class=\"elementor-widget-container\">\n\t\t\t\t\t\t\t\t\t\t\t\t\t\t\t<img decoding=\"async\" width=\"800\" height=\"790\" src=\"https:\/\/shatranj.art\/wp-content\/uploads\/2026\/02\/18-1-1024x1011.jpg\" class=\"attachment-large size-large wp-image-972\" alt=\"\" srcset=\"https:\/\/shatranj.art\/wp-content\/uploads\/2026\/02\/18-1-1024x1011.jpg 1024w, https:\/\/shatranj.art\/wp-content\/uploads\/2026\/02\/18-1-300x296.jpg 300w, https:\/\/shatranj.art\/wp-content\/uploads\/2026\/02\/18-1-768x758.jpg 768w, https:\/\/shatranj.art\/wp-content\/uploads\/2026\/02\/18-1-1536x1517.jpg 1536w, https:\/\/shatranj.art\/wp-content\/uploads\/2026\/02\/18-1.jpg 1769w\" sizes=\"(max-width: 800px) 100vw, 800px\" \/>\t\t\t\t\t\t\t\t\t\t\t\t\t\t\t<\/div>\n\t\t\t\t<\/div>\n\t\t\t\t<div class=\"elementor-element elementor-element-5c72f2f elementor-widget__width-initial elementor-widget elementor-widget-text-editor\" data-id=\"5c72f2f\" data-element_type=\"widget\" data-e-type=\"widget\" data-widget_type=\"text-editor.default\">\n\t\t\t\t<div class=\"elementor-widget-container\">\n\t\t\t\t\t\t\t\t\t<h3><b>Mechanical Turk: pierwsze z\u0142udzenie sztucznej inteligencji<\/b><\/h3><p><b>Iluzja, kt\u00f3ra oczarowa\u0142a imperia<\/b> <span style=\"font-weight: 400;\"><br \/><\/span>Zaprojektowany w 1770 roku przez Wolfganga von Kempelena, aby zaimponowa\u0107 cesarzowej Marii Teresie, \u201cMechaniczny Turek\u201d wydawa\u0142 si\u0119 by\u0107 samoobs\u0142ugowym automatem nap\u0119dzanym przez z\u0142o\u017cony system k\u00f3\u0142 z\u0119batych. Siedz\u0105c przy du\u017cej szafie i ubrany w tradycyjne osma\u0144skie szaty i turban, posta\u0107 rzuci\u0142a wyzwanie i pokona\u0142a niekt\u00f3re z najpot\u0119\u017cniejszych umys\u0142\u00f3w w historii, w tym Napoleona Bonaparte i Benjamina Franklina.<\/p><p>\u00a0<\/p><p><b>Cz\u0142owiek po\u015br\u00f3d k\u00f3\u0142 z\u0119batych<\/b> <span style=\"font-weight: 400;\"><br \/><\/span>Przez dziesi\u0119ciolecia \u015bwiat wierzy\u0142, \u017ce jest \u015bwiadkiem prawdziwej \u201cmy\u015bl\u0105cej maszyny\u201d. W rzeczywisto\u015bci urz\u0105dzenie by\u0142o arcydzie\u0142em iluzji. Wn\u0119trze szafy zosta\u0142o sprytnie zaprojektowane, aby ukry\u0107 profesjonalnego mistrza szachowego, kt\u00f3ry zmienia\u0142 pozycje, gdy r\u00f3\u017cne drzwi by\u0142y otwierane dla publiczno\u015bci. Korzystaj\u0105c z mechanizmu pantografu i magnetycznych wska\u017anik\u00f3w pod plansz\u0105, ukryty gracz monitorowa\u0142 ruchy przeciwnika i wykonywa\u0142 w\u0142asne za pomoc\u0105 mechanicznego ramienia Turka.<\/p><p>\u00a0<\/p><p><b>Nowoczesne dziedzictwo<\/b> <span style=\"font-weight: 400;\"><br \/><\/span>Mechanical Turk to co\u015b wi\u0119cej ni\u017c opowie\u015b\u0107 o oszustwie; to symbol odwiecznej fascynacji ludzko\u015bci inteligencj\u0105 maszyn i strachu przed ni\u0105. To nie przypadek, \u017ce Amazon nazwa\u0142 dzi\u015b swoj\u0105 platform\u0119 mikrozada\u0144 \u201cMechanical Turk\u201d. Nazwa ta pozostaje ho\u0142dem dla zada\u0144, kt\u00f3rych komputery nie mog\u0105 jeszcze wykona\u0107, ale kt\u00f3re ludzie rozwi\u0105zuj\u0105 po cichu \u201cza kulisami\u201d.\u201d<\/p>\t\t\t\t\t\t\t\t<\/div>\n\t\t\t\t<\/div>\n\t\t\t\t<\/div>\n\t\t\t\t\t<\/div>\n\t\t\t\t<\/div>\n\t\t\t\t<\/div>","protected":false},"excerpt":{"rendered":"<p>The Mechanical Turk: The First Illusion of Artificial Intelligence An Illusion That Enchanted Empires Designed in 1770 by Wolfgang von Kempelen to impress Empress Maria Theresa, the &#8220;Mechanical Turk&#8221; appeared to be a self-operating automaton powered by a complex system of gears. Seated at a large cabinet and dressed in traditional Ottoman robes and a [&hellip;]<\/p>\n","protected":false},"author":1,"featured_media":0,"parent":743,"menu_order":0,"comment_status":"closed","ping_status":"closed","template":"","meta":{"footnotes":""},"class_list":["post-969","page","type-page","status-publish","hentry"],"_links":{"self":[{"href":"https:\/\/shatranj.art\/pl\/wp-json\/wp\/v2\/pages\/969","targetHints":{"allow":["GET"]}}],"collection":[{"href":"https:\/\/shatranj.art\/pl\/wp-json\/wp\/v2\/pages"}],"about":[{"href":"https:\/\/shatranj.art\/pl\/wp-json\/wp\/v2\/types\/page"}],"author":[{"embeddable":true,"href":"https:\/\/shatranj.art\/pl\/wp-json\/wp\/v2\/users\/1"}],"replies":[{"embeddable":true,"href":"https:\/\/shatranj.art\/pl\/wp-json\/wp\/v2\/comments?post=969"}],"version-history":[{"count":7,"href":"https:\/\/shatranj.art\/pl\/wp-json\/wp\/v2\/pages\/969\/revisions"}],"predecessor-version":[{"id":1225,"href":"https:\/\/shatranj.art\/pl\/wp-json\/wp\/v2\/pages\/969\/revisions\/1225"}],"up":[{"embeddable":true,"href":"https:\/\/shatranj.art\/pl\/wp-json\/wp\/v2\/pages\/743"}],"wp:attachment":[{"href":"https:\/\/shatranj.art\/pl\/wp-json\/wp\/v2\/media?parent=969"}],"curies":[{"name":"wp","href":"https:\/\/api.w.org\/{rel}","templated":true}]}}