{"id":976,"date":"2026-02-22T15:26:41","date_gmt":"2026-02-22T15:26:41","guid":{"rendered":"https:\/\/shatranj.art\/?page_id=976"},"modified":"2026-02-23T04:57:59","modified_gmt":"2026-02-23T04:57:59","slug":"poster-19","status":"publish","type":"page","link":"https:\/\/shatranj.art\/pl\/exhibit\/poster-19\/","title":{"rendered":"plakat 19"},"content":{"rendered":"<div data-elementor-type=\"wp-page\" data-elementor-id=\"976\" class=\"elementor elementor-976\" data-elementor-post-type=\"page\">\n\t\t\t\t<div class=\"elementor-element elementor-element-bd53a03 e-flex e-con-boxed e-con e-parent\" data-id=\"bd53a03\" data-element_type=\"container\" data-e-type=\"container\" data-settings=\"{&quot;background_background&quot;:&quot;classic&quot;}\">\n\t\t\t\t\t<div class=\"e-con-inner\">\n\t\t<div class=\"elementor-element elementor-element-258a2d8 e-con-full e-flex e-con e-child\" data-id=\"258a2d8\" data-element_type=\"container\" data-e-type=\"container\">\n\t\t\t\t<div class=\"elementor-element elementor-element-54379e5 elementor-widget__width-initial elementor-widget elementor-widget-image\" data-id=\"54379e5\" data-element_type=\"widget\" data-e-type=\"widget\" data-widget_type=\"image.default\">\n\t\t\t\t<div class=\"elementor-widget-container\">\n\t\t\t\t\t\t\t\t\t\t\t\t\t\t\t<img fetchpriority=\"high\" decoding=\"async\" width=\"800\" height=\"842\" src=\"https:\/\/shatranj.art\/wp-content\/uploads\/2026\/02\/19-973x1024.jpg\" class=\"attachment-large size-large wp-image-979\" alt=\"\" srcset=\"https:\/\/shatranj.art\/wp-content\/uploads\/2026\/02\/19-973x1024.jpg 973w, https:\/\/shatranj.art\/wp-content\/uploads\/2026\/02\/19-285x300.jpg 285w, https:\/\/shatranj.art\/wp-content\/uploads\/2026\/02\/19-768x808.jpg 768w, https:\/\/shatranj.art\/wp-content\/uploads\/2026\/02\/19.jpg 1121w\" sizes=\"(max-width: 800px) 100vw, 800px\" \/>\t\t\t\t\t\t\t\t\t\t\t\t\t\t\t<\/div>\n\t\t\t\t<\/div>\n\t\t\t\t<div class=\"elementor-element elementor-element-38b79a5 elementor-widget__width-initial elementor-widget elementor-widget-text-editor\" data-id=\"38b79a5\" data-element_type=\"widget\" data-e-type=\"widget\" data-widget_type=\"text-editor.default\">\n\t\t\t\t<div class=\"elementor-widget-container\">\n\t\t\t\t\t\t\t\t\t<p><strong>Deep Blue kontra Kasparow: \u015awit dominacji maszyn<\/strong><\/p><p>\u00a0<\/p><p><span style=\"font-weight: 400;\">W 1997 roku \u015bwiat by\u0142 \u015bwiadkiem historycznego punktu zwrotnego w relacji mi\u0119dzy cz\u0142owiekiem a maszyn\u0105. Opracowany przez IBM superkomputer <\/span>G\u0142\u0119boki niebieski<span style=\"font-weight: 400;\"> pokona\u0142 aktualnego mistrza \u015bwiata, <\/span>Garry Kasparow<span style=\"font-weight: 400;\">, w serii sze\u015bciu mecz\u00f3w. By\u0142 to pierwszy raz, kiedy komputer pokona\u0142 mistrza \u015bwiata w meczu turniejowym w standardowych warunkach czasowych.<\/span><\/p><p>\u00a0<\/p><p><b>Brutalna si\u0142a:<\/b><span style=\"font-weight: 400;\"> Deep Blue by\u0142 arcydzie\u0142em wyspecjalizowanego sprz\u0119tu, zdolnym do obliczania 200 milion\u00f3w pozycji na sekund\u0119.<\/span><\/p><p>\u00a0<\/p><p><b>Symboliczne zwyci\u0119stwo:<\/b><span style=\"font-weight: 400;\"> Mecz ten zmieni\u0142 globalne postrzeganie sztucznej inteligencji. Udowodni\u0142, \u017ce cho\u0107 ludzka intuicja jest g\u0142\u0119boka, sama szybko\u015b\u0107 obliczeniowa maszyny mo\u017ce pokona\u0107 najwi\u0119kszy strategiczny umys\u0142 epoki.<\/span><\/p>\t\t\t\t\t\t\t\t<\/div>\n\t\t\t\t<\/div>\n\t\t\t\t<div class=\"elementor-element elementor-element-d1ad4e6 elementor-widget__width-initial elementor-widget elementor-widget-image\" data-id=\"d1ad4e6\" data-element_type=\"widget\" data-e-type=\"widget\" data-widget_type=\"image.default\">\n\t\t\t\t<div class=\"elementor-widget-container\">\n\t\t\t\t\t\t\t\t\t\t\t\t\t\t\t<img decoding=\"async\" width=\"800\" height=\"600\" src=\"https:\/\/shatranj.art\/wp-content\/uploads\/2026\/02\/19-1-1024x768.jpg\" class=\"attachment-large size-large wp-image-980\" alt=\"\" srcset=\"https:\/\/shatranj.art\/wp-content\/uploads\/2026\/02\/19-1-1024x768.jpg 1024w, https:\/\/shatranj.art\/wp-content\/uploads\/2026\/02\/19-1-300x225.jpg 300w, https:\/\/shatranj.art\/wp-content\/uploads\/2026\/02\/19-1-768x576.jpg 768w, https:\/\/shatranj.art\/wp-content\/uploads\/2026\/02\/19-1.jpg 1250w\" sizes=\"(max-width: 800px) 100vw, 800px\" \/>\t\t\t\t\t\t\t\t\t\t\t\t\t\t\t<\/div>\n\t\t\t\t<\/div>\n\t\t\t\t<div class=\"elementor-element elementor-element-e238e58 elementor-widget__width-initial elementor-widget elementor-widget-image\" data-id=\"e238e58\" data-element_type=\"widget\" data-e-type=\"widget\" data-widget_type=\"image.default\">\n\t\t\t\t<div class=\"elementor-widget-container\">\n\t\t\t\t\t\t\t\t\t\t\t\t\t\t\t<img decoding=\"async\" width=\"682\" height=\"1024\" src=\"https:\/\/shatranj.art\/wp-content\/uploads\/2026\/02\/19-2-682x1024.jpg\" class=\"attachment-large size-large wp-image-981\" alt=\"\" srcset=\"https:\/\/shatranj.art\/wp-content\/uploads\/2026\/02\/19-2-682x1024.jpg 682w, https:\/\/shatranj.art\/wp-content\/uploads\/2026\/02\/19-2-200x300.jpg 200w, https:\/\/shatranj.art\/wp-content\/uploads\/2026\/02\/19-2-768x1154.jpg 768w, https:\/\/shatranj.art\/wp-content\/uploads\/2026\/02\/19-2-1023x1536.jpg 1023w, https:\/\/shatranj.art\/wp-content\/uploads\/2026\/02\/19-2-1363x2048.jpg 1363w, https:\/\/shatranj.art\/wp-content\/uploads\/2026\/02\/19-2.jpg 1667w\" sizes=\"(max-width: 682px) 100vw, 682px\" \/>\t\t\t\t\t\t\t\t\t\t\t\t\t\t\t<\/div>\n\t\t\t\t<\/div>\n\t\t\t\t<div class=\"elementor-element elementor-element-a12f1b5 elementor-widget__width-inherit elementor-widget elementor-widget-text-editor\" data-id=\"a12f1b5\" data-element_type=\"widget\" data-e-type=\"widget\" data-widget_type=\"text-editor.default\">\n\t\t\t\t<div class=\"elementor-widget-container\">\n\t\t\t\t\t\t\t\t\t<h3><b>Stockfish: Demokratyzacja analizy arcymistrzowskiej<\/b><\/h3><p>Sztokfisz<span style=\"font-weight: 400;\"> to najpot\u0119\u017cniejszy na \u015bwiecie silnik szachowy typu open source. W przeciwie\u0144stwie do ekskluzywnych superkomputer\u00f3w z przesz\u0142o\u015bci, Stockfish jest darmowy i dost\u0119pny dla ka\u017cdego, od amator\u00f3w-hobbyst\u00f3w po \u015bwiatowej klasy arcymistrz\u00f3w.<\/span><\/p><ul><li style=\"font-weight: 400;\" aria-level=\"1\"><b>Globalny standard:<\/b><span style=\"font-weight: 400;\"> Stockfish, konsekwentnie plasuj\u0105cy si\u0119 na szczycie ranking\u00f3w, s\u0142u\u017cy jako najlepsze narz\u0119dzie do analizy gier i opracowywania strategii.<\/span><\/li><li style=\"font-weight: 400;\" aria-level=\"1\"><b>Ewolucja neuronalna:<\/b><span style=\"font-weight: 400;\"> Pierwotnie oparte na klasycznych algorytmach \u201cwyszukiwania i oceny\u201d, nowoczesne wersje Stockfish wykorzystuj\u0105 obecnie <\/span>NNUE (efektywnie aktualizowalne sieci neuronowe)<span style=\"font-weight: 400;\">. Ta fuzja pozwala mu \u0142\u0105czy\u0107 ogromne pr\u0119dko\u015bci obliczeniowe z g\u0142\u0119bszym, niemal ludzkim \u201czrozumieniem\u201d z\u0142o\u017conych pozycji, osi\u0105gaj\u0105c wska\u017anik ELO znacznie powy\u017cej <\/span>3500<span style=\"font-weight: 400;\">.<\/span><\/li><\/ul>\t\t\t\t\t\t\t\t<\/div>\n\t\t\t\t<\/div>\n\t\t\t\t<div class=\"elementor-element elementor-element-5ec8752 elementor-widget__width-initial elementor-widget elementor-widget-image\" data-id=\"5ec8752\" data-element_type=\"widget\" data-e-type=\"widget\" data-widget_type=\"image.default\">\n\t\t\t\t<div class=\"elementor-widget-container\">\n\t\t\t\t\t\t\t\t\t\t\t\t\t\t\t<img loading=\"lazy\" decoding=\"async\" width=\"800\" height=\"800\" src=\"https:\/\/shatranj.art\/wp-content\/uploads\/2026\/02\/19-1024x1024.png\" class=\"attachment-large size-large wp-image-982\" alt=\"\" srcset=\"https:\/\/shatranj.art\/wp-content\/uploads\/2026\/02\/19-1024x1024.png 1024w, https:\/\/shatranj.art\/wp-content\/uploads\/2026\/02\/19-300x300.png 300w, https:\/\/shatranj.art\/wp-content\/uploads\/2026\/02\/19-150x150.png 150w, https:\/\/shatranj.art\/wp-content\/uploads\/2026\/02\/19-768x768.png 768w, https:\/\/shatranj.art\/wp-content\/uploads\/2026\/02\/19.png 1056w\" sizes=\"(max-width: 800px) 100vw, 800px\" \/>\t\t\t\t\t\t\t\t\t\t\t\t\t\t\t<\/div>\n\t\t\t\t<\/div>\n\t\t\t\t<div class=\"elementor-element elementor-element-f657508 elementor-widget__width-initial elementor-widget-tablet__width-inherit elementor-widget elementor-widget-text-editor\" data-id=\"f657508\" data-element_type=\"widget\" data-e-type=\"widget\" data-widget_type=\"text-editor.default\">\n\t\t\t\t<div class=\"elementor-widget-container\">\n\t\t\t\t\t\t\t\t\t<h3><b>AlphaZero: Era intuicji i kreatywno\u015bci maszyn<\/b><\/h3><p>Opracowany przez Google DeepMind, AlphaZero zrewolucjonizowa\u0142 spos\u00f3b, w jaki my\u015blimy o sztucznej inteligencji. Podczas gdy poprzednie silniki by\u0142y \u201cuczone\u201d przez ludzi za pomoc\u0105 zaprogramowanych regu\u0142, AlphaZero by\u0142 systemem samoucz\u0105cym si\u0119.<\/p><ul><li style=\"font-weight: 400;\" aria-level=\"1\"><b>Tabula Rasa (Od podstaw):<\/b><span style=\"font-weight: 400;\"> AlphaZero otrzyma\u0142a jedynie podstawowe zasady gry w szachy. Rozgrywaj\u0105c miliony gier przeciwko sobie za pomoc\u0105 Reinforcement Learning, osi\u0105gn\u0105\u0142 nadludzki poziom mistrzostwa w ci\u0105gu zaledwie czterech godzin.<\/span><\/li><li style=\"font-weight: 400;\" aria-level=\"1\"><b>Tw\u00f3rcza rewolucja:<\/b><span style=\"font-weight: 400;\"> AlphaZero nie gra\u0142 jak typowy \u201ckalkulator\u201d. Wprowadzi\u0142 bardzo agresywny, kreatywny i intuicyjny styl, cz\u0119sto po\u015bwi\u0119caj\u0105c materia\u0142 na rzecz d\u0142ugoterminowej presji pozycyjnej. Udowodni\u0142, \u017ce maszyny mog\u0105 nie tylko oblicza\u0107 szybciej ni\u017c ludzie, ale tak\u017ce \u201cwymy\u015bli\u0107 na nowo\u201d sztuk\u0119 i kreatywno\u015b\u0107 samej gry.<\/span><\/li><\/ul>\t\t\t\t\t\t\t\t<\/div>\n\t\t\t\t<\/div>\n\t\t\t\t<\/div>\n\t\t\t\t\t<\/div>\n\t\t\t\t<\/div>\n\t\t\t\t<\/div>","protected":false},"excerpt":{"rendered":"<p>Deep Blue vs. Kasparov: The Dawn of Machine Dominance \u00a0 In 1997, the world witnessed a historic turning point in the relationship between man and machine. Developed by IBM, the supercomputer Deep Blue defeated the reigning World Champion, Garry Kasparov, in a six-match series. This was the first time a computer had beaten a world [&hellip;]<\/p>\n","protected":false},"author":1,"featured_media":0,"parent":743,"menu_order":0,"comment_status":"closed","ping_status":"closed","template":"","meta":{"footnotes":""},"class_list":["post-976","page","type-page","status-publish","hentry"],"_links":{"self":[{"href":"https:\/\/shatranj.art\/pl\/wp-json\/wp\/v2\/pages\/976","targetHints":{"allow":["GET"]}}],"collection":[{"href":"https:\/\/shatranj.art\/pl\/wp-json\/wp\/v2\/pages"}],"about":[{"href":"https:\/\/shatranj.art\/pl\/wp-json\/wp\/v2\/types\/page"}],"author":[{"embeddable":true,"href":"https:\/\/shatranj.art\/pl\/wp-json\/wp\/v2\/users\/1"}],"replies":[{"embeddable":true,"href":"https:\/\/shatranj.art\/pl\/wp-json\/wp\/v2\/comments?post=976"}],"version-history":[{"count":7,"href":"https:\/\/shatranj.art\/pl\/wp-json\/wp\/v2\/pages\/976\/revisions"}],"predecessor-version":[{"id":1228,"href":"https:\/\/shatranj.art\/pl\/wp-json\/wp\/v2\/pages\/976\/revisions\/1228"}],"up":[{"embeddable":true,"href":"https:\/\/shatranj.art\/pl\/wp-json\/wp\/v2\/pages\/743"}],"wp:attachment":[{"href":"https:\/\/shatranj.art\/pl\/wp-json\/wp\/v2\/media?parent=976"}],"curies":[{"name":"wp","href":"https:\/\/api.w.org\/{rel}","templated":true}]}}