{"id":986,"date":"2026-02-22T15:44:16","date_gmt":"2026-02-22T15:44:16","guid":{"rendered":"https:\/\/shatranj.art\/?page_id=986"},"modified":"2026-02-23T04:58:50","modified_gmt":"2026-02-23T04:58:50","slug":"poster-20","status":"publish","type":"page","link":"https:\/\/shatranj.art\/pl\/exhibit\/poster-20\/","title":{"rendered":"plakat 20"},"content":{"rendered":"<div data-elementor-type=\"wp-page\" data-elementor-id=\"986\" class=\"elementor elementor-986\" data-elementor-post-type=\"page\">\n\t\t\t\t<div class=\"elementor-element elementor-element-12aafbd e-flex e-con-boxed e-con e-parent\" data-id=\"12aafbd\" data-element_type=\"container\" data-e-type=\"container\" data-settings=\"{&quot;background_background&quot;:&quot;classic&quot;}\">\n\t\t\t\t\t<div class=\"e-con-inner\">\n\t\t<div class=\"elementor-element elementor-element-63eb695 e-con-full e-flex e-con e-child\" data-id=\"63eb695\" data-element_type=\"container\" data-e-type=\"container\">\n\t\t\t\t<div class=\"elementor-element elementor-element-c65f0f2 elementor-widget elementor-widget-image\" data-id=\"c65f0f2\" data-element_type=\"widget\" data-e-type=\"widget\" data-widget_type=\"image.default\">\n\t\t\t\t<div class=\"elementor-widget-container\">\n\t\t\t\t\t\t\t\t\t\t\t\t\t\t\t<img fetchpriority=\"high\" decoding=\"async\" width=\"800\" height=\"563\" src=\"https:\/\/shatranj.art\/wp-content\/uploads\/2026\/02\/20-1024x720.jpg\" class=\"attachment-large size-large wp-image-989\" alt=\"\" srcset=\"https:\/\/shatranj.art\/wp-content\/uploads\/2026\/02\/20-1024x720.jpg 1024w, https:\/\/shatranj.art\/wp-content\/uploads\/2026\/02\/20-300x211.jpg 300w, https:\/\/shatranj.art\/wp-content\/uploads\/2026\/02\/20-768x540.jpg 768w, https:\/\/shatranj.art\/wp-content\/uploads\/2026\/02\/20-1536x1080.jpg 1536w, https:\/\/shatranj.art\/wp-content\/uploads\/2026\/02\/20-2048x1440.jpg 2048w\" sizes=\"(max-width: 800px) 100vw, 800px\" \/>\t\t\t\t\t\t\t\t\t\t\t\t\t\t\t<\/div>\n\t\t\t\t<\/div>\n\t\t\t\t<div class=\"elementor-element elementor-element-c898b64 elementor-widget elementor-widget-text-editor\" data-id=\"c898b64\" data-element_type=\"widget\" data-e-type=\"widget\" data-widget_type=\"text-editor.default\">\n\t\t\t\t<div class=\"elementor-widget-container\">\n\t\t\t\t\t\t\t\t\t<h3><b>Alquerque: Staro\u017cytny przodek warcab\u00f3w i dziedzictwo Alfonsa<\/b><\/h3><p><b>Strategia rozci\u0105gaj\u0105ca si\u0119 od Kastylii do tera\u017aniejszo\u015bci<\/b> <span style=\"font-weight: 400;\"><br \/><\/span>Zam\u00f3wiona w 1283 roku przez kr\u00f3la Kastylii Alfonsa X (Alfonsa M\u0105drego), Libro de los Juegos (Ksi\u0119ga Gier) pozostaje najbardziej wszechstronnym zapisem kultury gier w \u015bredniowiecznej Europie. Alquerque, szczeg\u00f3\u0142owo opisana na jej stronach, jest europejsk\u0105 ewolucj\u0105 staro\u017cytnej gry strategicznej znanej w \u015bwiecie arabskim jako \u201cEl-Qirkat\u201d, kt\u00f3rej korzenie si\u0119gaj\u0105 staro\u017cytnego Egiptu. W XIII-wiecznej Hiszpanii Alquerque sta\u0142a si\u0119 \u015bwiadectwem tego, jak chrze\u015bcija\u0144scy, muzu\u0142ma\u0144scy i \u017cydowscy uczeni wsp\u00f3\u0142pracowali, aby po\u0142\u0105czy\u0107 wiedz\u0119 Wschodu z Zachodem.<\/p><p><b>Droga do warcab\u00f3w<\/b> <span style=\"font-weight: 400;\"><br \/><\/span>Rozgrywana z 12 pionami ka\u017cdy na siatce 5\u00d75, Alquerque jest miejscem narodzin mechaniki \u201cjumping capture\u201d, kt\u00f3ra jest podstawow\u0105 zasad\u0105 wsp\u00f3\u0142czesnych warcab\u00f3w. Pod koniec XV wieku, kiedy te dynamiczne zasady zosta\u0142y przeniesione na szachownic\u0119 8\u00d78, narodzi\u0142a si\u0119 gra w warcaby, jak\u0105 znamy dzisiaj. Przedstawienie to s\u0142u\u017cy jako dow\u00f3d na to, \u017ce gry to nie tylko rozrywka, ale uniwersalny j\u0119zyk \u0142\u0105cz\u0105cy geografie, j\u0119zyki i wyznania<\/p>\t\t\t\t\t\t\t\t<\/div>\n\t\t\t\t<\/div>\n\t\t\t\t<\/div>\n\t\t\t\t\t<\/div>\n\t\t\t\t<\/div>\n\t\t\t\t<\/div>","protected":false},"excerpt":{"rendered":"<p>Alquerque: The Ancient Ancestor of Draughts and the Legacy of Alfonso A Strategy Stretching from Castile to the Present Commissioned in 1283 by King Alfonso X of Castile (Alfonso the Wise), the Libro de los Juegos (The Book of Games) remains the most comprehensive record of gaming culture in Medieval Europe. Alquerque, detailed within its [&hellip;]<\/p>\n","protected":false},"author":1,"featured_media":0,"parent":743,"menu_order":0,"comment_status":"closed","ping_status":"closed","template":"","meta":{"footnotes":""},"class_list":["post-986","page","type-page","status-publish","hentry"],"_links":{"self":[{"href":"https:\/\/shatranj.art\/pl\/wp-json\/wp\/v2\/pages\/986","targetHints":{"allow":["GET"]}}],"collection":[{"href":"https:\/\/shatranj.art\/pl\/wp-json\/wp\/v2\/pages"}],"about":[{"href":"https:\/\/shatranj.art\/pl\/wp-json\/wp\/v2\/types\/page"}],"author":[{"embeddable":true,"href":"https:\/\/shatranj.art\/pl\/wp-json\/wp\/v2\/users\/1"}],"replies":[{"embeddable":true,"href":"https:\/\/shatranj.art\/pl\/wp-json\/wp\/v2\/comments?post=986"}],"version-history":[{"count":7,"href":"https:\/\/shatranj.art\/pl\/wp-json\/wp\/v2\/pages\/986\/revisions"}],"predecessor-version":[{"id":1231,"href":"https:\/\/shatranj.art\/pl\/wp-json\/wp\/v2\/pages\/986\/revisions\/1231"}],"up":[{"embeddable":true,"href":"https:\/\/shatranj.art\/pl\/wp-json\/wp\/v2\/pages\/743"}],"wp:attachment":[{"href":"https:\/\/shatranj.art\/pl\/wp-json\/wp\/v2\/media?parent=986"}],"curies":[{"name":"wp","href":"https:\/\/api.w.org\/{rel}","templated":true}]}}