{"id":1465,"date":"2026-02-24T06:30:11","date_gmt":"2026-02-24T06:30:11","guid":{"rendered":"https:\/\/shatranj.art\/?page_id=1465"},"modified":"2026-02-24T07:42:10","modified_gmt":"2026-02-24T07:42:10","slug":"poster-35","status":"publish","type":"page","link":"https:\/\/shatranj.art\/pt\/exhibit\/poster-35\/","title":{"rendered":"p\u00f4ster-35"},"content":{"rendered":"<div data-elementor-type=\"wp-page\" data-elementor-id=\"1465\" class=\"elementor elementor-1465\" data-elementor-post-type=\"page\">\n\t\t\t\t<div class=\"elementor-element elementor-element-08b263e e-flex e-con-boxed e-con e-parent\" data-id=\"08b263e\" data-element_type=\"container\" data-e-type=\"container\" data-settings=\"{&quot;background_background&quot;:&quot;classic&quot;}\">\n\t\t\t\t\t<div class=\"e-con-inner\">\n\t\t<div class=\"elementor-element elementor-element-7869a40 e-con-full e-flex e-con e-child\" data-id=\"7869a40\" data-element_type=\"container\" data-e-type=\"container\">\n\t\t\t\t<div class=\"elementor-element elementor-element-1c616f4 elementor-widget elementor-widget-image\" data-id=\"1c616f4\" data-element_type=\"widget\" data-e-type=\"widget\" data-widget_type=\"image.default\">\n\t\t\t\t<div class=\"elementor-widget-container\">\n\t\t\t\t\t\t\t\t\t\t\t\t\t\t\t<img fetchpriority=\"high\" decoding=\"async\" width=\"453\" height=\"371\" src=\"https:\/\/shatranj.art\/wp-content\/uploads\/2026\/02\/Cambridge_Springs_Staunton_Chessmen.jpg\" class=\"attachment-full size-full wp-image-1468\" alt=\"\" srcset=\"https:\/\/shatranj.art\/wp-content\/uploads\/2026\/02\/Cambridge_Springs_Staunton_Chessmen.jpg 453w, https:\/\/shatranj.art\/wp-content\/uploads\/2026\/02\/Cambridge_Springs_Staunton_Chessmen-300x246.jpg 300w, https:\/\/shatranj.art\/wp-content\/uploads\/2026\/02\/Cambridge_Springs_Staunton_Chessmen-15x12.jpg 15w\" sizes=\"(max-width: 453px) 100vw, 453px\" \/>\t\t\t\t\t\t\t\t\t\t\t\t\t\t\t<\/div>\n\t\t\t\t<\/div>\n\t\t\t\t<div class=\"elementor-element elementor-element-a5ffbc0 elementor-widget elementor-widget-text-editor\" data-id=\"a5ffbc0\" data-element_type=\"widget\" data-e-type=\"widget\" data-widget_type=\"text-editor.default\">\n\t\t\t\t<div class=\"elementor-widget-container\">\n\t\t\t\t\t\t\t\t\t<h3 data-path-to-node=\"0\">Conjunto Internacional Cambridge Springs 1904<\/h3><p data-path-to-node=\"2\">O Congresso Internacional de Xadrez de 1904 em Cambridge Springs, Pensilv\u00e2nia, foi um marco hist\u00f3rico como o primeiro grande torneio internacional realizado nos Estados Unidos. Esse evento tornou-se um momento decisivo para a Era de Ouro do xadrez, representando uma ponte entre as tradi\u00e7\u00f5es cl\u00e1ssicas europeias e a crescente proemin\u00eancia do cen\u00e1rio do xadrez americano.<\/p><p data-path-to-node=\"2\">\u00a0<\/p><p data-path-to-node=\"3\"><strong>Uma reuni\u00e3o de mestres lend\u00e1rios<\/strong><\/p><p data-path-to-node=\"3\">\u00a0<\/p><p data-path-to-node=\"4\">O torneio contou com dezesseis dos jogadores mais formid\u00e1veis do mundo, tornando-o uma das competi\u00e7\u00f5es mais fortes do in\u00edcio do s\u00e9culo XX. A escala\u00e7\u00e3o inclu\u00eda:<\/p><p data-path-to-node=\"5,0,0\">Emanuel Lasker: O atual campe\u00e3o mundial e uma for\u00e7a dominante na estrat\u00e9gia do xadrez.<\/p><p data-path-to-node=\"5,1,0\">Mikhail Chigorin: O lend\u00e1rio mestre russo e pioneiro da escola de xadrez sovi\u00e9tica.<\/p><p data-path-to-node=\"5,2,0\">Dawid Janowski: Um brilhante t\u00e1tico polon\u00eas-franc\u00eas conhecido por seu jogo agressivo e criativo.<\/p><p data-path-to-node=\"5,3,0\">Frank James Marshall: O jovem desafiante americano que chocou o mundo ao vencer o torneio de forma invicta, terminando \u00e0 frente do campe\u00e3o mundial.<\/p><p data-path-to-node=\"5,4,0\">Outros participantes not\u00e1veis foram Harry Nelson Pillsbury, Carl Schlechter e Richard Teichmann.<\/p><p data-path-to-node=\"5,4,0\">\u00a0<\/p><p>A remo\u00e7\u00e3o da cruz do rei do design original de Staunton foi um movimento intencional em dire\u00e7\u00e3o \u00e0 inclus\u00e3o, honrando as diversas origens dos jogadores internacionais, retornando o jogo \u00e0s suas ra\u00edzes seculares e abstratas. Esse design estabeleceu o tabuleiro de xadrez como uma arena neutra de l\u00f3gica, livre de conota\u00e7\u00f5es religiosas espec\u00edficas.<\/p>\t\t\t\t\t\t\t\t<\/div>\n\t\t\t\t<\/div>\n\t\t\t\t<div class=\"elementor-element elementor-element-26ec034 elementor-widget elementor-widget-image\" data-id=\"26ec034\" data-element_type=\"widget\" data-e-type=\"widget\" data-widget_type=\"image.default\">\n\t\t\t\t<div class=\"elementor-widget-container\">\n\t\t\t\t\t\t\t\t\t\t\t\t\t\t\t<img decoding=\"async\" width=\"413\" height=\"520\" src=\"https:\/\/shatranj.art\/wp-content\/uploads\/2026\/02\/1904-cambridge-springs-chess-tournament.jpeg\" class=\"attachment-full size-full wp-image-1517\" alt=\"\" srcset=\"https:\/\/shatranj.art\/wp-content\/uploads\/2026\/02\/1904-cambridge-springs-chess-tournament.jpeg 413w, https:\/\/shatranj.art\/wp-content\/uploads\/2026\/02\/1904-cambridge-springs-chess-tournament-238x300.jpeg 238w, https:\/\/shatranj.art\/wp-content\/uploads\/2026\/02\/1904-cambridge-springs-chess-tournament-10x12.jpeg 10w\" sizes=\"(max-width: 413px) 100vw, 413px\" \/>\t\t\t\t\t\t\t\t\t\t\t\t\t\t\t<\/div>\n\t\t\t\t<\/div>\n\t\t\t\t<\/div>\n\t\t\t\t\t<\/div>\n\t\t\t\t<\/div>\n\t\t\t\t<\/div>","protected":false},"excerpt":{"rendered":"<p>The 1904 Cambridge Springs International Set The 1904 International Chess Congress in Cambridge Springs, Pennsylvania, marked a historic milestone as the first major international tournament hosted in the United States. This event became a defining moment for the Golden Age of chess, representing a bridge between the classic European traditions and the rising prominence of [&hellip;]<\/p>\n","protected":false},"author":1,"featured_media":0,"parent":743,"menu_order":0,"comment_status":"closed","ping_status":"closed","template":"","meta":{"footnotes":""},"class_list":["post-1465","page","type-page","status-publish","hentry"],"_links":{"self":[{"href":"https:\/\/shatranj.art\/pt\/wp-json\/wp\/v2\/pages\/1465","targetHints":{"allow":["GET"]}}],"collection":[{"href":"https:\/\/shatranj.art\/pt\/wp-json\/wp\/v2\/pages"}],"about":[{"href":"https:\/\/shatranj.art\/pt\/wp-json\/wp\/v2\/types\/page"}],"author":[{"embeddable":true,"href":"https:\/\/shatranj.art\/pt\/wp-json\/wp\/v2\/users\/1"}],"replies":[{"embeddable":true,"href":"https:\/\/shatranj.art\/pt\/wp-json\/wp\/v2\/comments?post=1465"}],"version-history":[{"count":17,"href":"https:\/\/shatranj.art\/pt\/wp-json\/wp\/v2\/pages\/1465\/revisions"}],"predecessor-version":[{"id":1520,"href":"https:\/\/shatranj.art\/pt\/wp-json\/wp\/v2\/pages\/1465\/revisions\/1520"}],"up":[{"embeddable":true,"href":"https:\/\/shatranj.art\/pt\/wp-json\/wp\/v2\/pages\/743"}],"wp:attachment":[{"href":"https:\/\/shatranj.art\/pt\/wp-json\/wp\/v2\/media?parent=1465"}],"curies":[{"name":"wp","href":"https:\/\/api.w.org\/{rel}","templated":true}]}}