{"id":1504,"date":"2026-02-24T07:16:45","date_gmt":"2026-02-24T07:16:45","guid":{"rendered":"https:\/\/shatranj.art\/?page_id=1504"},"modified":"2026-02-24T07:21:26","modified_gmt":"2026-02-24T07:21:26","slug":"poster-38","status":"publish","type":"page","link":"https:\/\/shatranj.art\/pt\/exhibit\/poster-38\/","title":{"rendered":"p\u00f4ster-38"},"content":{"rendered":"<div data-elementor-type=\"wp-page\" data-elementor-id=\"1504\" class=\"elementor elementor-1504\" data-elementor-post-type=\"page\">\n\t\t\t\t<div class=\"elementor-element elementor-element-d6ea98c e-flex e-con-boxed e-con e-parent\" data-id=\"d6ea98c\" data-element_type=\"container\" data-e-type=\"container\" data-settings=\"{&quot;background_background&quot;:&quot;classic&quot;}\">\n\t\t\t\t\t<div class=\"e-con-inner\">\n\t\t<div class=\"elementor-element elementor-element-8942b74 e-con-full e-flex e-con e-child\" data-id=\"8942b74\" data-element_type=\"container\" data-e-type=\"container\">\n\t\t\t\t<div class=\"elementor-element elementor-element-f1e4538 elementor-widget elementor-widget-image\" data-id=\"f1e4538\" data-element_type=\"widget\" data-e-type=\"widget\" data-widget_type=\"image.default\">\n\t\t\t\t<div class=\"elementor-widget-container\">\n\t\t\t\t\t\t\t\t\t\t\t\t\t\t\t<img fetchpriority=\"high\" decoding=\"async\" width=\"1893\" height=\"798\" src=\"https:\/\/shatranj.art\/wp-content\/uploads\/2026\/02\/romanian-cafe-house-langer-collection.jpg\" class=\"attachment-full size-full wp-image-1506\" alt=\"\" srcset=\"https:\/\/shatranj.art\/wp-content\/uploads\/2026\/02\/romanian-cafe-house-langer-collection.jpg 1893w, https:\/\/shatranj.art\/wp-content\/uploads\/2026\/02\/romanian-cafe-house-langer-collection-300x126.jpg 300w, https:\/\/shatranj.art\/wp-content\/uploads\/2026\/02\/romanian-cafe-house-langer-collection-1024x432.jpg 1024w, https:\/\/shatranj.art\/wp-content\/uploads\/2026\/02\/romanian-cafe-house-langer-collection-768x324.jpg 768w, https:\/\/shatranj.art\/wp-content\/uploads\/2026\/02\/romanian-cafe-house-langer-collection-1536x648.jpg 1536w, https:\/\/shatranj.art\/wp-content\/uploads\/2026\/02\/romanian-cafe-house-langer-collection-18x8.jpg 18w\" sizes=\"(max-width: 1893px) 100vw, 1893px\" \/>\t\t\t\t\t\t\t\t\t\t\t\t\t\t\t<\/div>\n\t\t\t\t<\/div>\n\t\t\t\t<div class=\"elementor-element elementor-element-dced84d elementor-widget elementor-widget-text-editor\" data-id=\"dced84d\" data-element_type=\"widget\" data-e-type=\"widget\" data-widget_type=\"text-editor.default\">\n\t\t\t\t<div class=\"elementor-widget-container\">\n\t\t\t\t\t\t\t\t\t<div id=\"1440505187\" class=\"u_1440505187 dmNewParagraph\"><h3><strong>Jogo de xadrez da Casa de Caf\u00e9 Romena, ca. 1920-1940<\/strong><br \/><br \/><\/h3><div>At\u00e9 a Primeira Guerra Mundial, algumas partes da atual Rom\u00eania - ou seja, a regi\u00e3o conhecida como Transilv\u00e2nia - pertenciam ao Imp\u00e9rio Austro-H\u00fangaro, governado pela dinastia Habsburgo. Pode-se supor que, por meio dessa conex\u00e3o, a cultura austr\u00edaca das casas de caf\u00e9 e os jogos de xadrez comuns do chamado estilo Vienna Coffee House tamb\u00e9m chegaram ao sul do Reino da Rom\u00eania, onde esse jogo foi usado nos primeiros anos do s\u00e9culo XX. O conjunto \u00e9 feito de madeira torneada, um lado natural e o outro revestido de laca preta. Ele apresenta algumas caracter\u00edsticas de design comuns aos conjuntos de Viena mencionados anteriormente, em especial as coroas das rainhas, que t\u00eam o formato de chap\u00e9us, os bispos com cabe\u00e7as em forma de bola na cor oposta ou as torres robustas. O que \u00e9 interessante, em particular, \u00e9 o formato incomum do rei, cuja coroa na parte superior se estreita em uma extremidade alongada encimada por uma pequena bola, quase como se um pequeno pe\u00e3o estivesse no topo da coroa do rei. O conjunto mostra alguns sinais de uso intenso. Algumas das pe\u00e7as parecem ter sido substitu\u00eddas, mas isso n\u00e3o prejudica a impress\u00e3o geral. Imagem e texto retirados da cole\u00e7\u00e3o Langer.<\/div><\/div>\t\t\t\t\t\t\t\t<\/div>\n\t\t\t\t<\/div>\n\t\t\t\t<\/div>\n\t\t\t\t\t<\/div>\n\t\t\t\t<\/div>\n\t\t\t\t<\/div>","protected":false},"excerpt":{"rendered":"<p>Romanian Coffee House Chess set, ca. 1920-1940 Until WWI, some parts of today&#8217;s Romania &#8211; namely the region known as Transylvania &#8211; belonged to the Austro-Hungarian Empire ruled by the Habsburg dynasty. It can be assumed that through this connection the Austrian coffee house culture and the common chess sets of the so called Vienna [&hellip;]<\/p>\n","protected":false},"author":1,"featured_media":0,"parent":743,"menu_order":0,"comment_status":"closed","ping_status":"closed","template":"","meta":{"footnotes":""},"class_list":["post-1504","page","type-page","status-publish","hentry"],"_links":{"self":[{"href":"https:\/\/shatranj.art\/pt\/wp-json\/wp\/v2\/pages\/1504","targetHints":{"allow":["GET"]}}],"collection":[{"href":"https:\/\/shatranj.art\/pt\/wp-json\/wp\/v2\/pages"}],"about":[{"href":"https:\/\/shatranj.art\/pt\/wp-json\/wp\/v2\/types\/page"}],"author":[{"embeddable":true,"href":"https:\/\/shatranj.art\/pt\/wp-json\/wp\/v2\/users\/1"}],"replies":[{"embeddable":true,"href":"https:\/\/shatranj.art\/pt\/wp-json\/wp\/v2\/comments?post=1504"}],"version-history":[{"count":4,"href":"https:\/\/shatranj.art\/pt\/wp-json\/wp\/v2\/pages\/1504\/revisions"}],"predecessor-version":[{"id":1509,"href":"https:\/\/shatranj.art\/pt\/wp-json\/wp\/v2\/pages\/1504\/revisions\/1509"}],"up":[{"embeddable":true,"href":"https:\/\/shatranj.art\/pt\/wp-json\/wp\/v2\/pages\/743"}],"wp:attachment":[{"href":"https:\/\/shatranj.art\/pt\/wp-json\/wp\/v2\/media?parent=1504"}],"curies":[{"name":"wp","href":"https:\/\/api.w.org\/{rel}","templated":true}]}}