{"id":1543,"date":"2026-02-24T08:36:27","date_gmt":"2026-02-24T08:36:27","guid":{"rendered":"https:\/\/shatranj.art\/?page_id=1543"},"modified":"2026-02-24T08:53:53","modified_gmt":"2026-02-24T08:53:53","slug":"poster-41","status":"publish","type":"page","link":"https:\/\/shatranj.art\/pt\/exhibit\/poster-41\/","title":{"rendered":"p\u00f4ster-41"},"content":{"rendered":"<div data-elementor-type=\"wp-page\" data-elementor-id=\"1543\" class=\"elementor elementor-1543\" data-elementor-post-type=\"page\">\n\t\t\t\t<div class=\"elementor-element elementor-element-7a8daa7 e-flex e-con-boxed e-con e-parent\" data-id=\"7a8daa7\" data-element_type=\"container\" data-e-type=\"container\" data-settings=\"{&quot;background_background&quot;:&quot;classic&quot;}\">\n\t\t\t\t\t<div class=\"e-con-inner\">\n\t\t<div class=\"elementor-element elementor-element-26be55b e-con-full e-flex e-con e-child\" data-id=\"26be55b\" data-element_type=\"container\" data-e-type=\"container\">\n\t\t\t\t<div class=\"elementor-element elementor-element-3278af1 elementor-widget elementor-widget-image\" data-id=\"3278af1\" data-element_type=\"widget\" data-e-type=\"widget\" data-widget_type=\"image.default\">\n\t\t\t\t<div class=\"elementor-widget-container\">\n\t\t\t\t\t\t\t\t\t\t\t\t\t\t\t<img fetchpriority=\"high\" decoding=\"async\" width=\"1280\" height=\"960\" src=\"https:\/\/shatranj.art\/wp-content\/uploads\/2026\/02\/Sahi_Cannon_at_Fort_Nelson_UK.jpg\" class=\"attachment-full size-full wp-image-1545\" alt=\"\" srcset=\"https:\/\/shatranj.art\/wp-content\/uploads\/2026\/02\/Sahi_Cannon_at_Fort_Nelson_UK.jpg 1280w, https:\/\/shatranj.art\/wp-content\/uploads\/2026\/02\/Sahi_Cannon_at_Fort_Nelson_UK-300x225.jpg 300w, https:\/\/shatranj.art\/wp-content\/uploads\/2026\/02\/Sahi_Cannon_at_Fort_Nelson_UK-1024x768.jpg 1024w, https:\/\/shatranj.art\/wp-content\/uploads\/2026\/02\/Sahi_Cannon_at_Fort_Nelson_UK-768x576.jpg 768w, https:\/\/shatranj.art\/wp-content\/uploads\/2026\/02\/Sahi_Cannon_at_Fort_Nelson_UK-16x12.jpg 16w\" sizes=\"(max-width: 1280px) 100vw, 1280px\" \/>\t\t\t\t\t\t\t\t\t\t\t\t\t\t\t<\/div>\n\t\t\t\t<\/div>\n\t\t\t\t<div class=\"elementor-element elementor-element-6723efb elementor-widget elementor-widget-text-editor\" data-id=\"6723efb\" data-element_type=\"widget\" data-e-type=\"widget\" data-widget_type=\"text-editor.default\">\n\t\t\t\t<div class=\"elementor-widget-container\">\n\t\t\t\t\t\t\t\t\t<h3><b>As origens da palavra \u015eAH\u00ce e sua conex\u00e3o com a evolu\u00e7\u00e3o do xadrez\u00a0<\/b><\/h3><p>SHAH (\u015eAH) \u00e9 um termo usado em muitos idiomas eslavos para o xadrez. A palavra alem\u00e3 \u201cschach\u201d, a francesa \u201c\u00e9checs\u201d e a inglesa \u201cchess\u201d s\u00e3o todas derivadas foneticamente da palavra \u201cshah\u201d. O termo \u201c\u015eAH\u00ce\u201d, como adjetivo, significa real ou espec\u00edfico do x\u00e1. Ele tamb\u00e9m \u00e9 usado em textos liter\u00e1rios para significar forte e magn\u00edfico.<\/p><p>\u00a0<\/p><p>O canh\u00e3o \u015eAH\u00ce, projetado pelo engenheiro h\u00fangaro Orban, desempenhou um papel fundamental na ruptura das enormes muralhas e torres de Constantinopla durante o cerco de 1453 liderado pelo sult\u00e3o Mehmed de Fatih, simbolizando uma mudan\u00e7a revolucion\u00e1ria na guerra de cerco.<\/p><p>\u00a0<\/p><p>Tr\u00eas s\u00e9culos ap\u00f3s a conquista de Istambul, durante a opera\u00e7\u00e3o Dardanelos em 1807, outro canh\u00e3o \u015eAH\u00ce centen\u00e1rio foi disparado contra navios brit\u00e2nicos, causando baixas significativas. O sult\u00e3o otomano Abd\u00fclaziz presenteou esse canh\u00e3o \u00e0 Rainha Vit\u00f3ria em 1866. A foto do canh\u00e3o \u015eAH\u00ce acima \u00e9 de Fort Nelson, no Reino Unido.<\/p><p>\u00a0<\/p><p>O nome \u015eAH\u00ce simboliza a evolu\u00e7\u00e3o da pe\u00e7a torre em diferentes idiomas, de carro de guerra a torre, de canh\u00e3o a navio, refletindo a evolu\u00e7\u00e3o do xadrez.<\/p><p>\u00a0<\/p><p>O jogo de xadrez \u015eAH\u00ce foi projetado por Tamer Karatekin, ex-jogador do primeiro tabuleiro da equipe de xadrez do Massachusetts Institute of Technology e um experiente educador de xadrez. Ele representa com eleg\u00e2ncia a hist\u00f3ria e a evolu\u00e7\u00e3o do xadrez e foi criado para uso educacional e em torneios. Ele foi projetado para ser cultural e espiritualmente inclusivo. A produ\u00e7\u00e3o foi apoiada por subs\u00eddios do Conselho Cultural de Massachusetts e do programa Erasmus+ Youth da Uni\u00e3o Europeia.<\/p><p>\u00a0<\/p><p>Saiba mais sobre a hist\u00f3ria do design do \u015eAH\u00ce em:\u00a0 \u00a0<a href=\"http:\/\/www.shahimasterset.com\/\">www.shahimasterset.com<\/a><\/p><p>Al\u00e9m disso, confira nossos projetos relacionados:<br \/>Curr\u00edculo de IA baseado em xadrez: <a href=\"http:\/\/www.shatranj.ai\/\">shatranj.ai<\/a><\/p><p>Exposi\u00e7\u00e3o hist\u00f3rica de jogos mentais: <a href=\"https:\/\/shatranj.art\/pt\/\">shatranj.art<\/a><\/p>\t\t\t\t\t\t\t\t<\/div>\n\t\t\t\t<\/div>\n\t\t\t\t<div class=\"elementor-element elementor-element-7946825 elementor-widget elementor-widget-image\" data-id=\"7946825\" data-element_type=\"widget\" data-e-type=\"widget\" data-widget_type=\"image.default\">\n\t\t\t\t<div class=\"elementor-widget-container\">\n\t\t\t\t\t\t\t\t\t\t\t\t\t\t\t<img decoding=\"async\" width=\"559\" height=\"397\" src=\"https:\/\/shatranj.art\/wp-content\/uploads\/2026\/02\/shahi-engish-brochure-A6-page1.png\" class=\"attachment-full size-full wp-image-1548\" alt=\"\" srcset=\"https:\/\/shatranj.art\/wp-content\/uploads\/2026\/02\/shahi-engish-brochure-A6-page1.png 559w, https:\/\/shatranj.art\/wp-content\/uploads\/2026\/02\/shahi-engish-brochure-A6-page1-300x213.png 300w, https:\/\/shatranj.art\/wp-content\/uploads\/2026\/02\/shahi-engish-brochure-A6-page1-18x12.png 18w\" sizes=\"(max-width: 559px) 100vw, 559px\" \/>\t\t\t\t\t\t\t\t\t\t\t\t\t\t\t<\/div>\n\t\t\t\t<\/div>\n\t\t\t\t<\/div>\n\t\t\t\t\t<\/div>\n\t\t\t\t<\/div>\n\t\t\t\t<\/div>","protected":false},"excerpt":{"rendered":"<p>The origins of the \u015eAH\u00ce\u00a0 word and its connection to the evolution of chess\u00a0 SHAH (\u015eAH) is a term used in many Slavic languages for chess. The German word &#8220;schach,&#8221; French &#8220;\u00e9checs,&#8221; and English &#8220;chess&#8221; are all phonetically derived from the word &#8220;shah.&#8221; The term &#8220;\u015eAH\u00ce&#8221; as an adjective means royal or specific to the [&hellip;]<\/p>\n","protected":false},"author":1,"featured_media":0,"parent":743,"menu_order":0,"comment_status":"closed","ping_status":"closed","template":"","meta":{"footnotes":""},"class_list":["post-1543","page","type-page","status-publish","hentry"],"_links":{"self":[{"href":"https:\/\/shatranj.art\/pt\/wp-json\/wp\/v2\/pages\/1543","targetHints":{"allow":["GET"]}}],"collection":[{"href":"https:\/\/shatranj.art\/pt\/wp-json\/wp\/v2\/pages"}],"about":[{"href":"https:\/\/shatranj.art\/pt\/wp-json\/wp\/v2\/types\/page"}],"author":[{"embeddable":true,"href":"https:\/\/shatranj.art\/pt\/wp-json\/wp\/v2\/users\/1"}],"replies":[{"embeddable":true,"href":"https:\/\/shatranj.art\/pt\/wp-json\/wp\/v2\/comments?post=1543"}],"version-history":[{"count":10,"href":"https:\/\/shatranj.art\/pt\/wp-json\/wp\/v2\/pages\/1543\/revisions"}],"predecessor-version":[{"id":1557,"href":"https:\/\/shatranj.art\/pt\/wp-json\/wp\/v2\/pages\/1543\/revisions\/1557"}],"up":[{"embeddable":true,"href":"https:\/\/shatranj.art\/pt\/wp-json\/wp\/v2\/pages\/743"}],"wp:attachment":[{"href":"https:\/\/shatranj.art\/pt\/wp-json\/wp\/v2\/media?parent=1543"}],"curies":[{"name":"wp","href":"https:\/\/api.w.org\/{rel}","templated":true}]}}