{"id":894,"date":"2026-02-22T08:28:54","date_gmt":"2026-02-22T08:28:54","guid":{"rendered":"https:\/\/shatranj.art\/?page_id=894"},"modified":"2026-02-23T04:42:50","modified_gmt":"2026-02-23T04:42:50","slug":"poster-10","status":"publish","type":"page","link":"https:\/\/shatranj.art\/pt\/exhibit\/poster-10\/","title":{"rendered":"p\u00f4ster 10"},"content":{"rendered":"<div data-elementor-type=\"wp-page\" data-elementor-id=\"894\" class=\"elementor elementor-894\" data-elementor-post-type=\"page\">\n\t\t\t\t<div class=\"elementor-element elementor-element-96a2a82 e-flex e-con-boxed e-con e-parent\" data-id=\"96a2a82\" data-element_type=\"container\" data-e-type=\"container\" data-settings=\"{&quot;background_background&quot;:&quot;classic&quot;}\">\n\t\t\t\t\t<div class=\"e-con-inner\">\n\t\t<div class=\"elementor-element elementor-element-7a9d5df e-con-full e-flex e-con e-child\" data-id=\"7a9d5df\" data-element_type=\"container\" data-e-type=\"container\">\n\t\t\t\t<div class=\"elementor-element elementor-element-4c3a07b elementor-widget__width-initial elementor-widget elementor-widget-text-editor\" data-id=\"4c3a07b\" data-element_type=\"widget\" data-e-type=\"widget\" data-widget_type=\"text-editor.default\">\n\t\t\t\t<div class=\"elementor-widget-container\">\n\t\t\t\t\t\t\t\t\t<p><strong>An Intellectual Encounter (Um encontro intelectual): As jogadoras de xadrez da Idade M\u00e9dia<\/strong><\/p><p>\u00a0<\/p><p>Esta rara miniatura do manuscrito Libro de los Juegos, de 1283, apresenta uma das mais poderosas representa\u00e7\u00f5es de mulheres na hist\u00f3ria do xadrez. Focadas no jogo com profundidade estrat\u00e9gica sob a sombra de uma tenda, essas duas figuras representam uma uni\u00e3o de intelecto que transcende os limites sociais e religiosos da \u00e9poca. Refletindo a \u201cConviv\u00eancia\u201d multicultural de Al Andalus, essa obra prova que o xadrez n\u00e3o era apenas um passatempo da corte, mas um espa\u00e7o universal de express\u00e3o onde as mulheres exibiam suas proezas mentais. O que est\u00e1 incorporado nessa mesa \u00e9 um di\u00e1logo civilizado entre mulheres de diferentes cren\u00e7as e culturas, que se encontram no mundo justo e estruturado do jogo.<\/p>\t\t\t\t\t\t\t\t<\/div>\n\t\t\t\t<\/div>\n\t\t\t\t<div class=\"elementor-element elementor-element-0b75406 elementor-widget__width-initial elementor-widget elementor-widget-image\" data-id=\"0b75406\" data-element_type=\"widget\" data-e-type=\"widget\" data-widget_type=\"image.default\">\n\t\t\t\t<div class=\"elementor-widget-container\">\n\t\t\t\t\t\t\t\t\t\t\t\t\t\t\t<img fetchpriority=\"high\" decoding=\"async\" width=\"800\" height=\"570\" src=\"https:\/\/shatranj.art\/wp-content\/uploads\/2026\/02\/10-1024x730.jpg\" class=\"attachment-large size-large wp-image-900\" alt=\"\" srcset=\"https:\/\/shatranj.art\/wp-content\/uploads\/2026\/02\/10-1024x730.jpg 1024w, https:\/\/shatranj.art\/wp-content\/uploads\/2026\/02\/10-300x214.jpg 300w, https:\/\/shatranj.art\/wp-content\/uploads\/2026\/02\/10-768x548.jpg 768w, https:\/\/shatranj.art\/wp-content\/uploads\/2026\/02\/10.jpg 1474w\" sizes=\"(max-width: 800px) 100vw, 800px\" \/>\t\t\t\t\t\t\t\t\t\t\t\t\t\t\t<\/div>\n\t\t\t\t<\/div>\n\t\t\t\t<div class=\"elementor-element elementor-element-58f2c39 elementor-widget__width-initial elementor-widget elementor-widget-image\" data-id=\"58f2c39\" data-element_type=\"widget\" data-e-type=\"widget\" data-widget_type=\"image.default\">\n\t\t\t\t<div class=\"elementor-widget-container\">\n\t\t\t\t\t\t\t\t\t\t\t\t\t\t\t<img decoding=\"async\" width=\"800\" height=\"450\" src=\"https:\/\/shatranj.art\/wp-content\/uploads\/2026\/02\/10-1-1024x576.jpg\" class=\"attachment-large size-large wp-image-901\" alt=\"\" srcset=\"https:\/\/shatranj.art\/wp-content\/uploads\/2026\/02\/10-1-1024x576.jpg 1024w, https:\/\/shatranj.art\/wp-content\/uploads\/2026\/02\/10-1-300x169.jpg 300w, https:\/\/shatranj.art\/wp-content\/uploads\/2026\/02\/10-1-768x432.jpg 768w, https:\/\/shatranj.art\/wp-content\/uploads\/2026\/02\/10-1.jpg 1534w\" sizes=\"(max-width: 800px) 100vw, 800px\" \/>\t\t\t\t\t\t\t\t\t\t\t\t\t\t\t<\/div>\n\t\t\t\t<\/div>\n\t\t\t\t<div class=\"elementor-element elementor-element-41081fb elementor-widget__width-initial elementor-widget elementor-widget-text-editor\" data-id=\"41081fb\" data-element_type=\"widget\" data-e-type=\"widget\" data-widget_type=\"text-editor.default\">\n\t\t\t\t<div class=\"elementor-widget-container\">\n\t\t\t\t\t\t\t\t\t<p><b>Controle do preconceito: <\/b><b>A ponte cultural de Al-Andalus<\/b><\/p><p>\u00a0<\/p><p>Esta cena impressionante do manuscrito Libro de los Juegos, de 1283, mescla o tecido multicultural da Idade M\u00e9dia em um \u00fanico tabuleiro de xadrez. Representando um mu\u00e7ulmano e um judeu deixando de lado as barreiras religiosas e sociais para se envolverem em uma luta mental, ela serve como um testemunho do poder secular e universal do xadrez. As pe\u00e7as de xadrez representam a heran\u00e7a cultural unificada do Mediterr\u00e2neo, do norte da \u00c1frica e do Oriente M\u00e9dio, apresentando formas abstratas e geom\u00e9tricas totalmente despojadas de iconografia religiosa. Essa filosofia hol\u00edstica de design permite que os jogadores se concentrem apenas nas regras do jogo e no intelecto de cada um, transformando o tabuleiro de xadrez em um campo verdadeiramente neutro. O di\u00e1logo civilizado estabelecido nessa mesa simboliza o poder unificador da habilidade e da estrat\u00e9gia.<\/p>\t\t\t\t\t\t\t\t<\/div>\n\t\t\t\t<\/div>\n\t\t\t\t<\/div>\n\t\t\t\t\t<\/div>\n\t\t\t\t<\/div>\n\t\t\t\t<\/div>","protected":false},"excerpt":{"rendered":"<p>An Intellectual Encounter: The Female Chess Players of the Middle Ages \u00a0 This rare miniature from the 1283 manuscript Libro de los Juegos features one of the most powerful depictions of women in chess history. Focused on the game with strategic depth under the shade of a tent, these two figures represent a union of [&hellip;]<\/p>\n","protected":false},"author":1,"featured_media":0,"parent":743,"menu_order":0,"comment_status":"closed","ping_status":"closed","template":"","meta":{"footnotes":""},"class_list":["post-894","page","type-page","status-publish","hentry"],"_links":{"self":[{"href":"https:\/\/shatranj.art\/pt\/wp-json\/wp\/v2\/pages\/894","targetHints":{"allow":["GET"]}}],"collection":[{"href":"https:\/\/shatranj.art\/pt\/wp-json\/wp\/v2\/pages"}],"about":[{"href":"https:\/\/shatranj.art\/pt\/wp-json\/wp\/v2\/types\/page"}],"author":[{"embeddable":true,"href":"https:\/\/shatranj.art\/pt\/wp-json\/wp\/v2\/users\/1"}],"replies":[{"embeddable":true,"href":"https:\/\/shatranj.art\/pt\/wp-json\/wp\/v2\/comments?post=894"}],"version-history":[{"count":7,"href":"https:\/\/shatranj.art\/pt\/wp-json\/wp\/v2\/pages\/894\/revisions"}],"predecessor-version":[{"id":1198,"href":"https:\/\/shatranj.art\/pt\/wp-json\/wp\/v2\/pages\/894\/revisions\/1198"}],"up":[{"embeddable":true,"href":"https:\/\/shatranj.art\/pt\/wp-json\/wp\/v2\/pages\/743"}],"wp:attachment":[{"href":"https:\/\/shatranj.art\/pt\/wp-json\/wp\/v2\/media?parent=894"}],"curies":[{"name":"wp","href":"https:\/\/api.w.org\/{rel}","templated":true}]}}