{"id":936,"date":"2026-02-22T10:03:32","date_gmt":"2026-02-22T10:03:32","guid":{"rendered":"https:\/\/shatranj.art\/?page_id=936"},"modified":"2026-02-23T08:46:38","modified_gmt":"2026-02-23T08:46:38","slug":"poster-14","status":"publish","type":"page","link":"https:\/\/shatranj.art\/pt\/exhibit\/poster-14\/","title":{"rendered":"p\u00f4ster 14"},"content":{"rendered":"<div data-elementor-type=\"wp-page\" data-elementor-id=\"936\" class=\"elementor elementor-936\" data-elementor-post-type=\"page\">\n\t\t\t\t<div class=\"elementor-element elementor-element-c355192 e-flex e-con-boxed e-con e-parent\" data-id=\"c355192\" data-element_type=\"container\" data-e-type=\"container\" data-settings=\"{&quot;background_background&quot;:&quot;classic&quot;}\">\n\t\t\t\t\t<div class=\"e-con-inner\">\n\t\t<div class=\"elementor-element elementor-element-5bf7f96 e-con-full e-flex e-con e-child\" data-id=\"5bf7f96\" data-element_type=\"container\" data-e-type=\"container\">\n\t\t\t\t<div class=\"elementor-element elementor-element-82eab3c elementor-widget__width-initial elementor-widget-mobile__width-inherit elementor-widget elementor-widget-image\" data-id=\"82eab3c\" data-element_type=\"widget\" data-e-type=\"widget\" data-widget_type=\"image.default\">\n\t\t\t\t<div class=\"elementor-widget-container\">\n\t\t\t\t\t\t\t\t\t\t\t\t\t\t\t<img fetchpriority=\"high\" decoding=\"async\" width=\"768\" height=\"1024\" src=\"https:\/\/shatranj.art\/wp-content\/uploads\/2026\/02\/14-768x1024.jpg\" class=\"attachment-large size-large wp-image-939\" alt=\"\" srcset=\"https:\/\/shatranj.art\/wp-content\/uploads\/2026\/02\/14-768x1024.jpg 768w, https:\/\/shatranj.art\/wp-content\/uploads\/2026\/02\/14-225x300.jpg 225w, https:\/\/shatranj.art\/wp-content\/uploads\/2026\/02\/14-1152x1536.jpg 1152w, https:\/\/shatranj.art\/wp-content\/uploads\/2026\/02\/14-1536x2048.jpg 1536w, https:\/\/shatranj.art\/wp-content\/uploads\/2026\/02\/14-scaled.jpg 1920w\" sizes=\"(max-width: 768px) 100vw, 768px\" \/>\t\t\t\t\t\t\t\t\t\t\t\t\t\t\t<\/div>\n\t\t\t\t<\/div>\n\t\t\t\t<div class=\"elementor-element elementor-element-f30dc26 elementor-widget__width-initial elementor-widget elementor-widget-text-editor\" data-id=\"f30dc26\" data-element_type=\"widget\" data-e-type=\"widget\" data-widget_type=\"text-editor.default\">\n\t\t\t\t<div class=\"elementor-widget-container\">\n\t\t\t\t\t\t\t\t\t<p><strong>O legado intelectual de um aristocrata gorganita<\/strong><\/p><p>\u00a0<\/p><p>Al-Suli n\u00e3o foi apenas o maior mestre de xadrez de sua \u00e9poca; ele foi um \u201cnadim\u201d (companheiro de corte) dos califas ab\u00e1ssidas, um historiador do pal\u00e1cio e um poeta perspicaz. Nascido em Gorgan, por volta de 870 d.C., sua linhagem remonta \u00e0 fortaleza de Sul, nas estepes do Dehistan, onde seu av\u00f4, o pr\u00edncipe turco Sul tekin, chegou a governar. Essa nobre heran\u00e7a \u00e9 comemorada hoje com uma est\u00e1tua no Monumento da Independ\u00eancia em Ashgabat, no Turcomenist\u00e3o.<\/p><p>\u00a0<\/p><p>Detentor do posto de \u201cAliya\u201d, o t\u00edtulo mais alto que se pode alcan\u00e7ar no xadrez, Al-Suli transformou o jogo em uma arquitetura cient\u00edfica estruturada. Em sua obra seminal Kitab al-Shatranj, ele foi o primeiro a documentar sistematicamente as forma\u00e7\u00f5es de abertura (tabiyas) e as estrat\u00e9gias de final de jogo (mansubas). A estrutura te\u00f3rica que ele estabeleceu continuou sendo a refer\u00eancia definitiva para o dom\u00ednio e a principal fonte de refer\u00eancia durante s\u00e9culos, perdurando at\u00e9 o surgimento das regras modernas do xadrez.<\/p>\t\t\t\t\t\t\t\t<\/div>\n\t\t\t\t<\/div>\n\t\t<div class=\"elementor-element elementor-element-8f27e89 e-con-full e-flex e-con e-child\" data-id=\"8f27e89\" data-element_type=\"container\" data-e-type=\"container\">\n\t\t\t\t<div class=\"elementor-element elementor-element-374a727 elementor-widget-mobile__width-inherit elementor-widget elementor-widget-image\" data-id=\"374a727\" data-element_type=\"widget\" data-e-type=\"widget\" data-widget_type=\"image.default\">\n\t\t\t\t<div class=\"elementor-widget-container\">\n\t\t\t\t\t\t\t\t\t\t\t\t\t\t\t<img decoding=\"async\" width=\"800\" height=\"457\" src=\"https:\/\/shatranj.art\/wp-content\/uploads\/2026\/02\/14-1-1024x585.jpg\" class=\"attachment-large size-large wp-image-940\" alt=\"\" srcset=\"https:\/\/shatranj.art\/wp-content\/uploads\/2026\/02\/14-1-1024x585.jpg 1024w, https:\/\/shatranj.art\/wp-content\/uploads\/2026\/02\/14-1-300x171.jpg 300w, https:\/\/shatranj.art\/wp-content\/uploads\/2026\/02\/14-1-768x439.jpg 768w, https:\/\/shatranj.art\/wp-content\/uploads\/2026\/02\/14-1-1536x877.jpg 1536w, https:\/\/shatranj.art\/wp-content\/uploads\/2026\/02\/14-1-2048x1170.jpg 2048w\" sizes=\"(max-width: 800px) 100vw, 800px\" \/>\t\t\t\t\t\t\t\t\t\t\t\t\t\t\t<\/div>\n\t\t\t\t<\/div>\n\t\t\t\t<div class=\"elementor-element elementor-element-118c953 elementor-widget-mobile__width-inherit elementor-widget elementor-widget-image\" data-id=\"118c953\" data-element_type=\"widget\" data-e-type=\"widget\" data-widget_type=\"image.default\">\n\t\t\t\t<div class=\"elementor-widget-container\">\n\t\t\t\t\t\t\t\t\t\t\t\t\t\t\t<img decoding=\"async\" width=\"800\" height=\"488\" src=\"https:\/\/shatranj.art\/wp-content\/uploads\/2026\/02\/14-2-1024x624.jpg\" class=\"attachment-large size-large wp-image-941\" alt=\"\" srcset=\"https:\/\/shatranj.art\/wp-content\/uploads\/2026\/02\/14-2-1024x624.jpg 1024w, https:\/\/shatranj.art\/wp-content\/uploads\/2026\/02\/14-2-300x183.jpg 300w, https:\/\/shatranj.art\/wp-content\/uploads\/2026\/02\/14-2-768x468.jpg 768w, https:\/\/shatranj.art\/wp-content\/uploads\/2026\/02\/14-2-1536x936.jpg 1536w, https:\/\/shatranj.art\/wp-content\/uploads\/2026\/02\/14-2-2048x1249.jpg 2048w\" sizes=\"(max-width: 800px) 100vw, 800px\" \/>\t\t\t\t\t\t\t\t\t\t\t\t\t\t\t<\/div>\n\t\t\t\t<\/div>\n\t\t\t\t<\/div>\n\t\t\t\t<div class=\"elementor-element elementor-element-bbcc28f elementor-widget__width-initial elementor-widget elementor-widget-text-editor\" data-id=\"bbcc28f\" data-element_type=\"widget\" data-e-type=\"widget\" data-widget_type=\"text-editor.default\">\n\t\t\t\t<div class=\"elementor-widget-container\">\n\t\t\t\t\t\t\t\t\t<p><b>Diamante de Suli: O pico de estrat\u00e9gia \u201cinsol\u00favel\u201d que dura um mil\u00eanio<\/b><\/p><p>\u00a0<\/p><p>Composto no s\u00e9culo X pelo mestre gorganita Abu Bakr bin Yahya al-Suli, o \u201cDiamante\u201d \u00e9 o enigma mais lend\u00e1rio e discutido da hist\u00f3ria do xadrez. Apesar de sua absoluta simplicidade externa, um final de jogo com apenas um Rei e um Ferz (o antecessor hist\u00f3rico da Rainha) para cada lado, essa composi\u00e7\u00e3o permaneceu o Everest \u201cinsol\u00favel\u201d do mundo do xadrez por mil anos. Essa brilhante cria\u00e7\u00e3o de Al-Suli \u00e9 uma arte suprema de manobra que ultrapassa os limites do xadrez hist\u00f3rico.<\/p><p>\u00a0<\/p><p><strong>O segredo do manuscrito S\u00fcleymaniye<\/strong><\/p><p>\u00a0<\/p><p>O registro mais importante desse enigma \u00e9 encontrado na c\u00f3pia do Kitab Ash-Shatranj preservada na Biblioteca S\u00fcleymaniye em Istambul. Embora as p\u00e1ginas desse manuscrito espec\u00edfico estejam intactas, \u00e9 evidente que certas posi\u00e7\u00f5es e movimentos foram transcritos de forma incorreta ou incompleta da fonte original. No entanto, mesmo com esses erros hist\u00f3ricos de escrita, a solu\u00e7\u00e3o parcial fornecida no texto se alinha perfeitamente com o profundo trabalho anal\u00edtico conduzido pelo Gr\u00e3o-Mestre Yuri Averbakh no s\u00e9culo XX. Al-Suli imortalizou a exclusividade de sua maestria com essa afirma\u00e7\u00e3o desafiadora:<\/p><p>\u201cNingu\u00e9m o resolver\u00e1, exceto aqueles que eu instru\u00ed\u201d<\/p><p>\u00a0<\/p><p><strong>The Triumph of Algorithms (O triunfo dos algoritmos):<\/strong> <strong>shatranj.ai<\/strong><\/p><p>\u00a0<\/p><p>O \u201cDiamante\u201d, que deixou as mentes humanas maravilhadas por um mil\u00eanio, agora foi totalmente iluminado pelo poder da era digital. Dentro do escopo do projeto shatranj.ai, usando m\u00e9todos de programa\u00e7\u00e3o din\u00e2mica e algoritmos modernos com recursos habilitados de \u201chash\u201d (tabela de transposi\u00e7\u00e3o), cada varia\u00e7\u00e3o dessa composi\u00e7\u00e3o engenhosa foi matematicamente resolvida. Essa jornada, que se estende desde as linhas dos manuscritos de S\u00fcleymaniye at\u00e9 o c\u00f3digo moderno, \u00e9 a verifica\u00e7\u00e3o definitiva do g\u00eanio estrat\u00e9gico atemporal de Al-Suli, provando que o que antes era reservado aos alunos escolhidos pelo mestre agora pode ser compreendido por meio da linguagem da l\u00f3gica pura.<\/p>\t\t\t\t\t\t\t\t<\/div>\n\t\t\t\t<\/div>\n\t\t\t\t<\/div>\n\t\t\t\t\t<\/div>\n\t\t\t\t<\/div>\n\t\t\t\t<\/div>","protected":false},"excerpt":{"rendered":"<p>The Intellectual Legacy of a Gorganite Aristocrat \u00a0 Al-Suli was not merely the preeminent chess master of his age; he was a &#8220;nadim&#8221; (court companion) to Abbasid Caliphs, a palace historian, and a sharp-witted poet. Born in Gorgan around 870 AD, his lineage traces back to the fortified Fortress of Sul in the Dehistan steppes, [&hellip;]<\/p>\n","protected":false},"author":1,"featured_media":0,"parent":743,"menu_order":0,"comment_status":"closed","ping_status":"closed","template":"","meta":{"footnotes":""},"class_list":["post-936","page","type-page","status-publish","hentry"],"_links":{"self":[{"href":"https:\/\/shatranj.art\/pt\/wp-json\/wp\/v2\/pages\/936","targetHints":{"allow":["GET"]}}],"collection":[{"href":"https:\/\/shatranj.art\/pt\/wp-json\/wp\/v2\/pages"}],"about":[{"href":"https:\/\/shatranj.art\/pt\/wp-json\/wp\/v2\/types\/page"}],"author":[{"embeddable":true,"href":"https:\/\/shatranj.art\/pt\/wp-json\/wp\/v2\/users\/1"}],"replies":[{"embeddable":true,"href":"https:\/\/shatranj.art\/pt\/wp-json\/wp\/v2\/comments?post=936"}],"version-history":[{"count":31,"href":"https:\/\/shatranj.art\/pt\/wp-json\/wp\/v2\/pages\/936\/revisions"}],"predecessor-version":[{"id":1351,"href":"https:\/\/shatranj.art\/pt\/wp-json\/wp\/v2\/pages\/936\/revisions\/1351"}],"up":[{"embeddable":true,"href":"https:\/\/shatranj.art\/pt\/wp-json\/wp\/v2\/pages\/743"}],"wp:attachment":[{"href":"https:\/\/shatranj.art\/pt\/wp-json\/wp\/v2\/media?parent=936"}],"curies":[{"name":"wp","href":"https:\/\/api.w.org\/{rel}","templated":true}]}}