{"id":954,"date":"2026-02-22T15:10:21","date_gmt":"2026-02-22T15:10:21","guid":{"rendered":"https:\/\/shatranj.art\/?page_id=954"},"modified":"2026-02-24T09:18:28","modified_gmt":"2026-02-24T09:18:28","slug":"poster-16","status":"publish","type":"page","link":"https:\/\/shatranj.art\/pt\/exhibit\/poster-16\/","title":{"rendered":"p\u00f4ster 16"},"content":{"rendered":"<div data-elementor-type=\"wp-page\" data-elementor-id=\"954\" class=\"elementor elementor-954\" data-elementor-post-type=\"page\">\n\t\t\t\t<div class=\"elementor-element elementor-element-05751de e-flex e-con-boxed e-con e-parent\" data-id=\"05751de\" data-element_type=\"container\" data-e-type=\"container\" data-settings=\"{&quot;background_background&quot;:&quot;classic&quot;}\">\n\t\t\t\t\t<div class=\"e-con-inner\">\n\t\t<div class=\"elementor-element elementor-element-415f3f4 e-con-full e-flex e-con e-child\" data-id=\"415f3f4\" data-element_type=\"container\" data-e-type=\"container\">\n\t\t\t\t<div class=\"elementor-element elementor-element-ee52ef0 elementor-widget__width-initial elementor-widget elementor-widget-image\" data-id=\"ee52ef0\" data-element_type=\"widget\" data-e-type=\"widget\" data-widget_type=\"image.default\">\n\t\t\t\t<div class=\"elementor-widget-container\">\n\t\t\t\t\t\t\t\t\t\t\t\t\t\t\t<img fetchpriority=\"high\" decoding=\"async\" width=\"723\" height=\"1024\" src=\"https:\/\/shatranj.art\/wp-content\/uploads\/2026\/02\/16-723x1024.jpg\" class=\"attachment-large size-large wp-image-959\" alt=\"\" srcset=\"https:\/\/shatranj.art\/wp-content\/uploads\/2026\/02\/16-723x1024.jpg 723w, https:\/\/shatranj.art\/wp-content\/uploads\/2026\/02\/16-212x300.jpg 212w, https:\/\/shatranj.art\/wp-content\/uploads\/2026\/02\/16-768x1087.jpg 768w, https:\/\/shatranj.art\/wp-content\/uploads\/2026\/02\/16-1085x1536.jpg 1085w, https:\/\/shatranj.art\/wp-content\/uploads\/2026\/02\/16-1447x2048.jpg 1447w, https:\/\/shatranj.art\/wp-content\/uploads\/2026\/02\/16.jpg 1557w\" sizes=\"(max-width: 723px) 100vw, 723px\" \/>\t\t\t\t\t\t\t\t\t\t\t\t\t\t\t<\/div>\n\t\t\t\t<\/div>\n\t\t\t\t<div class=\"elementor-element elementor-element-bc51b4f elementor-widget__width-initial elementor-widget elementor-widget-text-editor\" data-id=\"bc51b4f\" data-element_type=\"widget\" data-e-type=\"widget\" data-widget_type=\"text-editor.default\">\n\t\t\t\t<div class=\"elementor-widget-container\">\n\t\t\t\t\t\t\t\t\t<h3><b>Buc\u00e9falo: o lend\u00e1rio esp\u00edrito das estepes e das conquistas<\/b><\/h3><p>Com o significado de \u201ccabe\u00e7a de boi\u201d (Boukephalos) em grego antigo, provavelmente devido \u00e0 sua testa larga ou a uma marca em seu ombro, Buc\u00e9falo \u00e9 o cavalo de guerra mais ic\u00f4nico da hist\u00f3ria. A lenda conta que ele foi oferecido ao rei Filipe II por Fil\u00f4nico, o tessaliano, pela impressionante soma de 13 talentos, mas ningu\u00e9m conseguiu domar seu esp\u00edrito selvagem. Um jovem Alexandre, observando que o cavalo estava apenas assustado com sua pr\u00f3pria sombra, virou-o em dire\u00e7\u00e3o ao sol para acalm\u00e1-lo. Ao ver isso, o rei Filipe fez a famosa declara\u00e7\u00e3o: \u201c\u00d3 meu filho, procure um reino igual e digno de voc\u00ea, pois a Maced\u00f4nia \u00e9 muito pequena para voc\u00ea!\u201d<\/p><p>\u00a0<\/p><p>Dos campos de batalha \u00e0 imortalidade<\/p><p>\u00a0<\/p><p>Buc\u00e9falo acompanhou Alexandre durante toda a sua campanha da Gr\u00e9cia at\u00e9 o cora\u00e7\u00e3o da \u00cdndia. Ele suportou seu mestre durante os confrontos mais sangrentos, de Granicus e Issus a Gaugamela e a Batalha de Hydaspes. Em 326 a.C., durante a campanha indiana, ele faleceu devido aos ferimentos de batalha ou \u00e0 idade avan\u00e7ada (com quase 30 anos). Em sua homenagem, Alexandre fundou a cidade de Alexandria Bucephala, \u00e0s margens do rio Jhelum, no atual Paquist\u00e3o.<\/p><p>\u00a0<\/p><p>Legado cultural<\/p><p>\u00a0<\/p><p>Na hist\u00f3ria da arte e da literatura, Buc\u00e9falo \u00e9 um s\u00edmbolo de poder, lealdade e instinto agu\u00e7ado. Nas tradi\u00e7\u00f5es orientais, onde Alexandre \u00e9 frequentemente identificado como \u201cIskandar\u201d, Buc\u00e9falo \u00e9 retratado como um companheiro leal dotado de qualidades sobrenaturais. Ele continua sendo o verdadeiro \u201cesp\u00edrito\u201d por tr\u00e1s do maior conquistador da hist\u00f3ria, representando um v\u00ednculo que transcendeu o campo de batalha.<\/p>\t\t\t\t\t\t\t\t<\/div>\n\t\t\t\t<\/div>\n\t\t\t\t<\/div>\n\t\t\t\t\t<\/div>\n\t\t\t\t<\/div>\n\t\t\t\t<\/div>","protected":false},"excerpt":{"rendered":"<p>Bucephalus: The Legendary Spirit of the Steppes and Conquests Meaning &#8220;Ox-headed&#8221; (Boukephalos) in Ancient Greek likely due to his broad brow or a branding on his shoulder Bucephalus is the most iconic warhorse in history. Legend tells that he was offered to King Philip II by Philonicus the Thessalian for the staggering sum of 13 [&hellip;]<\/p>\n","protected":false},"author":1,"featured_media":0,"parent":743,"menu_order":0,"comment_status":"closed","ping_status":"closed","template":"","meta":{"footnotes":""},"class_list":["post-954","page","type-page","status-publish","hentry"],"_links":{"self":[{"href":"https:\/\/shatranj.art\/pt\/wp-json\/wp\/v2\/pages\/954","targetHints":{"allow":["GET"]}}],"collection":[{"href":"https:\/\/shatranj.art\/pt\/wp-json\/wp\/v2\/pages"}],"about":[{"href":"https:\/\/shatranj.art\/pt\/wp-json\/wp\/v2\/types\/page"}],"author":[{"embeddable":true,"href":"https:\/\/shatranj.art\/pt\/wp-json\/wp\/v2\/users\/1"}],"replies":[{"embeddable":true,"href":"https:\/\/shatranj.art\/pt\/wp-json\/wp\/v2\/comments?post=954"}],"version-history":[{"count":13,"href":"https:\/\/shatranj.art\/pt\/wp-json\/wp\/v2\/pages\/954\/revisions"}],"predecessor-version":[{"id":1579,"href":"https:\/\/shatranj.art\/pt\/wp-json\/wp\/v2\/pages\/954\/revisions\/1579"}],"up":[{"embeddable":true,"href":"https:\/\/shatranj.art\/pt\/wp-json\/wp\/v2\/pages\/743"}],"wp:attachment":[{"href":"https:\/\/shatranj.art\/pt\/wp-json\/wp\/v2\/media?parent=954"}],"curies":[{"name":"wp","href":"https:\/\/api.w.org\/{rel}","templated":true}]}}