{"id":963,"date":"2026-02-22T15:16:26","date_gmt":"2026-02-22T15:16:26","guid":{"rendered":"https:\/\/shatranj.art\/?page_id=963"},"modified":"2026-02-23T11:10:10","modified_gmt":"2026-02-23T11:10:10","slug":"poster-17","status":"publish","type":"page","link":"https:\/\/shatranj.art\/pt\/exhibit\/poster-17\/","title":{"rendered":"p\u00f4ster 17"},"content":{"rendered":"<div data-elementor-type=\"wp-page\" data-elementor-id=\"963\" class=\"elementor elementor-963\" data-elementor-post-type=\"page\">\n\t\t\t\t<div class=\"elementor-element elementor-element-73ca0e2 e-flex e-con-boxed e-con e-parent\" data-id=\"73ca0e2\" data-element_type=\"container\" data-e-type=\"container\" data-settings=\"{&quot;background_background&quot;:&quot;classic&quot;}\">\n\t\t\t\t\t<div class=\"e-con-inner\">\n\t\t<div class=\"elementor-element elementor-element-4151d56 e-con-full e-flex e-con e-child\" data-id=\"4151d56\" data-element_type=\"container\" data-e-type=\"container\">\n\t\t\t\t<div class=\"elementor-element elementor-element-3b5a1d2 elementor-widget elementor-widget-image\" data-id=\"3b5a1d2\" data-element_type=\"widget\" data-e-type=\"widget\" data-widget_type=\"image.default\">\n\t\t\t\t<div class=\"elementor-widget-container\">\n\t\t\t\t\t\t\t\t\t\t\t\t\t\t\t<img fetchpriority=\"high\" decoding=\"async\" width=\"800\" height=\"378\" src=\"https:\/\/shatranj.art\/wp-content\/uploads\/2026\/02\/15-1-1024x484.jpg\" class=\"attachment-large size-large wp-image-948\" alt=\"\" srcset=\"https:\/\/shatranj.art\/wp-content\/uploads\/2026\/02\/15-1-1024x484.jpg 1024w, https:\/\/shatranj.art\/wp-content\/uploads\/2026\/02\/15-1-300x142.jpg 300w, https:\/\/shatranj.art\/wp-content\/uploads\/2026\/02\/15-1-768x363.jpg 768w, https:\/\/shatranj.art\/wp-content\/uploads\/2026\/02\/15-1-1536x726.jpg 1536w, https:\/\/shatranj.art\/wp-content\/uploads\/2026\/02\/15-1-2048x968.jpg 2048w\" sizes=\"(max-width: 800px) 100vw, 800px\" \/>\t\t\t\t\t\t\t\t\t\t\t\t\t\t\t<\/div>\n\t\t\t\t<\/div>\n\t\t\t\t<div class=\"elementor-element elementor-element-4e7af25 elementor-widget elementor-widget-text-editor\" data-id=\"4e7af25\" data-element_type=\"widget\" data-e-type=\"widget\" data-widget_type=\"text-editor.default\">\n\t\t\t\t<div class=\"elementor-widget-container\">\n\t\t\t\t\t\t\t\t\t<h2><b>A turn\u00ea do cavaleiro<\/b><\/h2><p><b>Profundidade hist\u00f3rica:<\/b><span style=\"font-weight: 400;\"> A Volta do Cavalo \u00e9 uma sequ\u00eancia matem\u00e1tica na qual um cavalo visita cada casa de um tabuleiro de xadrez exatamente uma vez. \u00c9 um desafio estrat\u00e9gico e um problema cl\u00e1ssico da matem\u00e1tica recreativa.<\/span><\/p><p>\u00a0<\/p><p><b>Origens:<\/b><\/p><p>Esse problema est\u00e1 longe de ser uma descoberta moderna. As primeiras solu\u00e7\u00f5es conhecidas datam do s\u00e9culo IX, fornecidas por mestres de Bagd\u00e1, como Al-Adli e As-Suli. Al\u00e9m disso, na literatura indiana do s\u00e9culo IX, o poeta Rudrata, da Caxemira, demonstrou essa est\u00e9tica matem\u00e1tica em sua obra Kavyalankara, na qual comp\u00f4s um poema que seguia a sequ\u00eancia do passeio de um cavaleiro.<\/p><p>\u00a0<\/p><p><b>Literatura ocidental:<\/b><\/p><p>No s\u00e9culo XIII, o rei Alfonso X de Castela apresentou manobras complexas baseadas no movimento do cavaleiro em seu famoso Libro de los Juegos (Livro dos Jogos). No entanto, o fundamento matem\u00e1tico moderno do problema foi estabelecido em 1759 por Leonhard Euler, cuja an\u00e1lise \u00e9 hoje reconhecida como um dos pilares da Teoria dos Grafos.<\/p><p>\u00a0<\/p><p><b>Caracter\u00edsticas:<\/b><\/p><p><b>Tour fechado (reentrada):<\/b> Se o cavalo terminar em uma casa que esteja exatamente a um movimento de cavalo de dist\u00e2ncia da casa inicial, ele poder\u00e1 recome\u00e7ar imediatamente o percurso.<\/p><p>\u00a0<\/p><p><b>Turn\u00ea aberta:<\/b><\/p><p><span style=\"font-weight: 400;\">Se o cavalo visitar todas as casas, mas terminar em uma casa da qual n\u00e3o possa alcan\u00e7ar o ponto inicial em um \u00fanico movimento.<\/span><\/p>\t\t\t\t\t\t\t\t<\/div>\n\t\t\t\t<\/div>\n\t\t\t\t<div class=\"elementor-element elementor-element-14fac00 elementor-widget elementor-widget-image\" data-id=\"14fac00\" data-element_type=\"widget\" data-e-type=\"widget\" data-widget_type=\"image.default\">\n\t\t\t\t<div class=\"elementor-widget-container\">\n\t\t\t\t\t\t\t\t\t\t\t\t\t\t\t<img decoding=\"async\" width=\"800\" height=\"342\" src=\"https:\/\/shatranj.art\/wp-content\/uploads\/2026\/02\/15-1024x438.jpg\" class=\"attachment-large size-large wp-image-950\" alt=\"\" srcset=\"https:\/\/shatranj.art\/wp-content\/uploads\/2026\/02\/15-1024x438.jpg 1024w, https:\/\/shatranj.art\/wp-content\/uploads\/2026\/02\/15-300x128.jpg 300w, https:\/\/shatranj.art\/wp-content\/uploads\/2026\/02\/15-768x328.jpg 768w, https:\/\/shatranj.art\/wp-content\/uploads\/2026\/02\/15-1536x657.jpg 1536w, https:\/\/shatranj.art\/wp-content\/uploads\/2026\/02\/15-2048x875.jpg 2048w\" sizes=\"(max-width: 800px) 100vw, 800px\" \/>\t\t\t\t\t\t\t\t\t\t\t\t\t\t\t<\/div>\n\t\t\t\t<\/div>\n\t\t\t\t<div class=\"elementor-element elementor-element-1e25ada elementor-widget elementor-widget-text-editor\" data-id=\"1e25ada\" data-element_type=\"widget\" data-e-type=\"widget\" data-widget_type=\"text-editor.default\">\n\t\t\t\t<div class=\"elementor-widget-container\">\n\t\t\t\t\t\t\t\t\t<h2><b>O problema das 8 rainhas: Dijkstra e o nascimento da programa\u00e7\u00e3o estruturada<\/b><\/h2><p>Apresentado por Max Bezzel em 1848 e chamando a aten\u00e7\u00e3o de g\u00eanios como Carl Friedrich Gauss, esse problema foi transformado em um \u201cmanifesto de programa\u00e7\u00e3o\u201d na d\u00e9cada de 1970 por um dos pais da ci\u00eancia da computa\u00e7\u00e3o moderna, Edsger W. Dijkstra.<\/p><h3><b>A conex\u00e3o entre Dijkstra e DFS<\/b><\/h3><p><span style=\"font-weight: 400;\">Em seu trabalho seminal, <\/span><i><span style=\"font-weight: 400;\">Notas sobre programa\u00e7\u00e3o estruturada<\/span><\/i><span style=\"font-weight: 400;\"> (1972), Dijkstra utilizou o Problema das 8 Rainhas para demonstrar como um algoritmo pode ser sistematicamente constru\u00eddo por meio de um processo que ele chamou de \u201crefinamento por etapas\u201d.\u201d<\/span><\/p><ul><li style=\"font-weight: 400;\" aria-level=\"1\">DFS e Backtracking: Dijkstra definiu o m\u00e9todo de colocar uma rainha em uma fila e descer at\u00e9 a pr\u00f3xima (Depth-First Search - DFS) e retornar \u00e0 etapa anterior para tentar uma possibilidade diferente ao chegar a um beco sem sa\u00edda (Backtracking) como o exemplo mais puro de programa\u00e7\u00e3o estruturada.<\/li><\/ul><p><b>The Power of Backtracking (O poder do retrocesso):<\/b><\/p><p>De acordo com Dijkstra, essa abordagem representa o primeiro grande marco no refinamento do processo de \u201ctentativa e erro\u201d em uma sequ\u00eancia l\u00f3gica impec\u00e1vel que um co<\/p>\t\t\t\t\t\t\t\t<\/div>\n\t\t\t\t<\/div>\n\t\t\t\t<div class=\"elementor-element elementor-element-3aa137e elementor-widget elementor-widget-image\" data-id=\"3aa137e\" data-element_type=\"widget\" data-e-type=\"widget\" data-widget_type=\"image.default\">\n\t\t\t\t<div class=\"elementor-widget-container\">\n\t\t\t\t\t\t\t\t\t\t\t\t\t\t\t<img decoding=\"async\" width=\"800\" height=\"588\" src=\"https:\/\/shatranj.art\/wp-content\/uploads\/2026\/02\/15-2-1024x752.jpg\" class=\"attachment-large size-large wp-image-949\" alt=\"\" srcset=\"https:\/\/shatranj.art\/wp-content\/uploads\/2026\/02\/15-2-1024x752.jpg 1024w, https:\/\/shatranj.art\/wp-content\/uploads\/2026\/02\/15-2-300x220.jpg 300w, https:\/\/shatranj.art\/wp-content\/uploads\/2026\/02\/15-2-768x564.jpg 768w, https:\/\/shatranj.art\/wp-content\/uploads\/2026\/02\/15-2-1536x1128.jpg 1536w, https:\/\/shatranj.art\/wp-content\/uploads\/2026\/02\/15-2-2048x1504.jpg 2048w\" sizes=\"(max-width: 800px) 100vw, 800px\" \/>\t\t\t\t\t\t\t\t\t\t\t\t\t\t\t<\/div>\n\t\t\t\t<\/div>\n\t\t\t\t<div class=\"elementor-element elementor-element-be7cb02 elementor-widget elementor-widget-text-editor\" data-id=\"be7cb02\" data-element_type=\"widget\" data-e-type=\"widget\" data-widget_type=\"text-editor.default\">\n\t\t\t\t<div class=\"elementor-widget-container\">\n\t\t\t\t\t\t\t\t\t<h3><b>O problema do trigo e do tabuleiro de xadrez: crescimento exponencial<\/b><\/h3><p><b>Lenda e origem:<\/b><\/p><p>De acordo com a hist\u00f3ria, quando o inventor do xadrez, Sissa bin Dahir, apresentou o jogo ao rei da \u00cdndia, o rei lhe perguntou que recompensa ele gostaria de receber. Sissa fez um pedido aparentemente modesto: \u201cQuero um gr\u00e3o de trigo para a primeira casa do tabuleiro de xadrez, dois para a segunda, quatro para a terceira e, para cada casa subsequente, o dobro da quantidade da anterior.\u201d No entanto, quando o c\u00e1lculo come\u00e7ou, ficou claro que nem o tesouro nem todos os estoques de trigo do mundo seriam suficientes para atender a essa demanda.<\/p><p><b>Registro hist\u00f3rico: Ibn Khallikan (1256)<\/b><\/p><p>O primeiro registro escrito conhecido dessa famosa hist\u00f3ria foi documentado em 1256 pelo renomado bi\u00f3grafo e historiador Ibn Khallikan. Ibn Khallikan incorporou esse evento em seu trabalho n\u00e3o apenas como um conto, mas como evid\u00eancia de como a matem\u00e1tica ultrapassa os limites da imagina\u00e7\u00e3o.<\/p><p><b>Realidade matem\u00e1tica:<\/b><\/p><p><span style=\"font-weight: 400;\">Essa solicita\u00e7\u00e3o feita para os 64 quadrados do tabuleiro de xadrez \u00e9 o exemplo mais puro de progress\u00e3o geom\u00e9trica (crescimento exponencial). O valor em cada casa \u00e9 calculado usando a f\u00f3rmula <strong>2<sup>n-1<\/sup><\/strong> . A equa\u00e7\u00e3o que fornece a quantidade total de trigo \u00e9 a seguinte:<\/span><\/p><p>\u00a0<\/p><div class=\"wheat-formula-box\"><div class=\"wheat-formula\" aria-label=\"S \u00e9 igual \u00e0 soma de i igual a 0 a 63 de 2 a i, igual a 2 a 64 menos 1\"><div class=\"formula-wrap\"><span class=\"formula\">S =<\/span><p><span class=\"sigma-block\" aria-label=\"a soma de i \u00e9 igual a 0 a 63\"><br \/><span class=\"sigma-top\">63<\/span><br \/><span class=\"sigma\">\u2211<\/span><br \/><span class=\"sigma-bottom\"><i>i<\/i>=0<\/span><br \/><\/span><\/p><p><span class=\"formula\">2<sup><i>i<\/i><\/sup> = 2<sup>64<\/sup> - 1<\/span><\/p><\/div><p>O grande n\u00famero resultante desse c\u00e1lculo \u00e9:<\/p><p><b>18,446,744,073,709,551,615<\/b><\/p><p><b>Por que isso \u00e9 t\u00e3o importante?<\/b><\/p><ul><li style=\"font-weight: 400;\" aria-level=\"1\"><b>Escala de crescimento:<\/b><span style=\"font-weight: 400;\"> Esse n\u00famero \u00e9 equivalente a aproximadamente 2.000 vezes a atual produ\u00e7\u00e3o anual total de trigo do mundo.\u00a0<\/span><\/li><\/ul><p><b>Li\u00e7\u00e3o estrat\u00e9gica:<\/b><span style=\"font-weight: 400;\"> Esse problema \u00e9 uma antiga li\u00e7\u00e3o de sabedoria que ensina aos l\u00edderes e estrategistas como pequenas mudan\u00e7as (\u201cduplica\u00e7\u00e3o\u201d) podem se transformar em for\u00e7as incontrol\u00e1veis ao longo do tempo.<\/span><\/p><\/div><\/div>\t\t\t\t\t\t\t\t<\/div>\n\t\t\t\t<\/div>\n\t\t\t\t<\/div>\n\t\t\t\t\t<\/div>\n\t\t\t\t<\/div>\n\t\t\t\t<\/div>","protected":false},"excerpt":{"rendered":"<p>The Knight&#8217;s Tour Historical Depth: The Knight&#8217;s Tour is a mathematical sequence in which a knight visits every single square on a chessboard exactly once. It is both a strategic challenge and a classic problem in recreational mathematics. \u00a0 Origins: This problem is far from a modern discovery. The earliest known solutions date back to [&hellip;]<\/p>\n","protected":false},"author":1,"featured_media":0,"parent":743,"menu_order":0,"comment_status":"closed","ping_status":"closed","template":"","meta":{"footnotes":""},"class_list":["post-963","page","type-page","status-publish","hentry"],"_links":{"self":[{"href":"https:\/\/shatranj.art\/pt\/wp-json\/wp\/v2\/pages\/963","targetHints":{"allow":["GET"]}}],"collection":[{"href":"https:\/\/shatranj.art\/pt\/wp-json\/wp\/v2\/pages"}],"about":[{"href":"https:\/\/shatranj.art\/pt\/wp-json\/wp\/v2\/types\/page"}],"author":[{"embeddable":true,"href":"https:\/\/shatranj.art\/pt\/wp-json\/wp\/v2\/users\/1"}],"replies":[{"embeddable":true,"href":"https:\/\/shatranj.art\/pt\/wp-json\/wp\/v2\/comments?post=963"}],"version-history":[{"count":22,"href":"https:\/\/shatranj.art\/pt\/wp-json\/wp\/v2\/pages\/963\/revisions"}],"predecessor-version":[{"id":1443,"href":"https:\/\/shatranj.art\/pt\/wp-json\/wp\/v2\/pages\/963\/revisions\/1443"}],"up":[{"embeddable":true,"href":"https:\/\/shatranj.art\/pt\/wp-json\/wp\/v2\/pages\/743"}],"wp:attachment":[{"href":"https:\/\/shatranj.art\/pt\/wp-json\/wp\/v2\/media?parent=963"}],"curies":[{"name":"wp","href":"https:\/\/api.w.org\/{rel}","templated":true}]}}