{"id":976,"date":"2026-02-22T15:26:41","date_gmt":"2026-02-22T15:26:41","guid":{"rendered":"https:\/\/shatranj.art\/?page_id=976"},"modified":"2026-02-23T04:57:59","modified_gmt":"2026-02-23T04:57:59","slug":"poster-19","status":"publish","type":"page","link":"https:\/\/shatranj.art\/pt\/exhibit\/poster-19\/","title":{"rendered":"p\u00f4ster 19"},"content":{"rendered":"<div data-elementor-type=\"wp-page\" data-elementor-id=\"976\" class=\"elementor elementor-976\" data-elementor-post-type=\"page\">\n\t\t\t\t<div class=\"elementor-element elementor-element-bd53a03 e-flex e-con-boxed e-con e-parent\" data-id=\"bd53a03\" data-element_type=\"container\" data-e-type=\"container\" data-settings=\"{&quot;background_background&quot;:&quot;classic&quot;}\">\n\t\t\t\t\t<div class=\"e-con-inner\">\n\t\t<div class=\"elementor-element elementor-element-258a2d8 e-con-full e-flex e-con e-child\" data-id=\"258a2d8\" data-element_type=\"container\" data-e-type=\"container\">\n\t\t\t\t<div class=\"elementor-element elementor-element-54379e5 elementor-widget__width-initial elementor-widget elementor-widget-image\" data-id=\"54379e5\" data-element_type=\"widget\" data-e-type=\"widget\" data-widget_type=\"image.default\">\n\t\t\t\t<div class=\"elementor-widget-container\">\n\t\t\t\t\t\t\t\t\t\t\t\t\t\t\t<img fetchpriority=\"high\" decoding=\"async\" width=\"800\" height=\"842\" src=\"https:\/\/shatranj.art\/wp-content\/uploads\/2026\/02\/19-973x1024.jpg\" class=\"attachment-large size-large wp-image-979\" alt=\"\" srcset=\"https:\/\/shatranj.art\/wp-content\/uploads\/2026\/02\/19-973x1024.jpg 973w, https:\/\/shatranj.art\/wp-content\/uploads\/2026\/02\/19-285x300.jpg 285w, https:\/\/shatranj.art\/wp-content\/uploads\/2026\/02\/19-768x808.jpg 768w, https:\/\/shatranj.art\/wp-content\/uploads\/2026\/02\/19.jpg 1121w\" sizes=\"(max-width: 800px) 100vw, 800px\" \/>\t\t\t\t\t\t\t\t\t\t\t\t\t\t\t<\/div>\n\t\t\t\t<\/div>\n\t\t\t\t<div class=\"elementor-element elementor-element-38b79a5 elementor-widget__width-initial elementor-widget elementor-widget-text-editor\" data-id=\"38b79a5\" data-element_type=\"widget\" data-e-type=\"widget\" data-widget_type=\"text-editor.default\">\n\t\t\t\t<div class=\"elementor-widget-container\">\n\t\t\t\t\t\t\t\t\t<p><strong>Deep Blue vs. Kasparov: A aurora do dom\u00ednio das m\u00e1quinas<\/strong><\/p><p>\u00a0<\/p><p><span style=\"font-weight: 400;\">Em 1997, o mundo testemunhou uma virada hist\u00f3rica no relacionamento entre homem e m\u00e1quina. Desenvolvido pela IBM, o supercomputador <\/span>Azul profundo<span style=\"font-weight: 400;\"> derrotou o atual campe\u00e3o mundial, <\/span>Garry Kasparov<span style=\"font-weight: 400;\">, em uma s\u00e9rie de seis partidas. Essa foi a primeira vez que um computador derrotou um campe\u00e3o mundial em uma partida no estilo de torneio com controles de tempo padr\u00e3o.<\/span><\/p><p>\u00a0<\/p><p><b>Poder da for\u00e7a bruta:<\/b><span style=\"font-weight: 400;\"> O Deep Blue era uma obra-prima de hardware especializado, capaz de calcular 200 milh\u00f5es de posi\u00e7\u00f5es por segundo.<\/span><\/p><p>\u00a0<\/p><p><b>Uma vit\u00f3ria simb\u00f3lica:<\/b><span style=\"font-weight: 400;\"> Essa partida mudou a percep\u00e7\u00e3o global da Intelig\u00eancia Artificial. Ela provou que, embora a intui\u00e7\u00e3o humana seja profunda, a velocidade computacional absoluta de uma m\u00e1quina poderia superar a maior mente estrat\u00e9gica da \u00e9poca.<\/span><\/p>\t\t\t\t\t\t\t\t<\/div>\n\t\t\t\t<\/div>\n\t\t\t\t<div class=\"elementor-element elementor-element-d1ad4e6 elementor-widget__width-initial elementor-widget elementor-widget-image\" data-id=\"d1ad4e6\" data-element_type=\"widget\" data-e-type=\"widget\" data-widget_type=\"image.default\">\n\t\t\t\t<div class=\"elementor-widget-container\">\n\t\t\t\t\t\t\t\t\t\t\t\t\t\t\t<img decoding=\"async\" width=\"800\" height=\"600\" src=\"https:\/\/shatranj.art\/wp-content\/uploads\/2026\/02\/19-1-1024x768.jpg\" class=\"attachment-large size-large wp-image-980\" alt=\"\" srcset=\"https:\/\/shatranj.art\/wp-content\/uploads\/2026\/02\/19-1-1024x768.jpg 1024w, https:\/\/shatranj.art\/wp-content\/uploads\/2026\/02\/19-1-300x225.jpg 300w, https:\/\/shatranj.art\/wp-content\/uploads\/2026\/02\/19-1-768x576.jpg 768w, https:\/\/shatranj.art\/wp-content\/uploads\/2026\/02\/19-1.jpg 1250w\" sizes=\"(max-width: 800px) 100vw, 800px\" \/>\t\t\t\t\t\t\t\t\t\t\t\t\t\t\t<\/div>\n\t\t\t\t<\/div>\n\t\t\t\t<div class=\"elementor-element elementor-element-e238e58 elementor-widget__width-initial elementor-widget elementor-widget-image\" data-id=\"e238e58\" data-element_type=\"widget\" data-e-type=\"widget\" data-widget_type=\"image.default\">\n\t\t\t\t<div class=\"elementor-widget-container\">\n\t\t\t\t\t\t\t\t\t\t\t\t\t\t\t<img decoding=\"async\" width=\"682\" height=\"1024\" src=\"https:\/\/shatranj.art\/wp-content\/uploads\/2026\/02\/19-2-682x1024.jpg\" class=\"attachment-large size-large wp-image-981\" alt=\"\" srcset=\"https:\/\/shatranj.art\/wp-content\/uploads\/2026\/02\/19-2-682x1024.jpg 682w, https:\/\/shatranj.art\/wp-content\/uploads\/2026\/02\/19-2-200x300.jpg 200w, https:\/\/shatranj.art\/wp-content\/uploads\/2026\/02\/19-2-768x1154.jpg 768w, https:\/\/shatranj.art\/wp-content\/uploads\/2026\/02\/19-2-1023x1536.jpg 1023w, https:\/\/shatranj.art\/wp-content\/uploads\/2026\/02\/19-2-1363x2048.jpg 1363w, https:\/\/shatranj.art\/wp-content\/uploads\/2026\/02\/19-2.jpg 1667w\" sizes=\"(max-width: 682px) 100vw, 682px\" \/>\t\t\t\t\t\t\t\t\t\t\t\t\t\t\t<\/div>\n\t\t\t\t<\/div>\n\t\t\t\t<div class=\"elementor-element elementor-element-a12f1b5 elementor-widget__width-inherit elementor-widget elementor-widget-text-editor\" data-id=\"a12f1b5\" data-element_type=\"widget\" data-e-type=\"widget\" data-widget_type=\"text-editor.default\">\n\t\t\t\t<div class=\"elementor-widget-container\">\n\t\t\t\t\t\t\t\t\t<h3><b>Stockfish: A Democratiza\u00e7\u00e3o da An\u00e1lise do Grande Mestre<\/b><\/h3><p>Peixe-porco<span style=\"font-weight: 400;\"> \u00e9 o mecanismo de xadrez de c\u00f3digo aberto mais poderoso do mundo. Ao contr\u00e1rio dos supercomputadores exclusivos do passado, o Stockfish \u00e9 gratuito e acess\u00edvel a todos, desde amadores at\u00e9 grandes mestres de classe mundial.<\/span><\/p><ul><li style=\"font-weight: 400;\" aria-level=\"1\"><b>O padr\u00e3o global:<\/b><span style=\"font-weight: 400;\"> Consistentemente classificado no topo das tabelas de classifica\u00e7\u00e3o do mecanismo, o Stockfish serve como a ferramenta definitiva para an\u00e1lise de jogos e desenvolvimento de estrat\u00e9gias.<\/span><\/li><li style=\"font-weight: 400;\" aria-level=\"1\"><b>Evolu\u00e7\u00e3o neural:<\/b><span style=\"font-weight: 400;\"> Originalmente baseadas em algoritmos cl\u00e1ssicos de \u201cpesquisa e avalia\u00e7\u00e3o\u201d, as vers\u00f5es modernas do Stockfish agora utilizam <\/span>NNUE (Redes Neurais Eficientemente Atualiz\u00e1veis)<span style=\"font-weight: 400;\">. Essa fus\u00e3o permite que ele combine velocidades de c\u00e1lculo massivas com uma \u201ccompreens\u00e3o\u201d mais profunda, quase humana, de posi\u00e7\u00f5es complexas, atingindo uma classifica\u00e7\u00e3o ELO bem acima de <\/span>3500<span style=\"font-weight: 400;\">.<\/span><\/li><\/ul>\t\t\t\t\t\t\t\t<\/div>\n\t\t\t\t<\/div>\n\t\t\t\t<div class=\"elementor-element elementor-element-5ec8752 elementor-widget__width-initial elementor-widget elementor-widget-image\" data-id=\"5ec8752\" data-element_type=\"widget\" data-e-type=\"widget\" data-widget_type=\"image.default\">\n\t\t\t\t<div class=\"elementor-widget-container\">\n\t\t\t\t\t\t\t\t\t\t\t\t\t\t\t<img loading=\"lazy\" decoding=\"async\" width=\"800\" height=\"800\" src=\"https:\/\/shatranj.art\/wp-content\/uploads\/2026\/02\/19-1024x1024.png\" class=\"attachment-large size-large wp-image-982\" alt=\"\" srcset=\"https:\/\/shatranj.art\/wp-content\/uploads\/2026\/02\/19-1024x1024.png 1024w, https:\/\/shatranj.art\/wp-content\/uploads\/2026\/02\/19-300x300.png 300w, https:\/\/shatranj.art\/wp-content\/uploads\/2026\/02\/19-150x150.png 150w, https:\/\/shatranj.art\/wp-content\/uploads\/2026\/02\/19-768x768.png 768w, https:\/\/shatranj.art\/wp-content\/uploads\/2026\/02\/19.png 1056w\" sizes=\"(max-width: 800px) 100vw, 800px\" \/>\t\t\t\t\t\t\t\t\t\t\t\t\t\t\t<\/div>\n\t\t\t\t<\/div>\n\t\t\t\t<div class=\"elementor-element elementor-element-f657508 elementor-widget__width-initial elementor-widget-tablet__width-inherit elementor-widget elementor-widget-text-editor\" data-id=\"f657508\" data-element_type=\"widget\" data-e-type=\"widget\" data-widget_type=\"text-editor.default\">\n\t\t\t\t<div class=\"elementor-widget-container\">\n\t\t\t\t\t\t\t\t\t<h3><b>AlphaZero: A Era da Intui\u00e7\u00e3o e Criatividade das M\u00e1quinas<\/b><\/h3><p>Desenvolvido pela DeepMind do Google, o AlphaZero revolucionou a forma como pensamos sobre a Intelig\u00eancia Artificial. Enquanto os mecanismos anteriores eram \u201censinados\u201d por humanos usando regras programadas, o AlphaZero era um sistema de autoaprendizagem.<\/p><ul><li style=\"font-weight: 400;\" aria-level=\"1\"><b>Tabula Rasa (do zero):<\/b><span style=\"font-weight: 400;\"> O AlphaZero recebeu apenas as regras b\u00e1sicas do xadrez. Ao jogar milh\u00f5es de partidas contra si mesmo por meio da Aprendizagem por Refor\u00e7o, ele atingiu um n\u00edvel sobre-humano de dom\u00ednio em apenas quatro horas.<\/span><\/li><li style=\"font-weight: 400;\" aria-level=\"1\"><b>Uma revolu\u00e7\u00e3o criativa:<\/b><span style=\"font-weight: 400;\"> O AlphaZero n\u00e3o jogava como uma t\u00edpica \u201ccalculadora\u201d. Ele introduziu um estilo altamente agressivo, criativo e intuitivo, muitas vezes sacrificando material para press\u00e3o posicional de longo prazo. Ele provou que as m\u00e1quinas n\u00e3o s\u00f3 podiam calcular mais r\u00e1pido do que os humanos, mas tamb\u00e9m podiam \u201creinventar\u201d a arte e a criatividade do pr\u00f3prio jogo.<\/span><\/li><\/ul>\t\t\t\t\t\t\t\t<\/div>\n\t\t\t\t<\/div>\n\t\t\t\t<\/div>\n\t\t\t\t\t<\/div>\n\t\t\t\t<\/div>\n\t\t\t\t<\/div>","protected":false},"excerpt":{"rendered":"<p>Deep Blue vs. Kasparov: The Dawn of Machine Dominance \u00a0 In 1997, the world witnessed a historic turning point in the relationship between man and machine. Developed by IBM, the supercomputer Deep Blue defeated the reigning World Champion, Garry Kasparov, in a six-match series. This was the first time a computer had beaten a world [&hellip;]<\/p>\n","protected":false},"author":1,"featured_media":0,"parent":743,"menu_order":0,"comment_status":"closed","ping_status":"closed","template":"","meta":{"footnotes":""},"class_list":["post-976","page","type-page","status-publish","hentry"],"_links":{"self":[{"href":"https:\/\/shatranj.art\/pt\/wp-json\/wp\/v2\/pages\/976","targetHints":{"allow":["GET"]}}],"collection":[{"href":"https:\/\/shatranj.art\/pt\/wp-json\/wp\/v2\/pages"}],"about":[{"href":"https:\/\/shatranj.art\/pt\/wp-json\/wp\/v2\/types\/page"}],"author":[{"embeddable":true,"href":"https:\/\/shatranj.art\/pt\/wp-json\/wp\/v2\/users\/1"}],"replies":[{"embeddable":true,"href":"https:\/\/shatranj.art\/pt\/wp-json\/wp\/v2\/comments?post=976"}],"version-history":[{"count":7,"href":"https:\/\/shatranj.art\/pt\/wp-json\/wp\/v2\/pages\/976\/revisions"}],"predecessor-version":[{"id":1228,"href":"https:\/\/shatranj.art\/pt\/wp-json\/wp\/v2\/pages\/976\/revisions\/1228"}],"up":[{"embeddable":true,"href":"https:\/\/shatranj.art\/pt\/wp-json\/wp\/v2\/pages\/743"}],"wp:attachment":[{"href":"https:\/\/shatranj.art\/pt\/wp-json\/wp\/v2\/media?parent=976"}],"curies":[{"name":"wp","href":"https:\/\/api.w.org\/{rel}","templated":true}]}}