{"id":1016,"date":"2026-02-22T16:17:45","date_gmt":"2026-02-22T16:17:45","guid":{"rendered":"https:\/\/shatranj.art\/?page_id=1016"},"modified":"2026-02-24T09:42:49","modified_gmt":"2026-02-24T09:42:49","slug":"poster-24","status":"publish","type":"page","link":"https:\/\/shatranj.art\/ro\/exhibit\/poster-24\/","title":{"rendered":"afi\u0219 24"},"content":{"rendered":"<div data-elementor-type=\"wp-page\" data-elementor-id=\"1016\" class=\"elementor elementor-1016\" data-elementor-post-type=\"page\">\n\t\t\t\t<div class=\"elementor-element elementor-element-cbef851 e-flex e-con-boxed e-con e-parent\" data-id=\"cbef851\" data-element_type=\"container\" data-e-type=\"container\" data-settings=\"{&quot;background_background&quot;:&quot;classic&quot;}\">\n\t\t\t\t\t<div class=\"e-con-inner\">\n\t\t<div class=\"elementor-element elementor-element-919ca16 e-con-full e-flex e-con e-child\" data-id=\"919ca16\" data-element_type=\"container\" data-e-type=\"container\">\n\t\t\t\t<div class=\"elementor-element elementor-element-3a8b40d elementor-widget elementor-widget-image\" data-id=\"3a8b40d\" data-element_type=\"widget\" data-e-type=\"widget\" data-widget_type=\"image.default\">\n\t\t\t\t<div class=\"elementor-widget-container\">\n\t\t\t\t\t\t\t\t\t\t\t\t\t\t\t<img fetchpriority=\"high\" decoding=\"async\" width=\"800\" height=\"534\" src=\"https:\/\/shatranj.art\/wp-content\/uploads\/2026\/02\/21-1024x683.jpg\" class=\"attachment-large size-large wp-image-995\" alt=\"\" srcset=\"https:\/\/shatranj.art\/wp-content\/uploads\/2026\/02\/21-1024x683.jpg 1024w, https:\/\/shatranj.art\/wp-content\/uploads\/2026\/02\/21-300x200.jpg 300w, https:\/\/shatranj.art\/wp-content\/uploads\/2026\/02\/21-768x512.jpg 768w, https:\/\/shatranj.art\/wp-content\/uploads\/2026\/02\/21-1536x1024.jpg 1536w, https:\/\/shatranj.art\/wp-content\/uploads\/2026\/02\/21-2048x1366.jpg 2048w\" sizes=\"(max-width: 800px) 100vw, 800px\" \/>\t\t\t\t\t\t\t\t\t\t\t\t\t\t\t<\/div>\n\t\t\t\t<\/div>\n\t\t\t\t<div class=\"elementor-element elementor-element-07a7613 elementor-widget elementor-widget-text-editor\" data-id=\"07a7613\" data-element_type=\"widget\" data-e-type=\"widget\" data-widget_type=\"text-editor.default\">\n\t\t\t\t<div class=\"elementor-widget-container\">\n\t\t\t\t\t\t\t\t\t<p>Setul de \u0219ah \u015eAH\u00ce este mai mult dec\u00e2t un simplu joc; este o punte \u00eentre culturi, epoci \u0219i filosofii. Conceput pentru a evoca at\u00e2t senza\u021bii imperiale, c\u00e2t \u0219i regale, setul \u00ee\u0219i trage numele de la un termen utilizat pe scar\u0103 larg\u0103 \u00een Balcani \u0219i \u00een multe limbi slave pentru a se referi la jocul de \u0219ah.<\/p><p>Cuv\u00e2ntul \u201c\u015eAH\u00ce\u201d \u00een sine func\u021bioneaz\u0103 ca un adjectiv regal care \u00eenseamn\u0103 \u201cspecific \u0219ahului\u201d, av\u00e2nd o greutate literar\u0103 care semnific\u0103 putere, magnificen\u021b\u0103 \u0219i profunzime strategic\u0103.<\/p><h3><b>O capodoper\u0103 a evolu\u021biei culturale<\/b><\/h3><p>Conceput de Tamer Karatekin, educator cu experien\u021b\u0103 \u00een \u0219ah \u0219i fost juc\u0103tor pe prima tabl\u0103 la MIT, acest set \u00eencapsuleaz\u0103 elegant istoria jocului. Fiecare pies\u0103 este creat\u0103 pentru a reflecta o poveste istoric\u0103 unic\u0103:<\/p><ul><li style=\"font-weight: 400;\" aria-level=\"1\"><b>G\u00fcl\u0219ah (Regele):<\/b><span style=\"font-weight: 400;\"> Reprezint\u0103 sfin\u021benia domului inspirat de structuri precum Hagia Sophia \u0219i Panteonul \u0219i mo\u0219tenirea intelectual\u0103 a acoperirii capului.<\/span><\/li><li style=\"font-weight: 400;\" aria-level=\"1\"><b>Sokol (regina\/vizirul):<\/b><span style=\"font-weight: 400;\"> Numit dup\u0103 simbolul militar \u0219oim \u0219i inspirat de finalul \u00een form\u0103 de cupol\u0103 de ceap\u0103 al setului de \u0219ah austriac Cafe House \u0219i de designul coifului, acesta simbolizeaz\u0103 autoritatea militar\u0103 \u0219i \u00een\u021belepciunea \u201cvizirului\u201d. Sokolovichi a fost ora\u0219ul natal al celui mai influent mare vizir al Imperiului Otoman, Sokollu Mehmet Pa\u0219a.<\/span><\/li><li style=\"font-weight: 400;\" aria-level=\"1\"><b>Bukefal (Cavalerul):<\/b><span style=\"font-weight: 400;\"> Numit dup\u0103 calul legendar al lui Alexandru cel Mare, simboliz\u00e2nd schimbul bidirec\u021bional de cultur\u0103 dintre Est \u0219i Vest.<\/span><\/li><li style=\"font-weight: 400;\" aria-level=\"1\"><b>Shahrukh (The Rook):<\/b><span style=\"font-weight: 400;\"> O sintez\u0103 magnific\u0103 a evolu\u021biei militare, \u00eencorpor\u00e2nd elemente ale carului de r\u0103zboi, turnului, tunului \u0219i navei. Timur, maestru de \u0219ah \u0219i comandant, i-a dat fiului s\u0103u numele Shahrukh, deoarece vestea na\u0219terii sale a sosit \u00een timpul unei partide de \u0219ah.<\/span><\/li><li style=\"font-weight: 400;\" aria-level=\"1\"><b>Abul-Abbas (Episcopul\/Elefantul):<\/b><span style=\"font-weight: 400;\"> Reflect\u0103 c\u0103l\u0103toria iconic\u0103 a elefantului d\u0103ruit lui Carol cel Mare, urm\u0103rind migra\u021bia \u0219ahului pe trei continente.<\/span><\/li><li style=\"font-weight: 400;\" aria-level=\"1\"><b>R\u00e9gence-Philidor (Pionul):<\/b><span style=\"font-weight: 400;\"> Inspirat de cafenelele pariziene din epoca iluminist\u0103 \u0219i de celebra maxim\u0103 a lui Philidor: \u201cPionii sunt sufletul \u0219ahului\u201d.<\/span><\/li><\/ul>\t\t\t\t\t\t\t\t<\/div>\n\t\t\t\t<\/div>\n\t\t\t\t<div class=\"elementor-element elementor-element-52a94ef elementor-widget elementor-widget-text-editor\" data-id=\"52a94ef\" data-element_type=\"widget\" data-e-type=\"widget\" data-widget_type=\"text-editor.default\">\n\t\t\t\t<div class=\"elementor-widget-container\">\n\t\t\t\t\t\t\t\t\t<h3><b>Design \u0219i scop<\/b><\/h3><p>Setul \u015eAH\u00ce este meticulos preg\u0103tit pentru a servi at\u00e2t ca exponat artistic, c\u00e2t \u0219i ca instrument func\u021bional pentru uz educa\u021bional \u0219i pentru turnee. Filozofia sa de design este \u00eenr\u0103d\u0103cinat\u0103 \u00een incluziunea cultural\u0103 \u0219i spiritual\u0103, asigur\u00e2ndu-se c\u0103 rezoneaz\u0103 cu juc\u0103torii din \u00eentreaga lume.<\/p><p><b>O mo\u0219tenire de sprijin:<\/b><\/p><p>Produc\u021bia acestui set a fost posibil\u0103 cu sprijinul Massachusetts Cultural Council \u0219i al programului Uniunii Europene pentru tineret.<\/p>\t\t\t\t\t\t\t\t<\/div>\n\t\t\t\t<\/div>\n\t\t\t\t<\/div>\n\t\t\t\t\t<\/div>\n\t\t\t\t<\/div>\n\t\t\t\t<\/div>","protected":false},"excerpt":{"rendered":"<p>The \u015eAH\u00ce Chess Set is more than just a game; it is a bridge between cultures, eras, and philosophies. Designed to evoke both imperial and royal sensations, the set draws its name from a term widely used in the Balkans and many Slavic languages to refer to the game of chess. The word &#8220;\u015eAH\u00ce&#8221; itself [&hellip;]<\/p>\n","protected":false},"author":1,"featured_media":0,"parent":743,"menu_order":0,"comment_status":"closed","ping_status":"closed","template":"","meta":{"footnotes":""},"class_list":["post-1016","page","type-page","status-publish","hentry"],"_links":{"self":[{"href":"https:\/\/shatranj.art\/ro\/wp-json\/wp\/v2\/pages\/1016","targetHints":{"allow":["GET"]}}],"collection":[{"href":"https:\/\/shatranj.art\/ro\/wp-json\/wp\/v2\/pages"}],"about":[{"href":"https:\/\/shatranj.art\/ro\/wp-json\/wp\/v2\/types\/page"}],"author":[{"embeddable":true,"href":"https:\/\/shatranj.art\/ro\/wp-json\/wp\/v2\/users\/1"}],"replies":[{"embeddable":true,"href":"https:\/\/shatranj.art\/ro\/wp-json\/wp\/v2\/comments?post=1016"}],"version-history":[{"count":19,"href":"https:\/\/shatranj.art\/ro\/wp-json\/wp\/v2\/pages\/1016\/revisions"}],"predecessor-version":[{"id":1601,"href":"https:\/\/shatranj.art\/ro\/wp-json\/wp\/v2\/pages\/1016\/revisions\/1601"}],"up":[{"embeddable":true,"href":"https:\/\/shatranj.art\/ro\/wp-json\/wp\/v2\/pages\/743"}],"wp:attachment":[{"href":"https:\/\/shatranj.art\/ro\/wp-json\/wp\/v2\/media?parent=1016"}],"curies":[{"name":"wp","href":"https:\/\/api.w.org\/{rel}","templated":true}]}}