{"id":1364,"date":"2026-02-23T08:56:53","date_gmt":"2026-02-23T08:56:53","guid":{"rendered":"https:\/\/shatranj.art\/?page_id=1364"},"modified":"2026-02-23T09:04:02","modified_gmt":"2026-02-23T09:04:02","slug":"poster-34","status":"publish","type":"page","link":"https:\/\/shatranj.art\/ro\/exhibit\/poster-34\/","title":{"rendered":"poster 34"},"content":{"rendered":"<div data-elementor-type=\"wp-page\" data-elementor-id=\"1364\" class=\"elementor elementor-1364\" data-elementor-post-type=\"page\">\n\t\t\t\t<div class=\"elementor-element elementor-element-43154ab e-flex e-con-boxed e-con e-parent\" data-id=\"43154ab\" data-element_type=\"container\" data-e-type=\"container\" data-settings=\"{&quot;background_background&quot;:&quot;classic&quot;}\">\n\t\t\t\t\t<div class=\"e-con-inner\">\n\t\t<div class=\"elementor-element elementor-element-204d594 e-con-full e-flex e-con e-child\" data-id=\"204d594\" data-element_type=\"container\" data-e-type=\"container\">\n\t\t\t\t<div class=\"elementor-element elementor-element-f48eba5 elementor-widget elementor-widget-image\" data-id=\"f48eba5\" data-element_type=\"widget\" data-e-type=\"widget\" data-widget_type=\"image.default\">\n\t\t\t\t<div class=\"elementor-widget-container\">\n\t\t\t\t\t\t\t\t\t\t\t\t\t\t\t<img fetchpriority=\"high\" decoding=\"async\" width=\"800\" height=\"600\" src=\"https:\/\/shatranj.art\/wp-content\/uploads\/2026\/02\/Chigorins-chess-set-1-1024x768.jpg\" class=\"attachment-large size-large wp-image-1367\" alt=\"\" srcset=\"https:\/\/shatranj.art\/wp-content\/uploads\/2026\/02\/Chigorins-chess-set-1-1024x768.jpg 1024w, https:\/\/shatranj.art\/wp-content\/uploads\/2026\/02\/Chigorins-chess-set-1-300x225.jpg 300w, https:\/\/shatranj.art\/wp-content\/uploads\/2026\/02\/Chigorins-chess-set-1-768x576.jpg 768w, https:\/\/shatranj.art\/wp-content\/uploads\/2026\/02\/Chigorins-chess-set-1-1536x1152.jpg 1536w, https:\/\/shatranj.art\/wp-content\/uploads\/2026\/02\/Chigorins-chess-set-1-2048x1536.jpg 2048w, https:\/\/shatranj.art\/wp-content\/uploads\/2026\/02\/Chigorins-chess-set-1-16x12.jpg 16w\" sizes=\"(max-width: 800px) 100vw, 800px\" \/>\t\t\t\t\t\t\t\t\t\t\t\t\t\t\t<\/div>\n\t\t\t\t<\/div>\n\t\t\t\t<div class=\"elementor-element elementor-element-63cf570 elementor-widget-tablet__width-inherit elementor-widget elementor-widget-text-editor\" data-id=\"63cf570\" data-element_type=\"widget\" data-e-type=\"widget\" data-widget_type=\"text-editor.default\">\n\t\t\t\t<div class=\"elementor-widget-container\">\n\t\t\t\t\t\t\t\t\t<h3><b>Setul de \u0219ah Memorial al lui Mikhail Chigorin<\/b><\/h3><p><b>Pe baza portretului lui Chigorin, a setului antic \u0219i a articolului din 1999 al lui Orhan G\u00fcnsav.<\/b><\/p><p><span style=\"font-weight: 400;\">Aceast\u0103 expozi\u021bie prezint\u0103 un set istoric de \u0219ah rusesc al\u0103turi de o fotografie original\u0103 a legendarului maestru rus de \u0219ah, Mihail Chigorin (1850-1908). Articolul \u00eenso\u021bitor din 1999 al lui Orhan G\u00fcnsav, fost procuror \u0219ef al Istanbulului \u0219i pre\u0219edinte al Federa\u021biei Turce de \u0218ah timp de 20 de ani, prezint\u0103 \u00een detaliu istoria dramatic\u0103 a modului \u00een care acest set a ajuns \u00een Turcia.<\/span><\/p><p>\u00a0<\/p><p><b>Povestea setului:<\/b><span style=\"font-weight: 400;\"> Articolul poveste\u0219te \u00eenc\u0103rc\u0103tura emo\u021bional\u0103 grea pe care \u0219ahul a avut-o asupra lui Chigorin, \u00een special dup\u0103 o \u00eenfr\u00e2ngere dureroas\u0103 \u00een fa\u021ba lui Steinitz \u00een 1892. \u00centr-un moment de disperare, Chigorin \u0219i-a ars seturile de \u0219ah \u00een gr\u0103dina sa. A salvat doar un set special: un cadou din partea \u021barului rus.<\/span><\/p><p>\u00a0<\/p><p><span style=\"font-weight: 400;\">Povestea setului specific expus continu\u0103 cu Selim Palavan, primul campion la \u0219ah al Turciei. Familia lui Palavan, turci din Kazan care tr\u0103iau \u00een Rusia, a supravie\u021buit nev\u0103t\u0103mat\u0103 revolu\u021biei. \u00cen 1912, ei au primit \u00een dar o fotografie istoric\u0103 a lui Chigorin, al\u0103turi de un set de \u0219ah comandat de \u021bar \u00een memoria acestuia. \u00cen timpul celui de-al Doilea R\u0103zboi Mondial, c\u00e2nd r\u0103zboiul a ajuns la Odesa, familia s-a mutat \u00een Rom\u00e2nia \u0219i, \u00een cele din urm\u0103, a ajuns la Istanbul \u00een 1943, aduc\u00e2nd cu ea setul istoric.<\/span><\/p><p>\u00a0<\/p><p><span style=\"font-weight: 400;\">Ani mai t\u00e2rziu, Selim Palavan a dezvoltat o leg\u0103tur\u0103 profund\u0103 cu H. Serta\u00e7 Dalk\u0131ran. Traduc\u00e2nd direct din articolul lui Orhan G\u00fcnsav, el descrie modul \u00een care setul a trecut de m\u00e2n\u0103:<\/span><\/p><p>\u00a0<\/p><p><i><span style=\"font-weight: 400;\">\u201cDatorit\u0103 stilului s\u0103u de joc \u0219i a muncii sale asidue pentru \u0219ah \u00een \u021bara noastr\u0103, Palavan l-a v\u0103zut pe Dalk\u0131ran ca pe \u2018Chigorin al Turciei\u2019. \u00cen testamentul s\u0103u, el i-a d\u0103ruit lui Dalk\u0131ran setul istoric de \u0219ah pe care \u021barul \u00eel f\u0103cuse \u00een memoria lui Chigorin, \u00eempreun\u0103 cu vechea fotografie galben\u0103\u201d.\u201d<\/span><\/i><\/p><p>\u00a0<\/p><p><span style=\"font-weight: 400;\">Ast\u0103zi, Dalk\u0131ran p\u0103streaz\u0103 meticulos acest set al\u0103turi de setul personal de \u0219ah al lui Atat\u00fcrk.<\/span><span style=\"font-weight: 400;\"><br \/><\/span><\/p>\t\t\t\t\t\t\t\t<\/div>\n\t\t\t\t<\/div>\n\t\t<div class=\"elementor-element elementor-element-05ac656 e-con-full e-flex e-con e-child\" data-id=\"05ac656\" data-element_type=\"container\" data-e-type=\"container\">\n\t\t\t\t<div class=\"elementor-element elementor-element-fce2756 elementor-widget__width-initial elementor-widget-mobile__width-inherit elementor-widget elementor-widget-image\" data-id=\"fce2756\" data-element_type=\"widget\" data-e-type=\"widget\" data-widget_type=\"image.default\">\n\t\t\t\t<div class=\"elementor-widget-container\">\n\t\t\t\t\t\t\t\t\t\t\t\t\t\t\t<img decoding=\"async\" width=\"745\" height=\"1024\" src=\"https:\/\/shatranj.art\/wp-content\/uploads\/2026\/02\/Eski-Istanbul-Cumuhuriyet-Bassavcisi-ve-TSF-1954un-20-yil-Baklani-KurtuOrhan-Gunsav-Radikal-Gaz.yazi-Bekir-Sami-Bey-oglu-Kursun-askerler-baslikli-yazisi-Palavan-Rus-Cari-1-745x1024.jpg\" class=\"attachment-large size-large wp-image-1368\" alt=\"\" srcset=\"https:\/\/shatranj.art\/wp-content\/uploads\/2026\/02\/Eski-Istanbul-Cumuhuriyet-Bassavcisi-ve-TSF-1954un-20-yil-Baklani-KurtuOrhan-Gunsav-Radikal-Gaz.yazi-Bekir-Sami-Bey-oglu-Kursun-askerler-baslikli-yazisi-Palavan-Rus-Cari-1-745x1024.jpg 745w, https:\/\/shatranj.art\/wp-content\/uploads\/2026\/02\/Eski-Istanbul-Cumuhuriyet-Bassavcisi-ve-TSF-1954un-20-yil-Baklani-KurtuOrhan-Gunsav-Radikal-Gaz.yazi-Bekir-Sami-Bey-oglu-Kursun-askerler-baslikli-yazisi-Palavan-Rus-Cari-1-218x300.jpg 218w, https:\/\/shatranj.art\/wp-content\/uploads\/2026\/02\/Eski-Istanbul-Cumuhuriyet-Bassavcisi-ve-TSF-1954un-20-yil-Baklani-KurtuOrhan-Gunsav-Radikal-Gaz.yazi-Bekir-Sami-Bey-oglu-Kursun-askerler-baslikli-yazisi-Palavan-Rus-Cari-1-768x1056.jpg 768w, https:\/\/shatranj.art\/wp-content\/uploads\/2026\/02\/Eski-Istanbul-Cumuhuriyet-Bassavcisi-ve-TSF-1954un-20-yil-Baklani-KurtuOrhan-Gunsav-Radikal-Gaz.yazi-Bekir-Sami-Bey-oglu-Kursun-askerler-baslikli-yazisi-Palavan-Rus-Cari-1-1117x1536.jpg 1117w, https:\/\/shatranj.art\/wp-content\/uploads\/2026\/02\/Eski-Istanbul-Cumuhuriyet-Bassavcisi-ve-TSF-1954un-20-yil-Baklani-KurtuOrhan-Gunsav-Radikal-Gaz.yazi-Bekir-Sami-Bey-oglu-Kursun-askerler-baslikli-yazisi-Palavan-Rus-Cari-1-1489x2048.jpg 1489w, https:\/\/shatranj.art\/wp-content\/uploads\/2026\/02\/Eski-Istanbul-Cumuhuriyet-Bassavcisi-ve-TSF-1954un-20-yil-Baklani-KurtuOrhan-Gunsav-Radikal-Gaz.yazi-Bekir-Sami-Bey-oglu-Kursun-askerler-baslikli-yazisi-Palavan-Rus-Cari-1-9x12.jpg 9w, https:\/\/shatranj.art\/wp-content\/uploads\/2026\/02\/Eski-Istanbul-Cumuhuriyet-Bassavcisi-ve-TSF-1954un-20-yil-Baklani-KurtuOrhan-Gunsav-Radikal-Gaz.yazi-Bekir-Sami-Bey-oglu-Kursun-askerler-baslikli-yazisi-Palavan-Rus-Cari-1.jpg 1700w\" sizes=\"(max-width: 745px) 100vw, 745px\" \/>\t\t\t\t\t\t\t\t\t\t\t\t\t\t\t<\/div>\n\t\t\t\t<\/div>\n\t\t\t\t<div class=\"elementor-element elementor-element-bb1df7a elementor-widget__width-initial elementor-widget-mobile__width-inherit elementor-widget elementor-widget-image\" data-id=\"bb1df7a\" data-element_type=\"widget\" data-e-type=\"widget\" data-widget_type=\"image.default\">\n\t\t\t\t<div class=\"elementor-widget-container\">\n\t\t\t\t\t\t\t\t\t\t\t\t\t\t\t<img decoding=\"async\" width=\"530\" height=\"800\" src=\"https:\/\/shatranj.art\/wp-content\/uploads\/2026\/02\/chigorin-with-his-chess-set.jpg\" class=\"attachment-large size-large wp-image-1369\" alt=\"\" srcset=\"https:\/\/shatranj.art\/wp-content\/uploads\/2026\/02\/chigorin-with-his-chess-set.jpg 530w, https:\/\/shatranj.art\/wp-content\/uploads\/2026\/02\/chigorin-with-his-chess-set-199x300.jpg 199w, https:\/\/shatranj.art\/wp-content\/uploads\/2026\/02\/chigorin-with-his-chess-set-8x12.jpg 8w\" sizes=\"(max-width: 530px) 100vw, 530px\" \/>\t\t\t\t\t\t\t\t\t\t\t\t\t\t\t<\/div>\n\t\t\t\t<\/div>\n\t\t\t\t<\/div>\n\t\t\t\t<\/div>\n\t\t\t\t\t<\/div>\n\t\t\t\t<\/div>\n\t\t\t\t<\/div>","protected":false},"excerpt":{"rendered":"<p>Mikhail Chigorin\u2019s Memorial Chess Set Based on the Chigorin portrait, the antique set, and the 1999 article by Orhan G\u00fcnsav. This display features a historic Russian chess set alongside an original photograph of the legendary Russian chess master, Mikhail Chigorin (1850\u20131908). The accompanying 1999 article by Orhan G\u00fcnsav former Istanbul Chief Public Prosecutor and 20-year [&hellip;]<\/p>\n","protected":false},"author":1,"featured_media":0,"parent":743,"menu_order":0,"comment_status":"closed","ping_status":"closed","template":"","meta":{"footnotes":""},"class_list":["post-1364","page","type-page","status-publish","hentry"],"_links":{"self":[{"href":"https:\/\/shatranj.art\/ro\/wp-json\/wp\/v2\/pages\/1364","targetHints":{"allow":["GET"]}}],"collection":[{"href":"https:\/\/shatranj.art\/ro\/wp-json\/wp\/v2\/pages"}],"about":[{"href":"https:\/\/shatranj.art\/ro\/wp-json\/wp\/v2\/types\/page"}],"author":[{"embeddable":true,"href":"https:\/\/shatranj.art\/ro\/wp-json\/wp\/v2\/users\/1"}],"replies":[{"embeddable":true,"href":"https:\/\/shatranj.art\/ro\/wp-json\/wp\/v2\/comments?post=1364"}],"version-history":[{"count":4,"href":"https:\/\/shatranj.art\/ro\/wp-json\/wp\/v2\/pages\/1364\/revisions"}],"predecessor-version":[{"id":1372,"href":"https:\/\/shatranj.art\/ro\/wp-json\/wp\/v2\/pages\/1364\/revisions\/1372"}],"up":[{"embeddable":true,"href":"https:\/\/shatranj.art\/ro\/wp-json\/wp\/v2\/pages\/743"}],"wp:attachment":[{"href":"https:\/\/shatranj.art\/ro\/wp-json\/wp\/v2\/media?parent=1364"}],"curies":[{"name":"wp","href":"https:\/\/api.w.org\/{rel}","templated":true}]}}