{"id":1465,"date":"2026-02-24T06:30:11","date_gmt":"2026-02-24T06:30:11","guid":{"rendered":"https:\/\/shatranj.art\/?page_id=1465"},"modified":"2026-02-24T07:42:10","modified_gmt":"2026-02-24T07:42:10","slug":"poster-35","status":"publish","type":"page","link":"https:\/\/shatranj.art\/ro\/exhibit\/poster-35\/","title":{"rendered":"poster-35"},"content":{"rendered":"<div data-elementor-type=\"wp-page\" data-elementor-id=\"1465\" class=\"elementor elementor-1465\" data-elementor-post-type=\"page\">\n\t\t\t\t<div class=\"elementor-element elementor-element-08b263e e-flex e-con-boxed e-con e-parent\" data-id=\"08b263e\" data-element_type=\"container\" data-e-type=\"container\" data-settings=\"{&quot;background_background&quot;:&quot;classic&quot;}\">\n\t\t\t\t\t<div class=\"e-con-inner\">\n\t\t<div class=\"elementor-element elementor-element-7869a40 e-con-full e-flex e-con e-child\" data-id=\"7869a40\" data-element_type=\"container\" data-e-type=\"container\">\n\t\t\t\t<div class=\"elementor-element elementor-element-1c616f4 elementor-widget elementor-widget-image\" data-id=\"1c616f4\" data-element_type=\"widget\" data-e-type=\"widget\" data-widget_type=\"image.default\">\n\t\t\t\t<div class=\"elementor-widget-container\">\n\t\t\t\t\t\t\t\t\t\t\t\t\t\t\t<img fetchpriority=\"high\" decoding=\"async\" width=\"453\" height=\"371\" src=\"https:\/\/shatranj.art\/wp-content\/uploads\/2026\/02\/Cambridge_Springs_Staunton_Chessmen.jpg\" class=\"attachment-full size-full wp-image-1468\" alt=\"\" srcset=\"https:\/\/shatranj.art\/wp-content\/uploads\/2026\/02\/Cambridge_Springs_Staunton_Chessmen.jpg 453w, https:\/\/shatranj.art\/wp-content\/uploads\/2026\/02\/Cambridge_Springs_Staunton_Chessmen-300x246.jpg 300w, https:\/\/shatranj.art\/wp-content\/uploads\/2026\/02\/Cambridge_Springs_Staunton_Chessmen-15x12.jpg 15w\" sizes=\"(max-width: 453px) 100vw, 453px\" \/>\t\t\t\t\t\t\t\t\t\t\t\t\t\t\t<\/div>\n\t\t\t\t<\/div>\n\t\t\t\t<div class=\"elementor-element elementor-element-a5ffbc0 elementor-widget elementor-widget-text-editor\" data-id=\"a5ffbc0\" data-element_type=\"widget\" data-e-type=\"widget\" data-widget_type=\"text-editor.default\">\n\t\t\t\t<div class=\"elementor-widget-container\">\n\t\t\t\t\t\t\t\t\t<h3 data-path-to-node=\"0\">Setul interna\u021bional Cambridge Springs 1904<\/h3><p data-path-to-node=\"2\">Congresul interna\u021bional de \u0219ah din 1904 de la Cambridge Springs, Pennsylvania, a marcat o etap\u0103 istoric\u0103, fiind primul turneu interna\u021bional major g\u0103zduit \u00een Statele Unite. Acest eveniment a devenit un moment definitoriu pentru Epoca de Aur a \u0219ahului, reprezent\u00e2nd o punte de leg\u0103tur\u0103 \u00eentre tradi\u021biile europene clasice \u0219i proeminen\u021ba \u00een cre\u0219tere a scenei americane de \u0219ah.<\/p><p data-path-to-node=\"2\">\u00a0<\/p><p data-path-to-node=\"3\"><strong>O adunare a mae\u0219trilor legendari<\/strong><\/p><p data-path-to-node=\"3\">\u00a0<\/p><p data-path-to-node=\"4\">Turneul a reunit \u0219aisprezece dintre cei mai formidabili juc\u0103tori ai lumii, fiind una dintre cele mai puternice competi\u021bii de la \u00eenceputul secolului al XX-lea. Lista a inclus:<\/p><p data-path-to-node=\"5,0,0\">Emanuel Lasker: Campionul mondial \u00een exerci\u021biu \u0219i o for\u021b\u0103 dominant\u0103 \u00een strategia \u0219ahului.<\/p><p data-path-to-node=\"5,1,0\">Mihail Chigorin: legendarul maestru rus \u0219i un pionier al \u0219colii sovietice de \u0219ah.<\/p><p data-path-to-node=\"5,2,0\">Dawid Janowski: Un tactician polonezo-francez genial, cunoscut pentru jocul s\u0103u agresiv \u0219i creativ.<\/p><p data-path-to-node=\"5,3,0\">Frank James Marshall: T\u00e2n\u0103rul challenger american care a \u0219ocat lumea c\u00e2\u0219tig\u00e2nd turneul ne\u00eenvins, termin\u00e2nd \u00eenaintea campionului mondial.<\/p><p data-path-to-node=\"5,4,0\">Al\u021bi participan\u021bi notabili au fost Harry Nelson Pillsbury, Carl Schlechter \u0219i Richard Teichmann.<\/p><p data-path-to-node=\"5,4,0\">\u00a0<\/p><p>\u00cendep\u0103rtarea crucii regelui din designul original Staunton a fost o mi\u0219care inten\u021bionat\u0103 c\u0103tre incluziune, onor\u00e2nd diversele origini ale juc\u0103torilor interna\u021bionali prin \u00eentoarcerea jocului la r\u0103d\u0103cinile sale seculare \u0219i abstracte. Acest design a stabilit tabla de \u0219ah ca o aren\u0103 neutr\u0103 a logicii, lipsit\u0103 de conota\u021bii religioase specifice.<\/p>\t\t\t\t\t\t\t\t<\/div>\n\t\t\t\t<\/div>\n\t\t\t\t<div class=\"elementor-element elementor-element-26ec034 elementor-widget elementor-widget-image\" data-id=\"26ec034\" data-element_type=\"widget\" data-e-type=\"widget\" data-widget_type=\"image.default\">\n\t\t\t\t<div class=\"elementor-widget-container\">\n\t\t\t\t\t\t\t\t\t\t\t\t\t\t\t<img decoding=\"async\" width=\"413\" height=\"520\" src=\"https:\/\/shatranj.art\/wp-content\/uploads\/2026\/02\/1904-cambridge-springs-chess-tournament.jpeg\" class=\"attachment-full size-full wp-image-1517\" alt=\"\" srcset=\"https:\/\/shatranj.art\/wp-content\/uploads\/2026\/02\/1904-cambridge-springs-chess-tournament.jpeg 413w, https:\/\/shatranj.art\/wp-content\/uploads\/2026\/02\/1904-cambridge-springs-chess-tournament-238x300.jpeg 238w, https:\/\/shatranj.art\/wp-content\/uploads\/2026\/02\/1904-cambridge-springs-chess-tournament-10x12.jpeg 10w\" sizes=\"(max-width: 413px) 100vw, 413px\" \/>\t\t\t\t\t\t\t\t\t\t\t\t\t\t\t<\/div>\n\t\t\t\t<\/div>\n\t\t\t\t<\/div>\n\t\t\t\t\t<\/div>\n\t\t\t\t<\/div>\n\t\t\t\t<\/div>","protected":false},"excerpt":{"rendered":"<p>The 1904 Cambridge Springs International Set The 1904 International Chess Congress in Cambridge Springs, Pennsylvania, marked a historic milestone as the first major international tournament hosted in the United States. This event became a defining moment for the Golden Age of chess, representing a bridge between the classic European traditions and the rising prominence of [&hellip;]<\/p>\n","protected":false},"author":1,"featured_media":0,"parent":743,"menu_order":0,"comment_status":"closed","ping_status":"closed","template":"","meta":{"footnotes":""},"class_list":["post-1465","page","type-page","status-publish","hentry"],"_links":{"self":[{"href":"https:\/\/shatranj.art\/ro\/wp-json\/wp\/v2\/pages\/1465","targetHints":{"allow":["GET"]}}],"collection":[{"href":"https:\/\/shatranj.art\/ro\/wp-json\/wp\/v2\/pages"}],"about":[{"href":"https:\/\/shatranj.art\/ro\/wp-json\/wp\/v2\/types\/page"}],"author":[{"embeddable":true,"href":"https:\/\/shatranj.art\/ro\/wp-json\/wp\/v2\/users\/1"}],"replies":[{"embeddable":true,"href":"https:\/\/shatranj.art\/ro\/wp-json\/wp\/v2\/comments?post=1465"}],"version-history":[{"count":17,"href":"https:\/\/shatranj.art\/ro\/wp-json\/wp\/v2\/pages\/1465\/revisions"}],"predecessor-version":[{"id":1520,"href":"https:\/\/shatranj.art\/ro\/wp-json\/wp\/v2\/pages\/1465\/revisions\/1520"}],"up":[{"embeddable":true,"href":"https:\/\/shatranj.art\/ro\/wp-json\/wp\/v2\/pages\/743"}],"wp:attachment":[{"href":"https:\/\/shatranj.art\/ro\/wp-json\/wp\/v2\/media?parent=1465"}],"curies":[{"name":"wp","href":"https:\/\/api.w.org\/{rel}","templated":true}]}}