{"id":1494,"date":"2026-02-24T07:06:43","date_gmt":"2026-02-24T07:06:43","guid":{"rendered":"https:\/\/shatranj.art\/?page_id=1494"},"modified":"2026-02-24T07:15:55","modified_gmt":"2026-02-24T07:15:55","slug":"poster-37","status":"publish","type":"page","link":"https:\/\/shatranj.art\/ro\/exhibit\/poster-37\/","title":{"rendered":"poster-37"},"content":{"rendered":"<div data-elementor-type=\"wp-page\" data-elementor-id=\"1494\" class=\"elementor elementor-1494\" data-elementor-post-type=\"page\">\n\t\t\t\t<div class=\"elementor-element elementor-element-c8ac59b e-flex e-con-boxed e-con e-parent\" data-id=\"c8ac59b\" data-element_type=\"container\" data-e-type=\"container\" data-settings=\"{&quot;background_background&quot;:&quot;classic&quot;}\">\n\t\t\t\t\t<div class=\"e-con-inner\">\n\t\t<div class=\"elementor-element elementor-element-cbd1932 e-con-full e-flex e-con e-child\" data-id=\"cbd1932\" data-element_type=\"container\" data-e-type=\"container\">\n\t\t\t\t<div class=\"elementor-element elementor-element-1845a72 elementor-widget elementor-widget-image\" data-id=\"1845a72\" data-element_type=\"widget\" data-e-type=\"widget\" data-widget_type=\"image.default\">\n\t\t\t\t<div class=\"elementor-widget-container\">\n\t\t\t\t\t\t\t\t\t\t\t\t\t\t\t<img fetchpriority=\"high\" decoding=\"async\" width=\"1914\" height=\"684\" src=\"https:\/\/shatranj.art\/wp-content\/uploads\/2026\/02\/biedermeier-chess-set-langer-collection.jpg\" class=\"attachment-full size-full wp-image-1497\" alt=\"\" srcset=\"https:\/\/shatranj.art\/wp-content\/uploads\/2026\/02\/biedermeier-chess-set-langer-collection.jpg 1914w, https:\/\/shatranj.art\/wp-content\/uploads\/2026\/02\/biedermeier-chess-set-langer-collection-300x107.jpg 300w, https:\/\/shatranj.art\/wp-content\/uploads\/2026\/02\/biedermeier-chess-set-langer-collection-1024x366.jpg 1024w, https:\/\/shatranj.art\/wp-content\/uploads\/2026\/02\/biedermeier-chess-set-langer-collection-768x274.jpg 768w, https:\/\/shatranj.art\/wp-content\/uploads\/2026\/02\/biedermeier-chess-set-langer-collection-1536x549.jpg 1536w, https:\/\/shatranj.art\/wp-content\/uploads\/2026\/02\/biedermeier-chess-set-langer-collection-18x6.jpg 18w\" sizes=\"(max-width: 1914px) 100vw, 1914px\" \/>\t\t\t\t\t\t\t\t\t\t\t\t\t\t\t<\/div>\n\t\t\t\t<\/div>\n\t\t\t\t<div class=\"elementor-element elementor-element-3c1fee1 elementor-widget elementor-widget-text-editor\" data-id=\"3c1fee1\" data-element_type=\"widget\" data-e-type=\"widget\" data-widget_type=\"text-editor.default\">\n\t\t\t\t<div class=\"elementor-widget-container\">\n\t\t\t\t\t\t\t\t\t<h3>Set de \u0219ah Biedermeier<\/h3><p><br \/>Piesele de \u0219ah Biedermeier, numite dup\u0103 mi\u0219carea de design central-european\u0103 din secolul al XIX-lea, sunt celebre pentru siluetele lor elegante \u0219i detaliile capricioase. O tr\u0103s\u0103tur\u0103 definitorie a acestor seturi este designul imaginativ al piesei de \u0219ah L\u00e4ufer (alerg\u0103tor), care prezint\u0103 adesea finaluri \u00een sfere sau bastoane de culori opuse, pentru a evoca o \u201cpan\u0103 \u00een p\u0103l\u0103rie\u201d. De-a lungul timpului, acestea au evoluat spre reprezent\u0103ri mai literale ale p\u0103l\u0103riilor de epoc\u0103, cum ar fi beretele, p\u0103l\u0103riile de top sau p\u0103l\u0103riile de bowling, reflect\u00e2nd caracterul artistic al epocii. Acest set este documentat \u00een colec\u021bia istoric\u0103 a lui Holger Langer (chess-collection.de).<\/p>\t\t\t\t\t\t\t\t<\/div>\n\t\t\t\t<\/div>\n\t\t\t\t<\/div>\n\t\t\t\t\t<\/div>\n\t\t\t\t<\/div>\n\t\t\t\t<\/div>","protected":false},"excerpt":{"rendered":"<p>Biedermeier chess set Biedermeier chessmen, named for the 19th-century Central European design movement, are celebrated for their elegant silhouettes and whimsical details. A defining feature of these sets is the imaginative design of the\u00a0L\u00e4ufer (runner) chess piece, which often feature finials in opposite-colored spheres or batons to evoke a &#8220;feather in a cap.&#8221; Over time, [&hellip;]<\/p>\n","protected":false},"author":1,"featured_media":0,"parent":743,"menu_order":0,"comment_status":"closed","ping_status":"closed","template":"","meta":{"footnotes":""},"class_list":["post-1494","page","type-page","status-publish","hentry"],"_links":{"self":[{"href":"https:\/\/shatranj.art\/ro\/wp-json\/wp\/v2\/pages\/1494","targetHints":{"allow":["GET"]}}],"collection":[{"href":"https:\/\/shatranj.art\/ro\/wp-json\/wp\/v2\/pages"}],"about":[{"href":"https:\/\/shatranj.art\/ro\/wp-json\/wp\/v2\/types\/page"}],"author":[{"embeddable":true,"href":"https:\/\/shatranj.art\/ro\/wp-json\/wp\/v2\/users\/1"}],"replies":[{"embeddable":true,"href":"https:\/\/shatranj.art\/ro\/wp-json\/wp\/v2\/comments?post=1494"}],"version-history":[{"count":5,"href":"https:\/\/shatranj.art\/ro\/wp-json\/wp\/v2\/pages\/1494\/revisions"}],"predecessor-version":[{"id":1502,"href":"https:\/\/shatranj.art\/ro\/wp-json\/wp\/v2\/pages\/1494\/revisions\/1502"}],"up":[{"embeddable":true,"href":"https:\/\/shatranj.art\/ro\/wp-json\/wp\/v2\/pages\/743"}],"wp:attachment":[{"href":"https:\/\/shatranj.art\/ro\/wp-json\/wp\/v2\/media?parent=1494"}],"curies":[{"name":"wp","href":"https:\/\/api.w.org\/{rel}","templated":true}]}}