{"id":1521,"date":"2026-02-24T07:53:08","date_gmt":"2026-02-24T07:53:08","guid":{"rendered":"https:\/\/shatranj.art\/?page_id=1521"},"modified":"2026-02-24T10:48:54","modified_gmt":"2026-02-24T10:48:54","slug":"poster-40","status":"publish","type":"page","link":"https:\/\/shatranj.art\/ro\/exhibit\/poster-40\/","title":{"rendered":"poster-40"},"content":{"rendered":"<div data-elementor-type=\"wp-page\" data-elementor-id=\"1521\" class=\"elementor elementor-1521\" data-elementor-post-type=\"page\">\n\t\t\t\t<div class=\"elementor-element elementor-element-e98c0ef e-flex e-con-boxed e-con e-parent\" data-id=\"e98c0ef\" data-element_type=\"container\" data-e-type=\"container\" data-settings=\"{&quot;background_background&quot;:&quot;classic&quot;}\">\n\t\t\t\t\t<div class=\"e-con-inner\">\n\t\t<div class=\"elementor-element elementor-element-1fd6b3d e-con-full e-flex e-con e-child\" data-id=\"1fd6b3d\" data-element_type=\"container\" data-e-type=\"container\">\n\t\t\t\t<div class=\"elementor-element elementor-element-bf9198e elementor-widget elementor-widget-image\" data-id=\"bf9198e\" data-element_type=\"widget\" data-e-type=\"widget\" data-widget_type=\"image.default\">\n\t\t\t\t<div class=\"elementor-widget-container\">\n\t\t\t\t\t\t\t\t\t\t\t\t\t\t\t<img fetchpriority=\"high\" decoding=\"async\" width=\"1225\" height=\"919\" src=\"https:\/\/shatranj.art\/wp-content\/uploads\/2026\/02\/shahi-chess-set-pieces-fsvmu-uskudar-istanbul-2022.jpg\" class=\"attachment-full size-full wp-image-1523\" alt=\"\" srcset=\"https:\/\/shatranj.art\/wp-content\/uploads\/2026\/02\/shahi-chess-set-pieces-fsvmu-uskudar-istanbul-2022.jpg 1225w, https:\/\/shatranj.art\/wp-content\/uploads\/2026\/02\/shahi-chess-set-pieces-fsvmu-uskudar-istanbul-2022-300x225.jpg 300w, https:\/\/shatranj.art\/wp-content\/uploads\/2026\/02\/shahi-chess-set-pieces-fsvmu-uskudar-istanbul-2022-1024x768.jpg 1024w, https:\/\/shatranj.art\/wp-content\/uploads\/2026\/02\/shahi-chess-set-pieces-fsvmu-uskudar-istanbul-2022-768x576.jpg 768w, https:\/\/shatranj.art\/wp-content\/uploads\/2026\/02\/shahi-chess-set-pieces-fsvmu-uskudar-istanbul-2022-16x12.jpg 16w\" sizes=\"(max-width: 1225px) 100vw, 1225px\" \/>\t\t\t\t\t\t\t\t\t\t\t\t\t\t\t<\/div>\n\t\t\t\t<\/div>\n\t\t\t\t<div class=\"elementor-element elementor-element-72424f5 elementor-widget elementor-widget-text-editor\" data-id=\"72424f5\" data-element_type=\"widget\" data-e-type=\"widget\" data-widget_type=\"text-editor.default\">\n\t\t\t\t<div class=\"elementor-widget-container\">\n\t\t\t\t\t\t\t\t\t<h3 data-path-to-node=\"0\"><strong>Echipa proiectului Shatranj \u0219i prototipul \u0218AH\u00ce<\/strong><\/h3><p data-path-to-node=\"1\">\u00a0<\/p><p data-path-to-node=\"1\">Dezvoltarea setului de \u0219ah \u0218AH\u00ce a reprezentat o etap\u0103 de colaborare pentru echipele din spatele proiectelor shatranj.ai \u0219i shatranj.art. Aceste ini\u021biative, coordonate prin intermediul Departamentului de Istorie a \u0218tiin\u021bei din cadrul Universit\u0103\u021bii Fatih Sultan Mehmet Vak\u0131f (FSMVU) \u0219i sprijinite de programul Erasmus+ pentru tineret al UE, au ca scop crearea unei pun\u021bi \u00eentre istoria \u0219tiin\u021bei, a artei, a jocurilor strategice \u0219i a inteligen\u021bei artificiale.<\/p><p data-path-to-node=\"2\">\u00a0<\/p><p data-path-to-node=\"2\">Foto 1: Echipa de proiect la campusul FSMVU \u00dcsk\u00fcdar<\/p><p data-path-to-node=\"3\">\u00a0<\/p><p data-path-to-node=\"3\">Aceast\u0103 imagine documenteaz\u0103 echipa de proiect s\u0103rb\u0103torind finalizarea primului prototip \u0218AH\u00ce la 26 mai 2022. Cercetarea departamentului a furnizat fundamentul istoric pentru estetica unic\u0103 a setului.<\/p><p data-path-to-node=\"4\">\u00a0<\/p><p data-path-to-node=\"4\">De la st\u00e2nga la dreapta:<\/p><p data-path-to-node=\"4\">\u00a0<\/p><p data-path-to-node=\"4\">Jahangir Ashurov: Artist \u0219i instructor de miniaturi de renume mondial (\u0219coala Bukhara). A consultat procesul de proiectare \u0218AH\u00ce prin r\u0103d\u0103cinile Afrasiyab ale \u0219ahului.\u00a0<\/p><p data-path-to-node=\"4\">\u00a0<\/p><p data-path-to-node=\"4\">Prof. Dr. G\u00fcner Karatekin: Profesor de s\u0103n\u0103tatea copiilor \u0219i neonatologie.<\/p><p data-path-to-node=\"4\">\u00a0<\/p><p data-path-to-node=\"4\">Tamer Karatekin: Coordonatorul tehnic al curriculumului shatranj.ai \u0219i co-curatorul expozi\u021biei shatranj.art, designerul setului \u0219i pieselor de \u0219ah \u0218AH\u00ce<\/p><p data-path-to-node=\"4\">\u00a0<\/p><p data-path-to-node=\"4\">Prof. Dr. Mustafa Ka\u00e7ar: Decan al Departamentului de Istoria \u0218tiin\u021bei din cadrul FSMVU. Coordonator al proiectelor shatranj.ai \u0219i shatranj.art.<\/p><p data-path-to-node=\"4\">\u00a0<\/p><p data-path-to-node=\"4\">Prof. Dr. Atilla Bir: Profesor \u0219i autoritate preeminent\u0103 \u00een istoria \u0219tiin\u021bei \u0219i a instrumentelor istorice. A consiliat procesul de proiectare a setului de \u0219ah \u0218AH\u00ce prin numeroase referin\u021be la istoria \u0219tiin\u021bei.<\/p>\t\t\t\t\t\t\t\t<\/div>\n\t\t\t\t<\/div>\n\t\t\t\t<div class=\"elementor-element elementor-element-b19a222 elementor-widget elementor-widget-image\" data-id=\"b19a222\" data-element_type=\"widget\" data-e-type=\"widget\" data-widget_type=\"image.default\">\n\t\t\t\t<div class=\"elementor-widget-container\">\n\t\t\t\t\t\t\t\t\t\t\t\t\t\t\t<img decoding=\"async\" width=\"1000\" height=\"667\" src=\"https:\/\/shatranj.art\/wp-content\/uploads\/2026\/02\/sergi-ayasofya-11Ocak2024.jpg\" class=\"attachment-full size-full wp-image-1524\" alt=\"\" srcset=\"https:\/\/shatranj.art\/wp-content\/uploads\/2026\/02\/sergi-ayasofya-11Ocak2024.jpg 1000w, https:\/\/shatranj.art\/wp-content\/uploads\/2026\/02\/sergi-ayasofya-11Ocak2024-300x200.jpg 300w, https:\/\/shatranj.art\/wp-content\/uploads\/2026\/02\/sergi-ayasofya-11Ocak2024-768x512.jpg 768w, https:\/\/shatranj.art\/wp-content\/uploads\/2026\/02\/sergi-ayasofya-11Ocak2024-18x12.jpg 18w\" sizes=\"(max-width: 1000px) 100vw, 1000px\" \/>\t\t\t\t\t\t\t\t\t\t\t\t\t\t\t<\/div>\n\t\t\t\t<\/div>\n\t\t\t\t<div class=\"elementor-element elementor-element-8b672e6 elementor-widget elementor-widget-text-editor\" data-id=\"8b672e6\" data-element_type=\"widget\" data-e-type=\"widget\" data-widget_type=\"text-editor.default\">\n\t\t\t\t<div class=\"elementor-widget-container\">\n\t\t\t\t\t\t\t\t\t<p data-path-to-node=\"5\">Foto 2: Expozi\u021bia de art\u0103 Shatranj.la Campusul Hagia Sophia al FSVMU<\/p><p data-path-to-node=\"6\">\u00a0<\/p><p data-path-to-node=\"6\">Setul de \u0219ah \u0218AH\u00ce a fost prezentat publicului pentru prima dat\u0103 pe 11 ianuarie 2024, \u00een campusul Hagia Sophia al FSMVU, prin intermediul expozi\u021biei shatranj.art. Prof. Dr. Mustafa Ka\u00e7ar \u0219i Tamer Karatekin au discutat despre evolu\u021bia cultural\u0103 \u0219i istoric\u0103 a pieselor de \u0219ah. Discu\u021bia a eviden\u021biat varianta de \u0219ah bizantin\u0103\/Rumi g\u0103sit\u0103 \u00een Kitab-ash Shatranj \u0219i inspira\u021biile arhitecturale specifice - cum ar fi cupolele iconice ale Hagiei Sophia, Panteonului \u0219i MIT - care au stat la baza designului piesei regale a setului \u0218AH\u00ce.<\/p>\t\t\t\t\t\t\t\t<\/div>\n\t\t\t\t<\/div>\n\t\t\t\t<div class=\"elementor-element elementor-element-c44898c elementor-widget elementor-widget-image\" data-id=\"c44898c\" data-element_type=\"widget\" data-e-type=\"widget\" data-widget_type=\"image.default\">\n\t\t\t\t<div class=\"elementor-widget-container\">\n\t\t\t\t\t\t\t\t\t\t\t\t\t\t\t<img decoding=\"async\" width=\"1225\" height=\"919\" src=\"https:\/\/shatranj.art\/wp-content\/uploads\/2026\/02\/fsmvu-halic-creativity-prof.jpg\" class=\"attachment-full size-full wp-image-1534\" alt=\"\" srcset=\"https:\/\/shatranj.art\/wp-content\/uploads\/2026\/02\/fsmvu-halic-creativity-prof.jpg 1225w, https:\/\/shatranj.art\/wp-content\/uploads\/2026\/02\/fsmvu-halic-creativity-prof-300x225.jpg 300w, https:\/\/shatranj.art\/wp-content\/uploads\/2026\/02\/fsmvu-halic-creativity-prof-1024x768.jpg 1024w, https:\/\/shatranj.art\/wp-content\/uploads\/2026\/02\/fsmvu-halic-creativity-prof-768x576.jpg 768w, https:\/\/shatranj.art\/wp-content\/uploads\/2026\/02\/fsmvu-halic-creativity-prof-16x12.jpg 16w\" sizes=\"(max-width: 1225px) 100vw, 1225px\" \/>\t\t\t\t\t\t\t\t\t\t\t\t\t\t\t<\/div>\n\t\t\t\t<\/div>\n\t\t\t\t<div class=\"elementor-element elementor-element-58d2518 elementor-widget elementor-widget-text-editor\" data-id=\"58d2518\" data-element_type=\"widget\" data-e-type=\"widget\" data-widget_type=\"text-editor.default\">\n\t\t\t\t<div class=\"elementor-widget-container\">\n\t\t\t\t\t\t\t\t\t<p data-path-to-node=\"6\">Foto 3: \u0218AH\u00ce set prototip foto cu Prof. Se\u00e7il \u0218at\u0131r<\/p><p data-path-to-node=\"5\">\u00a0<\/p><p data-path-to-node=\"5\">Prof. Dr. Se\u00e7il \u0218at\u0131r este decanul fondator al Facult\u0103\u021bii de Arte Frumoase, Design \u0219i Arhitectur\u0103 de la Universitatea Hitit \u0219i profesor la Facultatea de Arhitectur\u0103 \u0219i Design din cadrul FSMVU. Ea a servit \u00een calitate de consultant cheie pentru procesul de proiectare \u0218AH\u00ce. Tamer Karatekin \u00een st\u00e2nga, prof. dr. G\u00fcner Karatekin \u00een dreapta.<\/p><p><em>\u00a0<\/em><\/p>\t\t\t\t\t\t\t\t<\/div>\n\t\t\t\t<\/div>\n\t\t\t\t<\/div>\n\t\t\t\t\t<\/div>\n\t\t\t\t<\/div>\n\t\t\t\t<\/div>","protected":false},"excerpt":{"rendered":"<p>The Shatranj Project Team and the \u015eAH\u00ce Prototype \u00a0 The development of the \u015eAH\u00ce chess set was a collaborative milestone for the teams behind the shatranj.ai and shatranj.art projects. These initiatives, coordinated through the Science History Department of Fatih Sultan Mehmet Vak\u0131f University (FSMVU) and supported by the EU Erasmus+ Youth programme, aim to bridge [&hellip;]<\/p>\n","protected":false},"author":1,"featured_media":0,"parent":743,"menu_order":0,"comment_status":"closed","ping_status":"closed","template":"","meta":{"footnotes":""},"class_list":["post-1521","page","type-page","status-publish","hentry"],"_links":{"self":[{"href":"https:\/\/shatranj.art\/ro\/wp-json\/wp\/v2\/pages\/1521","targetHints":{"allow":["GET"]}}],"collection":[{"href":"https:\/\/shatranj.art\/ro\/wp-json\/wp\/v2\/pages"}],"about":[{"href":"https:\/\/shatranj.art\/ro\/wp-json\/wp\/v2\/types\/page"}],"author":[{"embeddable":true,"href":"https:\/\/shatranj.art\/ro\/wp-json\/wp\/v2\/users\/1"}],"replies":[{"embeddable":true,"href":"https:\/\/shatranj.art\/ro\/wp-json\/wp\/v2\/comments?post=1521"}],"version-history":[{"count":22,"href":"https:\/\/shatranj.art\/ro\/wp-json\/wp\/v2\/pages\/1521\/revisions"}],"predecessor-version":[{"id":1637,"href":"https:\/\/shatranj.art\/ro\/wp-json\/wp\/v2\/pages\/1521\/revisions\/1637"}],"up":[{"embeddable":true,"href":"https:\/\/shatranj.art\/ro\/wp-json\/wp\/v2\/pages\/743"}],"wp:attachment":[{"href":"https:\/\/shatranj.art\/ro\/wp-json\/wp\/v2\/media?parent=1521"}],"curies":[{"name":"wp","href":"https:\/\/api.w.org\/{rel}","templated":true}]}}