{"id":1543,"date":"2026-02-24T08:36:27","date_gmt":"2026-02-24T08:36:27","guid":{"rendered":"https:\/\/shatranj.art\/?page_id=1543"},"modified":"2026-02-24T08:53:53","modified_gmt":"2026-02-24T08:53:53","slug":"poster-41","status":"publish","type":"page","link":"https:\/\/shatranj.art\/ro\/exhibit\/poster-41\/","title":{"rendered":"poster-41"},"content":{"rendered":"<div data-elementor-type=\"wp-page\" data-elementor-id=\"1543\" class=\"elementor elementor-1543\" data-elementor-post-type=\"page\">\n\t\t\t\t<div class=\"elementor-element elementor-element-7a8daa7 e-flex e-con-boxed e-con e-parent\" data-id=\"7a8daa7\" data-element_type=\"container\" data-e-type=\"container\" data-settings=\"{&quot;background_background&quot;:&quot;classic&quot;}\">\n\t\t\t\t\t<div class=\"e-con-inner\">\n\t\t<div class=\"elementor-element elementor-element-26be55b e-con-full e-flex e-con e-child\" data-id=\"26be55b\" data-element_type=\"container\" data-e-type=\"container\">\n\t\t\t\t<div class=\"elementor-element elementor-element-3278af1 elementor-widget elementor-widget-image\" data-id=\"3278af1\" data-element_type=\"widget\" data-e-type=\"widget\" data-widget_type=\"image.default\">\n\t\t\t\t<div class=\"elementor-widget-container\">\n\t\t\t\t\t\t\t\t\t\t\t\t\t\t\t<img fetchpriority=\"high\" decoding=\"async\" width=\"1280\" height=\"960\" src=\"https:\/\/shatranj.art\/wp-content\/uploads\/2026\/02\/Sahi_Cannon_at_Fort_Nelson_UK.jpg\" class=\"attachment-full size-full wp-image-1545\" alt=\"\" srcset=\"https:\/\/shatranj.art\/wp-content\/uploads\/2026\/02\/Sahi_Cannon_at_Fort_Nelson_UK.jpg 1280w, https:\/\/shatranj.art\/wp-content\/uploads\/2026\/02\/Sahi_Cannon_at_Fort_Nelson_UK-300x225.jpg 300w, https:\/\/shatranj.art\/wp-content\/uploads\/2026\/02\/Sahi_Cannon_at_Fort_Nelson_UK-1024x768.jpg 1024w, https:\/\/shatranj.art\/wp-content\/uploads\/2026\/02\/Sahi_Cannon_at_Fort_Nelson_UK-768x576.jpg 768w, https:\/\/shatranj.art\/wp-content\/uploads\/2026\/02\/Sahi_Cannon_at_Fort_Nelson_UK-16x12.jpg 16w\" sizes=\"(max-width: 1280px) 100vw, 1280px\" \/>\t\t\t\t\t\t\t\t\t\t\t\t\t\t\t<\/div>\n\t\t\t\t<\/div>\n\t\t\t\t<div class=\"elementor-element elementor-element-6723efb elementor-widget elementor-widget-text-editor\" data-id=\"6723efb\" data-element_type=\"widget\" data-e-type=\"widget\" data-widget_type=\"text-editor.default\">\n\t\t\t\t<div class=\"elementor-widget-container\">\n\t\t\t\t\t\t\t\t\t<h3><b>Originile cuv\u00e2ntului \u015eAH\u00ce \u0219i leg\u0103tura sa cu evolu\u021bia \u0219ahului\u00a0<\/b><\/h3><p>SHAH (\u0218AH) este un termen folosit \u00een multe limbi slave pentru \u0219ah. Cuv\u00e2ntul german \u201cschach\u201d, francezul \u201c\u00e9checs\u201d \u0219i englezul \u201cchess\u201d sunt toate derivate fonetic din cuv\u00e2ntul \u201cshah\u201d. Termenul \u201c\u015eAH\u00ce\u201d ca adjectiv \u00eenseamn\u0103 regal sau specific \u0219ahului. Este, de asemenea, utilizat \u00een textele literare pentru a semnifica puternic \u0219i magnific.<\/p><p>\u00a0<\/p><p>Tunul \u015eAH\u00ce, proiectat de inginerul maghiar Orban, a jucat un rol esen\u021bial \u00een spargerea zidurilor \u0219i turnurilor masive ale Constantinopolului \u00een timpul asediului din 1453 condus de sultanul Mehmed, simboliz\u00e2nd o schimbare revolu\u021bionar\u0103 \u00een r\u0103zboiul de asediu.<\/p><p>\u00a0<\/p><p>La trei secole dup\u0103 cucerirea Istanbulului, \u00een timpul opera\u021biunii de la Dardanele din 1807, un alt tun \u015eAH\u00ce vechi de secole a fost tras asupra navelor britanice, provoc\u00e2nd pierderi semnificative. Sultanul otoman Abd\u00fclaziz a d\u0103ruit acest tun reginei Victoria \u00een 1866. Fotografia de mai sus a tunului \u015eAH\u00ce provine de la Fort Nelson din Regatul Unit.<\/p><p>\u00a0<\/p><p>Numele \u015eAH\u00ce simbolizeaz\u0103 evolu\u021bia piesei turn \u00een diferite limbi, de la car de r\u0103zboi la turn, de la tun la nav\u0103, reflect\u00e2nd evolu\u021bia \u0219ahului.<\/p><p>\u00a0<\/p><p>Setul de \u0219ah \u015eAH\u00ce a fost proiectat de Tamer Karatekin, un fost prim juc\u0103tor al echipei de \u0219ah a Massachusetts Institute of Technology \u0219i un educator cu experien\u021b\u0103 \u00een \u0219ah. Acesta reprezint\u0103 cu elegan\u021b\u0103 istoria \u0219i evolu\u021bia \u0219ahului \u0219i este creat at\u00e2t pentru uz educa\u021bional, c\u00e2t \u0219i pentru turnee. Este conceput pentru a fi inclusiv din punct de vedere cultural \u0219i spiritual. Produc\u021bia a fost sprijinit\u0103 prin subven\u021bii din partea Consiliului Cultural din Massachusetts \u0219i a programului Erasmus+ pentru tineret al Uniunii Europene.<\/p><p>\u00a0<\/p><p>Afla\u021bi mai multe despre povestea designului \u015eAH\u00ce la:\u00a0 \u00a0<a href=\"http:\/\/www.shahimasterset.com\/\">www.shahimasterset.com<\/a><\/p><p>De asemenea, consulta\u021bi proiectele noastre conexe:<br \/>Curriculum IA bazat pe \u0219ah: <a href=\"http:\/\/www.shatranj.ai\/\">shatranj.ai<\/a><\/p><p>Expozi\u021bie istoric\u0103 de jocuri ale min\u021bii: <a href=\"https:\/\/shatranj.art\/ro\/\">shatranj.art<\/a><\/p>\t\t\t\t\t\t\t\t<\/div>\n\t\t\t\t<\/div>\n\t\t\t\t<div class=\"elementor-element elementor-element-7946825 elementor-widget elementor-widget-image\" data-id=\"7946825\" data-element_type=\"widget\" data-e-type=\"widget\" data-widget_type=\"image.default\">\n\t\t\t\t<div class=\"elementor-widget-container\">\n\t\t\t\t\t\t\t\t\t\t\t\t\t\t\t<img decoding=\"async\" width=\"559\" height=\"397\" src=\"https:\/\/shatranj.art\/wp-content\/uploads\/2026\/02\/shahi-engish-brochure-A6-page1.png\" class=\"attachment-full size-full wp-image-1548\" alt=\"\" srcset=\"https:\/\/shatranj.art\/wp-content\/uploads\/2026\/02\/shahi-engish-brochure-A6-page1.png 559w, https:\/\/shatranj.art\/wp-content\/uploads\/2026\/02\/shahi-engish-brochure-A6-page1-300x213.png 300w, https:\/\/shatranj.art\/wp-content\/uploads\/2026\/02\/shahi-engish-brochure-A6-page1-18x12.png 18w\" sizes=\"(max-width: 559px) 100vw, 559px\" \/>\t\t\t\t\t\t\t\t\t\t\t\t\t\t\t<\/div>\n\t\t\t\t<\/div>\n\t\t\t\t<\/div>\n\t\t\t\t\t<\/div>\n\t\t\t\t<\/div>\n\t\t\t\t<\/div>","protected":false},"excerpt":{"rendered":"<p>The origins of the \u015eAH\u00ce\u00a0 word and its connection to the evolution of chess\u00a0 SHAH (\u015eAH) is a term used in many Slavic languages for chess. The German word &#8220;schach,&#8221; French &#8220;\u00e9checs,&#8221; and English &#8220;chess&#8221; are all phonetically derived from the word &#8220;shah.&#8221; The term &#8220;\u015eAH\u00ce&#8221; as an adjective means royal or specific to the [&hellip;]<\/p>\n","protected":false},"author":1,"featured_media":0,"parent":743,"menu_order":0,"comment_status":"closed","ping_status":"closed","template":"","meta":{"footnotes":""},"class_list":["post-1543","page","type-page","status-publish","hentry"],"_links":{"self":[{"href":"https:\/\/shatranj.art\/ro\/wp-json\/wp\/v2\/pages\/1543","targetHints":{"allow":["GET"]}}],"collection":[{"href":"https:\/\/shatranj.art\/ro\/wp-json\/wp\/v2\/pages"}],"about":[{"href":"https:\/\/shatranj.art\/ro\/wp-json\/wp\/v2\/types\/page"}],"author":[{"embeddable":true,"href":"https:\/\/shatranj.art\/ro\/wp-json\/wp\/v2\/users\/1"}],"replies":[{"embeddable":true,"href":"https:\/\/shatranj.art\/ro\/wp-json\/wp\/v2\/comments?post=1543"}],"version-history":[{"count":10,"href":"https:\/\/shatranj.art\/ro\/wp-json\/wp\/v2\/pages\/1543\/revisions"}],"predecessor-version":[{"id":1557,"href":"https:\/\/shatranj.art\/ro\/wp-json\/wp\/v2\/pages\/1543\/revisions\/1557"}],"up":[{"embeddable":true,"href":"https:\/\/shatranj.art\/ro\/wp-json\/wp\/v2\/pages\/743"}],"wp:attachment":[{"href":"https:\/\/shatranj.art\/ro\/wp-json\/wp\/v2\/media?parent=1543"}],"curies":[{"name":"wp","href":"https:\/\/api.w.org\/{rel}","templated":true}]}}