{"id":746,"date":"2026-02-21T08:56:19","date_gmt":"2026-02-21T08:56:19","guid":{"rendered":"https:\/\/shatranj.art\/?page_id=746"},"modified":"2026-02-24T09:40:48","modified_gmt":"2026-02-24T09:40:48","slug":"poster-2","status":"publish","type":"page","link":"https:\/\/shatranj.art\/ro\/exhibit\/poster-2\/","title":{"rendered":"poster 2"},"content":{"rendered":"<div data-elementor-type=\"wp-page\" data-elementor-id=\"746\" class=\"elementor elementor-746\" data-elementor-post-type=\"page\">\n\t\t\t\t<div class=\"elementor-element elementor-element-ce34391 e-flex e-con-boxed e-con e-parent\" data-id=\"ce34391\" data-element_type=\"container\" data-e-type=\"container\" data-settings=\"{&quot;background_background&quot;:&quot;classic&quot;}\">\n\t\t\t\t\t<div class=\"e-con-inner\">\n\t\t<div class=\"elementor-element elementor-element-0ae7be7 e-grid e-con-full e-con e-child\" data-id=\"0ae7be7\" data-element_type=\"container\" data-e-type=\"container\">\n\t\t<div class=\"elementor-element elementor-element-1ce30ac e-con-full e-flex e-con e-child\" data-id=\"1ce30ac\" data-element_type=\"container\" data-e-type=\"container\">\n\t\t\t\t<div class=\"elementor-element elementor-element-19e97fe elementor-widget elementor-widget-image\" data-id=\"19e97fe\" data-element_type=\"widget\" data-e-type=\"widget\" data-widget_type=\"image.default\">\n\t\t\t\t<div class=\"elementor-widget-container\">\n\t\t\t\t\t\t\t\t\t\t\t\t\t\t\t<img fetchpriority=\"high\" decoding=\"async\" width=\"1635\" height=\"2180\" src=\"https:\/\/shatranj.art\/wp-content\/uploads\/2026\/02\/3.jpg\" class=\"attachment-full size-full wp-image-765\" alt=\"\" srcset=\"https:\/\/shatranj.art\/wp-content\/uploads\/2026\/02\/3.jpg 1635w, https:\/\/shatranj.art\/wp-content\/uploads\/2026\/02\/3-225x300.jpg 225w, https:\/\/shatranj.art\/wp-content\/uploads\/2026\/02\/3-768x1024.jpg 768w, https:\/\/shatranj.art\/wp-content\/uploads\/2026\/02\/3-1152x1536.jpg 1152w, https:\/\/shatranj.art\/wp-content\/uploads\/2026\/02\/3-1536x2048.jpg 1536w\" sizes=\"(max-width: 1635px) 100vw, 1635px\" \/>\t\t\t\t\t\t\t\t\t\t\t\t\t\t\t<\/div>\n\t\t\t\t<\/div>\n\t\t\t\t<div class=\"elementor-element elementor-element-d10d922 elementor-widget elementor-widget-text-editor\" data-id=\"d10d922\" data-element_type=\"widget\" data-e-type=\"widget\" data-widget_type=\"text-editor.default\">\n\t\t\t\t<div class=\"elementor-widget-container\">\n\t\t\t\t\t\t\t\t\t<p><strong>Ritmul recoltei: Mancala \u0219i \u00een\u021belepciunea colectiv\u0103<\/strong><span style=\"font-weight: 400;\"> <br \/>R\u0103sp\u00e2ndit din inima Africii p\u00e2n\u0103 \u00een Asia \u0219i Orientul Mijlociu, Mancala este cel mai vechi joc \u201cnum\u0103r\u0103 \u0219i prinde\u201d al omenirii. Descoperit \u00een forme variind de la g\u0103uri s\u0103pate \u00een p\u0103m\u00e2nt p\u00e2n\u0103 la magnifice panouri de lemn sculptate pentru regalitate, acesta simbolizeaz\u0103 nu doar abilitatea matematic\u0103, ci \u0219i ciclurile abunden\u021bei \u0219i schimbului. De\u0219i cunoscut sub mai multe nume de-a lungul mileniilor, logica sa coerent\u0103 \u0219i profund\u0103 serve\u0219te drept m\u0103rturie a modului \u00een care intelectul uman se \u00eent\u00e2lne\u0219te pe un teren universal, indiferent de geografie.<br \/><\/span><\/p>\t\t\t\t\t\t\t\t<\/div>\n\t\t\t\t<\/div>\n\t\t\t\t<\/div>\n\t\t<div class=\"elementor-element elementor-element-729250c e-con-full e-flex e-con e-child\" data-id=\"729250c\" data-element_type=\"container\" data-e-type=\"container\">\n\t\t\t\t<div class=\"elementor-element elementor-element-acf6f3e elementor-widget elementor-widget-image\" data-id=\"acf6f3e\" data-element_type=\"widget\" data-e-type=\"widget\" data-widget_type=\"image.default\">\n\t\t\t\t<div class=\"elementor-widget-container\">\n\t\t\t\t\t\t\t\t\t\t\t\t\t\t\t<img decoding=\"async\" width=\"2433\" height=\"1622\" src=\"https:\/\/shatranj.art\/wp-content\/uploads\/2026\/02\/3-2.jpg\" class=\"attachment-full size-full wp-image-766\" alt=\"\" srcset=\"https:\/\/shatranj.art\/wp-content\/uploads\/2026\/02\/3-2.jpg 2433w, https:\/\/shatranj.art\/wp-content\/uploads\/2026\/02\/3-2-300x200.jpg 300w, https:\/\/shatranj.art\/wp-content\/uploads\/2026\/02\/3-2-1024x683.jpg 1024w, https:\/\/shatranj.art\/wp-content\/uploads\/2026\/02\/3-2-768x512.jpg 768w, https:\/\/shatranj.art\/wp-content\/uploads\/2026\/02\/3-2-1536x1024.jpg 1536w, https:\/\/shatranj.art\/wp-content\/uploads\/2026\/02\/3-2-2048x1365.jpg 2048w\" sizes=\"(max-width: 2433px) 100vw, 2433px\" \/>\t\t\t\t\t\t\t\t\t\t\t\t\t\t\t<\/div>\n\t\t\t\t<\/div>\n\t\t\t\t<div class=\"elementor-element elementor-element-d9c2fd4 elementor-widget elementor-widget-text-editor\" data-id=\"d9c2fd4\" data-element_type=\"widget\" data-e-type=\"widget\" data-widget_type=\"text-editor.default\">\n\t\t\t\t<div class=\"elementor-widget-container\">\n\t\t\t\t\t\t\t\t\t<p><b>Via\u021ba gravat\u0103 \u00een marmur\u0103: De la Aphrodisias la Backgammon<br \/><\/b>Frecvent \u00eent\u00e2lnite pe treptele stadioanelor \u0219i \u00een spa\u021biile publice din Afrodisia, aceste table de joc din marmur\u0103 sunt urme vii ale \u021besutului social cotidian al Romei. Ludus Duodecim Scriptorum este o mo\u0219tenire care a evoluat din cultura stradal\u0103 roman\u0103 \u00een cadrele strategice ale lumii bizantine \u0219i islamice, transform\u00e2ndu-se \u00een cele din urm\u0103 \u00een Backgammon-ul modern (Tabula). Aceste r\u00e2nduri \u0219optesc faptul c\u0103, \u00een lumea antic\u0103, oamenii nu se jucau doar jocuri; ei construiau pun\u021bi culturale.<\/p>\t\t\t\t\t\t\t\t<\/div>\n\t\t\t\t<\/div>\n\t\t\t\t<\/div>\n\t\t\t\t<\/div>\n\t\t<div class=\"elementor-element elementor-element-236ef5e e-grid e-con-full e-con e-child\" data-id=\"236ef5e\" data-element_type=\"container\" data-e-type=\"container\">\n\t\t<div class=\"elementor-element elementor-element-02db768 e-con-full e-flex e-con e-child\" data-id=\"02db768\" data-element_type=\"container\" data-e-type=\"container\">\n\t\t\t\t<div class=\"elementor-element elementor-element-51f7531 elementor-widget elementor-widget-image\" data-id=\"51f7531\" data-element_type=\"widget\" data-e-type=\"widget\" data-widget_type=\"image.default\">\n\t\t\t\t<div class=\"elementor-widget-container\">\n\t\t\t\t\t\t\t\t\t\t\t\t\t\t\t<img decoding=\"async\" width=\"2129\" height=\"1875\" src=\"https:\/\/shatranj.art\/wp-content\/uploads\/2026\/02\/3-3.jpg\" class=\"attachment-full size-full wp-image-767\" alt=\"\" srcset=\"https:\/\/shatranj.art\/wp-content\/uploads\/2026\/02\/3-3.jpg 2129w, https:\/\/shatranj.art\/wp-content\/uploads\/2026\/02\/3-3-300x264.jpg 300w, https:\/\/shatranj.art\/wp-content\/uploads\/2026\/02\/3-3-1024x902.jpg 1024w, https:\/\/shatranj.art\/wp-content\/uploads\/2026\/02\/3-3-768x676.jpg 768w, https:\/\/shatranj.art\/wp-content\/uploads\/2026\/02\/3-3-1536x1353.jpg 1536w, https:\/\/shatranj.art\/wp-content\/uploads\/2026\/02\/3-3-2048x1804.jpg 2048w\" sizes=\"(max-width: 2129px) 100vw, 2129px\" \/>\t\t\t\t\t\t\t\t\t\t\t\t\t\t\t<\/div>\n\t\t\t\t<\/div>\n\t\t\t\t<div class=\"elementor-element elementor-element-4ca9fa0 elementor-widget elementor-widget-text-editor\" data-id=\"4ca9fa0\" data-element_type=\"widget\" data-e-type=\"widget\" data-widget_type=\"text-editor.default\">\n\t\t\t\t<div class=\"elementor-widget-container\">\n\t\t\t\t\t\t\t\t\t<p><b>Primele mi\u0219c\u0103ri ale timpului: jocul regal de la Ur<\/b><span style=\"font-weight: 400;\"> <br \/>Ap\u0103rut \u00een inima Mesopotamiei, \u00een jurul anului 2600 \u00ee.Hr., acest joc este una dintre cele mai vechi pasiuni documentate ale omenirii pentru strategie. Tabla sa, \u00eencrustat\u0103 cu lapis lazuli \u0219i scoici, demonstreaz\u0103 m\u0103iestria artistic\u0103 sofisticat\u0103 a epocii. Redescoperirea, milenii mai t\u00e2rziu, a regulilor sale pe o t\u0103bli\u021b\u0103 de lut permite acestei mo\u0219teniri mentale str\u0103vechi s\u0103 se reconecteze cu lumea modern\u0103.<br \/><\/span><\/p>\t\t\t\t\t\t\t\t<\/div>\n\t\t\t\t<\/div>\n\t\t\t\t<\/div>\n\t\t<div class=\"elementor-element elementor-element-0a06631 e-con-full e-flex e-con e-child\" data-id=\"0a06631\" data-element_type=\"container\" data-e-type=\"container\">\n\t\t\t\t<div class=\"elementor-element elementor-element-361ce2f elementor-widget elementor-widget-image\" data-id=\"361ce2f\" data-element_type=\"widget\" data-e-type=\"widget\" data-widget_type=\"image.default\">\n\t\t\t\t<div class=\"elementor-widget-container\">\n\t\t\t\t\t\t\t\t\t\t\t\t\t\t\t<img loading=\"lazy\" decoding=\"async\" width=\"2353\" height=\"1875\" src=\"https:\/\/shatranj.art\/wp-content\/uploads\/2026\/02\/3-4.jpg\" class=\"attachment-full size-full wp-image-768\" alt=\"\" srcset=\"https:\/\/shatranj.art\/wp-content\/uploads\/2026\/02\/3-4.jpg 2353w, https:\/\/shatranj.art\/wp-content\/uploads\/2026\/02\/3-4-300x239.jpg 300w, https:\/\/shatranj.art\/wp-content\/uploads\/2026\/02\/3-4-1024x816.jpg 1024w, https:\/\/shatranj.art\/wp-content\/uploads\/2026\/02\/3-4-768x612.jpg 768w, https:\/\/shatranj.art\/wp-content\/uploads\/2026\/02\/3-4-1536x1224.jpg 1536w, https:\/\/shatranj.art\/wp-content\/uploads\/2026\/02\/3-4-2048x1632.jpg 2048w\" sizes=\"(max-width: 2353px) 100vw, 2353px\" \/>\t\t\t\t\t\t\t\t\t\t\t\t\t\t\t<\/div>\n\t\t\t\t<\/div>\n\t\t\t\t<div class=\"elementor-element elementor-element-c5f325b elementor-widget elementor-widget-text-editor\" data-id=\"c5f325b\" data-element_type=\"widget\" data-e-type=\"widget\" data-widget_type=\"text-editor.default\">\n\t\t\t\t<div class=\"elementor-widget-container\">\n\t\t\t\t\t\t\t\t\t<p><b>Geometrie universal\u0103: Nem\u0103rginitul Three Men's Morris<\/b><span style=\"font-weight: 400;\"> <br \/>R\u0103d\u0103cinile sale merg\u00e2nd de la templele egiptene antice la forumurile romane, Three Men's Morris este un simbol al strategiei profunde \u00een simplitate. Cel pu\u021bin la fel de vechi ca \u0219ahul, este \u201ccel mai democratic\u201d joc al min\u021bii, men\u021binut \u00een via\u021b\u0103 de fiecare civiliza\u021bie folosind materiale \u0219i sculpturi locale. Supravie\u021buirea sa timp de mii de ani f\u0103r\u0103 a fi nevoie de reguli complexe dovede\u0219te locul s\u0103u imuabil \u00een psihicul uman.<br \/><\/span><\/p>\t\t\t\t\t\t\t\t<\/div>\n\t\t\t\t<\/div>\n\t\t\t\t<\/div>\n\t\t\t\t<\/div>\n\t\t\t\t\t<\/div>\n\t\t\t\t<\/div>\n\t\t\t\t<\/div>","protected":false},"excerpt":{"rendered":"<p>The Rhythm of Harvest: Mancala and Collective Wisdom Spanning from the heart of Africa to Asia and the Middle East, Mancala is humanity\u2019s oldest &#8220;count-and-capture&#8221; game. Found in forms ranging from holes dug into the earth to magnificent wooden boards carved for royalty, it symbolizes not just mathematical skill, but the cycles of abundance and [&hellip;]<\/p>\n","protected":false},"author":1,"featured_media":0,"parent":743,"menu_order":0,"comment_status":"closed","ping_status":"closed","template":"elementor_header_footer","meta":{"footnotes":""},"class_list":["post-746","page","type-page","status-publish","hentry"],"_links":{"self":[{"href":"https:\/\/shatranj.art\/ro\/wp-json\/wp\/v2\/pages\/746","targetHints":{"allow":["GET"]}}],"collection":[{"href":"https:\/\/shatranj.art\/ro\/wp-json\/wp\/v2\/pages"}],"about":[{"href":"https:\/\/shatranj.art\/ro\/wp-json\/wp\/v2\/types\/page"}],"author":[{"embeddable":true,"href":"https:\/\/shatranj.art\/ro\/wp-json\/wp\/v2\/users\/1"}],"replies":[{"embeddable":true,"href":"https:\/\/shatranj.art\/ro\/wp-json\/wp\/v2\/comments?post=746"}],"version-history":[{"count":11,"href":"https:\/\/shatranj.art\/ro\/wp-json\/wp\/v2\/pages\/746\/revisions"}],"predecessor-version":[{"id":1595,"href":"https:\/\/shatranj.art\/ro\/wp-json\/wp\/v2\/pages\/746\/revisions\/1595"}],"up":[{"embeddable":true,"href":"https:\/\/shatranj.art\/ro\/wp-json\/wp\/v2\/pages\/743"}],"wp:attachment":[{"href":"https:\/\/shatranj.art\/ro\/wp-json\/wp\/v2\/media?parent=746"}],"curies":[{"name":"wp","href":"https:\/\/api.w.org\/{rel}","templated":true}]}}