{"id":826,"date":"2026-02-21T20:39:58","date_gmt":"2026-02-21T20:39:58","guid":{"rendered":"https:\/\/shatranj.art\/?page_id=826"},"modified":"2026-02-23T04:40:58","modified_gmt":"2026-02-23T04:40:58","slug":"poster-9","status":"publish","type":"page","link":"https:\/\/shatranj.art\/ro\/exhibit\/poster-9\/","title":{"rendered":"poster 9"},"content":{"rendered":"<div data-elementor-type=\"wp-page\" data-elementor-id=\"826\" class=\"elementor elementor-826\" data-elementor-post-type=\"page\">\n\t\t\t\t<div class=\"elementor-element elementor-element-33b56aa e-flex e-con-boxed e-con e-parent\" data-id=\"33b56aa\" data-element_type=\"container\" data-e-type=\"container\" data-settings=\"{&quot;background_background&quot;:&quot;classic&quot;}\">\n\t\t\t\t\t<div class=\"e-con-inner\">\n\t\t<div class=\"elementor-element elementor-element-44a7504 e-con-full e-flex e-con e-child\" data-id=\"44a7504\" data-element_type=\"container\" data-e-type=\"container\">\n\t\t\t\t<div class=\"elementor-element elementor-element-53f2410 elementor-widget__width-initial elementor-widget elementor-widget-image\" data-id=\"53f2410\" data-element_type=\"widget\" data-e-type=\"widget\" data-widget_type=\"image.default\">\n\t\t\t\t<div class=\"elementor-widget-container\">\n\t\t\t\t\t\t\t\t\t\t\t\t\t\t\t<img fetchpriority=\"high\" decoding=\"async\" width=\"1356\" height=\"1803\" src=\"https:\/\/shatranj.art\/wp-content\/uploads\/2026\/02\/9.jpg\" class=\"attachment-full size-full wp-image-828\" alt=\"\" srcset=\"https:\/\/shatranj.art\/wp-content\/uploads\/2026\/02\/9.jpg 1356w, https:\/\/shatranj.art\/wp-content\/uploads\/2026\/02\/9-226x300.jpg 226w, https:\/\/shatranj.art\/wp-content\/uploads\/2026\/02\/9-770x1024.jpg 770w, https:\/\/shatranj.art\/wp-content\/uploads\/2026\/02\/9-768x1021.jpg 768w, https:\/\/shatranj.art\/wp-content\/uploads\/2026\/02\/9-1155x1536.jpg 1155w\" sizes=\"(max-width: 1356px) 100vw, 1356px\" \/>\t\t\t\t\t\t\t\t\t\t\t\t\t\t\t<\/div>\n\t\t\t\t<\/div>\n\t\t\t\t<div class=\"elementor-element elementor-element-efc76fe elementor-widget__width-initial elementor-widget elementor-widget-text-editor\" data-id=\"efc76fe\" data-element_type=\"widget\" data-e-type=\"widget\" data-widget_type=\"text-editor.default\">\n\t\t\t\t<div class=\"elementor-widget-container\">\n\t\t\t\t\t\t\t\t\t<p><strong>O mo\u0219tenire strategic\u0103: Liniile arhitecturale ale setului Averbakh<\/strong><\/p><p>\u00a0<\/p><p>Numit dup\u0103 Yuri Averbakh, unul dintre cei mai mari teoreticieni ai \u0219ahului modern \u0219i un maestru al jocului final, acest set reprezint\u0103 epoca de aur a \u0219colii sovietice de \u0219ah. Utilizat frecvent \u00een turneele prestigioase din anii 1950 \u0219i 1960, acest design este renumit pentru liniile sale minimaliste, care sporesc concentrarea \u0219i echilibrate arhitectural. Reflect\u00e2nd abordarea \u0219tiin\u021bific\u0103 a lui Averbakh, \u00een care tabla de \u0219ah era tratat\u0103 ca un laborator, aceste piese, cu tijele lor sub\u021biri \u0219i siluetele simplificate, simbolizeaz\u0103 cea mai pur\u0103 form\u0103 de intelect. Acest set este mai mult dec\u00e2t un instrument de joc; este un manifest vizual al erei hegemoniei \u0219ahului sovietic \u0219i o intersec\u021bie disciplinat\u0103 a me\u0219te\u0219ugului \u0219i a strategiei.<\/p>\t\t\t\t\t\t\t\t<\/div>\n\t\t\t\t<\/div>\n\t\t\t\t<\/div>\n\t\t<div class=\"elementor-element elementor-element-ae859ed e-con-full e-flex e-con e-child\" data-id=\"ae859ed\" data-element_type=\"container\" data-e-type=\"container\">\n\t\t\t\t<div class=\"elementor-element elementor-element-c38a481 elementor-widget elementor-widget-image\" data-id=\"c38a481\" data-element_type=\"widget\" data-e-type=\"widget\" data-widget_type=\"image.default\">\n\t\t\t\t<div class=\"elementor-widget-container\">\n\t\t\t\t\t\t\t\t\t\t\t\t\t\t\t<img decoding=\"async\" width=\"1972\" height=\"1308\" src=\"https:\/\/shatranj.art\/wp-content\/uploads\/2026\/02\/9-1.jpg\" class=\"attachment-full size-full wp-image-829\" alt=\"\" srcset=\"https:\/\/shatranj.art\/wp-content\/uploads\/2026\/02\/9-1.jpg 1972w, https:\/\/shatranj.art\/wp-content\/uploads\/2026\/02\/9-1-300x199.jpg 300w, https:\/\/shatranj.art\/wp-content\/uploads\/2026\/02\/9-1-1024x679.jpg 1024w, https:\/\/shatranj.art\/wp-content\/uploads\/2026\/02\/9-1-768x509.jpg 768w, https:\/\/shatranj.art\/wp-content\/uploads\/2026\/02\/9-1-1536x1019.jpg 1536w\" sizes=\"(max-width: 1972px) 100vw, 1972px\" \/>\t\t\t\t\t\t\t\t\t\t\t\t\t\t\t<\/div>\n\t\t\t\t<\/div>\n\t\t\t\t<div class=\"elementor-element elementor-element-f7be571 elementor-widget elementor-widget-image\" data-id=\"f7be571\" data-element_type=\"widget\" data-e-type=\"widget\" data-widget_type=\"image.default\">\n\t\t\t\t<div class=\"elementor-widget-container\">\n\t\t\t\t\t\t\t\t\t\t\t\t\t\t\t<img decoding=\"async\" width=\"2160\" height=\"1317\" src=\"https:\/\/shatranj.art\/wp-content\/uploads\/2026\/02\/9-2.jpg\" class=\"attachment-full size-full wp-image-830\" alt=\"\" srcset=\"https:\/\/shatranj.art\/wp-content\/uploads\/2026\/02\/9-2.jpg 2160w, https:\/\/shatranj.art\/wp-content\/uploads\/2026\/02\/9-2-300x183.jpg 300w, https:\/\/shatranj.art\/wp-content\/uploads\/2026\/02\/9-2-1024x624.jpg 1024w, https:\/\/shatranj.art\/wp-content\/uploads\/2026\/02\/9-2-768x468.jpg 768w, https:\/\/shatranj.art\/wp-content\/uploads\/2026\/02\/9-2-1536x937.jpg 1536w, https:\/\/shatranj.art\/wp-content\/uploads\/2026\/02\/9-2-2048x1249.jpg 2048w\" sizes=\"(max-width: 2160px) 100vw, 2160px\" \/>\t\t\t\t\t\t\t\t\t\t\t\t\t\t\t<\/div>\n\t\t\t\t<\/div>\n\t\t\t\t<\/div>\n\t\t\t\t<div class=\"elementor-element elementor-element-9d4fead elementor-widget elementor-widget-text-editor\" data-id=\"9d4fead\" data-element_type=\"widget\" data-e-type=\"widget\" data-widget_type=\"text-editor.default\">\n\t\t\t\t<div class=\"elementor-widget-container\">\n\t\t\t\t\t\t\t\t\t<p><b>Un fenomen cultural:\u00a0<\/b><b> Mo\u0219tenirea leton\u0103 a lui Beth Harmon<\/b><\/p><p>Simbol al momentului revolu\u021bionar \u00een care cultura popular\u0103 s-a reunit cu \u0219ahul, acest set este o reproducere a legendarului model \u201cleton sovietic\u201d din anii 1950. Prezentate \u00een uluitoarea partid\u0103 final\u0103 dintre Beth Harmon \u0219i Vasily Borgov, aceste piese cu siluetele lor sub\u021biri, \u00eenalte \u0219i elegante erau cunoscute ca fiind favoritele campionului mondial Mikhail Tal, \u201cMagicianul din Riga\u201d. Realizat din mesteac\u0103n ebonizat \u0219i lemn de buxus, acest model este pictograma central\u0103 a \u201cefectului gambitului reginei\u201d, care a declan\u0219at o cre\u0219tere masiv\u0103 a interesului pentru \u0219ah la nivel mondial. Atunci c\u00e2nd me\u0219te\u0219ugul se \u00eent\u00e2lne\u0219te cu povestirea cinematografic\u0103, acest set reprezint\u0103 o dovad\u0103 puternic\u0103 a atrac\u021biei universale a \u0219ahului \u00een epoca modern\u0103.<\/p>\t\t\t\t\t\t\t\t<\/div>\n\t\t\t\t<\/div>\n\t\t<div class=\"elementor-element elementor-element-dc9aff1 e-con-full e-flex e-con e-child\" data-id=\"dc9aff1\" data-element_type=\"container\" data-e-type=\"container\">\n\t\t\t\t<div class=\"elementor-element elementor-element-96cc3e0 elementor-widget elementor-widget-image\" data-id=\"96cc3e0\" data-element_type=\"widget\" data-e-type=\"widget\" data-widget_type=\"image.default\">\n\t\t\t\t<div class=\"elementor-widget-container\">\n\t\t\t\t\t\t\t\t\t\t\t\t\t\t\t<img loading=\"lazy\" decoding=\"async\" width=\"1513\" height=\"1360\" src=\"https:\/\/shatranj.art\/wp-content\/uploads\/2026\/02\/9-3.jpg\" class=\"attachment-full size-full wp-image-831\" alt=\"\" srcset=\"https:\/\/shatranj.art\/wp-content\/uploads\/2026\/02\/9-3.jpg 1513w, https:\/\/shatranj.art\/wp-content\/uploads\/2026\/02\/9-3-300x270.jpg 300w, https:\/\/shatranj.art\/wp-content\/uploads\/2026\/02\/9-3-1024x920.jpg 1024w, https:\/\/shatranj.art\/wp-content\/uploads\/2026\/02\/9-3-768x690.jpg 768w\" sizes=\"(max-width: 1513px) 100vw, 1513px\" \/>\t\t\t\t\t\t\t\t\t\t\t\t\t\t\t<\/div>\n\t\t\t\t<\/div>\n\t\t\t\t<div class=\"elementor-element elementor-element-59f8cf3 elementor-widget elementor-widget-image\" data-id=\"59f8cf3\" data-element_type=\"widget\" data-e-type=\"widget\" data-widget_type=\"image.default\">\n\t\t\t\t<div class=\"elementor-widget-container\">\n\t\t\t\t\t\t\t\t\t\t\t\t\t\t\t<img loading=\"lazy\" decoding=\"async\" width=\"1637\" height=\"990\" src=\"https:\/\/shatranj.art\/wp-content\/uploads\/2026\/02\/9-4.jpg\" class=\"attachment-full size-full wp-image-833\" alt=\"\" srcset=\"https:\/\/shatranj.art\/wp-content\/uploads\/2026\/02\/9-4.jpg 1637w, https:\/\/shatranj.art\/wp-content\/uploads\/2026\/02\/9-4-300x181.jpg 300w, https:\/\/shatranj.art\/wp-content\/uploads\/2026\/02\/9-4-1024x619.jpg 1024w, https:\/\/shatranj.art\/wp-content\/uploads\/2026\/02\/9-4-768x464.jpg 768w, https:\/\/shatranj.art\/wp-content\/uploads\/2026\/02\/9-4-1536x929.jpg 1536w\" sizes=\"(max-width: 1637px) 100vw, 1637px\" \/>\t\t\t\t\t\t\t\t\t\t\t\t\t\t\t<\/div>\n\t\t\t\t<\/div>\n\t\t\t\t<div class=\"elementor-element elementor-element-5ed6e7b elementor-widget elementor-widget-image\" data-id=\"5ed6e7b\" data-element_type=\"widget\" data-e-type=\"widget\" data-widget_type=\"image.default\">\n\t\t\t\t<div class=\"elementor-widget-container\">\n\t\t\t\t\t\t\t\t\t\t\t\t\t\t\t<img loading=\"lazy\" decoding=\"async\" width=\"1464\" height=\"1310\" src=\"https:\/\/shatranj.art\/wp-content\/uploads\/2026\/02\/9-5.jpg\" class=\"attachment-full size-full wp-image-834\" alt=\"\" srcset=\"https:\/\/shatranj.art\/wp-content\/uploads\/2026\/02\/9-5.jpg 1464w, https:\/\/shatranj.art\/wp-content\/uploads\/2026\/02\/9-5-300x268.jpg 300w, https:\/\/shatranj.art\/wp-content\/uploads\/2026\/02\/9-5-1024x916.jpg 1024w, https:\/\/shatranj.art\/wp-content\/uploads\/2026\/02\/9-5-768x687.jpg 768w\" sizes=\"(max-width: 1464px) 100vw, 1464px\" \/>\t\t\t\t\t\t\t\t\t\t\t\t\t\t\t<\/div>\n\t\t\t\t<\/div>\n\t\t\t\t<\/div>\n\t\t\t\t<div class=\"elementor-element elementor-element-cd06d9e elementor-widget elementor-widget-text-editor\" data-id=\"cd06d9e\" data-element_type=\"widget\" data-e-type=\"widget\" data-widget_type=\"text-editor.default\">\n\t\t\t\t<div class=\"elementor-widget-container\">\n\t\t\t\t\t\t\t\t\t<p><b>Un ora\u0219, un campionat, un mit:\u00a0<\/b><b>Mo\u0219tenirea \u201cBaku\u201d a Leningradului<\/b><\/p><p>Cunoscut \u00een lumea \u0219ahului drept setul \u201cBaku 1961\u201d, acest model este de fapt o capodoper\u0103 a atelierelor Artel Drevprom din regiunea Leningrad. Acesta \u0219i-a c\u00e2\u0219tigat porecla dup\u0103 ce a fost folosit de gigan\u021bi precum Mikhail Tal \u00een timpul Campionatului URSS din 1961, desf\u0103\u0219urat la Baku. Silueta sa iconic\u0103 cu tije lungi \u0219i sub\u021biri este, de fapt, o expresie pur\u0103 a modernismului din Leningrad.<\/p><p>C\u00e2nt\u0103rite cu rumegu\u0219 comprimat \u00een loc de plumb din cauza penuriei din timpul r\u0103zboiului, aceste piese demonstreaz\u0103 c\u0103 me\u0219te\u0219ugul poate r\u0103m\u00e2ne estetic chiar \u0219i sub constr\u00e2ngeri severe. Cu forma sa secular\u0103 \u0219i minimalist\u0103, complet lipsit\u0103 de simboluri religioase, setul s-a transformat \u00eentr-un instrument universal de strategie. Av\u00e2nd amprentele figurative ale unui t\u00e2n\u0103r Kasparov care a crescut juc\u00e2ndu-se cu aceste piese \u00een Baku, acest model din Leningrad este un exemplu clasic al modului \u00een care o denumire gre\u0219it\u0103 poate deveni o legend\u0103 global\u0103.<\/p>\t\t\t\t\t\t\t\t<\/div>\n\t\t\t\t<\/div>\n\t\t\t\t\t<\/div>\n\t\t\t\t<\/div>\n\t\t\t\t<\/div>","protected":false},"excerpt":{"rendered":"<p>A Strategic Legacy:\u00a0The Architectural Lines of the Averbakh Set \u00a0 Named after Yuri Averbakh, one of the greatest theorists of modern chess and a master of the endgame, this set represents the golden age of the Soviet Chess School. Frequently used in the prestigious tournaments of the 1950s and 60s, this design is renowned for [&hellip;]<\/p>\n","protected":false},"author":1,"featured_media":0,"parent":743,"menu_order":0,"comment_status":"closed","ping_status":"closed","template":"","meta":{"footnotes":""},"class_list":["post-826","page","type-page","status-publish","hentry"],"_links":{"self":[{"href":"https:\/\/shatranj.art\/ro\/wp-json\/wp\/v2\/pages\/826","targetHints":{"allow":["GET"]}}],"collection":[{"href":"https:\/\/shatranj.art\/ro\/wp-json\/wp\/v2\/pages"}],"about":[{"href":"https:\/\/shatranj.art\/ro\/wp-json\/wp\/v2\/types\/page"}],"author":[{"embeddable":true,"href":"https:\/\/shatranj.art\/ro\/wp-json\/wp\/v2\/users\/1"}],"replies":[{"embeddable":true,"href":"https:\/\/shatranj.art\/ro\/wp-json\/wp\/v2\/comments?post=826"}],"version-history":[{"count":10,"href":"https:\/\/shatranj.art\/ro\/wp-json\/wp\/v2\/pages\/826\/revisions"}],"predecessor-version":[{"id":1195,"href":"https:\/\/shatranj.art\/ro\/wp-json\/wp\/v2\/pages\/826\/revisions\/1195"}],"up":[{"embeddable":true,"href":"https:\/\/shatranj.art\/ro\/wp-json\/wp\/v2\/pages\/743"}],"wp:attachment":[{"href":"https:\/\/shatranj.art\/ro\/wp-json\/wp\/v2\/media?parent=826"}],"curies":[{"name":"wp","href":"https:\/\/api.w.org\/{rel}","templated":true}]}}