{"id":894,"date":"2026-02-22T08:28:54","date_gmt":"2026-02-22T08:28:54","guid":{"rendered":"https:\/\/shatranj.art\/?page_id=894"},"modified":"2026-02-23T04:42:50","modified_gmt":"2026-02-23T04:42:50","slug":"poster-10","status":"publish","type":"page","link":"https:\/\/shatranj.art\/ro\/exhibit\/poster-10\/","title":{"rendered":"poster 10"},"content":{"rendered":"<div data-elementor-type=\"wp-page\" data-elementor-id=\"894\" class=\"elementor elementor-894\" data-elementor-post-type=\"page\">\n\t\t\t\t<div class=\"elementor-element elementor-element-96a2a82 e-flex e-con-boxed e-con e-parent\" data-id=\"96a2a82\" data-element_type=\"container\" data-e-type=\"container\" data-settings=\"{&quot;background_background&quot;:&quot;classic&quot;}\">\n\t\t\t\t\t<div class=\"e-con-inner\">\n\t\t<div class=\"elementor-element elementor-element-7a9d5df e-con-full e-flex e-con e-child\" data-id=\"7a9d5df\" data-element_type=\"container\" data-e-type=\"container\">\n\t\t\t\t<div class=\"elementor-element elementor-element-4c3a07b elementor-widget__width-initial elementor-widget elementor-widget-text-editor\" data-id=\"4c3a07b\" data-element_type=\"widget\" data-e-type=\"widget\" data-widget_type=\"text-editor.default\">\n\t\t\t\t<div class=\"elementor-widget-container\">\n\t\t\t\t\t\t\t\t\t<p><strong>O \u00eent\u00e2lnire intelectual\u0103: Juc\u0103toarele de \u0219ah din Evul Mediu<\/strong><\/p><p>\u00a0<\/p><p>Aceast\u0103 miniatur\u0103 rar\u0103 din manuscrisul Libro de los Juegos din 1283 prezint\u0103 una dintre cele mai puternice reprezent\u0103ri ale femeilor din istoria \u0219ahului. Concentrate asupra jocului cu profunzime strategic\u0103 la umbra unui cort, aceste dou\u0103 personaje reprezint\u0103 o uniune a intelectului care transcende grani\u021bele sociale \u0219i religioase ale epocii. Reflect\u00e2nd \u201cConvivencia\u201d multicultural\u0103 din Al Andalus, aceast\u0103 lucrare dovede\u0219te c\u0103 \u0219ahul nu a fost doar o distrac\u021bie de curte, ci un spa\u021biu universal de exprimare \u00een care femeile \u0219i-au etalat abilit\u0103\u021bile mentale. La aceast\u0103 mas\u0103 se \u00eentruchipeaz\u0103 un dialog civilizat \u00eentre femei de credin\u021be \u0219i culturi diferite, care se \u00eent\u00e2lnesc \u00een lumea corect\u0103 \u0219i structurat\u0103 a jocului.<\/p>\t\t\t\t\t\t\t\t<\/div>\n\t\t\t\t<\/div>\n\t\t\t\t<div class=\"elementor-element elementor-element-0b75406 elementor-widget__width-initial elementor-widget elementor-widget-image\" data-id=\"0b75406\" data-element_type=\"widget\" data-e-type=\"widget\" data-widget_type=\"image.default\">\n\t\t\t\t<div class=\"elementor-widget-container\">\n\t\t\t\t\t\t\t\t\t\t\t\t\t\t\t<img fetchpriority=\"high\" decoding=\"async\" width=\"800\" height=\"570\" src=\"https:\/\/shatranj.art\/wp-content\/uploads\/2026\/02\/10-1024x730.jpg\" class=\"attachment-large size-large wp-image-900\" alt=\"\" srcset=\"https:\/\/shatranj.art\/wp-content\/uploads\/2026\/02\/10-1024x730.jpg 1024w, https:\/\/shatranj.art\/wp-content\/uploads\/2026\/02\/10-300x214.jpg 300w, https:\/\/shatranj.art\/wp-content\/uploads\/2026\/02\/10-768x548.jpg 768w, https:\/\/shatranj.art\/wp-content\/uploads\/2026\/02\/10.jpg 1474w\" sizes=\"(max-width: 800px) 100vw, 800px\" \/>\t\t\t\t\t\t\t\t\t\t\t\t\t\t\t<\/div>\n\t\t\t\t<\/div>\n\t\t\t\t<div class=\"elementor-element elementor-element-58f2c39 elementor-widget__width-initial elementor-widget elementor-widget-image\" data-id=\"58f2c39\" data-element_type=\"widget\" data-e-type=\"widget\" data-widget_type=\"image.default\">\n\t\t\t\t<div class=\"elementor-widget-container\">\n\t\t\t\t\t\t\t\t\t\t\t\t\t\t\t<img decoding=\"async\" width=\"800\" height=\"450\" src=\"https:\/\/shatranj.art\/wp-content\/uploads\/2026\/02\/10-1-1024x576.jpg\" class=\"attachment-large size-large wp-image-901\" alt=\"\" srcset=\"https:\/\/shatranj.art\/wp-content\/uploads\/2026\/02\/10-1-1024x576.jpg 1024w, https:\/\/shatranj.art\/wp-content\/uploads\/2026\/02\/10-1-300x169.jpg 300w, https:\/\/shatranj.art\/wp-content\/uploads\/2026\/02\/10-1-768x432.jpg 768w, https:\/\/shatranj.art\/wp-content\/uploads\/2026\/02\/10-1.jpg 1534w\" sizes=\"(max-width: 800px) 100vw, 800px\" \/>\t\t\t\t\t\t\t\t\t\t\t\t\t\t\t<\/div>\n\t\t\t\t<\/div>\n\t\t\t\t<div class=\"elementor-element elementor-element-41081fb elementor-widget__width-initial elementor-widget elementor-widget-text-editor\" data-id=\"41081fb\" data-element_type=\"widget\" data-e-type=\"widget\" data-widget_type=\"text-editor.default\">\n\t\t\t\t<div class=\"elementor-widget-container\">\n\t\t\t\t\t\t\t\t\t<p><b>Combaterea prejudec\u0103\u021bilor: <\/b><b>Podul cultural din Al-Andalus<\/b><\/p><p>\u00a0<\/p><p>Aceast\u0103 scen\u0103 izbitoare din manuscrisul Libro de los Juegos din 1283 reune\u0219te \u021bes\u0103tura multicultural\u0103 a Evului Mediu pe o singur\u0103 tabl\u0103 de \u0219ah. Reprezent\u00e2nd un musulman \u0219i un evreu care fac abstrac\u021bie de barierele religioase \u0219i sociale pentru a se angaja \u00eentr-o lupt\u0103 mental\u0103, aceasta serve\u0219te drept m\u0103rturie a puterii seculare \u0219i universale a \u0219ahului. Piesele de \u0219ah reprezint\u0103 mo\u0219tenirea cultural\u0103 unificat\u0103 a Mediteranei, Africii de Nord \u0219i Orientului Mijlociu, prezent\u00e2nd forme abstracte \u0219i geometrice complet lipsite de iconografie religioas\u0103. Aceast\u0103 filosofie holistic\u0103 de proiectare permite juc\u0103torilor s\u0103 se concentreze exclusiv asupra regulilor jocului \u0219i asupra intelectului fiec\u0103ruia, transform\u00e2nd tabla de \u0219ah \u00eentr-un teren cu adev\u0103rat neutru. Dialogul civilizat stabilit la aceast\u0103 mas\u0103 simbolizeaz\u0103 puterea unificatoare a me\u0219te\u0219ugului \u0219i a strategiei.<\/p>\t\t\t\t\t\t\t\t<\/div>\n\t\t\t\t<\/div>\n\t\t\t\t<\/div>\n\t\t\t\t\t<\/div>\n\t\t\t\t<\/div>\n\t\t\t\t<\/div>","protected":false},"excerpt":{"rendered":"<p>An Intellectual Encounter: The Female Chess Players of the Middle Ages \u00a0 This rare miniature from the 1283 manuscript Libro de los Juegos features one of the most powerful depictions of women in chess history. Focused on the game with strategic depth under the shade of a tent, these two figures represent a union of [&hellip;]<\/p>\n","protected":false},"author":1,"featured_media":0,"parent":743,"menu_order":0,"comment_status":"closed","ping_status":"closed","template":"","meta":{"footnotes":""},"class_list":["post-894","page","type-page","status-publish","hentry"],"_links":{"self":[{"href":"https:\/\/shatranj.art\/ro\/wp-json\/wp\/v2\/pages\/894","targetHints":{"allow":["GET"]}}],"collection":[{"href":"https:\/\/shatranj.art\/ro\/wp-json\/wp\/v2\/pages"}],"about":[{"href":"https:\/\/shatranj.art\/ro\/wp-json\/wp\/v2\/types\/page"}],"author":[{"embeddable":true,"href":"https:\/\/shatranj.art\/ro\/wp-json\/wp\/v2\/users\/1"}],"replies":[{"embeddable":true,"href":"https:\/\/shatranj.art\/ro\/wp-json\/wp\/v2\/comments?post=894"}],"version-history":[{"count":7,"href":"https:\/\/shatranj.art\/ro\/wp-json\/wp\/v2\/pages\/894\/revisions"}],"predecessor-version":[{"id":1198,"href":"https:\/\/shatranj.art\/ro\/wp-json\/wp\/v2\/pages\/894\/revisions\/1198"}],"up":[{"embeddable":true,"href":"https:\/\/shatranj.art\/ro\/wp-json\/wp\/v2\/pages\/743"}],"wp:attachment":[{"href":"https:\/\/shatranj.art\/ro\/wp-json\/wp\/v2\/media?parent=894"}],"curies":[{"name":"wp","href":"https:\/\/api.w.org\/{rel}","templated":true}]}}