{"id":936,"date":"2026-02-22T10:03:32","date_gmt":"2026-02-22T10:03:32","guid":{"rendered":"https:\/\/shatranj.art\/?page_id=936"},"modified":"2026-02-23T08:46:38","modified_gmt":"2026-02-23T08:46:38","slug":"poster-14","status":"publish","type":"page","link":"https:\/\/shatranj.art\/ro\/exhibit\/poster-14\/","title":{"rendered":"poster 14"},"content":{"rendered":"<div data-elementor-type=\"wp-page\" data-elementor-id=\"936\" class=\"elementor elementor-936\" data-elementor-post-type=\"page\">\n\t\t\t\t<div class=\"elementor-element elementor-element-c355192 e-flex e-con-boxed e-con e-parent\" data-id=\"c355192\" data-element_type=\"container\" data-e-type=\"container\" data-settings=\"{&quot;background_background&quot;:&quot;classic&quot;}\">\n\t\t\t\t\t<div class=\"e-con-inner\">\n\t\t<div class=\"elementor-element elementor-element-5bf7f96 e-con-full e-flex e-con e-child\" data-id=\"5bf7f96\" data-element_type=\"container\" data-e-type=\"container\">\n\t\t\t\t<div class=\"elementor-element elementor-element-82eab3c elementor-widget__width-initial elementor-widget-mobile__width-inherit elementor-widget elementor-widget-image\" data-id=\"82eab3c\" data-element_type=\"widget\" data-e-type=\"widget\" data-widget_type=\"image.default\">\n\t\t\t\t<div class=\"elementor-widget-container\">\n\t\t\t\t\t\t\t\t\t\t\t\t\t\t\t<img fetchpriority=\"high\" decoding=\"async\" width=\"768\" height=\"1024\" src=\"https:\/\/shatranj.art\/wp-content\/uploads\/2026\/02\/14-768x1024.jpg\" class=\"attachment-large size-large wp-image-939\" alt=\"\" srcset=\"https:\/\/shatranj.art\/wp-content\/uploads\/2026\/02\/14-768x1024.jpg 768w, https:\/\/shatranj.art\/wp-content\/uploads\/2026\/02\/14-225x300.jpg 225w, https:\/\/shatranj.art\/wp-content\/uploads\/2026\/02\/14-1152x1536.jpg 1152w, https:\/\/shatranj.art\/wp-content\/uploads\/2026\/02\/14-1536x2048.jpg 1536w, https:\/\/shatranj.art\/wp-content\/uploads\/2026\/02\/14-scaled.jpg 1920w\" sizes=\"(max-width: 768px) 100vw, 768px\" \/>\t\t\t\t\t\t\t\t\t\t\t\t\t\t\t<\/div>\n\t\t\t\t<\/div>\n\t\t\t\t<div class=\"elementor-element elementor-element-f30dc26 elementor-widget__width-initial elementor-widget elementor-widget-text-editor\" data-id=\"f30dc26\" data-element_type=\"widget\" data-e-type=\"widget\" data-widget_type=\"text-editor.default\">\n\t\t\t\t<div class=\"elementor-widget-container\">\n\t\t\t\t\t\t\t\t\t<p><strong>Mo\u0219tenirea intelectual\u0103 a unui aristocrat gorganit<\/strong><\/p><p>\u00a0<\/p><p>Al-Suli nu a fost doar cel mai mare maestru de \u0219ah al epocii sale; a fost un \u201cnadim\u201d (\u00eenso\u021bitor de curte) al califilor abbasizi, un istoric de palat \u0219i un poet cu spirit ascu\u021bit. N\u0103scut \u00een Gorgan \u00een jurul anului 870 d.Hr., neamul s\u0103u se trage \u00eenapoi p\u00e2n\u0103 la cetatea fortificat\u0103 Sul din stepele Dehistanului, unde bunicul s\u0103u, prin\u021bul turc Sul tekin, a domnit c\u00e2ndva. Aceast\u0103 mo\u0219tenire nobil\u0103 este comemorat\u0103 ast\u0103zi cu o statuie la Monumentul Independen\u021bei din Ashgabat, Turkmenistan.<\/p><p>\u00a0<\/p><p>De\u021bin\u00e2nd rangul de \u201cAliya\u201d, cel mai \u00eenalt titlu posibil \u00een \u0219ah, Al-Suli a transformat jocul \u00eentr-o arhitectur\u0103 \u0219tiin\u021bific\u0103 structurat\u0103. \u00cen lucrarea sa fundamental\u0103 Kitab al-Shatranj, el a fost primul care a documentat sistematic forma\u021biunile de deschidere (tabiyas) \u0219i strategiile de final (mansubas). Cadrul teoretic pe care l-a stabilit a r\u0103mas reperul definitiv pentru m\u0103iestrie \u0219i sursa principal\u0103 de referin\u021b\u0103 timp de secole, rezist\u00e2nd p\u00e2n\u0103 la apari\u021bia regulilor \u0219ahului modern.<\/p>\t\t\t\t\t\t\t\t<\/div>\n\t\t\t\t<\/div>\n\t\t<div class=\"elementor-element elementor-element-8f27e89 e-con-full e-flex e-con e-child\" data-id=\"8f27e89\" data-element_type=\"container\" data-e-type=\"container\">\n\t\t\t\t<div class=\"elementor-element elementor-element-374a727 elementor-widget-mobile__width-inherit elementor-widget elementor-widget-image\" data-id=\"374a727\" data-element_type=\"widget\" data-e-type=\"widget\" data-widget_type=\"image.default\">\n\t\t\t\t<div class=\"elementor-widget-container\">\n\t\t\t\t\t\t\t\t\t\t\t\t\t\t\t<img decoding=\"async\" width=\"800\" height=\"457\" src=\"https:\/\/shatranj.art\/wp-content\/uploads\/2026\/02\/14-1-1024x585.jpg\" class=\"attachment-large size-large wp-image-940\" alt=\"\" srcset=\"https:\/\/shatranj.art\/wp-content\/uploads\/2026\/02\/14-1-1024x585.jpg 1024w, https:\/\/shatranj.art\/wp-content\/uploads\/2026\/02\/14-1-300x171.jpg 300w, https:\/\/shatranj.art\/wp-content\/uploads\/2026\/02\/14-1-768x439.jpg 768w, https:\/\/shatranj.art\/wp-content\/uploads\/2026\/02\/14-1-1536x877.jpg 1536w, https:\/\/shatranj.art\/wp-content\/uploads\/2026\/02\/14-1-2048x1170.jpg 2048w\" sizes=\"(max-width: 800px) 100vw, 800px\" \/>\t\t\t\t\t\t\t\t\t\t\t\t\t\t\t<\/div>\n\t\t\t\t<\/div>\n\t\t\t\t<div class=\"elementor-element elementor-element-118c953 elementor-widget-mobile__width-inherit elementor-widget elementor-widget-image\" data-id=\"118c953\" data-element_type=\"widget\" data-e-type=\"widget\" data-widget_type=\"image.default\">\n\t\t\t\t<div class=\"elementor-widget-container\">\n\t\t\t\t\t\t\t\t\t\t\t\t\t\t\t<img decoding=\"async\" width=\"800\" height=\"488\" src=\"https:\/\/shatranj.art\/wp-content\/uploads\/2026\/02\/14-2-1024x624.jpg\" class=\"attachment-large size-large wp-image-941\" alt=\"\" srcset=\"https:\/\/shatranj.art\/wp-content\/uploads\/2026\/02\/14-2-1024x624.jpg 1024w, https:\/\/shatranj.art\/wp-content\/uploads\/2026\/02\/14-2-300x183.jpg 300w, https:\/\/shatranj.art\/wp-content\/uploads\/2026\/02\/14-2-768x468.jpg 768w, https:\/\/shatranj.art\/wp-content\/uploads\/2026\/02\/14-2-1536x936.jpg 1536w, https:\/\/shatranj.art\/wp-content\/uploads\/2026\/02\/14-2-2048x1249.jpg 2048w\" sizes=\"(max-width: 800px) 100vw, 800px\" \/>\t\t\t\t\t\t\t\t\t\t\t\t\t\t\t<\/div>\n\t\t\t\t<\/div>\n\t\t\t\t<\/div>\n\t\t\t\t<div class=\"elementor-element elementor-element-bbcc28f elementor-widget__width-initial elementor-widget elementor-widget-text-editor\" data-id=\"bbcc28f\" data-element_type=\"widget\" data-e-type=\"widget\" data-widget_type=\"text-editor.default\">\n\t\t\t\t<div class=\"elementor-widget-container\">\n\t\t\t\t\t\t\t\t\t<p><b>Diamantul lui Suli: V\u00e2rful \u201cnerezolvabil\u201d al strategiei pe durata unui mileniu<\/b><\/p><p>\u00a0<\/p><p>Compus\u0103 \u00een secolul al X-lea de maestrul gorganit Abu Bakr bin Yahya al-Suli, \u201cDiamantul\u201d este cea mai legendar\u0103 \u0219i discutat\u0103 ghicitoare din istoria \u0219ahului. \u00cen ciuda simplit\u0103\u021bii sale exterioare absolute, un final de partid\u0103 cu doar un rege \u0219i un Ferz (predecesorul istoric al reginei) pentru fiecare tab\u0103r\u0103, aceast\u0103 compozi\u021bie a r\u0103mas Everestul \u201cde nerezolvat\u201d al lumii \u0219ahului timp de o mie de ani. Aceast\u0103 crea\u021bie str\u0103lucit\u0103 a lui Al-Suli este o art\u0103 suprem\u0103 a manevrelor care \u00eempinge limitele \u0219ahului istoric.<\/p><p>\u00a0<\/p><p><strong>Secretul din Manuscrisul S\u00fcleymaniye<\/strong><\/p><p>\u00a0<\/p><p>Cea mai important\u0103 \u00eenregistrare a acestei enigme se g\u0103se\u0219te \u00een exemplarul Kitab Ash-Shatranj p\u0103strat \u00een Biblioteca S\u00fcleymaniye din Istanbul. De\u0219i paginile acestui manuscris specific sunt intacte, este evident c\u0103 anumite pozi\u021bii \u0219i mi\u0219c\u0103ri au fost transcrise incorect sau incomplet din sursa original\u0103. Cu toate acestea, chiar \u0219i cu aceste erori istorice de scriere, solu\u021bia par\u021bial\u0103 oferit\u0103 \u00een text se aliniaz\u0103 perfect cu munca analitic\u0103 profund\u0103 efectuat\u0103 de marele maestru Yuri Averbakh \u00een secolul al XX-lea. Al-Suli a imortalizat exclusivitatea m\u0103iestriei sale cu aceast\u0103 afirma\u021bie sfid\u0103toare:<\/p><p>\u201cNimeni nu o va rezolva, cu excep\u021bia celor pe care i-am instruit\u201d<\/p><p>\u00a0<\/p><p><strong>Triumful algoritmilor:<\/strong> <strong>shatranj.ai<\/strong><\/p><p>\u00a0<\/p><p>\u201cDiamantul\u201d, care a l\u0103sat min\u021bile umane \u00eenm\u0103rmurite timp de un mileniu, a fost acum complet luminat de puterea erei digitale. \u00cen cadrul proiectului shatranj.ai, folosind metode de programare dinamic\u0103 \u0219i algoritmi moderni cu func\u021bii \u201chash\u201d (tabel de transpunere) activate, fiecare varia\u021bie a acestei compozi\u021bii ingenioase a fost rezolvat\u0103 matematic. Aceast\u0103 c\u0103l\u0103torie, care se \u00eentinde de la liniile manuscriselor S\u00fcleymaniye p\u00e2n\u0103 la codul modern, este verificarea final\u0103 a geniului strategic atemporal al lui Al-Suli, demonstr\u00e2nd c\u0103 ceea ce era c\u00e2ndva rezervat elevilor ale\u0219i ai maestrului poate fi acum \u00een\u021beles prin limbajul logicii pure.<\/p>\t\t\t\t\t\t\t\t<\/div>\n\t\t\t\t<\/div>\n\t\t\t\t<\/div>\n\t\t\t\t\t<\/div>\n\t\t\t\t<\/div>\n\t\t\t\t<\/div>","protected":false},"excerpt":{"rendered":"<p>The Intellectual Legacy of a Gorganite Aristocrat \u00a0 Al-Suli was not merely the preeminent chess master of his age; he was a &#8220;nadim&#8221; (court companion) to Abbasid Caliphs, a palace historian, and a sharp-witted poet. Born in Gorgan around 870 AD, his lineage traces back to the fortified Fortress of Sul in the Dehistan steppes, [&hellip;]<\/p>\n","protected":false},"author":1,"featured_media":0,"parent":743,"menu_order":0,"comment_status":"closed","ping_status":"closed","template":"","meta":{"footnotes":""},"class_list":["post-936","page","type-page","status-publish","hentry"],"_links":{"self":[{"href":"https:\/\/shatranj.art\/ro\/wp-json\/wp\/v2\/pages\/936","targetHints":{"allow":["GET"]}}],"collection":[{"href":"https:\/\/shatranj.art\/ro\/wp-json\/wp\/v2\/pages"}],"about":[{"href":"https:\/\/shatranj.art\/ro\/wp-json\/wp\/v2\/types\/page"}],"author":[{"embeddable":true,"href":"https:\/\/shatranj.art\/ro\/wp-json\/wp\/v2\/users\/1"}],"replies":[{"embeddable":true,"href":"https:\/\/shatranj.art\/ro\/wp-json\/wp\/v2\/comments?post=936"}],"version-history":[{"count":31,"href":"https:\/\/shatranj.art\/ro\/wp-json\/wp\/v2\/pages\/936\/revisions"}],"predecessor-version":[{"id":1351,"href":"https:\/\/shatranj.art\/ro\/wp-json\/wp\/v2\/pages\/936\/revisions\/1351"}],"up":[{"embeddable":true,"href":"https:\/\/shatranj.art\/ro\/wp-json\/wp\/v2\/pages\/743"}],"wp:attachment":[{"href":"https:\/\/shatranj.art\/ro\/wp-json\/wp\/v2\/media?parent=936"}],"curies":[{"name":"wp","href":"https:\/\/api.w.org\/{rel}","templated":true}]}}