{"id":954,"date":"2026-02-22T15:10:21","date_gmt":"2026-02-22T15:10:21","guid":{"rendered":"https:\/\/shatranj.art\/?page_id=954"},"modified":"2026-02-24T09:18:28","modified_gmt":"2026-02-24T09:18:28","slug":"poster-16","status":"publish","type":"page","link":"https:\/\/shatranj.art\/ro\/exhibit\/poster-16\/","title":{"rendered":"afi\u0219 16"},"content":{"rendered":"<div data-elementor-type=\"wp-page\" data-elementor-id=\"954\" class=\"elementor elementor-954\" data-elementor-post-type=\"page\">\n\t\t\t\t<div class=\"elementor-element elementor-element-05751de e-flex e-con-boxed e-con e-parent\" data-id=\"05751de\" data-element_type=\"container\" data-e-type=\"container\" data-settings=\"{&quot;background_background&quot;:&quot;classic&quot;}\">\n\t\t\t\t\t<div class=\"e-con-inner\">\n\t\t<div class=\"elementor-element elementor-element-415f3f4 e-con-full e-flex e-con e-child\" data-id=\"415f3f4\" data-element_type=\"container\" data-e-type=\"container\">\n\t\t\t\t<div class=\"elementor-element elementor-element-ee52ef0 elementor-widget__width-initial elementor-widget elementor-widget-image\" data-id=\"ee52ef0\" data-element_type=\"widget\" data-e-type=\"widget\" data-widget_type=\"image.default\">\n\t\t\t\t<div class=\"elementor-widget-container\">\n\t\t\t\t\t\t\t\t\t\t\t\t\t\t\t<img fetchpriority=\"high\" decoding=\"async\" width=\"723\" height=\"1024\" src=\"https:\/\/shatranj.art\/wp-content\/uploads\/2026\/02\/16-723x1024.jpg\" class=\"attachment-large size-large wp-image-959\" alt=\"\" srcset=\"https:\/\/shatranj.art\/wp-content\/uploads\/2026\/02\/16-723x1024.jpg 723w, https:\/\/shatranj.art\/wp-content\/uploads\/2026\/02\/16-212x300.jpg 212w, https:\/\/shatranj.art\/wp-content\/uploads\/2026\/02\/16-768x1087.jpg 768w, https:\/\/shatranj.art\/wp-content\/uploads\/2026\/02\/16-1085x1536.jpg 1085w, https:\/\/shatranj.art\/wp-content\/uploads\/2026\/02\/16-1447x2048.jpg 1447w, https:\/\/shatranj.art\/wp-content\/uploads\/2026\/02\/16.jpg 1557w\" sizes=\"(max-width: 723px) 100vw, 723px\" \/>\t\t\t\t\t\t\t\t\t\t\t\t\t\t\t<\/div>\n\t\t\t\t<\/div>\n\t\t\t\t<div class=\"elementor-element elementor-element-bc51b4f elementor-widget__width-initial elementor-widget elementor-widget-text-editor\" data-id=\"bc51b4f\" data-element_type=\"widget\" data-e-type=\"widget\" data-widget_type=\"text-editor.default\">\n\t\t\t\t<div class=\"elementor-widget-container\">\n\t\t\t\t\t\t\t\t\t<h3><b>Bucephalus: Spiritul legendar al stepei \u0219i al cuceririlor<\/b><\/h3><p>\u00censemn\u00e2nd \u201ccap de bou\u201d (Boukephalos) \u00een greaca veche, probabil din cauza frun\u021bii sale largi sau a unui marcaj pe um\u0103r, Bucephalus este cel mai emblematic cal de lupt\u0103 din istorie. Legenda spune c\u0103 a fost oferit regelui Filip al II-lea de c\u0103tre Philonicus din Tesalia pentru suma uluitoare de 13 talan\u021bi, \u00eens\u0103 nimeni nu i-a putut \u00eembl\u00e2nzi spiritul s\u0103lbatic. Un t\u00e2n\u0103r Alexandru, observ\u00e2nd c\u0103 calul era doar speriat de propria umbr\u0103, l-a \u00eentors spre soare pentru a-l calma. V\u0103z\u00e2nd acest lucru, regele Filip a declarat celebrul: \u201cO, fiul meu, caut\u0103-\u021bi un regat egal \u0219i demn de tine, c\u0103ci Macedonia este prea mic\u0103 pentru tine!\u201d<\/p><p>\u00a0<\/p><p>De la c\u00e2mpurile de lupt\u0103 la nemurire<\/p><p>\u00a0<\/p><p>Bucephalus l-a \u00eenso\u021bit pe Alexandru de-a lungul \u00eentregii sale campanii din Grecia p\u00e2n\u0103 \u00een inima Indiei. \u0218i-a purtat st\u0103p\u00e2nul prin cele mai s\u00e2ngeroase confrunt\u0103ri, de la Granicus \u0219i Issus la Gaugamela \u0219i B\u0103t\u0103lia de la Hydaspes. \u00cen 326 \u00ee.Hr., \u00een timpul campaniei din India, a decedat fie din cauza r\u0103nilor din lupt\u0103, fie din cauza b\u0103tr\u00e2ne\u021bii (la aproape 30 de ani). \u00cen onoarea sa, Alexandru a fondat ora\u0219ul Alexandria Bucephala pe malul r\u00e2ului Jhelum, \u00een Pakistanul de ast\u0103zi.<\/p><p>\u00a0<\/p><p>Mo\u0219tenire cultural\u0103<\/p><p>\u00a0<\/p><p>\u00cen istoria artei \u0219i a literaturii, Bucephalus reprezint\u0103 un simbol al puterii, loialit\u0103\u021bii \u0219i instinctului ascu\u021bit. \u00cen tradi\u021biile orientale, unde Alexandru este adesea identificat ca \u201cIskandar\u201d, Bucephalus este prezentat ca un companion loial, \u00eenzestrat cu calit\u0103\u021bi supranaturale. El r\u0103m\u00e2ne adev\u0103ratul \u201cspirit\u201d din spatele celui mai mare cuceritor al istoriei, reprezent\u00e2nd o leg\u0103tur\u0103 care a transcendut c\u00e2mpul de lupt\u0103.<\/p>\t\t\t\t\t\t\t\t<\/div>\n\t\t\t\t<\/div>\n\t\t\t\t<\/div>\n\t\t\t\t\t<\/div>\n\t\t\t\t<\/div>\n\t\t\t\t<\/div>","protected":false},"excerpt":{"rendered":"<p>Bucephalus: The Legendary Spirit of the Steppes and Conquests Meaning &#8220;Ox-headed&#8221; (Boukephalos) in Ancient Greek likely due to his broad brow or a branding on his shoulder Bucephalus is the most iconic warhorse in history. Legend tells that he was offered to King Philip II by Philonicus the Thessalian for the staggering sum of 13 [&hellip;]<\/p>\n","protected":false},"author":1,"featured_media":0,"parent":743,"menu_order":0,"comment_status":"closed","ping_status":"closed","template":"","meta":{"footnotes":""},"class_list":["post-954","page","type-page","status-publish","hentry"],"_links":{"self":[{"href":"https:\/\/shatranj.art\/ro\/wp-json\/wp\/v2\/pages\/954","targetHints":{"allow":["GET"]}}],"collection":[{"href":"https:\/\/shatranj.art\/ro\/wp-json\/wp\/v2\/pages"}],"about":[{"href":"https:\/\/shatranj.art\/ro\/wp-json\/wp\/v2\/types\/page"}],"author":[{"embeddable":true,"href":"https:\/\/shatranj.art\/ro\/wp-json\/wp\/v2\/users\/1"}],"replies":[{"embeddable":true,"href":"https:\/\/shatranj.art\/ro\/wp-json\/wp\/v2\/comments?post=954"}],"version-history":[{"count":13,"href":"https:\/\/shatranj.art\/ro\/wp-json\/wp\/v2\/pages\/954\/revisions"}],"predecessor-version":[{"id":1579,"href":"https:\/\/shatranj.art\/ro\/wp-json\/wp\/v2\/pages\/954\/revisions\/1579"}],"up":[{"embeddable":true,"href":"https:\/\/shatranj.art\/ro\/wp-json\/wp\/v2\/pages\/743"}],"wp:attachment":[{"href":"https:\/\/shatranj.art\/ro\/wp-json\/wp\/v2\/media?parent=954"}],"curies":[{"name":"wp","href":"https:\/\/api.w.org\/{rel}","templated":true}]}}