{"id":976,"date":"2026-02-22T15:26:41","date_gmt":"2026-02-22T15:26:41","guid":{"rendered":"https:\/\/shatranj.art\/?page_id=976"},"modified":"2026-02-23T04:57:59","modified_gmt":"2026-02-23T04:57:59","slug":"poster-19","status":"publish","type":"page","link":"https:\/\/shatranj.art\/ro\/exhibit\/poster-19\/","title":{"rendered":"poster 19"},"content":{"rendered":"<div data-elementor-type=\"wp-page\" data-elementor-id=\"976\" class=\"elementor elementor-976\" data-elementor-post-type=\"page\">\n\t\t\t\t<div class=\"elementor-element elementor-element-bd53a03 e-flex e-con-boxed e-con e-parent\" data-id=\"bd53a03\" data-element_type=\"container\" data-e-type=\"container\" data-settings=\"{&quot;background_background&quot;:&quot;classic&quot;}\">\n\t\t\t\t\t<div class=\"e-con-inner\">\n\t\t<div class=\"elementor-element elementor-element-258a2d8 e-con-full e-flex e-con e-child\" data-id=\"258a2d8\" data-element_type=\"container\" data-e-type=\"container\">\n\t\t\t\t<div class=\"elementor-element elementor-element-54379e5 elementor-widget__width-initial elementor-widget elementor-widget-image\" data-id=\"54379e5\" data-element_type=\"widget\" data-e-type=\"widget\" data-widget_type=\"image.default\">\n\t\t\t\t<div class=\"elementor-widget-container\">\n\t\t\t\t\t\t\t\t\t\t\t\t\t\t\t<img fetchpriority=\"high\" decoding=\"async\" width=\"800\" height=\"842\" src=\"https:\/\/shatranj.art\/wp-content\/uploads\/2026\/02\/19-973x1024.jpg\" class=\"attachment-large size-large wp-image-979\" alt=\"\" srcset=\"https:\/\/shatranj.art\/wp-content\/uploads\/2026\/02\/19-973x1024.jpg 973w, https:\/\/shatranj.art\/wp-content\/uploads\/2026\/02\/19-285x300.jpg 285w, https:\/\/shatranj.art\/wp-content\/uploads\/2026\/02\/19-768x808.jpg 768w, https:\/\/shatranj.art\/wp-content\/uploads\/2026\/02\/19.jpg 1121w\" sizes=\"(max-width: 800px) 100vw, 800px\" \/>\t\t\t\t\t\t\t\t\t\t\t\t\t\t\t<\/div>\n\t\t\t\t<\/div>\n\t\t\t\t<div class=\"elementor-element elementor-element-38b79a5 elementor-widget__width-initial elementor-widget elementor-widget-text-editor\" data-id=\"38b79a5\" data-element_type=\"widget\" data-e-type=\"widget\" data-widget_type=\"text-editor.default\">\n\t\t\t\t<div class=\"elementor-widget-container\">\n\t\t\t\t\t\t\t\t\t<p><strong>Deep Blue vs. Kasparov: Zorii domina\u021biei ma\u0219inilor<\/strong><\/p><p>\u00a0<\/p><p><span style=\"font-weight: 400;\">\u00cen 1997, lumea a asistat la o cotitur\u0103 istoric\u0103 \u00een rela\u021bia dintre om \u0219i ma\u0219in\u0103. Dezvoltat de IBM, supercomputerul <\/span>Albastru intens<span style=\"font-weight: 400;\"> l-a \u00eenvins pe campionul mondial \u00een exerci\u021biu, <\/span>Garry Kasparov<span style=\"font-weight: 400;\">, \u00eentr-o serie de \u0219ase meciuri. Aceasta a fost prima dat\u0103 c\u00e2nd un computer a \u00eenvins un campion mondial \u00eentr-un meci de tip turneu, \u00een condi\u021bii standard de control al timpului.<\/span><\/p><p>\u00a0<\/p><p><b>Puterea for\u021bei brute:<\/b><span style=\"font-weight: 400;\"> Deep Blue a fost o capodoper\u0103 de hardware specializat, capabil s\u0103 calculeze 200 de milioane de pozi\u021bii pe secund\u0103.<\/span><\/p><p>\u00a0<\/p><p><b>O victorie simbolic\u0103:<\/b><span style=\"font-weight: 400;\"> Acest meci a schimbat percep\u021bia global\u0103 asupra inteligen\u021bei artificiale. El a demonstrat c\u0103, de\u0219i intui\u021bia uman\u0103 este profund\u0103, viteza de calcul a unei ma\u0219ini poate dep\u0103\u0219i cea mai mare minte strategic\u0103 a epocii.<\/span><\/p>\t\t\t\t\t\t\t\t<\/div>\n\t\t\t\t<\/div>\n\t\t\t\t<div class=\"elementor-element elementor-element-d1ad4e6 elementor-widget__width-initial elementor-widget elementor-widget-image\" data-id=\"d1ad4e6\" data-element_type=\"widget\" data-e-type=\"widget\" data-widget_type=\"image.default\">\n\t\t\t\t<div class=\"elementor-widget-container\">\n\t\t\t\t\t\t\t\t\t\t\t\t\t\t\t<img decoding=\"async\" width=\"800\" height=\"600\" src=\"https:\/\/shatranj.art\/wp-content\/uploads\/2026\/02\/19-1-1024x768.jpg\" class=\"attachment-large size-large wp-image-980\" alt=\"\" srcset=\"https:\/\/shatranj.art\/wp-content\/uploads\/2026\/02\/19-1-1024x768.jpg 1024w, https:\/\/shatranj.art\/wp-content\/uploads\/2026\/02\/19-1-300x225.jpg 300w, https:\/\/shatranj.art\/wp-content\/uploads\/2026\/02\/19-1-768x576.jpg 768w, https:\/\/shatranj.art\/wp-content\/uploads\/2026\/02\/19-1.jpg 1250w\" sizes=\"(max-width: 800px) 100vw, 800px\" \/>\t\t\t\t\t\t\t\t\t\t\t\t\t\t\t<\/div>\n\t\t\t\t<\/div>\n\t\t\t\t<div class=\"elementor-element elementor-element-e238e58 elementor-widget__width-initial elementor-widget elementor-widget-image\" data-id=\"e238e58\" data-element_type=\"widget\" data-e-type=\"widget\" data-widget_type=\"image.default\">\n\t\t\t\t<div class=\"elementor-widget-container\">\n\t\t\t\t\t\t\t\t\t\t\t\t\t\t\t<img decoding=\"async\" width=\"682\" height=\"1024\" src=\"https:\/\/shatranj.art\/wp-content\/uploads\/2026\/02\/19-2-682x1024.jpg\" class=\"attachment-large size-large wp-image-981\" alt=\"\" srcset=\"https:\/\/shatranj.art\/wp-content\/uploads\/2026\/02\/19-2-682x1024.jpg 682w, https:\/\/shatranj.art\/wp-content\/uploads\/2026\/02\/19-2-200x300.jpg 200w, https:\/\/shatranj.art\/wp-content\/uploads\/2026\/02\/19-2-768x1154.jpg 768w, https:\/\/shatranj.art\/wp-content\/uploads\/2026\/02\/19-2-1023x1536.jpg 1023w, https:\/\/shatranj.art\/wp-content\/uploads\/2026\/02\/19-2-1363x2048.jpg 1363w, https:\/\/shatranj.art\/wp-content\/uploads\/2026\/02\/19-2.jpg 1667w\" sizes=\"(max-width: 682px) 100vw, 682px\" \/>\t\t\t\t\t\t\t\t\t\t\t\t\t\t\t<\/div>\n\t\t\t\t<\/div>\n\t\t\t\t<div class=\"elementor-element elementor-element-a12f1b5 elementor-widget__width-inherit elementor-widget elementor-widget-text-editor\" data-id=\"a12f1b5\" data-element_type=\"widget\" data-e-type=\"widget\" data-widget_type=\"text-editor.default\">\n\t\t\t\t<div class=\"elementor-widget-container\">\n\t\t\t\t\t\t\t\t\t<h3><b>Stockfish: Democratizarea analizei Grandmaster<\/b><\/h3><p>Stockfish<span style=\"font-weight: 400;\"> este cel mai puternic motor de \u0219ah open source din lume. Spre deosebire de supercomputerele exclusive din trecut, Stockfish este gratuit \u0219i accesibil tuturor, de la amatori p\u00e2n\u0103 la mari mae\u0219tri de talie mondial\u0103.<\/span><\/p><ul><li style=\"font-weight: 400;\" aria-level=\"1\"><b>Standardul global:<\/b><span style=\"font-weight: 400;\"> Clasat constant \u00een fruntea clasamentelor motoarelor, Stockfish este instrumentul suprem pentru analiza jocului \u0219i dezvoltarea strategiei.<\/span><\/li><li style=\"font-weight: 400;\" aria-level=\"1\"><b>Evolu\u021bia neuronal\u0103:<\/b><span style=\"font-weight: 400;\"> Bazate ini\u021bial pe algoritmi clasici de \u201cc\u0103utare \u0219i evaluare\u201d, versiunile moderne ale Stockfish utilizeaz\u0103 acum <\/span>NNUE (Efficiently Updatable Neural Networks)<span style=\"font-weight: 400;\">. Aceast\u0103 fuziune \u00eei permite s\u0103 combine viteze masive de calcul cu o \u201c\u00een\u021belegere\u201d mai profund\u0103, aproape uman\u0103, a pozi\u021biilor complexe, ating\u00e2nd un rating ELO cu mult peste <\/span>3500<span style=\"font-weight: 400;\">.<\/span><\/li><\/ul>\t\t\t\t\t\t\t\t<\/div>\n\t\t\t\t<\/div>\n\t\t\t\t<div class=\"elementor-element elementor-element-5ec8752 elementor-widget__width-initial elementor-widget elementor-widget-image\" data-id=\"5ec8752\" data-element_type=\"widget\" data-e-type=\"widget\" data-widget_type=\"image.default\">\n\t\t\t\t<div class=\"elementor-widget-container\">\n\t\t\t\t\t\t\t\t\t\t\t\t\t\t\t<img loading=\"lazy\" decoding=\"async\" width=\"800\" height=\"800\" src=\"https:\/\/shatranj.art\/wp-content\/uploads\/2026\/02\/19-1024x1024.png\" class=\"attachment-large size-large wp-image-982\" alt=\"\" srcset=\"https:\/\/shatranj.art\/wp-content\/uploads\/2026\/02\/19-1024x1024.png 1024w, https:\/\/shatranj.art\/wp-content\/uploads\/2026\/02\/19-300x300.png 300w, https:\/\/shatranj.art\/wp-content\/uploads\/2026\/02\/19-150x150.png 150w, https:\/\/shatranj.art\/wp-content\/uploads\/2026\/02\/19-768x768.png 768w, https:\/\/shatranj.art\/wp-content\/uploads\/2026\/02\/19.png 1056w\" sizes=\"(max-width: 800px) 100vw, 800px\" \/>\t\t\t\t\t\t\t\t\t\t\t\t\t\t\t<\/div>\n\t\t\t\t<\/div>\n\t\t\t\t<div class=\"elementor-element elementor-element-f657508 elementor-widget__width-initial elementor-widget-tablet__width-inherit elementor-widget elementor-widget-text-editor\" data-id=\"f657508\" data-element_type=\"widget\" data-e-type=\"widget\" data-widget_type=\"text-editor.default\">\n\t\t\t\t<div class=\"elementor-widget-container\">\n\t\t\t\t\t\t\t\t\t<h3><b>AlphaZero: Era intui\u021biei \u0219i creativit\u0103\u021bii ma\u0219inilor<\/b><\/h3><p>Dezvoltat de DeepMind de la Google, AlphaZero a revolu\u021bionat modul \u00een care ne g\u00e2ndim la inteligen\u021ba artificial\u0103. \u00cen timp ce motoarele anterioare erau \u201c\u00eenv\u0103\u021bate\u201d de oameni folosind reguli programate, AlphaZero a fost un sistem de auto\u00eenv\u0103\u021bare.<\/p><ul><li style=\"font-weight: 400;\" aria-level=\"1\"><b>Tabula Rasa (From Scratch):<\/b><span style=\"font-weight: 400;\"> AlphaZero a primit doar regulile de baz\u0103 ale \u0219ahului. Juc\u00e2nd milioane de partide \u00eempotriva lui \u00eensu\u0219i prin intermediul \u00eenv\u0103\u021b\u0103rii prin consolidare, acesta a atins un nivel supraomenesc de m\u0103iestrie \u00een doar patru ore.<\/span><\/li><li style=\"font-weight: 400;\" aria-level=\"1\"><b>O revolu\u021bie creativ\u0103:<\/b><span style=\"font-weight: 400;\"> AlphaZero nu a jucat ca un \u201ccalculator\u201d tipic. A introdus un stil extrem de agresiv, creativ \u0219i intuitiv, sacrific\u00e2nd adesea materialul pentru presiunea pozi\u021bional\u0103 pe termen lung. Acesta a demonstrat c\u0103 ma\u0219inile nu numai c\u0103 pot calcula mai repede dec\u00e2t oamenii, dar pot \u0219i \u201creinventa\u201d arta \u0219i creativitatea jocului \u00een sine.<\/span><\/li><\/ul>\t\t\t\t\t\t\t\t<\/div>\n\t\t\t\t<\/div>\n\t\t\t\t<\/div>\n\t\t\t\t\t<\/div>\n\t\t\t\t<\/div>\n\t\t\t\t<\/div>","protected":false},"excerpt":{"rendered":"<p>Deep Blue vs. Kasparov: The Dawn of Machine Dominance \u00a0 In 1997, the world witnessed a historic turning point in the relationship between man and machine. Developed by IBM, the supercomputer Deep Blue defeated the reigning World Champion, Garry Kasparov, in a six-match series. This was the first time a computer had beaten a world [&hellip;]<\/p>\n","protected":false},"author":1,"featured_media":0,"parent":743,"menu_order":0,"comment_status":"closed","ping_status":"closed","template":"","meta":{"footnotes":""},"class_list":["post-976","page","type-page","status-publish","hentry"],"_links":{"self":[{"href":"https:\/\/shatranj.art\/ro\/wp-json\/wp\/v2\/pages\/976","targetHints":{"allow":["GET"]}}],"collection":[{"href":"https:\/\/shatranj.art\/ro\/wp-json\/wp\/v2\/pages"}],"about":[{"href":"https:\/\/shatranj.art\/ro\/wp-json\/wp\/v2\/types\/page"}],"author":[{"embeddable":true,"href":"https:\/\/shatranj.art\/ro\/wp-json\/wp\/v2\/users\/1"}],"replies":[{"embeddable":true,"href":"https:\/\/shatranj.art\/ro\/wp-json\/wp\/v2\/comments?post=976"}],"version-history":[{"count":7,"href":"https:\/\/shatranj.art\/ro\/wp-json\/wp\/v2\/pages\/976\/revisions"}],"predecessor-version":[{"id":1228,"href":"https:\/\/shatranj.art\/ro\/wp-json\/wp\/v2\/pages\/976\/revisions\/1228"}],"up":[{"embeddable":true,"href":"https:\/\/shatranj.art\/ro\/wp-json\/wp\/v2\/pages\/743"}],"wp:attachment":[{"href":"https:\/\/shatranj.art\/ro\/wp-json\/wp\/v2\/media?parent=976"}],"curies":[{"name":"wp","href":"https:\/\/api.w.org\/{rel}","templated":true}]}}