{"id":986,"date":"2026-02-22T15:44:16","date_gmt":"2026-02-22T15:44:16","guid":{"rendered":"https:\/\/shatranj.art\/?page_id=986"},"modified":"2026-02-23T04:58:50","modified_gmt":"2026-02-23T04:58:50","slug":"poster-20","status":"publish","type":"page","link":"https:\/\/shatranj.art\/ro\/exhibit\/poster-20\/","title":{"rendered":"afi\u0219 20"},"content":{"rendered":"<div data-elementor-type=\"wp-page\" data-elementor-id=\"986\" class=\"elementor elementor-986\" data-elementor-post-type=\"page\">\n\t\t\t\t<div class=\"elementor-element elementor-element-12aafbd e-flex e-con-boxed e-con e-parent\" data-id=\"12aafbd\" data-element_type=\"container\" data-e-type=\"container\" data-settings=\"{&quot;background_background&quot;:&quot;classic&quot;}\">\n\t\t\t\t\t<div class=\"e-con-inner\">\n\t\t<div class=\"elementor-element elementor-element-63eb695 e-con-full e-flex e-con e-child\" data-id=\"63eb695\" data-element_type=\"container\" data-e-type=\"container\">\n\t\t\t\t<div class=\"elementor-element elementor-element-c65f0f2 elementor-widget elementor-widget-image\" data-id=\"c65f0f2\" data-element_type=\"widget\" data-e-type=\"widget\" data-widget_type=\"image.default\">\n\t\t\t\t<div class=\"elementor-widget-container\">\n\t\t\t\t\t\t\t\t\t\t\t\t\t\t\t<img fetchpriority=\"high\" decoding=\"async\" width=\"800\" height=\"563\" src=\"https:\/\/shatranj.art\/wp-content\/uploads\/2026\/02\/20-1024x720.jpg\" class=\"attachment-large size-large wp-image-989\" alt=\"\" srcset=\"https:\/\/shatranj.art\/wp-content\/uploads\/2026\/02\/20-1024x720.jpg 1024w, https:\/\/shatranj.art\/wp-content\/uploads\/2026\/02\/20-300x211.jpg 300w, https:\/\/shatranj.art\/wp-content\/uploads\/2026\/02\/20-768x540.jpg 768w, https:\/\/shatranj.art\/wp-content\/uploads\/2026\/02\/20-1536x1080.jpg 1536w, https:\/\/shatranj.art\/wp-content\/uploads\/2026\/02\/20-2048x1440.jpg 2048w\" sizes=\"(max-width: 800px) 100vw, 800px\" \/>\t\t\t\t\t\t\t\t\t\t\t\t\t\t\t<\/div>\n\t\t\t\t<\/div>\n\t\t\t\t<div class=\"elementor-element elementor-element-c898b64 elementor-widget elementor-widget-text-editor\" data-id=\"c898b64\" data-element_type=\"widget\" data-e-type=\"widget\" data-widget_type=\"text-editor.default\">\n\t\t\t\t<div class=\"elementor-widget-container\">\n\t\t\t\t\t\t\t\t\t<h3><b>Alquerque: Str\u0103mo\u0219ul str\u0103vechi al jocului de dame \u0219i mo\u0219tenirea lui Alfonso<\/b><\/h3><p><b>O strategie care se \u00eentinde din Castilia p\u00e2n\u0103 \u00een prezent<\/b> <span style=\"font-weight: 400;\"><br \/><\/span>Comandat \u00een 1283 de regele Alfonso al X-lea al Castiliei (Alfonso \u00cen\u021beleptul), Libro de los Juegos (Cartea Jocurilor) r\u0103m\u00e2ne cea mai cuprinz\u0103toare \u00eenregistrare a culturii jocurilor \u00een Europa medieval\u0103. Alquerque, detaliat \u00een paginile sale, este evolu\u021bia european\u0103 a unui joc de strategie str\u0103vechi cunoscut \u00een lumea arab\u0103 sub numele de \u201cEl-Qirkat\u201d, cu r\u0103d\u0103cini care se \u00eentorc \u00een Egiptul antic. \u00cen Spania secolului al XIII-lea, Alquerque a fost o dovad\u0103 a modului \u00een care savan\u021bii cre\u0219tini, musulmani \u0219i evrei au colaborat pentru a face leg\u0103tura \u00eentre cuno\u0219tin\u021bele din Orient \u0219i cele din Occident.<\/p><p><b>Calea c\u0103tre jocul de dame<\/b> <span style=\"font-weight: 400;\"><br \/><\/span>Jucat cu c\u00e2te 12 piese pe o gril\u0103 de 5\u00d75, Alquerque este locul de na\u0219tere al mecanicii de \u201ccapturare prin salt\u201d, care este regula de baz\u0103 a jocului de dame modern. La sf\u00e2r\u0219itul secolului al XV-lea, c\u00e2nd aceste reguli dinamice au fost transferate pe tabla de \u0219ah de 8\u00d78, s-a n\u0103scut jocul de \u201cdame\u201d a\u0219a cum \u00eel cunoa\u0219tem ast\u0103zi. Aceast\u0103 reprezentare serve\u0219te drept dovad\u0103 c\u0103 jocurile nu sunt doar ni\u0219te pasiuni, ci un limbaj universal care leag\u0103 geografii, limbi \u0219i credin\u021be<\/p>\t\t\t\t\t\t\t\t<\/div>\n\t\t\t\t<\/div>\n\t\t\t\t<\/div>\n\t\t\t\t\t<\/div>\n\t\t\t\t<\/div>\n\t\t\t\t<\/div>","protected":false},"excerpt":{"rendered":"<p>Alquerque: The Ancient Ancestor of Draughts and the Legacy of Alfonso A Strategy Stretching from Castile to the Present Commissioned in 1283 by King Alfonso X of Castile (Alfonso the Wise), the Libro de los Juegos (The Book of Games) remains the most comprehensive record of gaming culture in Medieval Europe. Alquerque, detailed within its [&hellip;]<\/p>\n","protected":false},"author":1,"featured_media":0,"parent":743,"menu_order":0,"comment_status":"closed","ping_status":"closed","template":"","meta":{"footnotes":""},"class_list":["post-986","page","type-page","status-publish","hentry"],"_links":{"self":[{"href":"https:\/\/shatranj.art\/ro\/wp-json\/wp\/v2\/pages\/986","targetHints":{"allow":["GET"]}}],"collection":[{"href":"https:\/\/shatranj.art\/ro\/wp-json\/wp\/v2\/pages"}],"about":[{"href":"https:\/\/shatranj.art\/ro\/wp-json\/wp\/v2\/types\/page"}],"author":[{"embeddable":true,"href":"https:\/\/shatranj.art\/ro\/wp-json\/wp\/v2\/users\/1"}],"replies":[{"embeddable":true,"href":"https:\/\/shatranj.art\/ro\/wp-json\/wp\/v2\/comments?post=986"}],"version-history":[{"count":7,"href":"https:\/\/shatranj.art\/ro\/wp-json\/wp\/v2\/pages\/986\/revisions"}],"predecessor-version":[{"id":1231,"href":"https:\/\/shatranj.art\/ro\/wp-json\/wp\/v2\/pages\/986\/revisions\/1231"}],"up":[{"embeddable":true,"href":"https:\/\/shatranj.art\/ro\/wp-json\/wp\/v2\/pages\/743"}],"wp:attachment":[{"href":"https:\/\/shatranj.art\/ro\/wp-json\/wp\/v2\/media?parent=986"}],"curies":[{"name":"wp","href":"https:\/\/api.w.org\/{rel}","templated":true}]}}