{"id":1016,"date":"2026-02-22T16:17:45","date_gmt":"2026-02-22T16:17:45","guid":{"rendered":"https:\/\/shatranj.art\/?page_id=1016"},"modified":"2026-02-24T09:42:49","modified_gmt":"2026-02-24T09:42:49","slug":"poster-24","status":"publish","type":"page","link":"https:\/\/shatranj.art\/sk\/exhibit\/poster-24\/","title":{"rendered":"plag\u00e1t 24"},"content":{"rendered":"<div data-elementor-type=\"wp-page\" data-elementor-id=\"1016\" class=\"elementor elementor-1016\" data-elementor-post-type=\"page\">\n\t\t\t\t<div class=\"elementor-element elementor-element-cbef851 e-flex e-con-boxed e-con e-parent\" data-id=\"cbef851\" data-element_type=\"container\" data-e-type=\"container\" data-settings=\"{&quot;background_background&quot;:&quot;classic&quot;}\">\n\t\t\t\t\t<div class=\"e-con-inner\">\n\t\t<div class=\"elementor-element elementor-element-919ca16 e-con-full e-flex e-con e-child\" data-id=\"919ca16\" data-element_type=\"container\" data-e-type=\"container\">\n\t\t\t\t<div class=\"elementor-element elementor-element-3a8b40d elementor-widget elementor-widget-image\" data-id=\"3a8b40d\" data-element_type=\"widget\" data-e-type=\"widget\" data-widget_type=\"image.default\">\n\t\t\t\t<div class=\"elementor-widget-container\">\n\t\t\t\t\t\t\t\t\t\t\t\t\t\t\t<img fetchpriority=\"high\" decoding=\"async\" width=\"800\" height=\"534\" src=\"https:\/\/shatranj.art\/wp-content\/uploads\/2026\/02\/21-1024x683.jpg\" class=\"attachment-large size-large wp-image-995\" alt=\"\" srcset=\"https:\/\/shatranj.art\/wp-content\/uploads\/2026\/02\/21-1024x683.jpg 1024w, https:\/\/shatranj.art\/wp-content\/uploads\/2026\/02\/21-300x200.jpg 300w, https:\/\/shatranj.art\/wp-content\/uploads\/2026\/02\/21-768x512.jpg 768w, https:\/\/shatranj.art\/wp-content\/uploads\/2026\/02\/21-1536x1024.jpg 1536w, https:\/\/shatranj.art\/wp-content\/uploads\/2026\/02\/21-2048x1366.jpg 2048w\" sizes=\"(max-width: 800px) 100vw, 800px\" \/>\t\t\t\t\t\t\t\t\t\t\t\t\t\t\t<\/div>\n\t\t\t\t<\/div>\n\t\t\t\t<div class=\"elementor-element elementor-element-07a7613 elementor-widget elementor-widget-text-editor\" data-id=\"07a7613\" data-element_type=\"widget\" data-e-type=\"widget\" data-widget_type=\"text-editor.default\">\n\t\t\t\t<div class=\"elementor-widget-container\">\n\t\t\t\t\t\t\t\t\t<p>\u0160achov\u00e1 s\u00faprava \u015eAH\u00ce je viac ne\u017e len hra; je to most medzi kult\u00farami, epochami a filozofiami. Sada, ktor\u00e1 m\u00e1 evokova\u0165 cis\u00e1rske aj kr\u00e1\u013eovsk\u00e9 pocity, \u010derp\u00e1 svoj n\u00e1zov z term\u00ednu, ktor\u00fd sa na Balk\u00e1ne a v mnoh\u00fdch slovansk\u00fdch jazykoch be\u017ene pou\u017e\u00edva na ozna\u010denie \u0161achovej hry.<\/p><p>Samotn\u00e9 slovo \u201c\u015eAH\u00ce\u201d funguje ako kr\u00e1\u013eovsk\u00e9 pr\u00eddavn\u00e9 meno s v\u00fdznamom \u201c\u0161pecifick\u00fd pre \u0161acha\u201d a m\u00e1 liter\u00e1rnu v\u00e1hu, ktor\u00e1 znamen\u00e1 silu, ve\u013ekolepos\u0165 a strategick\u00fa h\u013abku.<\/p><h3><b>Majstrovsk\u00e9 dielo kult\u00farneho v\u00fdvoja<\/b><\/h3><p>T\u00e1to s\u00faprava, ktor\u00fa navrhol sk\u00fasen\u00fd \u0161achov\u00fd pedag\u00f3g a b\u00fdval\u00fd hr\u00e1\u010d na prvej \u0161achovnici MIT Tamer Karatekin, elegantne zachyt\u00e1va hist\u00f3riu hry. Ka\u017ed\u00e1 fig\u00farka je vytvoren\u00e1 tak, aby odr\u00e1\u017eala jedine\u010dn\u00fd historick\u00fd pr\u00edbeh:<\/p><ul><li style=\"font-weight: 400;\" aria-level=\"1\"><b>G\u00fcl\u015fah (Kr\u00e1\u013e):<\/b><span style=\"font-weight: 400;\"> Predstavuje posv\u00e4tnos\u0165 kupoly in\u0161pirovanej stavbami ako Hagia Sofia a Pante\u00f3n a intelektu\u00e1lny odkaz z\u00e1voja na hlave.<\/span><\/li><li style=\"font-weight: 400;\" aria-level=\"1\"><b>Sokol (kr\u00e1\u013eovn\u00e1\/viz\u00edr):<\/b><span style=\"font-weight: 400;\"> Je pomenovan\u00e1 pod\u013ea vojensk\u00e9ho symbolu sokola a in\u0161pirovan\u00e1 \u0161achovou s\u00fapravou rak\u00faskeho kaviarensk\u00e9ho domu s cibu\u013eovitou kupolou a dizajnom prilby a symbolizuje vojensk\u00fa autoritu a m\u00fadros\u0165 \u201cvez\u00edra\u201d. Sokolovi\u010di bolo rodiskom najvplyvnej\u0161ieho ve\u013ekovez\u00edra Osmanskej r\u00ed\u0161e, Sokollu Mehmeta Pa\u0161u.<\/span><\/li><li style=\"font-weight: 400;\" aria-level=\"1\"><b>Bukefal (Rytier):<\/b><span style=\"font-weight: 400;\"> Pomenovan\u00fd pod\u013ea legend\u00e1rneho ko\u0148a Alexandra Ve\u013ek\u00e9ho, ktor\u00fd symbolizuje obojsmern\u00fa v\u00fdmenu kult\u00fary medzi V\u00fdchodom a Z\u00e1padom.<\/span><\/li><li style=\"font-weight: 400;\" aria-level=\"1\"><b>Shahrukh (Havran):<\/b><span style=\"font-weight: 400;\"> Ve\u013ekolep\u00e1 synt\u00e9za vojensk\u00e9ho v\u00fdvoja, ktor\u00e1 zah\u0155\u0148a prvky vojnov\u00e9ho voza, ve\u017ee, dela a lode. \u0160achov\u00fd majster a velite\u013e Tim\u00far dal svojmu synovi meno \u0160ahrukh, ke\u010f\u017ee spr\u00e1va o jeho naroden\u00ed pri\u0161la po\u010das \u0161achov\u00e9ho z\u00e1pasu.<\/span><\/li><li style=\"font-weight: 400;\" aria-level=\"1\"><b>Abul-Abbas (biskup\/slon):<\/b><span style=\"font-weight: 400;\"> Zrkadl\u00ed ikonick\u00fa cestu slona darovan\u00e9ho Karolovi Ve\u013ek\u00e9mu a sleduje migr\u00e1ciu \u0161achu cez tri kontinenty.<\/span><\/li><li style=\"font-weight: 400;\" aria-level=\"1\"><b>R\u00e9gence-Philidor (Pe\u0161iak):<\/b><span style=\"font-weight: 400;\"> In\u0161pirovan\u00e9 par\u00ed\u017eskymi kaviar\u0148ami z obdobia osvietenstva a sl\u00e1vnym Philidorov\u00fdm v\u00fdrokom: \u201cPe\u0161iaci s\u00fa du\u0161ou \u0161achu\u201d.<\/span><\/li><\/ul>\t\t\t\t\t\t\t\t<\/div>\n\t\t\t\t<\/div>\n\t\t\t\t<div class=\"elementor-element elementor-element-52a94ef elementor-widget elementor-widget-text-editor\" data-id=\"52a94ef\" data-element_type=\"widget\" data-e-type=\"widget\" data-widget_type=\"text-editor.default\">\n\t\t\t\t<div class=\"elementor-widget-container\">\n\t\t\t\t\t\t\t\t\t<h3><b>Dizajn a \u00fa\u010del<\/b><\/h3><p>S\u00faprava \u015eAH\u00ce je starostlivo pripraven\u00e1 tak, aby sl\u00fa\u017eila ako umeleck\u00e1 expoz\u00edcia aj ako funk\u010dn\u00fd n\u00e1stroj na vzdel\u00e1vacie a turnajov\u00e9 pou\u017eitie. Jej filozofia dizajnu je zakorenen\u00e1 v kult\u00farnej a duchovnej inkl\u00fazii, \u010do zaru\u010duje, \u017ee n\u00e1jde odozvu u hr\u00e1\u010dov na celom svete.<\/p><p><b>Odkaz podpory:<\/b><\/p><p>V\u00fdroba tohto s\u00faboru sa uskuto\u010dnila v\u010faka podpore Massachusettskej kult\u00farnej rady a programu Eur\u00f3pskej \u00fanie pre ml\u00e1de\u017e.<\/p>\t\t\t\t\t\t\t\t<\/div>\n\t\t\t\t<\/div>\n\t\t\t\t<\/div>\n\t\t\t\t\t<\/div>\n\t\t\t\t<\/div>\n\t\t\t\t<\/div>","protected":false},"excerpt":{"rendered":"<p>The \u015eAH\u00ce Chess Set is more than just a game; it is a bridge between cultures, eras, and philosophies. Designed to evoke both imperial and royal sensations, the set draws its name from a term widely used in the Balkans and many Slavic languages to refer to the game of chess. The word &#8220;\u015eAH\u00ce&#8221; itself [&hellip;]<\/p>\n","protected":false},"author":1,"featured_media":0,"parent":743,"menu_order":0,"comment_status":"closed","ping_status":"closed","template":"","meta":{"footnotes":""},"class_list":["post-1016","page","type-page","status-publish","hentry"],"_links":{"self":[{"href":"https:\/\/shatranj.art\/sk\/wp-json\/wp\/v2\/pages\/1016","targetHints":{"allow":["GET"]}}],"collection":[{"href":"https:\/\/shatranj.art\/sk\/wp-json\/wp\/v2\/pages"}],"about":[{"href":"https:\/\/shatranj.art\/sk\/wp-json\/wp\/v2\/types\/page"}],"author":[{"embeddable":true,"href":"https:\/\/shatranj.art\/sk\/wp-json\/wp\/v2\/users\/1"}],"replies":[{"embeddable":true,"href":"https:\/\/shatranj.art\/sk\/wp-json\/wp\/v2\/comments?post=1016"}],"version-history":[{"count":19,"href":"https:\/\/shatranj.art\/sk\/wp-json\/wp\/v2\/pages\/1016\/revisions"}],"predecessor-version":[{"id":1601,"href":"https:\/\/shatranj.art\/sk\/wp-json\/wp\/v2\/pages\/1016\/revisions\/1601"}],"up":[{"embeddable":true,"href":"https:\/\/shatranj.art\/sk\/wp-json\/wp\/v2\/pages\/743"}],"wp:attachment":[{"href":"https:\/\/shatranj.art\/sk\/wp-json\/wp\/v2\/media?parent=1016"}],"curies":[{"name":"wp","href":"https:\/\/api.w.org\/{rel}","templated":true}]}}