{"id":1053,"date":"2026-02-22T18:09:29","date_gmt":"2026-02-22T18:09:29","guid":{"rendered":"https:\/\/shatranj.art\/?page_id=1053"},"modified":"2026-02-23T05:20:05","modified_gmt":"2026-02-23T05:20:05","slug":"poster-28","status":"publish","type":"page","link":"https:\/\/shatranj.art\/sk\/exhibit\/poster-28\/","title":{"rendered":"plag\u00e1t 28"},"content":{"rendered":"<div data-elementor-type=\"wp-page\" data-elementor-id=\"1053\" class=\"elementor elementor-1053\" data-elementor-post-type=\"page\">\n\t\t\t\t<div class=\"elementor-element elementor-element-0bbd3b8 e-flex e-con-boxed e-con e-parent\" data-id=\"0bbd3b8\" data-element_type=\"container\" data-e-type=\"container\" data-settings=\"{&quot;background_background&quot;:&quot;classic&quot;}\">\n\t\t\t\t\t<div class=\"e-con-inner\">\n\t\t<div class=\"elementor-element elementor-element-c1f4b02 e-con-full e-flex e-con e-child\" data-id=\"c1f4b02\" data-element_type=\"container\" data-e-type=\"container\">\n\t\t\t\t<div class=\"elementor-element elementor-element-be9a805 elementor-widget__width-initial elementor-widget elementor-widget-image\" data-id=\"be9a805\" data-element_type=\"widget\" data-e-type=\"widget\" data-widget_type=\"image.default\">\n\t\t\t\t<div class=\"elementor-widget-container\">\n\t\t\t\t\t\t\t\t\t\t\t\t\t\t\t<img fetchpriority=\"high\" decoding=\"async\" width=\"683\" height=\"1024\" src=\"https:\/\/shatranj.art\/wp-content\/uploads\/2026\/02\/28-683x1024.jpg\" class=\"attachment-large size-large wp-image-1059\" alt=\"\" srcset=\"https:\/\/shatranj.art\/wp-content\/uploads\/2026\/02\/28-683x1024.jpg 683w, https:\/\/shatranj.art\/wp-content\/uploads\/2026\/02\/28-200x300.jpg 200w, https:\/\/shatranj.art\/wp-content\/uploads\/2026\/02\/28-768x1152.jpg 768w, https:\/\/shatranj.art\/wp-content\/uploads\/2026\/02\/28-1024x1536.jpg 1024w, https:\/\/shatranj.art\/wp-content\/uploads\/2026\/02\/28.jpg 1249w\" sizes=\"(max-width: 683px) 100vw, 683px\" \/>\t\t\t\t\t\t\t\t\t\t\t\t\t\t\t<\/div>\n\t\t\t\t<\/div>\n\t\t\t\t<div class=\"elementor-element elementor-element-b42301a elementor-widget__width-initial elementor-widget-tablet__width-inherit elementor-widget elementor-widget-text-editor\" data-id=\"b42301a\" data-element_type=\"widget\" data-e-type=\"widget\" data-widget_type=\"text-editor.default\">\n\t\t\t\t<div class=\"elementor-widget-container\">\n\t\t\t\t\t\t\t\t\t<p><b>S\u00faprava \u015eah\u00ee: Regency Philidor Pawn<\/b><\/p><p>\u00a0<\/p><p>Roz\u0161\u00edrenie k\u00e1vy a kaviarn\u00ed sa prel\u00edna s v\u00fdvojom \u0161achu. Pe\u0161iak R\u00e9gence Philidor je in\u0161pirovan\u00fd autentickou \u0161achovou s\u00fapravou z kaviarne Paris-R\u00e9gence z obdobia osvietenstva a sl\u00e1vnou vetou najsilnej\u0161ieho hr\u00e1\u010da tejto \u00e9ry, Philidora: \u201cPe\u0161iaci s\u00fa du\u0161ou \u0161achu.<\/p><p>\u00a0<\/p><p>Pe\u0161iakov\u00e1 \u0161trukt\u00fara je jedn\u00fdm z najd\u00f4le\u017eitej\u0161\u00edch krit\u00e9ri\u00ed ur\u010duj\u00facich priebeh \u0161achovej partie a mnoh\u00e9 poz\u00edcie sa klasifikuj\u00fa na z\u00e1klade pe\u0161iakovej \u0161trukt\u00fary. Philidor, opern\u00fd skladate\u013e a jeden z m\u00e1la hr\u00e1\u010dov, ktor\u00ed porazili Turka, sl\u00e1vny \u0161achov\u00fd automat, zd\u00f4raz\u0148oval oby\u010dajn\u00fdch ob\u010danov ako z\u00e1klad a du\u0161u spolo\u010dnosti.<\/p>\t\t\t\t\t\t\t\t<\/div>\n\t\t\t\t<\/div>\n\t\t\t\t<div class=\"elementor-element elementor-element-080136b elementor-widget__width-initial elementor-widget elementor-widget-image\" data-id=\"080136b\" data-element_type=\"widget\" data-e-type=\"widget\" data-widget_type=\"image.default\">\n\t\t\t\t<div class=\"elementor-widget-container\">\n\t\t\t\t\t\t\t\t\t\t\t\t\t\t\t<img decoding=\"async\" width=\"683\" height=\"1024\" src=\"https:\/\/shatranj.art\/wp-content\/uploads\/2026\/02\/28-1-683x1024.jpg\" class=\"attachment-large size-large wp-image-1060\" alt=\"\" srcset=\"https:\/\/shatranj.art\/wp-content\/uploads\/2026\/02\/28-1-683x1024.jpg 683w, https:\/\/shatranj.art\/wp-content\/uploads\/2026\/02\/28-1-200x300.jpg 200w, https:\/\/shatranj.art\/wp-content\/uploads\/2026\/02\/28-1-768x1152.jpg 768w, https:\/\/shatranj.art\/wp-content\/uploads\/2026\/02\/28-1-1024x1536.jpg 1024w, https:\/\/shatranj.art\/wp-content\/uploads\/2026\/02\/28-1.jpg 1262w\" sizes=\"(max-width: 683px) 100vw, 683px\" \/>\t\t\t\t\t\t\t\t\t\t\t\t\t\t\t<\/div>\n\t\t\t\t<\/div>\n\t\t\t\t<\/div>\n\t\t<div class=\"elementor-element elementor-element-94f3877 e-con-full e-flex e-con e-child\" data-id=\"94f3877\" data-element_type=\"container\" data-e-type=\"container\">\n\t\t<div class=\"elementor-element elementor-element-da14b56 e-con-full e-flex e-con e-child\" data-id=\"da14b56\" data-element_type=\"container\" data-e-type=\"container\">\n\t\t\t\t<div class=\"elementor-element elementor-element-3478291 elementor-widget elementor-widget-image\" data-id=\"3478291\" data-element_type=\"widget\" data-e-type=\"widget\" data-widget_type=\"image.default\">\n\t\t\t\t<div class=\"elementor-widget-container\">\n\t\t\t\t\t\t\t\t\t\t\t\t\t\t\t<img decoding=\"async\" width=\"800\" height=\"648\" src=\"https:\/\/shatranj.art\/wp-content\/uploads\/2026\/02\/28-2-1024x829.jpg\" class=\"attachment-large size-large wp-image-1064\" alt=\"\" srcset=\"https:\/\/shatranj.art\/wp-content\/uploads\/2026\/02\/28-2-1024x829.jpg 1024w, https:\/\/shatranj.art\/wp-content\/uploads\/2026\/02\/28-2-300x243.jpg 300w, https:\/\/shatranj.art\/wp-content\/uploads\/2026\/02\/28-2-768x622.jpg 768w, https:\/\/shatranj.art\/wp-content\/uploads\/2026\/02\/28-2-1536x1244.jpg 1536w, https:\/\/shatranj.art\/wp-content\/uploads\/2026\/02\/28-2.jpg 1973w\" sizes=\"(max-width: 800px) 100vw, 800px\" \/>\t\t\t\t\t\t\t\t\t\t\t\t\t\t\t<\/div>\n\t\t\t\t<\/div>\n\t\t\t\t<div class=\"elementor-element elementor-element-3621f13 elementor-widget-tablet__width-inherit elementor-widget elementor-widget-text-editor\" data-id=\"3621f13\" data-element_type=\"widget\" data-e-type=\"widget\" data-widget_type=\"text-editor.default\">\n\t\t\t\t<div class=\"elementor-widget-container\">\n\t\t\t\t\t\t\t\t\t<p><span style=\"font-weight: 400;\">\u0160achov\u00fd pe\u0161iak z Bagdadu z obdobia Abb\u00e1sovcov s v\u00fdrazn\u00fdm geometrick\u00fdm tvarom a jemn\u00fdmi povrchov\u00fdmi rytinami. Tento kus odr\u00e1\u017ea rafinovan\u00e9 remeseln\u00e9 spracovanie tohto obdobia a svoj\u00edm jedine\u010dn\u00fdm a detailn\u00fdm dizajnom zd\u00f4raz\u0148uje strategick\u00fd v\u00fdznam pe\u0161iaka.<\/span><\/p>\t\t\t\t\t\t\t\t<\/div>\n\t\t\t\t<\/div>\n\t\t\t\t<\/div>\n\t\t<div class=\"elementor-element elementor-element-3a10b69 e-con-full e-flex e-con e-child\" data-id=\"3a10b69\" data-element_type=\"container\" data-e-type=\"container\">\n\t\t\t\t<div class=\"elementor-element elementor-element-9fad6d9 elementor-widget elementor-widget-image\" data-id=\"9fad6d9\" data-element_type=\"widget\" data-e-type=\"widget\" data-widget_type=\"image.default\">\n\t\t\t\t<div class=\"elementor-widget-container\">\n\t\t\t\t\t\t\t\t\t\t\t\t\t\t\t<img loading=\"lazy\" decoding=\"async\" width=\"768\" height=\"1024\" src=\"https:\/\/shatranj.art\/wp-content\/uploads\/2026\/02\/28-3-768x1024.jpg\" class=\"attachment-large size-large wp-image-1061\" alt=\"\" srcset=\"https:\/\/shatranj.art\/wp-content\/uploads\/2026\/02\/28-3-768x1024.jpg 768w, https:\/\/shatranj.art\/wp-content\/uploads\/2026\/02\/28-3-225x300.jpg 225w, https:\/\/shatranj.art\/wp-content\/uploads\/2026\/02\/28-3-1152x1536.jpg 1152w, https:\/\/shatranj.art\/wp-content\/uploads\/2026\/02\/28-3.jpg 1195w\" sizes=\"(max-width: 768px) 100vw, 768px\" \/>\t\t\t\t\t\t\t\t\t\t\t\t\t\t\t<\/div>\n\t\t\t\t<\/div>\n\t\t\t\t<div class=\"elementor-element elementor-element-7ad603d elementor-widget-tablet__width-inherit elementor-widget elementor-widget-text-editor\" data-id=\"7ad603d\" data-element_type=\"widget\" data-e-type=\"widget\" data-widget_type=\"text-editor.default\">\n\t\t\t\t<div class=\"elementor-widget-container\">\n\t\t\t\t\t\t\t\t\t<p><b>1820 Hindistan Piyon Ta\u015f\u0131<\/b> <span style=\"font-weight: 400;\"><br \/><\/span><span style=\"font-weight: 400;\"><br \/><\/span><span style=\"font-weight: 400;\">Geleneksel Hint k\u0131yafetleri ve aksesuarlar\u0131yla betimlenmi\u015f, 1820 y\u0131l\u0131na ait fig\u00fcratif satran\u00e7 piyonu. Bu par\u00e7a, 19. y\u00fczy\u0131l Hindistan'\u0131ndaki k\u00fclt\u00fcrel unsurlar\u0131 ve o d\u00f6nem satran\u00e7 tak\u0131mlar\u0131nda yayg\u0131n olan ger\u00e7ek\u00e7i tasar\u0131m anlay\u0131\u015f\u0131n\u0131 yans\u0131t\u0131r.<\/span><\/p>\t\t\t\t\t\t\t\t<\/div>\n\t\t\t\t<\/div>\n\t\t\t\t<\/div>\n\t\t<div class=\"elementor-element elementor-element-926e3bd e-con-full e-flex e-con e-child\" data-id=\"926e3bd\" data-element_type=\"container\" data-e-type=\"container\">\n\t\t\t\t<div class=\"elementor-element elementor-element-8fc6637 elementor-widget elementor-widget-image\" data-id=\"8fc6637\" data-element_type=\"widget\" data-e-type=\"widget\" data-widget_type=\"image.default\">\n\t\t\t\t<div class=\"elementor-widget-container\">\n\t\t\t\t\t\t\t\t\t\t\t\t\t\t\t<img loading=\"lazy\" decoding=\"async\" width=\"800\" height=\"498\" src=\"https:\/\/shatranj.art\/wp-content\/uploads\/2026\/02\/28-5-1024x637.jpg\" class=\"attachment-large size-large wp-image-1062\" alt=\"\" srcset=\"https:\/\/shatranj.art\/wp-content\/uploads\/2026\/02\/28-5-1024x637.jpg 1024w, https:\/\/shatranj.art\/wp-content\/uploads\/2026\/02\/28-5-300x187.jpg 300w, https:\/\/shatranj.art\/wp-content\/uploads\/2026\/02\/28-5-768x478.jpg 768w, https:\/\/shatranj.art\/wp-content\/uploads\/2026\/02\/28-5-1536x955.jpg 1536w, https:\/\/shatranj.art\/wp-content\/uploads\/2026\/02\/28-5.jpg 1835w\" sizes=\"(max-width: 800px) 100vw, 800px\" \/>\t\t\t\t\t\t\t\t\t\t\t\t\t\t\t<\/div>\n\t\t\t\t<\/div>\n\t\t\t\t<div class=\"elementor-element elementor-element-ea860c4 elementor-widget-tablet__width-inherit elementor-widget elementor-widget-text-editor\" data-id=\"ea860c4\" data-element_type=\"widget\" data-e-type=\"widget\" data-widget_type=\"text-editor.default\">\n\t\t\t\t<div class=\"elementor-widget-container\">\n\t\t\t\t\t\t\t\t\t<p><b>Franc\u00fazska regentsk\u00e1 z\u00e1lo\u017e\u0148a<\/b> <span style=\"font-weight: 400;\"><br \/><\/span><span style=\"font-weight: 400;\"><br \/><\/span><span style=\"font-weight: 400;\">Franc\u00fazsky regentsk\u00fd pe\u0161iak, ktor\u00fd odr\u00e1\u017ea elegantn\u00fa estetiku 18. storo\u010dia, steles\u0148uje Philidorovu sl\u00e1vnu z\u00e1sadu, \u017ee \u201cpe\u0161iaci s\u00fa du\u0161ou \u0161achu\u201d. Philidor, ktor\u00fd pomohol spopularizova\u0165 tento \u0161t\u00fdl, sa tie\u017e spom\u00edna na por\u00e1\u017eku \u0161achov\u00e9ho automatu \u201cMechanick\u00fd Turek\u201d, \u010d\u00edm dok\u00e1zal svoje majstrovstvo v hre aj v sl\u00e1vnych il\u00fazi\u00e1ch tejto \u00e9ry.<\/span><\/p>\t\t\t\t\t\t\t\t<\/div>\n\t\t\t\t<\/div>\n\t\t\t\t<\/div>\n\t\t\t\t<\/div>\n\t\t\t\t\t<\/div>\n\t\t\t\t<\/div>\n\t\t\t\t<\/div>","protected":false},"excerpt":{"rendered":"<p>The \u015eah\u00ee Set: Regency Philidor Pawn \u00a0 The spread of coffee and caf\u00e9s intertwines with the evolution of chess. The R\u00e9gence Philidor pawn is inspired by the authentic chess set from Paris-R\u00e9gence caf\u00e9 during the Age of Enlightenment and the famous phrase by the era&#8217;s strongest player, Philidor: &#8220;Pawns are the soul of chess. \u00a0 [&hellip;]<\/p>\n","protected":false},"author":1,"featured_media":0,"parent":743,"menu_order":0,"comment_status":"closed","ping_status":"closed","template":"","meta":{"footnotes":""},"class_list":["post-1053","page","type-page","status-publish","hentry"],"_links":{"self":[{"href":"https:\/\/shatranj.art\/sk\/wp-json\/wp\/v2\/pages\/1053","targetHints":{"allow":["GET"]}}],"collection":[{"href":"https:\/\/shatranj.art\/sk\/wp-json\/wp\/v2\/pages"}],"about":[{"href":"https:\/\/shatranj.art\/sk\/wp-json\/wp\/v2\/types\/page"}],"author":[{"embeddable":true,"href":"https:\/\/shatranj.art\/sk\/wp-json\/wp\/v2\/users\/1"}],"replies":[{"embeddable":true,"href":"https:\/\/shatranj.art\/sk\/wp-json\/wp\/v2\/comments?post=1053"}],"version-history":[{"count":10,"href":"https:\/\/shatranj.art\/sk\/wp-json\/wp\/v2\/pages\/1053\/revisions"}],"predecessor-version":[{"id":1252,"href":"https:\/\/shatranj.art\/sk\/wp-json\/wp\/v2\/pages\/1053\/revisions\/1252"}],"up":[{"embeddable":true,"href":"https:\/\/shatranj.art\/sk\/wp-json\/wp\/v2\/pages\/743"}],"wp:attachment":[{"href":"https:\/\/shatranj.art\/sk\/wp-json\/wp\/v2\/media?parent=1053"}],"curies":[{"name":"wp","href":"https:\/\/api.w.org\/{rel}","templated":true}]}}