{"id":1136,"date":"2026-02-22T20:20:00","date_gmt":"2026-02-22T20:20:00","guid":{"rendered":"https:\/\/shatranj.art\/?page_id=1136"},"modified":"2026-02-23T09:27:46","modified_gmt":"2026-02-23T09:27:46","slug":"poster-32","status":"publish","type":"page","link":"https:\/\/shatranj.art\/sk\/exhibit\/poster-32\/","title":{"rendered":"plag\u00e1t 32"},"content":{"rendered":"<div data-elementor-type=\"wp-page\" data-elementor-id=\"1136\" class=\"elementor elementor-1136\" data-elementor-post-type=\"page\">\n\t\t\t\t<div class=\"elementor-element elementor-element-e6ecba5 e-flex e-con-boxed e-con e-parent\" data-id=\"e6ecba5\" data-element_type=\"container\" data-e-type=\"container\" data-settings=\"{&quot;background_background&quot;:&quot;classic&quot;}\">\n\t\t\t\t\t<div class=\"e-con-inner\">\n\t\t<div class=\"elementor-element elementor-element-0433a85 e-con-full e-flex e-con e-child\" data-id=\"0433a85\" data-element_type=\"container\" data-e-type=\"container\">\n\t\t\t\t<div class=\"elementor-element elementor-element-4888e73 elementor-widget__width-initial elementor-widget-mobile__width-initial elementor-widget elementor-widget-image\" data-id=\"4888e73\" data-element_type=\"widget\" data-e-type=\"widget\" data-widget_type=\"image.default\">\n\t\t\t\t<div class=\"elementor-widget-container\">\n\t\t\t\t\t\t\t\t\t\t\t\t\t\t\t<img fetchpriority=\"high\" decoding=\"async\" width=\"800\" height=\"600\" src=\"https:\/\/shatranj.art\/wp-content\/uploads\/2024\/05\/il_1588xN.5358651901_7asf-1-1-1024x768.jpg\" class=\"attachment-large size-large wp-image-593\" alt=\"\" srcset=\"https:\/\/shatranj.art\/wp-content\/uploads\/2024\/05\/il_1588xN.5358651901_7asf-1-1-1024x768.jpg 1024w, https:\/\/shatranj.art\/wp-content\/uploads\/2024\/05\/il_1588xN.5358651901_7asf-1-1-300x225.jpg 300w, https:\/\/shatranj.art\/wp-content\/uploads\/2024\/05\/il_1588xN.5358651901_7asf-1-1-768x576.jpg 768w, https:\/\/shatranj.art\/wp-content\/uploads\/2024\/05\/il_1588xN.5358651901_7asf-1-1-1536x1152.jpg 1536w, https:\/\/shatranj.art\/wp-content\/uploads\/2024\/05\/il_1588xN.5358651901_7asf-1-1.jpg 1588w\" sizes=\"(max-width: 800px) 100vw, 800px\" \/>\t\t\t\t\t\t\t\t\t\t\t\t\t\t\t<\/div>\n\t\t\t\t<\/div>\n\t\t\t\t<div class=\"elementor-element elementor-element-7e4018a elementor-widget__width-initial elementor-widget-mobile__width-initial elementor-widget elementor-widget-image\" data-id=\"7e4018a\" data-element_type=\"widget\" data-e-type=\"widget\" data-widget_type=\"image.default\">\n\t\t\t\t<div class=\"elementor-widget-container\">\n\t\t\t\t\t\t\t\t\t\t\t\t\t\t\t<img decoding=\"async\" width=\"599\" height=\"515\" src=\"https:\/\/shatranj.art\/wp-content\/uploads\/2026\/02\/soviet-magnetic-set-baku-design.jpeg\" class=\"attachment-large size-large wp-image-1264\" alt=\"\" srcset=\"https:\/\/shatranj.art\/wp-content\/uploads\/2026\/02\/soviet-magnetic-set-baku-design.jpeg 599w, https:\/\/shatranj.art\/wp-content\/uploads\/2026\/02\/soviet-magnetic-set-baku-design-300x258.jpeg 300w, https:\/\/shatranj.art\/wp-content\/uploads\/2026\/02\/soviet-magnetic-set-baku-design-14x12.jpeg 14w\" sizes=\"(max-width: 599px) 100vw, 599px\" \/>\t\t\t\t\t\t\t\t\t\t\t\t\t\t\t<\/div>\n\t\t\t\t<\/div>\n\t\t\t\t<div class=\"elementor-element elementor-element-0bbe733 elementor-widget__width-initial elementor-widget-mobile__width-inherit elementor-widget elementor-widget-image\" data-id=\"0bbe733\" data-element_type=\"widget\" data-e-type=\"widget\" data-widget_type=\"image.default\">\n\t\t\t\t<div class=\"elementor-widget-container\">\n\t\t\t\t\t\t\t\t\t\t\t\t\t\t\t<img decoding=\"async\" width=\"564\" height=\"407\" src=\"https:\/\/shatranj.art\/wp-content\/uploads\/2026\/02\/soviet-chess-set-1.jpg\" class=\"attachment-large size-large wp-image-1263\" alt=\"\" srcset=\"https:\/\/shatranj.art\/wp-content\/uploads\/2026\/02\/soviet-chess-set-1.jpg 564w, https:\/\/shatranj.art\/wp-content\/uploads\/2026\/02\/soviet-chess-set-1-300x216.jpg 300w, https:\/\/shatranj.art\/wp-content\/uploads\/2026\/02\/soviet-chess-set-1-18x12.jpg 18w\" sizes=\"(max-width: 564px) 100vw, 564px\" \/>\t\t\t\t\t\t\t\t\t\t\t\t\t\t\t<\/div>\n\t\t\t\t<\/div>\n\t\t\t\t<div class=\"elementor-element elementor-element-0c9e576 elementor-widget__width-initial elementor-widget-mobile__width-inherit elementor-widget elementor-widget-image\" data-id=\"0c9e576\" data-element_type=\"widget\" data-e-type=\"widget\" data-widget_type=\"image.default\">\n\t\t\t\t<div class=\"elementor-widget-container\">\n\t\t\t\t\t\t\t\t\t\t\t\t\t\t\t<img loading=\"lazy\" decoding=\"async\" width=\"683\" height=\"1024\" src=\"https:\/\/shatranj.art\/wp-content\/uploads\/2026\/02\/tamerkaratekin-yenisafak-tam-683x1024.jpg\" class=\"attachment-large size-large wp-image-1265\" alt=\"\" srcset=\"https:\/\/shatranj.art\/wp-content\/uploads\/2026\/02\/tamerkaratekin-yenisafak-tam-683x1024.jpg 683w, https:\/\/shatranj.art\/wp-content\/uploads\/2026\/02\/tamerkaratekin-yenisafak-tam-200x300.jpg 200w, https:\/\/shatranj.art\/wp-content\/uploads\/2026\/02\/tamerkaratekin-yenisafak-tam-8x12.jpg 8w, https:\/\/shatranj.art\/wp-content\/uploads\/2026\/02\/tamerkaratekin-yenisafak-tam.jpg 720w\" sizes=\"(max-width: 683px) 100vw, 683px\" \/>\t\t\t\t\t\t\t\t\t\t\t\t\t\t\t<\/div>\n\t\t\t\t<\/div>\n\t\t\t\t<\/div>\n\t\t<div class=\"elementor-element elementor-element-14728a8 e-con-full e-flex e-con e-child\" data-id=\"14728a8\" data-element_type=\"container\" data-e-type=\"container\">\n\t\t\t\t<div class=\"elementor-element elementor-element-98fcbd1 elementor-widget__width-initial elementor-widget-tablet__width-inherit elementor-widget elementor-widget-text-editor\" data-id=\"98fcbd1\" data-element_type=\"widget\" data-e-type=\"widget\" data-widget_type=\"text-editor.default\">\n\t\t\t\t<div class=\"elementor-widget-container\">\n\t\t\t\t\t\t\t\t\t<div class=\"elementor-element elementor-element-486eb829 elementor-widget__width-auto elementor-widget elementor-widget-text-editor\" data-id=\"486eb829\" data-element_type=\"widget\" data-widget_type=\"text-editor.default\"><div class=\"elementor-widget-container\"><p><b>Mosty cez hranice: Balk\u00e1n a socialistick\u00e9 dedi\u010dstvo (1950-1991)<\/b><span style=\"font-weight: 400;\"> \u265f\ufe0f<\/span><\/p><p>T\u00e1to kolekcia prenosn\u00fdch \u0161achov\u00fdch s\u00faprav predstavuje jedine\u010dn\u00fd priese\u010dn\u00edk balk\u00e1nskej, slovanskej, sovietskej a tureckej kult\u00fary. Tieto fig\u00farky neodr\u00e1\u017eaj\u00fa len jeden politick\u00fd blok, ale ilustruj\u00fa rozmanit\u00fa intelektu\u00e1lnu krajinu, v ktorej prekvitali odli\u0161n\u00e9 vzory od nez\u00fa\u010dastnen\u00fdch regi\u00f3nov Juhosl\u00e1vie a\u017e po srdce Sovietskeho zv\u00e4zu. Pre Tamera Karatekina, n\u00e1rodn\u00e9ho \u0161achov\u00e9ho majstra Turecka z roku 2000 a majstra FIDE, sl\u00fa\u017eia tieto s\u00fabory ako osobn\u00e1 mapa jeho cesty v\u00fdvoja a profesion\u00e1lnych m\u00ed\u013enikov.<\/p><ul><li style=\"font-weight: 400;\" aria-level=\"1\"><b>Bulharsk\u00e1 magnetick\u00e1 s\u00faprava<\/b><span style=\"font-weight: 400;\">: Balk\u00e1nsky dizajn, kde sa Tamer prv\u00fdkr\u00e1t nau\u010dil hra\u0165 od svojho otca. Obsahuje nen\u00e1bo\u017eensk\u00e9 symboly, \u010do je be\u017en\u00e1 vlastnos\u0165 s\u00faprav ur\u010den\u00fdch na \u0161irok\u00e9 region\u00e1lne pou\u017eitie.<\/span><\/li><li style=\"font-weight: 400;\" aria-level=\"1\"><b>Sovietska plastov\u00e1 s\u00faprava v skladacom drevenom boxe<\/b><span style=\"font-weight: 400;\">: Klasick\u00e1, odoln\u00e1 kon\u0161trukcia, ktor\u00e1 sl\u00fa\u017eila ako bojov\u00e9 pole pre nespo\u010detn\u00e9 hry medzi Tamerom a jeho star\u00fdm otcom v ich letnom dome ne\u010faleko Silivri v Istanbule.<\/span><\/li><li style=\"font-weight: 400;\" aria-level=\"1\"><b>Sovietsky dizajn Baku Magnetick\u00e1 cestovn\u00e1 s\u00faprava<\/b><span style=\"font-weight: 400;\">: \u0160tudijn\u00fd n\u00e1stroj zo sovietskej \u00e9ry, ktor\u00fd Tamer vyu\u017e\u00edval na anal\u00fdzu majstrovsk\u00fdch hier a zdokona\u013eovanie vlastn\u00fdch strat\u00e9gi\u00ed.<\/span><\/li><li style=\"font-weight: 400;\" aria-level=\"1\"><b>Dizajnov\u00e1 sada Subotica (Maced\u00f3nsko, Juhosl\u00e1via)<\/b><span style=\"font-weight: 400;\">: Ikonick\u00fd juhoslovansk\u00fd s\u00fabor Tamer \u0161tudoval \u0161ach vo svojom rodinnom dome v istanbulskom Starom Meste. Tamer cvi\u010dil mnoh\u00e9 partie so svoj\u00edm star\u00fdm otcom M\u00fccahitom Korcom a u\u010dil sa zlo\u017eitosti hry pr\u00e1ve prostredn\u00edctvom t\u00fdchto fig\u00farok. Kor\u00e7a bol celo\u017eivotn\u00fdm u\u010dite\u013eom fyziky a jazykov a priekopn\u00edckym vedcom, ktor\u00fd bol autorom jedn\u00e9ho z prv\u00fdch juhoslovansko-tureck\u00fdch a alb\u00e1nsko-tureck\u00fdch slovn\u00edkov na Balk\u00e1ne.<\/span><\/li><li style=\"font-weight: 400;\" aria-level=\"1\"><b>S\u00faprava Varna 1962 \/ \u201cGambit\u201d<\/b><span style=\"font-weight: 400;\">: Tento \u0161pecifick\u00fd \u0161t\u00fdl, p\u00f4vodne in\u0161pirovan\u00fd olympi\u00e1dou vo Varne v roku 1962, ktor\u00fd do Turecka priniesli tureck\u00ed pris\u0165ahovalci z Bulharska, bol ofici\u00e1lnym setom Majstrovstiev Turecka v \u0161achu v roku 2000, kde Tamer z\u00edskal titul n\u00e1rodn\u00e9ho \u0161ampi\u00f3na. Rovnak\u00fd dizajn s\u00fapravy mo\u017eno vidie\u0165 na Tamerovom fotografickom pozad\u00ed ako fotografiu, na ktorej hr\u00e1 \u0161ach v ove\u013ea mlad\u0161om veku. Najpozoruhodnej\u0161ie je, \u017ee presne tento dizajn bol pou\u017eit\u00fd v Tamerov\u00fdch exhibi\u010dn\u00fdch z\u00e1pasoch v roku 1997, ktor\u00e9 sa skon\u010dili rem\u00edzami s legendami Garrym Kasparovom a Anatolijom Karpovom.<\/span><\/li><\/ul><\/div><\/div>\t\t\t\t\t\t\t\t<\/div>\n\t\t\t\t<\/div>\n\t\t\t\t<\/div>\n\t\t\t\t\t<\/div>\n\t\t\t\t<\/div>\n\t\t\t\t<\/div>","protected":false},"excerpt":{"rendered":"<p>Bridges Across Borders: The Balkan and Socialist Legacy (1950\u20131991) \u265f\ufe0f This collection of portable chess sets represents a unique intersection of Balkan, Slavic, Soviet, and Turkish cultures. Rather than reflecting a single political bloc, these pieces illustrate a diverse intellectual landscape where distinct designs flourished from the Non-Aligned regions of Yugoslavia to the heart of [&hellip;]<\/p>\n","protected":false},"author":1,"featured_media":0,"parent":743,"menu_order":0,"comment_status":"closed","ping_status":"closed","template":"","meta":{"footnotes":""},"class_list":["post-1136","page","type-page","status-publish","hentry"],"_links":{"self":[{"href":"https:\/\/shatranj.art\/sk\/wp-json\/wp\/v2\/pages\/1136","targetHints":{"allow":["GET"]}}],"collection":[{"href":"https:\/\/shatranj.art\/sk\/wp-json\/wp\/v2\/pages"}],"about":[{"href":"https:\/\/shatranj.art\/sk\/wp-json\/wp\/v2\/types\/page"}],"author":[{"embeddable":true,"href":"https:\/\/shatranj.art\/sk\/wp-json\/wp\/v2\/users\/1"}],"replies":[{"embeddable":true,"href":"https:\/\/shatranj.art\/sk\/wp-json\/wp\/v2\/comments?post=1136"}],"version-history":[{"count":16,"href":"https:\/\/shatranj.art\/sk\/wp-json\/wp\/v2\/pages\/1136\/revisions"}],"predecessor-version":[{"id":1383,"href":"https:\/\/shatranj.art\/sk\/wp-json\/wp\/v2\/pages\/1136\/revisions\/1383"}],"up":[{"embeddable":true,"href":"https:\/\/shatranj.art\/sk\/wp-json\/wp\/v2\/pages\/743"}],"wp:attachment":[{"href":"https:\/\/shatranj.art\/sk\/wp-json\/wp\/v2\/media?parent=1136"}],"curies":[{"name":"wp","href":"https:\/\/api.w.org\/{rel}","templated":true}]}}